{"id":4136,"date":"2023-11-13T12:08:31","date_gmt":"2023-11-13T12:08:31","guid":{"rendered":"https:\/\/uoogear.com\/product\/fast-delivery-roof-tent-4x4-car-roof-top\/"},"modified":"2023-11-30T03:51:09","modified_gmt":"2023-11-30T03:51:09","slug":"fast-delivery-roof-tent-4x4-car-roof-top","status":"publish","type":"product","link":"https:\/\/uoogear.com\/da\/vare\/fast-delivery-roof-tent-4x4-car-roof-top\/","title":{"rendered":"Hurtig levering tagtelt 4\u00d74 bil tag top"},"content":{"rendered":"<ul>\n<li><strong>Areal : <\/strong> 3,5 CBM<\/li>\n<li><strong>Stof: <\/strong> L\u00e6rred<\/li>\n<li><strong>Udvendigt telts vandt\u00e6t indeks: <\/strong> &lt;1000 mm<\/li>\n<li><strong>Nederste vandt\u00e6t indeks: <\/strong> &gt;3000 mm<\/li>\n<li><strong>Bygningstype: <\/strong> Hurtig automatisk \u00e5bning<\/li>\n<li><strong>Telt stil: <\/strong> Diagonal afstivningstype<\/li>\n<li><strong>S\u00e6son: <\/strong> Fire-s\u00e6son telt<\/li>\n<li><strong>Struktur: <\/strong> Et sovev\u00e6relse<\/li>\n<li><strong>Produktnavn : <\/strong> Camping telt<\/li>\n<li><strong>Anvendelse: <\/strong> Udend\u00f8rs campingtelt<\/li>\n<li><strong>S\u00f8geord: <\/strong> tag telt<\/li>\n<li><strong>St\u00f8rrelse: <\/strong> 143 cm x 310 cm<\/li>\n<li><strong>Materiale : <\/strong> L\u00e6rred<\/li>\n<li><strong>Ans\u00f8gning : <\/strong> Udend\u00f8rs Camping Familietelt<\/li>\n<li><strong>Funktion: <\/strong> Camping udend\u00f8rs<\/li>\n<li><strong>MOQ: <\/strong> 1 styk<\/li>\n<li><strong>Ramme materiale: <\/strong> 16 mm aluminiumsstang<\/li>\n<li><strong>Funktion: <\/strong> Vandt\u00e6t<\/li>\n<\/ul>\n<div>\n<div data-magic-global=\"%7B%22bizId%22%3A2206962912116%2C%22pageId%22%3A20006098947%2C%22siteId%22%3A5005786273%7D\">\n<div>\n<div>\n<div>\n<div>\n<div>\n<div><\/div>\n<\/div>\n<\/div>\n<\/div>\n<\/div>\n<\/div>\n<div>\n<div data-section=\"AliMagic-1igdjc\" data-section-title=\"Product Description\">Produkt beskrivelse<\/div>\n<\/div>\n<div>\n<div>\n<div><img decoding=\"async\" src=\"\/\/sc04.alicdn.com\/kf\/H631690f4eade4eeca68b705f874e96ed5\/240056294\/H631690f4eade4eeca68b705f874e96ed5.jpg\" data-src=\"\/\/sc04.alicdn.com\/kf\/H631690f4eade4eeca68b705f874e96ed5\/240056294\/H631690f4eade4eeca68b705f874e96ed5.jpg\" \/><\/div>\n<div><img decoding=\"async\" src=\"\/\/sc04.alicdn.com\/kf\/Hdf25dd2a8f3a4b119f8830b88a88468ba\/240056294\/Hdf25dd2a8f3a4b119f8830b88a88468ba.jpg\" data-src=\"\/\/sc04.alicdn.com\/kf\/Hdf25dd2a8f3a4b119f8830b88a88468ba\/240056294\/Hdf25dd2a8f3a4b119f8830b88a88468ba.jpg\" \/><\/div>\n<div><img decoding=\"async\" src=\"\/\/sc04.alicdn.com\/kf\/H9cf33a94305a4af7b37893c789b8b733Q\/240056294\/H9cf33a94305a4af7b37893c789b8b733Q.jpg\" data-src=\"\/\/sc04.alicdn.com\/kf\/H9cf33a94305a4af7b37893c789b8b733Q\/240056294\/H9cf33a94305a4af7b37893c789b8b733Q.jpg\" \/><\/div>\n<div><img decoding=\"async\" src=\"\/\/sc04.alicdn.com\/kf\/H521d81437270427cb25f23fe459876bfj\/240056294\/H521d81437270427cb25f23fe459876bfj.jpg\" data-src=\"\/\/sc04.alicdn.com\/kf\/H521d81437270427cb25f23fe459876bfj\/240056294\/H521d81437270427cb25f23fe459876bfj.jpg\" \/><\/div>\n<div><img loading=\"lazy\" decoding=\"async\" class=\"alignnone size-full wp-image-5316\" src=\"https:\/\/uoogear.com\/wp-content\/uploads\/2023\/11\/Hfd818247442e4184af8907ecbe5f07e1q.jpg\" width=\"1280\" height=\"906\" srcset=\"https:\/\/uoogear.com\/wp-content\/uploads\/2023\/11\/Hfd818247442e4184af8907ecbe5f07e1q.jpg 1280w, https:\/\/uoogear.com\/wp-content\/uploads\/2023\/11\/Hfd818247442e4184af8907ecbe5f07e1q-300x212.jpg 300w, https:\/\/uoogear.com\/wp-content\/uploads\/2023\/11\/Hfd818247442e4184af8907ecbe5f07e1q-1024x725.jpg 1024w, https:\/\/uoogear.com\/wp-content\/uploads\/2023\/11\/Hfd818247442e4184af8907ecbe5f07e1q-768x544.jpg 768w, https:\/\/uoogear.com\/wp-content\/uploads\/2023\/11\/Hfd818247442e4184af8907ecbe5f07e1q-600x425.jpg 600w, https:\/\/uoogear.com\/wp-content\/uploads\/2023\/11\/Hfd818247442e4184af8907ecbe5f07e1q-76x54.jpg 76w\" sizes=\"auto, (max-width: 1280px) 100vw, 1280px\" \/><\/div>\n<\/div>\n<\/div>\n<div>\n<div data-section=\"AliMagic-qc6vp1\" data-section-title=\"Specification\" data-spm-anchor-id=\"a2700.details.0.i47.1ecd503d9XtO3Q\"><\/div>\n<\/div>\n<\/div>\n<\/div>","protected":false},"excerpt":{"rendered":"<p>Areal : 3.5CBM Stof : Canvas Ydertelt Vandt\u00e6t Indeks : &lt;1000 mm Vandt\u00e6t bundindeks : &gt;3000 mm Bygningstype : Hurtig automatisk \u00e5bning Teltstil : Diagonal afstivningstype S\u00e6son : Fire-s\u00e6son Teltstruktur : Etv\u00e6relses Produktnavn : Campingteltbrug : Udend\u00f8rs campingtelt N\u00f8gleord : tagtelt Str<\/p>\n<div class=\"read-more\"><a class=\"btn btn-fill-out\" href=\"https:\/\/uoogear.com\/da\/vare\/fast-delivery-roof-tent-4x4-car-roof-top\/\">L\u00e6s mere<\/a><\/div>","protected":false},"featured_media":4135,"template":"","meta":[],"product_brand":[],"product_cat":[15],"product_tag":[],"class_list":{"0":"post-4136","1":"product","2":"type-product","3":"status-publish","4":"has-post-thumbnail","6":"product_cat-uncategorized","7":"tm-no-options","9":"first","10":"instock","11":"shipping-taxable","12":"purchasable","13":"product-type-variable"},"_links":{"self":[{"href":"https:\/\/uoogear.com\/da\/wp-json\/wp\/v2\/product\/4136","targetHints":{"allow":["GET"]}}],"collection":[{"href":"https:\/\/uoogear.com\/da\/wp-json\/wp\/v2\/product"}],"about":[{"href":"https:\/\/uoogear.com\/da\/wp-json\/wp\/v2\/types\/product"}],"wp:featuredmedia":[{"embeddable":true,"href":"https:\/\/uoogear.com\/da\/wp-json\/wp\/v2\/media\/4135"}],"wp:attachment":[{"href":"https:\/\/uoogear.com\/da\/wp-json\/wp\/v2\/media?parent=4136"}],"wp:term":[{"taxonomy":"product_brand","embeddable":true,"href":"https:\/\/uoogear.com\/da\/wp-json\/wp\/v2\/product_brand?post=4136"},{"taxonomy":"product_cat","embeddable":true,"href":"https:\/\/uoogear.com\/da\/wp-json\/wp\/v2\/product_cat?post=4136"},{"taxonomy":"product_tag","embeddable":true,"href":"https:\/\/uoogear.com\/da\/wp-json\/wp\/v2\/product_tag?post=4136"}],"curies":[{"name":"wp","href":"https:\/\/api.w.org\/{rel}","templated":true}]}}