{"id":4145,"date":"2023-11-13T12:12:09","date_gmt":"2023-11-13T12:12:09","guid":{"rendered":"https:\/\/uoogear.com\/product\/latest-car-rooftop-tents-camping-outdoor-luxury-4-6-folding-outdoor-tents\/"},"modified":"2023-11-30T03:45:31","modified_gmt":"2023-11-30T03:45:31","slug":"latest-car-rooftop-tents-camping-outdoor-luxury-4-6-folding-outdoor-tents","status":"publish","type":"product","link":"https:\/\/uoogear.com\/da\/vare\/latest-car-rooftop-tents-camping-outdoor-luxury-4-6-folding-outdoor-tents\/","title":{"rendered":"Nyeste bil tagtelte camping udend\u00f8rs luksus 4-6 folde udend\u00f8rs telte"},"content":{"rendered":"<ul>\n<li><strong>Stof: <\/strong> Oxford<\/li>\n<li><strong>Udvendigt telts vandt\u00e6t indeks: <\/strong> 1500-2000 mm<\/li>\n<li><strong>Nederste vandt\u00e6t indeks: <\/strong> &gt;3000 mm<\/li>\n<li><strong>Bygningstype: <\/strong> Konstruktion baseret p\u00e5 behov<\/li>\n<li><strong>Telt stil: <\/strong> Lige afstivningstype<\/li>\n<li><strong>S\u00e6son: <\/strong> Fire-s\u00e6son telt<\/li>\n<li><strong>Struktur: <\/strong> Et sovev\u00e6relse<\/li>\n<li><strong>Produktnavn : <\/strong> Bil tagtelt<\/li>\n<li><strong>Materiale : <\/strong> Oxford Polyester, Rip-stop l\u00e6rred<\/li>\n<li><strong>Polmateriale: <\/strong> Aluminium<\/li>\n<li><strong>Produktst\u00f8rrelse: <\/strong> 310x143x115 cm<\/li>\n<li><strong>Funktion: <\/strong> Vandt\u00e6t<\/li>\n<li><strong>Stige: <\/strong> Teleskopstige i aluminium<\/li>\n<li><strong>Anvendelse: <\/strong> Udend\u00f8rs Camping Vandreture<\/li>\n<li><strong>GW: <\/strong> 59 kg<\/li>\n<li><strong>S\u00f8geord: <\/strong> Hard Shell tagtelt<\/li>\n<li><strong>Stil: <\/strong> Nem foldning<\/li>\n<\/ul>\n<div>\n<div data-magic-global=\"%7B%22bizId%22%3A2206962912116%2C%22pageId%22%3A21196388235%2C%22siteId%22%3A5005786273%7D\">\n<div>\n<div>\n<div>\n<div>\n<div>\n<div><\/div>\n<\/div>\n<\/div>\n<\/div>\n<\/div>\n<\/div>\n<div><\/div>\n<div>\n<div><\/div>\n<\/div>\n<div>\n<div>\n<div><img decoding=\"async\" src=\"\/\/sc04.alicdn.com\/kf\/Head17f2fb29142fab53715928afb7c7bt\/240056294\/Head17f2fb29142fab53715928afb7c7bt.jpg\" data-src=\"\/\/sc04.alicdn.com\/kf\/Head17f2fb29142fab53715928afb7c7bt\/240056294\/Head17f2fb29142fab53715928afb7c7bt.jpg\" \/><\/div>\n<div><\/div>\n<div><img decoding=\"async\" src=\"\/\/sc04.alicdn.com\/kf\/H31bcadeece5a41f79545474233d7c450F\/240056294\/H31bcadeece5a41f79545474233d7c450F.jpg\" data-src=\"\/\/sc04.alicdn.com\/kf\/H31bcadeece5a41f79545474233d7c450F\/240056294\/H31bcadeece5a41f79545474233d7c450F.jpg\" \/><\/div>\n<div><img decoding=\"async\" src=\"\/\/sc04.alicdn.com\/kf\/Hd09d9c862a164800839cbbf832b621417\/240056294\/Hd09d9c862a164800839cbbf832b621417.jpg\" data-src=\"\/\/sc04.alicdn.com\/kf\/Hd09d9c862a164800839cbbf832b621417\/240056294\/Hd09d9c862a164800839cbbf832b621417.jpg\" \/><\/div>\n<div><img decoding=\"async\" src=\"\/\/sc04.alicdn.com\/kf\/H0563ea9c013d4a3ca309db9c332ebab6l\/240056294\/H0563ea9c013d4a3ca309db9c332ebab6l.jpg\" data-src=\"\/\/sc04.alicdn.com\/kf\/H0563ea9c013d4a3ca309db9c332ebab6l\/240056294\/H0563ea9c013d4a3ca309db9c332ebab6l.jpg\" \/><\/div>\n<div><img decoding=\"async\" src=\"\/\/sc04.alicdn.com\/kf\/H00ea59eb398e4db0af8b1d8eca61ce60f\/240056294\/H00ea59eb398e4db0af8b1d8eca61ce60f.jpg\" data-src=\"\/\/sc04.alicdn.com\/kf\/H00ea59eb398e4db0af8b1d8eca61ce60f\/240056294\/H00ea59eb398e4db0af8b1d8eca61ce60f.jpg\" \/><\/div>\n<\/div>\n<\/div>\n<\/div>\n<\/div>","protected":false},"excerpt":{"rendered":"<p>Stof : Oxford Outside Telt Vandt\u00e6t Indeks : 1500-2000 Mm Bund Vandt\u00e6t Indeks : &gt;3000 mm Bygningstype : Konstruktion baseret p\u00e5 behov Teltstil : Lige afstivningstype S\u00e6son : Fire-s\u00e6son Teltstruktur : Et sovev\u00e6relse Produktnavn : Materiale til biltagtelt : Oxford Polyester, Rip-stop l\u00e6rred Stangmateriale: Aluminium Produktst\u00f8rrelse<\/p>\n<div class=\"read-more\"><a class=\"btn btn-fill-out\" href=\"https:\/\/uoogear.com\/da\/vare\/latest-car-rooftop-tents-camping-outdoor-luxury-4-6-folding-outdoor-tents\/\">L\u00e6s mere<\/a><\/div>","protected":false},"featured_media":4144,"template":"","meta":[],"product_brand":[],"product_cat":[15],"product_tag":[],"class_list":{"0":"post-4145","1":"product","2":"type-product","3":"status-publish","4":"has-post-thumbnail","6":"product_cat-uncategorized","7":"tm-no-options","9":"first","10":"instock","11":"shipping-taxable","12":"purchasable","13":"product-type-variable"},"_links":{"self":[{"href":"https:\/\/uoogear.com\/da\/wp-json\/wp\/v2\/product\/4145","targetHints":{"allow":["GET"]}}],"collection":[{"href":"https:\/\/uoogear.com\/da\/wp-json\/wp\/v2\/product"}],"about":[{"href":"https:\/\/uoogear.com\/da\/wp-json\/wp\/v2\/types\/product"}],"wp:featuredmedia":[{"embeddable":true,"href":"https:\/\/uoogear.com\/da\/wp-json\/wp\/v2\/media\/4144"}],"wp:attachment":[{"href":"https:\/\/uoogear.com\/da\/wp-json\/wp\/v2\/media?parent=4145"}],"wp:term":[{"taxonomy":"product_brand","embeddable":true,"href":"https:\/\/uoogear.com\/da\/wp-json\/wp\/v2\/product_brand?post=4145"},{"taxonomy":"product_cat","embeddable":true,"href":"https:\/\/uoogear.com\/da\/wp-json\/wp\/v2\/product_cat?post=4145"},{"taxonomy":"product_tag","embeddable":true,"href":"https:\/\/uoogear.com\/da\/wp-json\/wp\/v2\/product_tag?post=4145"}],"curies":[{"name":"wp","href":"https:\/\/api.w.org\/{rel}","templated":true}]}}