{"id":4163,"date":"2023-11-13T12:16:12","date_gmt":"2023-11-13T12:16:12","guid":{"rendered":"https:\/\/uoogear.com\/product\/super-quality-aluminum-camping-canvas-roof-top-tent\/"},"modified":"2023-11-30T06:07:29","modified_gmt":"2023-11-30T06:07:29","slug":"super-quality-aluminum-camping-canvas-roof-top-tent","status":"publish","type":"product","link":"https:\/\/uoogear.com\/da\/vare\/super-quality-aluminum-camping-canvas-roof-top-tent\/","title":{"rendered":"Super kvalitet aluminium camping canvas tag telt"},"content":{"rendered":"<ul>\n<li><strong>Areal : <\/strong> 3,5 CBM<\/li>\n<li><strong>Stof: <\/strong> L\u00e6rred<\/li>\n<li><strong>Udvendigt telts vandt\u00e6t indeks: <\/strong> &lt;1000 mm<\/li>\n<li><strong>Nederste vandt\u00e6t indeks: <\/strong> &gt;3000 mm<\/li>\n<li><strong>Telt stil: <\/strong> Diagonal afstivningstype<\/li>\n<li><strong>S\u00e6son: <\/strong> Fire-s\u00e6son telt<\/li>\n<li><strong>Struktur: <\/strong> Et sovev\u00e6relse<\/li>\n<li><strong>Produktnavn : <\/strong> Camping telt<\/li>\n<li><strong>Anvendelse: <\/strong> Udend\u00f8rs campingtelt<\/li>\n<li><strong>S\u00f8geord: <\/strong> tag telt<\/li>\n<li><strong>St\u00f8rrelse: <\/strong> 143 cm x 310 cm<\/li>\n<li><strong>Materiale : <\/strong> L\u00e6rred<\/li>\n<li><strong>Ans\u00f8gning : <\/strong> Udend\u00f8rs Camping Familietelt<\/li>\n<li><strong>Funktion: <\/strong> Camping udend\u00f8rs<\/li>\n<li><strong>MOQ: <\/strong> 1 styk<\/li>\n<li><strong>Ramme materiale: <\/strong> 16 mm aluminiumsstang<\/li>\n<li><strong>Funktion: <\/strong> Vandt\u00e6t<\/li>\n<\/ul>\n<div>\n<div data-magic-global=\"%7B%22bizId%22%3A2206962912116%2C%22pageId%22%3A21231044023%2C%22siteId%22%3A5005786273%7D\">\n<div>\n<div>\n<div>\n<div>\n<div>\n<div><\/div>\n<\/div>\n<\/div>\n<\/div>\n<\/div>\n<\/div>\n<div>\n<div data-section=\"AliMagic-p61azc\" data-section-title=\"Product Description\">Produkt beskrivelse<\/div>\n<\/div>\n<div>\n<div>\n<div><img loading=\"lazy\" decoding=\"async\" class=\"alignnone size-full wp-image-5317\" src=\"https:\/\/uoogear.com\/wp-content\/uploads\/2023\/11\/Hefb1e3279aa147d0b8a9598885ae4c3fg.jpg\" width=\"800\" height=\"800\" srcset=\"https:\/\/uoogear.com\/wp-content\/uploads\/2023\/11\/Hefb1e3279aa147d0b8a9598885ae4c3fg.jpg 800w, https:\/\/uoogear.com\/wp-content\/uploads\/2023\/11\/Hefb1e3279aa147d0b8a9598885ae4c3fg-300x300.jpg 300w, https:\/\/uoogear.com\/wp-content\/uploads\/2023\/11\/Hefb1e3279aa147d0b8a9598885ae4c3fg-150x150.jpg 150w, https:\/\/uoogear.com\/wp-content\/uploads\/2023\/11\/Hefb1e3279aa147d0b8a9598885ae4c3fg-768x768.jpg 768w, https:\/\/uoogear.com\/wp-content\/uploads\/2023\/11\/Hefb1e3279aa147d0b8a9598885ae4c3fg-450x450.jpg 450w, https:\/\/uoogear.com\/wp-content\/uploads\/2023\/11\/Hefb1e3279aa147d0b8a9598885ae4c3fg-90x90.jpg 90w, https:\/\/uoogear.com\/wp-content\/uploads\/2023\/11\/Hefb1e3279aa147d0b8a9598885ae4c3fg-600x600.jpg 600w, https:\/\/uoogear.com\/wp-content\/uploads\/2023\/11\/Hefb1e3279aa147d0b8a9598885ae4c3fg-54x54.jpg 54w, https:\/\/uoogear.com\/wp-content\/uploads\/2023\/11\/Hefb1e3279aa147d0b8a9598885ae4c3fg-50x50.jpg 50w, https:\/\/uoogear.com\/wp-content\/uploads\/2023\/11\/Hefb1e3279aa147d0b8a9598885ae4c3fg-100x100.jpg 100w\" sizes=\"auto, (max-width: 800px) 100vw, 800px\" \/><\/div>\n<div><img loading=\"lazy\" decoding=\"async\" class=\"alignnone size-full wp-image-5318\" src=\"https:\/\/uoogear.com\/wp-content\/uploads\/2023\/11\/H7270045d169a4289b36937b7aeb88ffb2.jpg\" width=\"800\" height=\"800\" srcset=\"https:\/\/uoogear.com\/wp-content\/uploads\/2023\/11\/H7270045d169a4289b36937b7aeb88ffb2.jpg 800w, https:\/\/uoogear.com\/wp-content\/uploads\/2023\/11\/H7270045d169a4289b36937b7aeb88ffb2-300x300.jpg 300w, https:\/\/uoogear.com\/wp-content\/uploads\/2023\/11\/H7270045d169a4289b36937b7aeb88ffb2-150x150.jpg 150w, https:\/\/uoogear.com\/wp-content\/uploads\/2023\/11\/H7270045d169a4289b36937b7aeb88ffb2-768x768.jpg 768w, https:\/\/uoogear.com\/wp-content\/uploads\/2023\/11\/H7270045d169a4289b36937b7aeb88ffb2-450x450.jpg 450w, https:\/\/uoogear.com\/wp-content\/uploads\/2023\/11\/H7270045d169a4289b36937b7aeb88ffb2-90x90.jpg 90w, https:\/\/uoogear.com\/wp-content\/uploads\/2023\/11\/H7270045d169a4289b36937b7aeb88ffb2-600x600.jpg 600w, https:\/\/uoogear.com\/wp-content\/uploads\/2023\/11\/H7270045d169a4289b36937b7aeb88ffb2-54x54.jpg 54w, https:\/\/uoogear.com\/wp-content\/uploads\/2023\/11\/H7270045d169a4289b36937b7aeb88ffb2-50x50.jpg 50w, https:\/\/uoogear.com\/wp-content\/uploads\/2023\/11\/H7270045d169a4289b36937b7aeb88ffb2-100x100.jpg 100w\" sizes=\"auto, (max-width: 800px) 100vw, 800px\" \/><\/div>\n<div><img loading=\"lazy\" decoding=\"async\" class=\"alignnone size-full wp-image-5319\" src=\"https:\/\/uoogear.com\/wp-content\/uploads\/2023\/11\/Hfcb246a7a8634eedab03cb0cd3b7414bP.jpg\" width=\"800\" height=\"800\" srcset=\"https:\/\/uoogear.com\/wp-content\/uploads\/2023\/11\/Hfcb246a7a8634eedab03cb0cd3b7414bP.jpg 800w, https:\/\/uoogear.com\/wp-content\/uploads\/2023\/11\/Hfcb246a7a8634eedab03cb0cd3b7414bP-300x300.jpg 300w, https:\/\/uoogear.com\/wp-content\/uploads\/2023\/11\/Hfcb246a7a8634eedab03cb0cd3b7414bP-150x150.jpg 150w, https:\/\/uoogear.com\/wp-content\/uploads\/2023\/11\/Hfcb246a7a8634eedab03cb0cd3b7414bP-768x768.jpg 768w, https:\/\/uoogear.com\/wp-content\/uploads\/2023\/11\/Hfcb246a7a8634eedab03cb0cd3b7414bP-450x450.jpg 450w, https:\/\/uoogear.com\/wp-content\/uploads\/2023\/11\/Hfcb246a7a8634eedab03cb0cd3b7414bP-90x90.jpg 90w, https:\/\/uoogear.com\/wp-content\/uploads\/2023\/11\/Hfcb246a7a8634eedab03cb0cd3b7414bP-600x600.jpg 600w, https:\/\/uoogear.com\/wp-content\/uploads\/2023\/11\/Hfcb246a7a8634eedab03cb0cd3b7414bP-54x54.jpg 54w, https:\/\/uoogear.com\/wp-content\/uploads\/2023\/11\/Hfcb246a7a8634eedab03cb0cd3b7414bP-50x50.jpg 50w, https:\/\/uoogear.com\/wp-content\/uploads\/2023\/11\/Hfcb246a7a8634eedab03cb0cd3b7414bP-100x100.jpg 100w\" sizes=\"auto, (max-width: 800px) 100vw, 800px\" \/><\/div>\n<div><img loading=\"lazy\" decoding=\"async\" class=\"alignnone size-full wp-image-5320\" src=\"https:\/\/uoogear.com\/wp-content\/uploads\/2023\/11\/H2f2720fa569b4fc38a0978f955168544u.jpg\" width=\"800\" height=\"800\" srcset=\"https:\/\/uoogear.com\/wp-content\/uploads\/2023\/11\/H2f2720fa569b4fc38a0978f955168544u.jpg 800w, https:\/\/uoogear.com\/wp-content\/uploads\/2023\/11\/H2f2720fa569b4fc38a0978f955168544u-300x300.jpg 300w, https:\/\/uoogear.com\/wp-content\/uploads\/2023\/11\/H2f2720fa569b4fc38a0978f955168544u-150x150.jpg 150w, https:\/\/uoogear.com\/wp-content\/uploads\/2023\/11\/H2f2720fa569b4fc38a0978f955168544u-768x768.jpg 768w, https:\/\/uoogear.com\/wp-content\/uploads\/2023\/11\/H2f2720fa569b4fc38a0978f955168544u-450x450.jpg 450w, https:\/\/uoogear.com\/wp-content\/uploads\/2023\/11\/H2f2720fa569b4fc38a0978f955168544u-90x90.jpg 90w, https:\/\/uoogear.com\/wp-content\/uploads\/2023\/11\/H2f2720fa569b4fc38a0978f955168544u-600x600.jpg 600w, https:\/\/uoogear.com\/wp-content\/uploads\/2023\/11\/H2f2720fa569b4fc38a0978f955168544u-54x54.jpg 54w, https:\/\/uoogear.com\/wp-content\/uploads\/2023\/11\/H2f2720fa569b4fc38a0978f955168544u-50x50.jpg 50w, https:\/\/uoogear.com\/wp-content\/uploads\/2023\/11\/H2f2720fa569b4fc38a0978f955168544u-100x100.jpg 100w\" sizes=\"auto, (max-width: 800px) 100vw, 800px\" \/><\/div>\n<div><\/div>\n<div><img loading=\"lazy\" decoding=\"async\" class=\"alignnone size-full wp-image-5321\" src=\"https:\/\/uoogear.com\/wp-content\/uploads\/2023\/11\/H8d7a389cf447492bbe6d179de8827aeew.jpg\" width=\"960\" height=\"680\" \/><\/div>\n<\/div>\n<\/div>\n<div>\n<div data-section=\"AliMagic-zwuelr\" data-section-title=\"Specification\"><\/div>\n<\/div>\n<\/div>\n<\/div>","protected":false},"excerpt":{"rendered":"<p>Areal : 3.5CBM Stof : Canvas Ydertelt Vandt\u00e6t Indeks : &lt;1000 mm Vandt\u00e6t bundindeks : &gt;3000 mm Teltstil : Diagonal afstivningstype S\u00e6son : Fire-s\u00e6son Teltstruktur : Etv\u00e6relses Produktnavn : Campingtelt Anvendelse : Udend\u00f8rs campingtelt N\u00f8gleord : tagtelt St\u00f8rrelse: 143cmx310cm Materiale: Canvas Anvendelse<\/p>\n<div class=\"read-more\"><a class=\"btn btn-fill-out\" href=\"https:\/\/uoogear.com\/da\/vare\/super-quality-aluminum-camping-canvas-roof-top-tent\/\">L\u00e6s mere<\/a><\/div>","protected":false},"featured_media":4162,"template":"","meta":[],"product_brand":[],"product_cat":[15],"product_tag":[],"class_list":{"0":"post-4163","1":"product","2":"type-product","3":"status-publish","4":"has-post-thumbnail","6":"product_cat-uncategorized","7":"tm-no-options","9":"first","10":"instock","11":"shipping-taxable","12":"purchasable","13":"product-type-variable"},"_links":{"self":[{"href":"https:\/\/uoogear.com\/da\/wp-json\/wp\/v2\/product\/4163","targetHints":{"allow":["GET"]}}],"collection":[{"href":"https:\/\/uoogear.com\/da\/wp-json\/wp\/v2\/product"}],"about":[{"href":"https:\/\/uoogear.com\/da\/wp-json\/wp\/v2\/types\/product"}],"wp:featuredmedia":[{"embeddable":true,"href":"https:\/\/uoogear.com\/da\/wp-json\/wp\/v2\/media\/4162"}],"wp:attachment":[{"href":"https:\/\/uoogear.com\/da\/wp-json\/wp\/v2\/media?parent=4163"}],"wp:term":[{"taxonomy":"product_brand","embeddable":true,"href":"https:\/\/uoogear.com\/da\/wp-json\/wp\/v2\/product_brand?post=4163"},{"taxonomy":"product_cat","embeddable":true,"href":"https:\/\/uoogear.com\/da\/wp-json\/wp\/v2\/product_cat?post=4163"},{"taxonomy":"product_tag","embeddable":true,"href":"https:\/\/uoogear.com\/da\/wp-json\/wp\/v2\/product_tag?post=4163"}],"curies":[{"name":"wp","href":"https:\/\/api.w.org\/{rel}","templated":true}]}}