{"id":4172,"date":"2023-11-13T12:17:26","date_gmt":"2023-11-13T12:17:26","guid":{"rendered":"https:\/\/uoogear.com\/product\/outdoor-folding-off-road-camping-pickup-camper-trailer-truck-bed-tents\/"},"modified":"2023-11-30T07:31:23","modified_gmt":"2023-11-30T07:31:23","slug":"outdoor-folding-off-road-camping-pickup-camper-trailer-truck-bed-tents","status":"publish","type":"product","link":"https:\/\/uoogear.com\/da\/vare\/outdoor-folding-off-road-camping-pickup-camper-trailer-truck-bed-tents\/","title":{"rendered":"udend\u00f8rs folde off road camping pickup camper trailer lastbil bed telte"},"content":{"rendered":"<ul>\n<li><strong>Areal : <\/strong> 2,25 kvm<\/li>\n<li><strong>Stof: <\/strong> Oxford Oxford<\/li>\n<li><strong>Udvendigt telts vandt\u00e6t indeks: <\/strong> 1500-2000 mm<\/li>\n<li><strong>Nederste vandt\u00e6t indeks: <\/strong> &gt;3000 mm<\/li>\n<li><strong>Bygningstype: <\/strong> Konstruktion baseret p\u00e5 behov<\/li>\n<li><strong>Telt stil: <\/strong> Diagonal afstivningstype<\/li>\n<li><strong>S\u00e6son: <\/strong> Fire-s\u00e6son telt<\/li>\n<li><strong>Struktur: <\/strong> Et sovev\u00e6relse<\/li>\n<li><strong>Produktnavn : <\/strong> Oxford camper trailertelt i polyester<\/li>\n<li><strong>St\u00f8rrelse: <\/strong> 148*152*150 cm<\/li>\n<li><strong>Pol: <\/strong> Glasfiber<\/li>\n<li><strong>Etage: <\/strong> 2,25 kvm<\/li>\n<li><strong>Materiale : <\/strong> Oxford Oxford<\/li>\n<li><strong>Funktion: <\/strong> UV-bestandig<\/li>\n<li><strong>Funktion: <\/strong> Camping udend\u00f8rs<\/li>\n<li><strong>Type: <\/strong> 1-2 personer telt<\/li>\n<li><strong>Stil: <\/strong> B\u00e6rbart udend\u00f8rs telt<\/li>\n<li><strong>Ans\u00f8gning : <\/strong> Udend\u00f8rs Rejse Vandrecamping<\/li>\n<\/ul>\n<div>\n<div data-magic-global=\"%7B%22bizId%22%3A2206962912116%2C%22pageId%22%3A21257988365%2C%22siteId%22%3A5005786273%7D\">\n<div>\n<div data-section=\"AliMagic-ea536q\" data-section-title=\"Product Description\">Produkt beskrivelse<\/div>\n<\/div>\n<div>\n<div><img decoding=\"async\" src=\"https:\/\/uoogear.com\/wp-content\/uploads\/2023\/11\/Hcca962780c0e43b8ad39b3c0255408eaU.webp\" data-src=\"https:\/\/uoogear.com\/wp-content\/uploads\/2023\/11\/Hcca962780c0e43b8ad39b3c0255408eaU.webp\" \/><\/div>\n<\/div>\n<div>\n<div><img decoding=\"async\" src=\"https:\/\/uoogear.com\/wp-content\/uploads\/2023\/11\/H99eb8b8c32bc42cdb414ea4013d5a549Y.webp\" data-src=\"https:\/\/uoogear.com\/wp-content\/uploads\/2023\/11\/H99eb8b8c32bc42cdb414ea4013d5a549Y.webp\" \/><\/div>\n<div><img decoding=\"async\" src=\"https:\/\/uoogear.com\/wp-content\/uploads\/2023\/11\/H54bd8571cc4a409499bfdf6f2048925fW.webp\" data-src=\"https:\/\/uoogear.com\/wp-content\/uploads\/2023\/11\/H54bd8571cc4a409499bfdf6f2048925fW.webp\" \/><\/div>\n<div><img decoding=\"async\" src=\"https:\/\/uoogear.com\/wp-content\/uploads\/2023\/11\/H4fa51f0d47f543138bd06fb33cd88167v.webp\" data-src=\"https:\/\/uoogear.com\/wp-content\/uploads\/2023\/11\/H4fa51f0d47f543138bd06fb33cd88167v.webp\" \/><\/div>\n<div><img decoding=\"async\" src=\"https:\/\/uoogear.com\/wp-content\/uploads\/2023\/11\/Hadabc1b7b495463ab551c309fe0a9213s.webp\" data-src=\"https:\/\/uoogear.com\/wp-content\/uploads\/2023\/11\/Hadabc1b7b495463ab551c309fe0a9213s.webp\" \/><\/div>\n<div><img decoding=\"async\" src=\"https:\/\/uoogear.com\/wp-content\/uploads\/2023\/11\/H7b539598d666467b877df856bc38249eY.webp\" data-src=\"https:\/\/uoogear.com\/wp-content\/uploads\/2023\/11\/H7b539598d666467b877df856bc38249eY.webp\" \/><\/div>\n<div><img decoding=\"async\" src=\"https:\/\/uoogear.com\/wp-content\/uploads\/2023\/11\/H5040086fa0744661adbbbe4afdd4bd6cj.webp\" data-src=\"https:\/\/uoogear.com\/wp-content\/uploads\/2023\/11\/H5040086fa0744661adbbbe4afdd4bd6cj.webp\" \/><\/div>\n<div><img decoding=\"async\" src=\"https:\/\/uoogear.com\/wp-content\/uploads\/2023\/11\/H62897e219f0f4f32abfc68bf21fa9f78J.webp\" data-src=\"https:\/\/uoogear.com\/wp-content\/uploads\/2023\/11\/H62897e219f0f4f32abfc68bf21fa9f78J.webp\" \/><\/div>\n<\/div>\n<div><\/div>\n<div>\n<div>\n<div>\n<div>\n<div><\/div>\n<\/div>\n<\/div>\n<\/div>\n<\/div>\n<\/div>\n<\/div>","protected":false},"excerpt":{"rendered":"<p>Areal: 2,25 kvm Stof: Polyester Oxford Ydertelt Vandt\u00e6t Indeks: 1500-2000 Mm Bund Vandt\u00e6t Indeks: &gt;3000 mm Bygningstype: Konstruktion Baseret p\u00e5 behov Telt Stil: Diagonal afstivningstype S\u00e6son: Fire-s\u00e6son Telt Struktur: Et sovev\u00e6relse Produktnavn: Et sovev\u00e6relse Produktnavn Polyester Oxford camper trailertelt St\u00f8rrelse: 148*152*150cm Stang:<\/p>\n<div class=\"read-more\"><a class=\"btn btn-fill-out\" href=\"https:\/\/uoogear.com\/da\/vare\/outdoor-folding-off-road-camping-pickup-camper-trailer-truck-bed-tents\/\">L\u00e6s mere<\/a><\/div>","protected":false},"featured_media":4171,"template":"","meta":[],"product_brand":[],"product_cat":[15],"product_tag":[],"class_list":{"0":"post-4172","1":"product","2":"type-product","3":"status-publish","4":"has-post-thumbnail","6":"product_cat-uncategorized","7":"tm-no-options","9":"first","10":"instock","11":"shipping-taxable","12":"purchasable","13":"product-type-variable"},"_links":{"self":[{"href":"https:\/\/uoogear.com\/da\/wp-json\/wp\/v2\/product\/4172","targetHints":{"allow":["GET"]}}],"collection":[{"href":"https:\/\/uoogear.com\/da\/wp-json\/wp\/v2\/product"}],"about":[{"href":"https:\/\/uoogear.com\/da\/wp-json\/wp\/v2\/types\/product"}],"wp:featuredmedia":[{"embeddable":true,"href":"https:\/\/uoogear.com\/da\/wp-json\/wp\/v2\/media\/4171"}],"wp:attachment":[{"href":"https:\/\/uoogear.com\/da\/wp-json\/wp\/v2\/media?parent=4172"}],"wp:term":[{"taxonomy":"product_brand","embeddable":true,"href":"https:\/\/uoogear.com\/da\/wp-json\/wp\/v2\/product_brand?post=4172"},{"taxonomy":"product_cat","embeddable":true,"href":"https:\/\/uoogear.com\/da\/wp-json\/wp\/v2\/product_cat?post=4172"},{"taxonomy":"product_tag","embeddable":true,"href":"https:\/\/uoogear.com\/da\/wp-json\/wp\/v2\/product_tag?post=4172"}],"curies":[{"name":"wp","href":"https:\/\/api.w.org\/{rel}","templated":true}]}}