{"id":4221,"date":"2023-11-13T12:25:22","date_gmt":"2023-11-13T12:25:22","guid":{"rendered":"https:\/\/uoogear.com\/product\/camping-outdoor-foldable-4-person-car-roof-top-rooftop-tent\/"},"modified":"2023-11-30T03:38:03","modified_gmt":"2023-11-30T03:38:03","slug":"camping-outdoor-foldable-4-person-car-roof-top-rooftop-tent","status":"publish","type":"product","link":"https:\/\/uoogear.com\/da\/vare\/camping-outdoor-foldable-4-person-car-roof-top-rooftop-tent\/","title":{"rendered":"Camping Udend\u00f8rs sammenklappeligt 4 personers bil tagtelt"},"content":{"rendered":"<ul>\n<li><strong>Areal : <\/strong> 240*160*126 cm<\/li>\n<li><strong>Stof: <\/strong> Polyester<\/li>\n<li><strong>Udvendigt telts vandt\u00e6t indeks: <\/strong> 2000-3000 mm<\/li>\n<li><strong>Nederste vandt\u00e6t indeks: <\/strong> &gt;3000 mm<\/li>\n<li><strong>Bygningstype: <\/strong> Konstruktion baseret p\u00e5 behov<\/li>\n<li><strong>Telt stil: <\/strong> Lige afstivningstype<\/li>\n<li><strong>S\u00e6son: <\/strong> Fire-s\u00e6son telt<\/li>\n<li><strong>Struktur: <\/strong> Et sovev\u00e6relse<\/li>\n<li><strong>Produktnavn : <\/strong> 4-s\u00e6son biltilbeh\u00f8r tagtelt til SUV<\/li>\n<li><strong>Stof materiale: <\/strong> 300 gsm polyester bomuldsl\u00e6rred<\/li>\n<li><strong>Funktion: <\/strong> Vandt\u00e6t 2000 mm<\/li>\n<li><strong>St\u00f8rrelse: <\/strong> Udvid St\u00f8rrelse: 240*140*126cm<\/li>\n<li><strong>Madras : <\/strong> 60 mm tykkelse Ikke-deformerende svamp, med vaskbart aftageligt betr\u00e6k<\/li>\n<li><strong>Stige: <\/strong> Teleskopisk aluminiumsstige, 230 cm<\/li>\n<li><strong>Logo: <\/strong> Tilpasset logo<\/li>\n<li><strong>Tilbeh\u00f8r : <\/strong> Stige+skotaske<\/li>\n<li><strong>Valgfri dele: <\/strong> Anneks, Isolering varm foring, Forskellige regnflue designs<\/li>\n<\/ul>\n<div>\n<div data-magic-global=\"%7B%22bizId%22%3A2634101818%2C%22pageId%22%3A21315585743%2C%22siteId%22%3A5005227190%7D\">\n<div>\n<div>\n<div>\n<div>\n<div>\n<div><\/div>\n<div><\/div>\n<div><\/div>\n<div><\/div>\n<div><\/div>\n<\/div>\n<\/div>\n<\/div>\n<\/div>\n<\/div>\n<div><\/div>\n<div>\n<div data-section=\"AliMagic-p7shhj\" data-section-title=\"Product Paramenters\"><\/div>\n<\/div>\n<\/div>\n<\/div>","protected":false},"excerpt":{"rendered":"<p>Areal: 240*160*126cm Stof: Polyester Ydertelt Vandt\u00e6t Indeks: 2000-3000 Mm Bund Vandt\u00e6t Indeks: &gt;3000 mm Bygningstype: Konstruktion Baseret p\u00e5 behov Teltstil: Lige afstivningstype S\u00e6son: Fire-s\u00e6son Teltstruktur: Etv\u00e6relses teltstruktur Navn: 4-s\u00e6son Autotilbeh\u00f8r Tagtelt til SUV Stof Materiale:<\/p>\n<div class=\"read-more\"><a class=\"btn btn-fill-out\" href=\"https:\/\/uoogear.com\/da\/vare\/camping-outdoor-foldable-4-person-car-roof-top-rooftop-tent\/\">L\u00e6s mere<\/a><\/div>","protected":false},"featured_media":4218,"template":"","meta":[],"product_brand":[],"product_cat":[15],"product_tag":[],"class_list":{"0":"post-4221","1":"product","2":"type-product","3":"status-publish","4":"has-post-thumbnail","6":"product_cat-uncategorized","7":"tm-no-options","9":"first","10":"instock","11":"shipping-taxable","12":"purchasable","13":"product-type-variable"},"_links":{"self":[{"href":"https:\/\/uoogear.com\/da\/wp-json\/wp\/v2\/product\/4221","targetHints":{"allow":["GET"]}}],"collection":[{"href":"https:\/\/uoogear.com\/da\/wp-json\/wp\/v2\/product"}],"about":[{"href":"https:\/\/uoogear.com\/da\/wp-json\/wp\/v2\/types\/product"}],"wp:featuredmedia":[{"embeddable":true,"href":"https:\/\/uoogear.com\/da\/wp-json\/wp\/v2\/media\/4218"}],"wp:attachment":[{"href":"https:\/\/uoogear.com\/da\/wp-json\/wp\/v2\/media?parent=4221"}],"wp:term":[{"taxonomy":"product_brand","embeddable":true,"href":"https:\/\/uoogear.com\/da\/wp-json\/wp\/v2\/product_brand?post=4221"},{"taxonomy":"product_cat","embeddable":true,"href":"https:\/\/uoogear.com\/da\/wp-json\/wp\/v2\/product_cat?post=4221"},{"taxonomy":"product_tag","embeddable":true,"href":"https:\/\/uoogear.com\/da\/wp-json\/wp\/v2\/product_tag?post=4221"}],"curies":[{"name":"wp","href":"https:\/\/api.w.org\/{rel}","templated":true}]}}