{"id":4273,"date":"2023-11-13T12:30:29","date_gmt":"2023-11-13T12:30:29","guid":{"rendered":"https:\/\/uoogear.com\/product\/unistrengh-mini-4x4-offroad-outdoor-camping-car-soft-shell-roof-top-tents-for-sale\/"},"modified":"2023-11-30T06:16:50","modified_gmt":"2023-11-30T06:16:50","slug":"unistrengh-mini-4x4-offroad-outdoor-camping-car-soft-shell-roof-top-tents-for-sale","status":"publish","type":"product","link":"https:\/\/uoogear.com\/da\/vare\/unistrengh-mini-4x4-offroad-outdoor-camping-car-soft-shell-roof-top-tents-for-sale\/","title":{"rendered":"Unistrengh Mini 4\u00d74 offroad udend\u00f8rs campingvogn softshell tagtelte s\u00e6lges"},"content":{"rendered":"<ul>\n<li><strong>Areal : <\/strong> 134*109 cm<\/li>\n<li><strong>Stof: <\/strong> Polyester bomuldsklud<\/li>\n<li><strong>Udvendigt telts vandt\u00e6t indeks: <\/strong> 2000-3000 mm<\/li>\n<li><strong>Nederste vandt\u00e6t indeks: <\/strong> &gt;3000 mm<\/li>\n<li><strong>Telt stil: <\/strong> Lige afstivningstype<\/li>\n<li><strong>S\u00e6son: <\/strong> 4-s\u00e6sonstelt, 4-s\u00e6son<\/li>\n<li><strong>Struktur: <\/strong> Et sovev\u00e6relse<\/li>\n<li><strong>Produktnavn : <\/strong> Bl\u00f8d mini bil tagtelt vandt\u00e6tning<\/li>\n<li><strong>Ans\u00f8gning : <\/strong> Udend\u00f8rs Camping Familietelt<\/li>\n<li><strong>S\u00f8geord: <\/strong> telt vandt\u00e6tning<\/li>\n<li><strong>St\u00f8rrelse: <\/strong> 2157*1330*1130MM<\/li>\n<li><strong>Materiale : <\/strong> Polyester bomuldsklud<\/li>\n<li><strong>MOQ: <\/strong> 1 styk<\/li>\n<li><strong>Logo: <\/strong> Tilpasset logo<\/li>\n<li><strong>V\u00e6gt : <\/strong> 41,5 kg<\/li>\n<li><strong>Garanti: <\/strong> 12 m\u00e5neder<\/li>\n<\/ul>\n<div>\n<div data-magic-global=\"%7B%22bizId%22%3A2634101818%2C%22pageId%22%3A21250043969%2C%22siteId%22%3A5005227190%7D\">\n<div>\n<div data-section=\"AliMagic-ljemi3\" data-section-title=\"Product Description\">Produkt beskrivelse<\/div>\n<\/div>\n<div>\n<div>\n<div>\n<div>\n<div>\n<div><\/div>\n<\/div>\n<\/div>\n<\/div>\n<div>\n<div>Mini tag telt<\/div>\n<div>Mini roof top telt er klar inden for f\u00e5 minutter, s\u00e5 du kan slappe af og nyde de udend\u00f8rs aktiviteter. Fremstillet af<br \/>\nholdbart h\u00f8jkvalitets poly\/bomuld \u00e5ndbart stof, dit skimmel- og vandt\u00e6tte tagtelt passer p\u00e6nt p\u00e5 taget af din 4x4-bil. En robust optr\u00e6kkelig stige i aluminium giver nem adgang. Madrasser leveres med en h\u00f8jdensitetsskummadras med et aftageligt betr\u00e6k. Med fuldt afsk\u00e6rmede vinduer og d\u00f8re, st\u00f8vt\u00e6t og insektbestandig.<\/div>\n<\/div>\n<\/div>\n<\/div>\n<div>\n<div>\n<div>\n<h3>Funktioner<\/h3>\n<div>\n<div>\n<div>- 4-s\u00e6sonstelt bygget til at t\u00e5le elementerne fra enhver \u00e5rstid og klima - Kan rumme op til 2 personer<br \/>\n-Teltstof er b\u00e5de UV- og skimmelbestandigt til at modst\u00e5 alle \u00e5rstiders elementer<br \/>\n- Fire, store indvendige lommer til opbevaring af udstyr og campingtilbeh\u00f8r<br \/>\n- Inkluderer en skummadras med h\u00f8j densitet for ekstra komfort<br \/>\n- Skift let baldakinen ud afh\u00e6ngigt af s\u00e6son og vejrforhold (Yderligere baldakiner s\u00e6lges separat)<\/div>\n<\/div>\n<\/div>\n<\/div>\n<\/div>\n<\/div>\n<div>\n<div>\n<table>\n<tbody>\n<tr>\n<td>\n<div>\u00c5ben st\u00f8rrelse<\/div>\n<\/td>\n<td>\n<div>2157*1330*1130MM<\/div>\n<\/td>\n<td>\n<div><\/div>\n<\/td>\n<td>\n<div><\/div>\n<\/td>\n<td>\n<div><\/div>\n<\/td>\n<\/tr>\n<tr>\n<td>\n<div>T\u00e6t st\u00f8rrelse<\/div>\n<\/td>\n<td>\n<div>1340*1090*220MM<\/div>\n<\/td>\n<td>\n<div><\/div>\n<\/td>\n<td>\n<div><\/div>\n<\/td>\n<td>\n<div><\/div>\n<\/td>\n<\/tr>\n<tr>\n<td>\n<div>NW<\/div>\n<\/td>\n<td>\n<div>41,5 kg<\/div>\n<\/td>\n<td>\n<div><\/div>\n<\/td>\n<td>\n<div><\/div>\n<\/td>\n<td>\n<div><\/div>\n<\/td>\n<\/tr>\n<tr>\n<td>\n<div>GW<\/div>\n<\/td>\n<td>\n<div>51,8 kg<\/div>\n<\/td>\n<td>\n<div><\/div>\n<\/td>\n<td>\n<div><\/div>\n<\/td>\n<td>\n<div><\/div>\n<\/td>\n<\/tr>\n<\/tbody>\n<\/table>\n<\/div>\n<\/div>\n<div>\n<div data-section=\"AliMagic-hdvu51\" data-section-title=\"Product details\">Produktdetaljer<\/div>\n<\/div>\n<div>\n<div>\n<div><\/div>\n<div><img decoding=\"async\" src=\"https:\/\/uoogear.com\/wp-content\/uploads\/2023\/11\/H1bf314a0e04e47408594be1fd416e0a6f.webp\" data-src=\"https:\/\/uoogear.com\/wp-content\/uploads\/2023\/11\/H1bf314a0e04e47408594be1fd416e0a6f.webp\" \/><\/div>\n<\/div>\n<\/div>\n<div>\n<div data-section=\"AliMagic-3qaa90\" data-section-title=\"Related products\">Relaterede produkter<\/div>\n<\/div>\n<div>\n<div>\n<div>\n<div>\n<div>\n<div><\/div>\n<\/div>\n<div>\n<div>\n<div><strong>Soft shell tagtelt<\/strong><\/div>\n<\/div>\n<\/div>\n<\/div>\n<div>\n<div>\n<div><\/div>\n<\/div>\n<div>\n<div>\n<div><strong>Langt afsnit med bilag<\/strong><\/div>\n<\/div>\n<\/div>\n<\/div>\n<div>\n<div>\n<div><img loading=\"lazy\" decoding=\"async\" class=\"alignnone\" src=\"https:\/\/uoogear.com\/wp-content\/uploads\/2023\/11\/H437d0352f3994ed2b130dac4e75a83d4d.webp\" alt=\"\" width=\"800\" height=\"533\" data-src=\"https:\/\/uoogear.com\/wp-content\/uploads\/2023\/11\/H437d0352f3994ed2b130dac4e75a83d4d.webp\" \/><\/div>\n<\/div>\n<div>\n<div>\n<div><strong>Markise til bilens side<\/strong><\/div>\n<\/div>\n<\/div>\n<\/div>\n<\/div>\n<\/div>\n<\/div>\n<div>\n<div>\n<div>\n<div><img loading=\"lazy\" decoding=\"async\" class=\"alignnone\" src=\"https:\/\/uoogear.com\/wp-content\/uploads\/2023\/11\/Hff9bd9063cef44a8ba9b43b61c0257d1W.webp\" alt=\"\" width=\"800\" height=\"600\" data-src=\"https:\/\/uoogear.com\/wp-content\/uploads\/2023\/11\/Hff9bd9063cef44a8ba9b43b61c0257d1W.webp\" \/><\/div>\n<\/div>\n<div><\/div>\n<\/div>\n<div>\n<div>\n<div><\/div>\n<\/div>\n<div>\n<div><\/div>\n<\/div>\n<\/div>\n<div>\n<div>\n<div>\n<div><\/div>\n<\/div>\n<\/div>\n<\/div>\n<\/div>\n<div>\n<div data-section=\"AliMagic-tf79ni\" data-section-title=\"Company Imformation\"><\/div>\n<\/div>\n<\/div>\n<\/div>","protected":false},"excerpt":{"rendered":"<p>Areal : 134*109 cm Stof : Polyester bomuldsdug Ydertelt Vandt\u00e6t Indeks : 2000-3000 Mm Bund Vandt\u00e6t Indeks : &gt;3000 mm Telt Stil : Lige Afstivningstype S\u00e6son : Fire-s\u00e6sonstelt, 4-s\u00e6sons Struktur : Et Soft Produktnavn mini bil tag telt vandt\u00e6t Anvendelse : Udend\u00f8rs Camping Familietelt N\u00f8gleord : telt<\/p>\n<div class=\"read-more\"><a class=\"btn btn-fill-out\" href=\"https:\/\/uoogear.com\/da\/vare\/unistrengh-mini-4x4-offroad-outdoor-camping-car-soft-shell-roof-top-tents-for-sale\/\">L\u00e6s mere<\/a><\/div>","protected":false},"featured_media":4272,"template":"","meta":[],"product_brand":[],"product_cat":[15],"product_tag":[],"class_list":{"0":"post-4273","1":"product","2":"type-product","3":"status-publish","4":"has-post-thumbnail","6":"product_cat-uncategorized","7":"tm-no-options","9":"first","10":"instock","11":"shipping-taxable","12":"purchasable","13":"product-type-variable"},"_links":{"self":[{"href":"https:\/\/uoogear.com\/da\/wp-json\/wp\/v2\/product\/4273","targetHints":{"allow":["GET"]}}],"collection":[{"href":"https:\/\/uoogear.com\/da\/wp-json\/wp\/v2\/product"}],"about":[{"href":"https:\/\/uoogear.com\/da\/wp-json\/wp\/v2\/types\/product"}],"wp:featuredmedia":[{"embeddable":true,"href":"https:\/\/uoogear.com\/da\/wp-json\/wp\/v2\/media\/4272"}],"wp:attachment":[{"href":"https:\/\/uoogear.com\/da\/wp-json\/wp\/v2\/media?parent=4273"}],"wp:term":[{"taxonomy":"product_brand","embeddable":true,"href":"https:\/\/uoogear.com\/da\/wp-json\/wp\/v2\/product_brand?post=4273"},{"taxonomy":"product_cat","embeddable":true,"href":"https:\/\/uoogear.com\/da\/wp-json\/wp\/v2\/product_cat?post=4273"},{"taxonomy":"product_tag","embeddable":true,"href":"https:\/\/uoogear.com\/da\/wp-json\/wp\/v2\/product_tag?post=4273"}],"curies":[{"name":"wp","href":"https:\/\/api.w.org\/{rel}","templated":true}]}}