{"id":4342,"date":"2023-11-13T12:42:10","date_gmt":"2023-11-13T12:42:10","guid":{"rendered":"https:\/\/uoogear.com\/product\/outdoor-camping-car-soft-roof-top-tent-waterproofing\/"},"modified":"2023-11-30T08:28:02","modified_gmt":"2023-11-30T08:28:02","slug":"outdoor-camping-car-soft-roof-top-tent-waterproofing","status":"publish","type":"product","link":"https:\/\/uoogear.com\/da\/vare\/outdoor-camping-car-soft-roof-top-tent-waterproofing\/","title":{"rendered":"Udend\u00f8rs campingvogn bl\u00f8d tagtelt vandt\u00e6tning"},"content":{"rendered":"<ul>\n<li><strong>Areal : <\/strong> 240x140x130 cm<\/li>\n<li><strong>Stof: <\/strong> L\u00e6rred<\/li>\n<li><strong>Udvendigt telts vandt\u00e6t indeks: <\/strong> 2000-3000 mm<\/li>\n<li><strong>Nederste vandt\u00e6t indeks: <\/strong> &gt;3000 mm<\/li>\n<li><strong>Bygningstype: <\/strong> Konstruktion baseret p\u00e5 behov<\/li>\n<li><strong>Telt stil: <\/strong> Lige afstivningstype<\/li>\n<li><strong>S\u00e6son: <\/strong> Fire-s\u00e6son telt<\/li>\n<li><strong>Struktur: <\/strong> Et sovev\u00e6relse<\/li>\n<li><strong>Produktnavn : <\/strong> Udend\u00f8rs campingvogn bl\u00f8d tagtelt vandt\u00e6tning<\/li>\n<li><strong>Ans\u00f8gning : <\/strong> Udend\u00f8rs Rejse Vandrecamping<\/li>\n<li><strong>S\u00f8geord: <\/strong> telt vandt\u00e6tning<\/li>\n<li><strong>Telt st\u00f8rrelse: <\/strong> 310x140x130 cm<\/li>\n<li><strong>Pakningsst\u00f8rrelse: <\/strong> 145*123*24 cm<\/li>\n<li><strong>Kropsstof: <\/strong> 280 g polyester bomuld<\/li>\n<li><strong>Indl\u00e6ser : <\/strong> 300-350 kg<\/li>\n<li><strong>Etage: <\/strong> Aluminiumsplade<\/li>\n<li><strong>MOQ: <\/strong> 1 styk<\/li>\n<li><strong>Logo: <\/strong> Tilpasset logo<\/li>\n<\/ul>\n<div>\n<div data-host=\"112311420\" data-magic-global=\"%7B%22bizId%22%3A2634101818%2C%22pageId%22%3A5052820534%2C%22siteId%22%3A5005227190%7D\" data-id=\"detail_decorate_root\">\n<div data-section=\"AliMagic-nax1bk\" data-section-title=\"Products Description\">Produktbeskrivelse<\/div>\n<div>\n<div>\n<div>\n<div>\n<div><\/div>\n<\/div>\n<\/div>\n<\/div>\n<div>\n<div data-id=\"below-title\">Udend\u00f8rs campingvogn bl\u00f8d tagtelt vandt\u00e6tning<\/div>\n<div data-id=\"below-content\">Soft Shell 4\u00d74 tagtelt og fortelte er klar p\u00e5 f\u00e5 minutter, s\u00e5 du kan slappe af og nyde udend\u00f8rslivet. Fremstillet af slidst\u00e6rkt h\u00f8jkvalitets poly-\/bomulds\u00e5ndbart stof, passer dit skimmel- og vandt\u00e6tte tagtelt p\u00e6nt p\u00e5 taget af din 4\u00d74. En robust optr\u00e6kkelig stige i aluminium giver nem adgang. Madrasser leveres med en 65 mm h\u00f8jdensitetsskummadras med et aftageligt betr\u00e6k. Med fuldt afsk\u00e6rmede vinduer og d\u00f8re. st\u00f8vt\u00e6t og insektbestandig.<\/div>\n<\/div>\n<\/div>\n<div>\n<div>\n<h3 data-id=\"title0\">Funktioner<\/h3>\n<div>\n<div>\n<div data-id=\"paragraph0\">\n<p>-Fire s\u00e6son telt bygget til at t\u00e5le elementerne i enhver \u00e5rstid og klima<\/p>\n<div>-Kan rumme op til 2-3 personer<br \/>\n-Teltstof er b\u00e5de UV- og skimmelbestandigt til at modst\u00e5 alle \u00e5rstiders elementer<br \/>\n- Fire, store indvendige lommer til opbevaring af udstyr og campingtilbeh\u00f8r<br \/>\n- Inkluderer en skummadras med h\u00f8j densitet for ekstra komfort<\/div>\n<\/div>\n<\/div>\n<\/div>\n<\/div>\n<\/div>\n<div data-section=\"AliMagic-n3jor0\" data-section-title=\"Specification\">Specifikation<\/div>\n<div>\n<table>\n<tbody>\n<tr>\n<td>\n<div>\u00c5rstider<\/div>\n<\/td>\n<td>\n<div>4-s\u00e6son<\/div>\n<\/td>\n<td>\n<div><\/div>\n<\/td>\n<td>\n<div><\/div>\n<\/td>\n<td>\n<div><\/div>\n<\/td>\n<\/tr>\n<tr>\n<td>\n<div>St\u00f8rrelse<\/div>\n<\/td>\n<td>\n<div>240\u00d7140\/160\/190\u00d7130 cm<\/div>\n<\/td>\n<td>\n<div><\/div>\n<\/td>\n<td>\n<div><\/div>\n<\/td>\n<td>\n<div><\/div>\n<\/td>\n<\/tr>\n<tr>\n<td>\n<div>Etage<\/div>\n<\/td>\n<td>\n<div>Aluminiumsplade<\/div>\n<\/td>\n<td>\n<div><\/div>\n<\/td>\n<td>\n<div><\/div>\n<\/td>\n<td>\n<div><\/div>\n<\/td>\n<\/tr>\n<tr>\n<td>\n<div>Farve<\/div>\n<\/td>\n<td>\n<div>Gr\u00f8n, Khaki, gr\u00e5, Orange<\/div>\n<\/td>\n<td>\n<div><\/div>\n<\/td>\n<td>\n<div><\/div>\n<\/td>\n<td>\n<div><\/div>\n<\/td>\n<\/tr>\n<tr>\n<td>\n<div>Baldakin stof<\/div>\n<\/td>\n<td>\n<div>280 g polyester bomuld; 600D ripstop stof med vandt\u00e6t ventilerende bel\u00e6gning<\/div>\n<\/td>\n<td>\n<div><\/div>\n<\/td>\n<td>\n<div><\/div>\n<\/td>\n<td>\n<div><\/div>\n<\/td>\n<\/tr>\n<tr>\n<td>\n<div>Stang materiale<\/div>\n<\/td>\n<td>\n<div>Rustfrit st\u00e5l<\/div>\n<\/td>\n<td>\n<div><\/div>\n<\/td>\n<td>\n<div><\/div>\n<\/td>\n<td>\n<div><\/div>\n<\/td>\n<\/tr>\n<tr>\n<td>\n<div>Regnflue stof<\/div>\n<\/td>\n<td>\n<div>420D polyester Oxford; PU belagt<\/div>\n<\/td>\n<td>\n<div><\/div>\n<\/td>\n<td>\n<div><\/div>\n<\/td>\n<td>\n<div><\/div>\n<\/td>\n<\/tr>\n<tr>\n<td>\n<div>Madras<\/div>\n<\/td>\n<td>\n<div>ikke-deformerende svamp, densitet 38 med bomuldsbetr\u00e6k<\/div>\n<\/td>\n<td>\n<div><\/div>\n<\/td>\n<td>\n<div><\/div>\n<\/td>\n<td>\n<div><\/div>\n<\/td>\n<\/tr>\n<tr>\n<td>\n<div>Stigekonstruktion<\/div>\n<\/td>\n<td>\n<div>Slide aluminiumsstige<\/div>\n<\/td>\n<td>\n<div><\/div>\n<\/td>\n<td>\n<div><\/div>\n<\/td>\n<td>\n<div><\/div>\n<\/td>\n<\/tr>\n<tr>\n<td>\n<div>Bilagsmateriale<\/div>\n<\/td>\n<td>\n<div>420D polyester Oxford; PU belagt<\/div>\n<\/td>\n<td>\n<div><\/div>\n<\/td>\n<td>\n<div><\/div>\n<\/td>\n<td>\n<div><\/div>\n<\/td>\n<\/tr>\n<tr>\n<td>\n<div>D\u00e6kmateriale<\/div>\n<\/td>\n<td>\n<div>550 g kraftig PVC<\/div>\n<\/td>\n<td>\n<div><\/div>\n<\/td>\n<td>\n<div><\/div>\n<\/td>\n<td>\n<div><\/div>\n<\/td>\n<\/tr>\n<tr>\n<td>\n<div>Indvendig ramme<\/div>\n<\/td>\n<td>\n<div>5\/8&quot; aluminiumsr\u00f8r<\/div>\n<\/td>\n<td>\n<div><\/div>\n<\/td>\n<td>\n<div><\/div>\n<\/td>\n<td>\n<div><\/div>\n<\/td>\n<\/tr>\n<tr>\n<td>\n<div>Grundkonstruktion<\/div>\n<\/td>\n<td>\n<div>Svejset aluminiumsr\u00f8r med isolering og aluminiumsh\u00e6tte<\/div>\n<\/td>\n<td>\n<div><\/div>\n<\/td>\n<td>\n<div><\/div>\n<\/td>\n<td>\n<div><\/div>\n<\/td>\n<\/tr>\n<\/tbody>\n<\/table>\n<\/div>\n<div data-section=\"AliMagic-cs29h0\" data-section-title=\"Detail Images\">Detalje billeder<\/div>\n<div>\n<div>\n<div>\n<div>\n<div><\/div>\n<\/div>\n<\/div>\n<\/div>\n<\/div>\n<div>\n<div>\n<div>\n<div>\n<div><img decoding=\"async\" src=\"https:\/\/uoogear.com\/wp-content\/uploads\/2023\/11\/Hdcd8e733e3c646b1955a6f4f5f060547q.webp\" data-src=\"https:\/\/uoogear.com\/wp-content\/uploads\/2023\/11\/Hdcd8e733e3c646b1955a6f4f5f060547q.webp\" \/><\/div>\n<\/div>\n<\/div>\n<\/div>\n<\/div>\n<div>\n<div>\n<div>\n<div>\n<div><img decoding=\"async\" src=\"https:\/\/uoogear.com\/wp-content\/uploads\/2023\/11\/H28c9eea970d24e0db9c7690b92a66ca4E-wpp1701332824151.webp\" data-src=\"https:\/\/uoogear.com\/wp-content\/uploads\/2023\/11\/H28c9eea970d24e0db9c7690b92a66ca4E-wpp1701332824151.webp\" \/><\/div>\n<\/div>\n<\/div>\n<\/div>\n<\/div>\n<div data-section=\"AliMagic-5vo4c6\" data-section-title=\"Customer Photos\"><\/div>\n<\/div>\n<\/div>","protected":false},"excerpt":{"rendered":"<p>Areal : 240x140x130 cm Stof : Kanvas Ydertelt Vandt\u00e6t Indeks : 2000-3000 Mm Bund Vandt\u00e6t Indeks : &gt;3000 mm Bygningstype : Konstruktion Baseret p\u00e5 behov Teltstil : Lige afstivningstype S\u00e6son : Fire-s\u00e6son Telt Struktur Produktnavn : Udend\u00f8rs sovev\u00e6relse campingvogn bl\u00f8d tag telt vandt\u00e6tning Anvendelse: Udend\u00f8rs<\/p>\n<div class=\"read-more\"><a class=\"btn btn-fill-out\" href=\"https:\/\/uoogear.com\/da\/vare\/outdoor-camping-car-soft-roof-top-tent-waterproofing\/\">L\u00e6s mere<\/a><\/div>","protected":false},"featured_media":4341,"template":"","meta":[],"product_brand":[],"product_cat":[15],"product_tag":[],"class_list":{"0":"post-4342","1":"product","2":"type-product","3":"status-publish","4":"has-post-thumbnail","6":"product_cat-uncategorized","7":"tm-no-options","9":"first","10":"instock","11":"shipping-taxable","12":"purchasable","13":"product-type-variable"},"_links":{"self":[{"href":"https:\/\/uoogear.com\/da\/wp-json\/wp\/v2\/product\/4342","targetHints":{"allow":["GET"]}}],"collection":[{"href":"https:\/\/uoogear.com\/da\/wp-json\/wp\/v2\/product"}],"about":[{"href":"https:\/\/uoogear.com\/da\/wp-json\/wp\/v2\/types\/product"}],"wp:featuredmedia":[{"embeddable":true,"href":"https:\/\/uoogear.com\/da\/wp-json\/wp\/v2\/media\/4341"}],"wp:attachment":[{"href":"https:\/\/uoogear.com\/da\/wp-json\/wp\/v2\/media?parent=4342"}],"wp:term":[{"taxonomy":"product_brand","embeddable":true,"href":"https:\/\/uoogear.com\/da\/wp-json\/wp\/v2\/product_brand?post=4342"},{"taxonomy":"product_cat","embeddable":true,"href":"https:\/\/uoogear.com\/da\/wp-json\/wp\/v2\/product_cat?post=4342"},{"taxonomy":"product_tag","embeddable":true,"href":"https:\/\/uoogear.com\/da\/wp-json\/wp\/v2\/product_tag?post=4342"}],"curies":[{"name":"wp","href":"https:\/\/api.w.org\/{rel}","templated":true}]}}