{"id":4351,"date":"2023-11-13T12:43:08","date_gmt":"2023-11-13T12:43:08","guid":{"rendered":"https:\/\/uoogear.com\/product\/4x4-offroad-faberglass-hard-shell-diy-car-roof-top-tent-for-sale\/"},"modified":"2023-11-30T08:38:35","modified_gmt":"2023-11-30T08:38:35","slug":"4x4-offroad-faberglass-hard-shell-diy-car-roof-top-tent-for-sale","status":"publish","type":"product","link":"https:\/\/uoogear.com\/da\/vare\/4x4-offroad-faberglass-hard-shell-diy-car-roof-top-tent-for-sale\/","title":{"rendered":"4\u00d74 offroad faberglass h\u00e5rdt skal g\u00f8r-det-selv bil tag telt til salg"},"content":{"rendered":"<ul>\n<li><strong>Areal : <\/strong> 215*145*95 cm<\/li>\n<li><strong>Stof: <\/strong> 280 g polyester-bomuld l\u00e6rred<\/li>\n<li><strong>Udvendigt telts vandt\u00e6t indeks: <\/strong> 2000-3000 mm<\/li>\n<li><strong>Nederste vandt\u00e6t indeks: <\/strong> &gt;3000 mm<\/li>\n<li><strong>Telt stil: <\/strong> Lige afstivningstype<\/li>\n<li><strong>S\u00e6son: <\/strong> Fire-s\u00e6son telt<\/li>\n<li><strong>Struktur: <\/strong> Et sovev\u00e6relse<\/li>\n<li><strong>Produktnavn : <\/strong> 4\u00d74 offroad faberglass h\u00e5rdt skal g\u00f8r-det-selv bil tag telt til salg<\/li>\n<li><strong>S\u00f8geord: <\/strong> DIY bil tagtelt<\/li>\n<li><strong>\u00c5ben st\u00f8rrelse: <\/strong> 215*145*95 cm<\/li>\n<li><strong>Pakke st\u00f8rrelse : <\/strong> 226*160*37 cm<\/li>\n<li><strong>Rammemateriale: <\/strong> Rustfrit st\u00e5l<\/li>\n<li><strong>Krop: <\/strong> 280G Vandt\u00e6t PU2000 mm<\/li>\n<li><strong>Stige: <\/strong> Aluminium<\/li>\n<li><strong>V\u00e6gt : <\/strong> 65 kg<\/li>\n<li><strong>Indl\u00e6ser : <\/strong> 250KG \u2013 300KG<\/li>\n<li><strong>MOQ: <\/strong> 1 styk<\/li>\n<\/ul>\n<div>\n<div data-host=\"111234190\" data-magic-global=\"%7B%22bizId%22%3A2634101818%2C%22pageId%22%3A5053233173%2C%22siteId%22%3A5005227190%7D\" data-id=\"detail_decorate_root\">\n<div data-section=\"AliMagic-5xqu4z\" data-section-title=\"Products Description\">Produktbeskrivelse<\/div>\n<div>\n<div>\n<div>\n<div>\n<div><img decoding=\"async\" src=\"https:\/\/uoogear.com\/wp-content\/uploads\/2023\/11\/H6401db70f462417b9631ded5b12306832-wpp1701333469364.webp\" data-src=\"https:\/\/uoogear.com\/wp-content\/uploads\/2023\/11\/H6401db70f462417b9631ded5b12306832-wpp1701333469364.webp\" data-id=\"child-image-0\" \/><\/div>\n<\/div>\n<\/div>\n<\/div>\n<div>\n<div data-id=\"below-title\">4\u00d74 offroad faberglass h\u00e5rdt skal g\u00f8r-det-selv bil tag telt til salg<\/div>\n<div data-id=\"below-content\">Det h\u00e5rde tagtelt tilbyder en ny m\u00e5de at se p\u00e5 camping- og 4WD-eventyrferier p\u00e5. Med st\u00f8rre intern plads giver PLAYDO soveplads til to voksne og et barn. PLAYDO-teltet med h\u00e5rd skal har to d\u00f8re med to vinduer, hvilket skaber fremragende krydsventilation, s\u00e5 luften kan cirkulere i hele teltet. \u00c5bn og luk p\u00e5 f\u00e5 sekunder med det unikke hydrauliske st\u00f8ttesystem. Alle PLAYDO tagtelte passer til taget p\u00e5 de fleste k\u00f8ret\u00f8jer og kan tages af og opbevares.<\/div>\n<\/div>\n<\/div>\n<div data-section=\"AliMagic-mzm61b\" data-section-title=\"Product Paramenters\">Produktparametre<\/div>\n<div>\n<table>\n<tbody>\n<tr>\n<td>\n<div>\u00c5rstider<\/div>\n<\/td>\n<td>\n<div>4-s\u00e6son<\/div>\n<\/td>\n<td>\n<div><\/div>\n<\/td>\n<td>\n<div><\/div>\n<\/td>\n<td>\n<div><\/div>\n<\/td>\n<\/tr>\n<tr>\n<td>\n<div>Kapacitet<\/div>\n<\/td>\n<td>\n<div>Anbefalet 2-3 personer, 250 kg maksimal belastningsv\u00e6rdi<\/div>\n<\/td>\n<td>\n<div><\/div>\n<\/td>\n<td>\n<div><\/div>\n<\/td>\n<td>\n<div><\/div>\n<\/td>\n<\/tr>\n<tr>\n<td>\n<div>Mulighed Farve<\/div>\n<\/td>\n<td>\n<div>Skal (sort\/hvid) og stof (gr\u00e5\/gr\u00f8n\/khaki)<\/div>\n<\/td>\n<td>\n<div><\/div>\n<\/td>\n<td>\n<div><\/div>\n<\/td>\n<td>\n<div><\/div>\n<\/td>\n<\/tr>\n<tr>\n<td>\n<div>Skal materiale<\/div>\n<\/td>\n<td>\n<div>Glasfiber kompositmaterialer<\/div>\n<\/td>\n<td>\n<div><\/div>\n<\/td>\n<td>\n<div><\/div>\n<\/td>\n<td>\n<div><\/div>\n<\/td>\n<\/tr>\n<tr>\n<td>\n<div>Kropsstof<\/div>\n<\/td>\n<td>\n<div>280 g polyester-bomuldsl\u00e6rred, PU-belagt, vandt\u00e6t, UV-bestandig<\/div>\n<\/td>\n<td>\n<div><\/div>\n<\/td>\n<td>\n<div><\/div>\n<\/td>\n<td>\n<div><\/div>\n<\/td>\n<\/tr>\n<tr>\n<td>\n<div>Myggesk\u00e6rme<\/div>\n<\/td>\n<td>\n<div>No-see-um mesh<\/div>\n<\/td>\n<td>\n<div><\/div>\n<\/td>\n<td>\n<div><\/div>\n<\/td>\n<td>\n<div><\/div>\n<\/td>\n<\/tr>\n<tr>\n<td>\n<div>St\u00f8tte<\/div>\n<\/td>\n<td>\n<div>Rustfri st\u00e5lstang i stedet for den gamle kulstofst\u00e5lstang<\/div>\n<\/td>\n<td>\n<div><\/div>\n<\/td>\n<td>\n<div><\/div>\n<\/td>\n<td>\n<div><\/div>\n<\/td>\n<\/tr>\n<tr>\n<td>\n<div>Madras<\/div>\n<\/td>\n<td>\n<div>7 cm ikke-deformerende svamp, densitet 30 med 3D mesh klud<\/div>\n<\/td>\n<td>\n<div><\/div>\n<\/td>\n<td>\n<div><\/div>\n<\/td>\n<td>\n<div><\/div>\n<\/td>\n<\/tr>\n<tr>\n<td>\n<div>Stige<\/div>\n<\/td>\n<td>\n<div>Teleskopstige i aluminium (150 kg maksimal belastning), 70-260 cm<\/div>\n<\/td>\n<td>\n<div><\/div>\n<\/td>\n<td>\n<div><\/div>\n<\/td>\n<td>\n<div><\/div>\n<\/td>\n<\/tr>\n<tr>\n<td>\n<div>D\u00f8r<\/div>\n<\/td>\n<td>\n<div>To d\u00f8re 90*74cm<\/div>\n<\/td>\n<td>\n<div><\/div>\n<\/td>\n<td>\n<div><\/div>\n<\/td>\n<td>\n<div><\/div>\n<\/td>\n<\/tr>\n<tr>\n<td>\n<div>Vindue<\/div>\n<\/td>\n<td>\n<div>To vinduer 60*55cm<\/div>\n<\/td>\n<td>\n<div><\/div>\n<\/td>\n<td>\n<div><\/div>\n<\/td>\n<td>\n<div><\/div>\n<\/td>\n<\/tr>\n<tr>\n<td>\n<div>Solsk\u00e6rm<\/div>\n<\/td>\n<td>\n<div>Inkluderet to, en er 190x90cm, en anden er trekantet baldakin<\/div>\n<\/td>\n<td>\n<div><\/div>\n<\/td>\n<td>\n<div><\/div>\n<\/td>\n<td>\n<div><\/div>\n<\/td>\n<\/tr>\n<tr>\n<td>\n<div>Skotaske<\/div>\n<\/td>\n<td>\n<div>To skotasker medf\u00f8lger<\/div>\n<\/td>\n<td>\n<div><\/div>\n<\/td>\n<td>\n<div><\/div>\n<\/td>\n<td>\n<div><\/div>\n<\/td>\n<\/tr>\n<tr>\n<td>\n<div>Lys<\/div>\n<\/td>\n<td>\n<div>Inkluderet to lys, en er p\u00e5 bagsiden af skallen, en anden er i teltet<\/div>\n<\/td>\n<td>\n<div><\/div>\n<\/td>\n<td>\n<div><\/div>\n<\/td>\n<td>\n<div><\/div>\n<\/td>\n<\/tr>\n<\/tbody>\n<\/table>\n<\/div>\n<div data-section=\"AliMagic-vebk0r\" data-section-title=\"Detail Images\">Detalje billeder<\/div>\n<div>\n<div>\n<div>\n<div>\n<div><img decoding=\"async\" src=\"https:\/\/uoogear.com\/wp-content\/uploads\/2023\/11\/Hcf1889e97e384349af70cc256aa309230-wpp1701333335925.webp\" data-src=\"https:\/\/uoogear.com\/wp-content\/uploads\/2023\/11\/Hcf1889e97e384349af70cc256aa309230-wpp1701333335925.webp\" \/><\/div>\n<\/div>\n<\/div>\n<\/div>\n<\/div>\n<div data-section=\"AliMagic-a8fbbj\" data-section-title=\"Why choose us\"><\/div>\n<\/div>\n<\/div>","protected":false},"excerpt":{"rendered":"<p>Areal: 215*145*95 cm Stof: 280g Polyester-bomuldsl\u00e6rred Ydertelt Vandt\u00e6t Indeks: 2000-3000 Mm Bund Vandt\u00e6t Indeks: &gt;3000 mm Telt Stil: Lige Afstivningstype S\u00e6son: Fire-s\u00e6son Telt Struktur: Et sovev\u00e6relse Produktnavn: Et sovev\u00e6relse \u00d74 offroad faberglass h\u00e5rdt skal g\u00f8r-det-selv bil tag telt til salg N\u00f8gleord: g\u00f8r det selv bil tag<\/p>\n<div class=\"read-more\"><a class=\"btn btn-fill-out\" href=\"https:\/\/uoogear.com\/da\/vare\/4x4-offroad-faberglass-hard-shell-diy-car-roof-top-tent-for-sale\/\">L\u00e6s mere<\/a><\/div>","protected":false},"featured_media":4350,"template":"","meta":[],"product_brand":[],"product_cat":[15],"product_tag":[],"class_list":{"0":"post-4351","1":"product","2":"type-product","3":"status-publish","4":"has-post-thumbnail","6":"product_cat-uncategorized","7":"tm-no-options","9":"first","10":"instock","11":"shipping-taxable","12":"purchasable","13":"product-type-variable"},"_links":{"self":[{"href":"https:\/\/uoogear.com\/da\/wp-json\/wp\/v2\/product\/4351","targetHints":{"allow":["GET"]}}],"collection":[{"href":"https:\/\/uoogear.com\/da\/wp-json\/wp\/v2\/product"}],"about":[{"href":"https:\/\/uoogear.com\/da\/wp-json\/wp\/v2\/types\/product"}],"wp:featuredmedia":[{"embeddable":true,"href":"https:\/\/uoogear.com\/da\/wp-json\/wp\/v2\/media\/4350"}],"wp:attachment":[{"href":"https:\/\/uoogear.com\/da\/wp-json\/wp\/v2\/media?parent=4351"}],"wp:term":[{"taxonomy":"product_brand","embeddable":true,"href":"https:\/\/uoogear.com\/da\/wp-json\/wp\/v2\/product_brand?post=4351"},{"taxonomy":"product_cat","embeddable":true,"href":"https:\/\/uoogear.com\/da\/wp-json\/wp\/v2\/product_cat?post=4351"},{"taxonomy":"product_tag","embeddable":true,"href":"https:\/\/uoogear.com\/da\/wp-json\/wp\/v2\/product_tag?post=4351"}],"curies":[{"name":"wp","href":"https:\/\/api.w.org\/{rel}","templated":true}]}}