{"id":4361,"date":"2023-11-13T12:43:53","date_gmt":"2023-11-13T12:43:53","guid":{"rendered":"https:\/\/uoogear.com\/product\/luxury-winter-dome-yurts-for-sale-mongolian-yurt-tent-canvas-yurt\/"},"modified":"2023-11-30T02:31:58","modified_gmt":"2023-11-30T02:31:58","slug":"luxury-winter-dome-yurts-for-sale-mongolian-yurt-tent-canvas-yurt","status":"publish","type":"product","link":"https:\/\/uoogear.com\/da\/vare\/luxury-winter-dome-yurts-for-sale-mongolian-yurt-tent-canvas-yurt\/","title":{"rendered":"Luksus vinterkuppel-yurter til salg mongolsk yurt telt l\u00e6rred yurt"},"content":{"rendered":"<ul>\n<li><strong>Areal : <\/strong> 9 kvm<\/li>\n<li><strong>Stof: <\/strong> L\u00e6rred<\/li>\n<li><strong>Udvendigt telts vandt\u00e6t indeks: <\/strong> 1500-2000 mm<\/li>\n<li><strong>Nederste vandt\u00e6t indeks: <\/strong> &gt;3000 mm<\/li>\n<li><strong>Bygningstype: <\/strong> Konstruktion baseret p\u00e5 behov<\/li>\n<li><strong>Telt stil: <\/strong> Lige afstivningstype<\/li>\n<li><strong>S\u00e6son: <\/strong> 4-s\u00e6sonstelt, 4-s\u00e6son<\/li>\n<li><strong>Struktur: <\/strong> Et sovev\u00e6relse<\/li>\n<li><strong>Produktnavn : <\/strong> Luksus vinterkuppel-yurter til salg mongolsk yurt telt l\u00e6rred yurt<\/li>\n<li><strong>Ans\u00f8gning : <\/strong> Udend\u00f8rs Rejse Vandrecamping<\/li>\n<li><strong>S\u00f8geord: <\/strong> Yurt telt<\/li>\n<li><strong>Funktion: <\/strong> Vandt\u00e6t<\/li>\n<li><strong>Lynl\u00e5s: <\/strong> SBS lynl\u00e5s<\/li>\n<li><strong>Rammestang: <\/strong> 22mm, 2m*11stk<\/li>\n<li><strong>MOQ: <\/strong> 1 styk<\/li>\n<li><strong>Logo: <\/strong> Tilpasset logo<\/li>\n<li><strong>Garanti: <\/strong> 12 m\u00e5neder<\/li>\n<\/ul>\n<div>\n<div data-host=\"112190218\" data-magic-global=\"%7B%22bizId%22%3A2634101818%2C%22pageId%22%3A5046751166%2C%22siteId%22%3A5005227190%7D\" data-id=\"detail_decorate_root\">\n<div>\n<div data-section=\"AliMagic-j4t17u\" data-section-title=\"Product Description\">Produkt beskrivelse<\/div>\n<\/div>\n<div>\n<div>\n<div>\n<div>\n<div>\n<div><img decoding=\"async\" src=\"\/\/sc01.alicdn.com\/kf\/H56aa441716f44669837912c6acf8a941b\/225636084\/H56aa441716f44669837912c6acf8a941b.jpg\" data-src=\"\/\/sc01.alicdn.com\/kf\/H56aa441716f44669837912c6acf8a941b\/225636084\/H56aa441716f44669837912c6acf8a941b.jpg\" \/><\/div>\n<\/div>\n<\/div>\n<\/div>\n<\/div>\n<\/div>\n<div>\n<div>\n<div>\n<h3 data-id=\"title0\">Luksus 4 S\u00e6son Heavy Duty Yurt Telt<\/h3>\n<div>\n<div>\n<div data-id=\"paragraph0\">Yurt telte har en lang historie, og folk har brugt dem i lang tid. Dette telt er forenklet p\u00e5 basis af den originale jurte. Installation og brug er enklere, og det indre rum er bredt, hvilket kan opfylde en families behov. Den har god vand- og vindt\u00e6t ydeevne til udend\u00f8rs brug og god ventilation. Det er et godt valg til udend\u00f8rs rejser.<\/div>\n<\/div>\n<\/div>\n<\/div>\n<\/div>\n<\/div>\n<div>\n<div>\n<div>\n<h3 data-id=\"title0\"><strong>Funktioner<\/strong><\/h3>\n<div>\n<div>\n<div data-id=\"paragraph0\">1. Meget st\u00f8rre plads til familiecamping, st\u00f8rre kapacitet til 6-10 personer.<br \/>\n2. Ultralet morden design, b\u00e6rbar og foldbar<br \/>\n3. Vandt\u00e6t bomuldsl\u00e6rred<br \/>\n4. Store vinduer med mesh vil give udsyn i mellemtiden for at forebygge insekter.<\/div>\n<\/div>\n<\/div>\n<\/div>\n<\/div>\n<\/div>\n<div><\/div>\n<div>\n<div><\/div>\n<\/div>\n<div>\n<div data-section=\"AliMagic-783agr\" data-section-title=\"Detail Images\">Detalje billeder<\/div>\n<\/div>\n<div>\n<div>\n<div>\n<div>\n<div>\n<div><\/div>\n<\/div>\n<\/div>\n<\/div>\n<\/div>\n<\/div>\n<div>\n<div>\n<div>\n<div>\n<div>\n<div><img decoding=\"async\" src=\"\/\/sc02.alicdn.com\/kf\/H403daa1716cd453f8176004be66d1cabZ\/225636084\/H403daa1716cd453f8176004be66d1cabZ.jpg\" data-src=\"\/\/sc02.alicdn.com\/kf\/H403daa1716cd453f8176004be66d1cabZ\/225636084\/H403daa1716cd453f8176004be66d1cabZ.jpg\" data-id=\"child-image-0\" \/><\/div>\n<div><img decoding=\"async\" src=\"\/\/sc01.alicdn.com\/kf\/H1b359a025f5c4d2a920071abfb30e71cK\/225636084\/H1b359a025f5c4d2a920071abfb30e71cK.jpg\" data-src=\"\/\/sc01.alicdn.com\/kf\/H1b359a025f5c4d2a920071abfb30e71cK\/225636084\/H1b359a025f5c4d2a920071abfb30e71cK.jpg\" data-id=\"child-image-1\" \/><\/div>\n<\/div>\n<\/div>\n<\/div>\n<\/div>\n<\/div>\n<div>\n<div>\n<div>\n<div>\n<div>\n<div><img decoding=\"async\" src=\"\/\/sc02.alicdn.com\/kf\/H89d139573765466a9a468cfa9925ea34o\/225636084\/H89d139573765466a9a468cfa9925ea34o.jpg\" data-src=\"\/\/sc02.alicdn.com\/kf\/H89d139573765466a9a468cfa9925ea34o\/225636084\/H89d139573765466a9a468cfa9925ea34o.jpg\" data-id=\"child-image-0\" \/><\/div>\n<div><img decoding=\"async\" src=\"\/\/sc02.alicdn.com\/kf\/H0fd1652041b3450cb22c142cd3460c4c3\/225636084\/H0fd1652041b3450cb22c142cd3460c4c3.jpg\" data-src=\"\/\/sc02.alicdn.com\/kf\/H0fd1652041b3450cb22c142cd3460c4c3\/225636084\/H0fd1652041b3450cb22c142cd3460c4c3.jpg\" data-id=\"child-image-1\" \/><\/div>\n<\/div>\n<\/div>\n<\/div>\n<\/div>\n<\/div>\n<div>\n<div>\n<div>\n<div>\n<div>\n<div><img decoding=\"async\" src=\"\/\/sc01.alicdn.com\/kf\/H1b6521d09772495ead74eccc19dcb548I\/225636084\/H1b6521d09772495ead74eccc19dcb548I.jpg\" data-src=\"\/\/sc01.alicdn.com\/kf\/H1b6521d09772495ead74eccc19dcb548I\/225636084\/H1b6521d09772495ead74eccc19dcb548I.jpg\" data-id=\"child-image-0\" \/><\/div>\n<div><img decoding=\"async\" src=\"\/\/sc01.alicdn.com\/kf\/Hf2692e1b39f8487aa4381c111ba52025V\/225636084\/Hf2692e1b39f8487aa4381c111ba52025V.jpg\" data-src=\"\/\/sc01.alicdn.com\/kf\/Hf2692e1b39f8487aa4381c111ba52025V\/225636084\/Hf2692e1b39f8487aa4381c111ba52025V.jpg\" data-id=\"child-image-1\" \/><\/div>\n<\/div>\n<\/div>\n<\/div>\n<\/div>\n<\/div>\n<div>\n<div data-section=\"AliMagic-0z5n3b\" data-section-title=\"Why Choose us\"><\/div>\n<\/div>\n<\/div>\n<\/div>","protected":false},"excerpt":{"rendered":"<p>Areal : 9 kvm Stof : Canvas Ydertelt Vandt\u00e6t Indeks : 1500-2000 Mm Bund Vandt\u00e6t Indeks : &gt;3000 mm Bygningstype : Konstruktion Baseret p\u00e5 behov Telt Stil : Lige Afstivningstype S\u00e6son : Fire-s\u00e6son Telt, 4-s\u00e6son Struktur : Et sovev\u00e6relse Produktnavn: Luksus vinterkuppelyurter til salg mongolsk yurttelt l\u00e6rred<\/p>\n<div class=\"read-more\"><a class=\"btn btn-fill-out\" href=\"https:\/\/uoogear.com\/da\/vare\/luxury-winter-dome-yurts-for-sale-mongolian-yurt-tent-canvas-yurt\/\">L\u00e6s mere<\/a><\/div>","protected":false},"featured_media":4360,"template":"","meta":[],"product_brand":[],"product_cat":[15],"product_tag":[],"class_list":{"0":"post-4361","1":"product","2":"type-product","3":"status-publish","4":"has-post-thumbnail","6":"product_cat-uncategorized","7":"tm-no-options","9":"first","10":"instock","11":"shipping-taxable","12":"purchasable","13":"product-type-variable"},"_links":{"self":[{"href":"https:\/\/uoogear.com\/da\/wp-json\/wp\/v2\/product\/4361","targetHints":{"allow":["GET"]}}],"collection":[{"href":"https:\/\/uoogear.com\/da\/wp-json\/wp\/v2\/product"}],"about":[{"href":"https:\/\/uoogear.com\/da\/wp-json\/wp\/v2\/types\/product"}],"wp:featuredmedia":[{"embeddable":true,"href":"https:\/\/uoogear.com\/da\/wp-json\/wp\/v2\/media\/4360"}],"wp:attachment":[{"href":"https:\/\/uoogear.com\/da\/wp-json\/wp\/v2\/media?parent=4361"}],"wp:term":[{"taxonomy":"product_brand","embeddable":true,"href":"https:\/\/uoogear.com\/da\/wp-json\/wp\/v2\/product_brand?post=4361"},{"taxonomy":"product_cat","embeddable":true,"href":"https:\/\/uoogear.com\/da\/wp-json\/wp\/v2\/product_cat?post=4361"},{"taxonomy":"product_tag","embeddable":true,"href":"https:\/\/uoogear.com\/da\/wp-json\/wp\/v2\/product_tag?post=4361"}],"curies":[{"name":"wp","href":"https:\/\/api.w.org\/{rel}","templated":true}]}}