{"id":4391,"date":"2023-11-13T12:47:07","date_gmt":"2023-11-13T12:47:07","guid":{"rendered":"https:\/\/uoogear.com\/product\/outdoor-custom-waterproof-glamping-cotton-canvas-bell-tents-for-camping-with-awning\/"},"modified":"2023-11-30T02:30:23","modified_gmt":"2023-11-30T02:30:23","slug":"outdoor-custom-waterproof-glamping-cotton-canvas-bell-tents-for-camping-with-awning","status":"publish","type":"product","link":"https:\/\/uoogear.com\/da\/vare\/outdoor-custom-waterproof-glamping-cotton-canvas-bell-tents-for-camping-with-awning\/","title":{"rendered":"Udend\u00f8rs brugerdefinerede vandt\u00e6tte klokketelte i bomuldsl\u00e6rred til camping med fortelt"},"content":{"rendered":"<ul>\n<li><strong>Areal : <\/strong> 500*300 cm<\/li>\n<li><strong>Stof: <\/strong> L\u00e6rred<\/li>\n<li><strong>Udvendigt telts vandt\u00e6t indeks: <\/strong> 1500-2000 mm<\/li>\n<li><strong>Nederste vandt\u00e6t indeks: <\/strong> &gt;3000 mm<\/li>\n<li><strong>Bygningstype: <\/strong> Konstruktion baseret p\u00e5 behov<\/li>\n<li><strong>Telt stil: <\/strong> Lige afstivningstype<\/li>\n<li><strong>S\u00e6son: <\/strong> Fire-s\u00e6son telt<\/li>\n<li><strong>Struktur: <\/strong> Et sovev\u00e6relse<\/li>\n<li><strong>Produktnavn : <\/strong> klokketelte i bomuldsl\u00e6rred til camping med fortelt<\/li>\n<li><strong>Farve: <\/strong> Beige<\/li>\n<li><strong>Ans\u00f8gning : <\/strong> Udend\u00f8rs Rejse Vandrecamping<\/li>\n<li><strong>S\u00f8geord: <\/strong> telte til camping<\/li>\n<li><strong>Funktion: <\/strong> Vandt\u00e6t<\/li>\n<li><strong>Materiale : <\/strong> 300gsm bomuldsl\u00e6rred<\/li>\n<li><strong>St\u00f8rrelse: <\/strong> 500*300*170\/60 cm<\/li>\n<li><strong>MOQ: <\/strong> 1 styk<\/li>\n<\/ul>\n<div>\n<div data-host=\"112311420\" data-id=\"detail_decorate_root\">\n<div data-reactroot=\"\">\n<div data-section=\"AliMagic-af7zby\" data-section-title=\"Products Description\">Produktbeskrivelse<\/div>\n<div>\n<div>\n<div>\n<div>\n<div><img decoding=\"async\" src=\"\/\/sc01.alicdn.com\/kf\/Hf36d73868dd540b595b5d4574c7a2a13M\/225636084\/Hf36d73868dd540b595b5d4574c7a2a13M.jpg\" data-src=\"\/\/sc01.alicdn.com\/kf\/Hf36d73868dd540b595b5d4574c7a2a13M\/225636084\/Hf36d73868dd540b595b5d4574c7a2a13M.jpg\" data-id=\"child-image-0\" \/><\/div>\n<\/div>\n<\/div>\n<\/div>\n<div>\n<div data-id=\"below-title\">Belltelte i bomuldsl\u00e6rred til camping med fortelt<\/div>\n<div data-id=\"below-content\">Et klassisk, rummeligt Bell Telt-design, opgraderet med et kraftigt integreret bundsejl, der giver en vandt\u00e6t forsegling omkring bunden for ekstra v\u00e5dt vejr. 5 Meter klokketeltet har god plads til en stor families campingtur med plads til fire dobbeltmadrasser. Med kun \u00e9n seng er den meget rummelig, med masser af plads til al din campingluksus \u2013 og masser at spare!<\/div>\n<\/div>\n<\/div>\n<div>\n<div>\n<h3 data-id=\"title0\">\u00a0 \u00a0 Funktioner<\/h3>\n<div>\n<div>\n<div data-id=\"paragraph0\">\n<p>\u00a0 \u00a0 1. L\u00e6rredsklokketeltet er udstyret med et kraftigt grundsejl, der er fastgjort til teltet med en lynl\u00e5s.<\/p>\n<div>\u00a0 \u00a0 2. Grundlaget er lavet af PVC og vejer 540 g\/m\u00b2<\/div>\n<div>\u00a0 \u00a0 3.Siderne rulles nemt op for at lade vinden passere nedenunder p\u00e5 varme sommerdage<\/div>\n<div>\u00a0 \u00a0 4. Smukt lavet kvalitetsbygget. Dobbeltsyning hele vejen rundt og forst\u00e6rkede n\u00f8glepunkter<\/div>\n<div>\u00a0 \u00a0 5. Materialet er behandlet for at v\u00e6re endnu mere vand- og skimmelafvisende.<\/div>\n<div>\u00a0 \u00a0 6.Det tager kun 1 person 5 til 8 minutter at pitche<\/div>\n<\/div>\n<\/div>\n<\/div>\n<\/div>\n<\/div>\n<div data-section=\"AliMagic-u2qvef\" data-section-title=\"Specification\">Specifikation<\/div>\n<div>\n<table>\n<tbody>\n<tr>\n<td>\n<div>Produktst\u00f8rrelse<\/div>\n<\/td>\n<td>\n<div>300*250*160\/60 cm<\/div>\n<\/td>\n<td>\n<div><\/div>\n<\/td>\n<td>\n<div><\/div>\n<\/td>\n<td>\n<div><\/div>\n<\/td>\n<\/tr>\n<tr>\n<td>\n<div>pakke st\u00f8rrelse<\/div>\n<\/td>\n<td>\n<div>110*27*32 cm<\/div>\n<\/td>\n<td>\n<div><\/div>\n<\/td>\n<td>\n<div><\/div>\n<\/td>\n<td>\n<div><\/div>\n<\/td>\n<\/tr>\n<tr>\n<td>\n<div>Stof<\/div>\n<\/td>\n<td>\n<div>300gsm 100% bomuldsl\u00e6rred<\/div>\n<\/td>\n<td>\n<div><\/div>\n<\/td>\n<td>\n<div><\/div>\n<\/td>\n<td>\n<div><\/div>\n<\/td>\n<\/tr>\n<tr>\n<td>\n<div>Etage<\/div>\n<\/td>\n<td>\n<div>540 gsm rip-stop PVC<\/div>\n<\/td>\n<td>\n<div><\/div>\n<\/td>\n<td>\n<div><\/div>\n<\/td>\n<td>\n<div><\/div>\n<\/td>\n<\/tr>\n<tr>\n<td>\n<div>Central pol<\/div>\n<\/td>\n<td>\n<div>Dia 32mm, galvaniseret st\u00e5lr\u00f8r, kobber-zink belagt<\/div>\n<\/td>\n<td>\n<div><\/div>\n<\/td>\n<td>\n<div><\/div>\n<\/td>\n<td>\n<div><\/div>\n<\/td>\n<\/tr>\n<tr>\n<td>\n<div>Indgangstype<\/div>\n<\/td>\n<td>\n<div>En rammestang ved d\u00f8ren, Dia 19mm<\/div>\n<\/td>\n<td>\n<div><\/div>\n<\/td>\n<td>\n<div><\/div>\n<\/td>\n<td>\n<div><\/div>\n<\/td>\n<\/tr>\n<tr>\n<td>\n<div>Lynl\u00e5se<\/div>\n<\/td>\n<td>\n<div>SBS lynl\u00e5s, dobbelt h\u00e5ndtag lynl\u00e5se<\/div>\n<\/td>\n<td>\n<div><\/div>\n<\/td>\n<td>\n<div><\/div>\n<\/td>\n<td>\n<div><\/div>\n<\/td>\n<\/tr>\n<tr>\n<td>\n<div>Windows<\/div>\n<\/td>\n<td>\n<div>4*zip vinduer med net<\/div>\n<\/td>\n<td>\n<div><\/div>\n<\/td>\n<td>\n<div><\/div>\n<\/td>\n<td>\n<div><\/div>\n<\/td>\n<\/tr>\n<tr>\n<td>\n<div>Udluftninger<\/div>\n<\/td>\n<td>\n<div>4*trekantventiler med net<\/div>\n<\/td>\n<td>\n<div><\/div>\n<\/td>\n<td>\n<div><\/div>\n<\/td>\n<td>\n<div><\/div>\n<\/td>\n<\/tr>\n<tr>\n<td>\n<div>D\u00f8r<\/div>\n<\/td>\n<td>\n<div>1 lynl\u00e5sd\u00f8r med mesh<\/div>\n<\/td>\n<td>\n<div><\/div>\n<\/td>\n<td>\n<div><\/div>\n<\/td>\n<td>\n<div><\/div>\n<\/td>\n<\/tr>\n<tr>\n<td>\n<div>Pl\u00f8kker<\/div>\n<\/td>\n<td>\n<div>\u0278 6mm 5mmx20mm 24stk<\/div>\n<\/td>\n<td>\n<div><\/div>\n<\/td>\n<td>\n<div><\/div>\n<\/td>\n<td>\n<div><\/div>\n<\/td>\n<\/tr>\n<tr>\n<td>\n<div>Pakning<\/div>\n<\/td>\n<td>\n<div>i b\u00e6retaske og derefter kartonpakning<\/div>\n<\/td>\n<td>\n<div><\/div>\n<\/td>\n<td>\n<div><\/div>\n<\/td>\n<td>\n<div><\/div>\n<\/td>\n<\/tr>\n<\/tbody>\n<\/table>\n<\/div>\n<div data-section=\"AliMagic-78q3yo\" data-section-title=\"Details\">detaljer<\/div>\n<div>\n<div>\n<div>\n<div>\n<div><img decoding=\"async\" src=\"\/\/sc02.alicdn.com\/kf\/H7b5e068f5bbc40089647cddc36ee6a66e\/225636084\/H7b5e068f5bbc40089647cddc36ee6a66e.jpg\" data-src=\"\/\/sc02.alicdn.com\/kf\/H7b5e068f5bbc40089647cddc36ee6a66e\/225636084\/H7b5e068f5bbc40089647cddc36ee6a66e.jpg\" \/><\/div>\n<\/div>\n<\/div>\n<\/div>\n<\/div>\n<div>\n<div>\n<div>\n<div>\n<div><img decoding=\"async\" src=\"\/\/sc01.alicdn.com\/kf\/H0d2acdfd09a0449c81414d4c4087b535i\/225636084\/H0d2acdfd09a0449c81414d4c4087b535i.jpg\" data-src=\"\/\/sc01.alicdn.com\/kf\/H0d2acdfd09a0449c81414d4c4087b535i\/225636084\/H0d2acdfd09a0449c81414d4c4087b535i.jpg\" \/><\/div>\n<\/div>\n<\/div>\n<\/div>\n<\/div>\n<div data-section=\"AliMagic-xk4fxk\" data-section-title=\"Application\">Ans\u00f8gning<\/div>\n<div>\n<div>\n<div>\n<div>\n<div><img decoding=\"async\" src=\"\/\/sc02.alicdn.com\/kf\/H2c99e2db1880498da08767acaa3c1fce6\/225636084\/H2c99e2db1880498da08767acaa3c1fce6.png\" data-src=\"\/\/sc02.alicdn.com\/kf\/H2c99e2db1880498da08767acaa3c1fce6\/225636084\/H2c99e2db1880498da08767acaa3c1fce6.png\" \/><\/div>\n<\/div>\n<\/div>\n<\/div>\n<\/div>\n<div>\n<div>\n<div>\n<div>\n<div><img decoding=\"async\" src=\"\/\/sc01.alicdn.com\/kf\/H9aa939c18c40425abdf172a611ffe8a9Q\/225636084\/H9aa939c18c40425abdf172a611ffe8a9Q.png\" data-src=\"\/\/sc01.alicdn.com\/kf\/H9aa939c18c40425abdf172a611ffe8a9Q\/225636084\/H9aa939c18c40425abdf172a611ffe8a9Q.png\" \/><\/div>\n<\/div>\n<\/div>\n<\/div>\n<\/div>\n<div data-section=\"AliMagic-bk6wn1\" data-section-title=\"Packing &amp; Delivery\"><\/div>\n<\/div>\n<\/div>\n<\/div>","protected":false},"excerpt":{"rendered":"<p>Areal : 500*300 cm Stof : Canvas Ydertelt Vandt\u00e6t Indeks : 1500-2000 Mm Bund Vandt\u00e6t Indeks : &gt;3000 mm Bygningstype : Konstruktion baseret p\u00e5 behov Teltstil : Lige afstivningstype S\u00e6son : Fire-s\u00e6son Teltstruktur : Et sovev\u00e6relse Produktnavn : klokketelte i bomuldsl\u00e6rred til camping med fortelt Farve : Beige<\/p>\n<div class=\"read-more\"><a class=\"btn btn-fill-out\" href=\"https:\/\/uoogear.com\/da\/vare\/outdoor-custom-waterproof-glamping-cotton-canvas-bell-tents-for-camping-with-awning\/\">L\u00e6s mere<\/a><\/div>","protected":false},"featured_media":4390,"template":"","meta":[],"product_brand":[],"product_cat":[15],"product_tag":[],"class_list":{"0":"post-4391","1":"product","2":"type-product","3":"status-publish","4":"has-post-thumbnail","6":"product_cat-uncategorized","7":"tm-no-options","9":"first","10":"instock","11":"shipping-taxable","12":"purchasable","13":"product-type-variable"},"_links":{"self":[{"href":"https:\/\/uoogear.com\/da\/wp-json\/wp\/v2\/product\/4391","targetHints":{"allow":["GET"]}}],"collection":[{"href":"https:\/\/uoogear.com\/da\/wp-json\/wp\/v2\/product"}],"about":[{"href":"https:\/\/uoogear.com\/da\/wp-json\/wp\/v2\/types\/product"}],"wp:featuredmedia":[{"embeddable":true,"href":"https:\/\/uoogear.com\/da\/wp-json\/wp\/v2\/media\/4390"}],"wp:attachment":[{"href":"https:\/\/uoogear.com\/da\/wp-json\/wp\/v2\/media?parent=4391"}],"wp:term":[{"taxonomy":"product_brand","embeddable":true,"href":"https:\/\/uoogear.com\/da\/wp-json\/wp\/v2\/product_brand?post=4391"},{"taxonomy":"product_cat","embeddable":true,"href":"https:\/\/uoogear.com\/da\/wp-json\/wp\/v2\/product_cat?post=4391"},{"taxonomy":"product_tag","embeddable":true,"href":"https:\/\/uoogear.com\/da\/wp-json\/wp\/v2\/product_tag?post=4391"}],"curies":[{"name":"wp","href":"https:\/\/api.w.org\/{rel}","templated":true}]}}