{"id":4417,"date":"2023-11-13T12:52:12","date_gmt":"2023-11-13T12:52:12","guid":{"rendered":"https:\/\/uoogear.com\/product\/large-canvas-tents-inflatable-air-tourist-tent-from-cabin-camping-outdoor-waterproof-for-hiking-and-travelling\/"},"modified":"2023-11-30T02:31:46","modified_gmt":"2023-11-30T02:31:46","slug":"large-canvas-tents-inflatable-air-tourist-tent-from-cabin-camping-outdoor-waterproof-for-hiking-and-travelling","status":"publish","type":"product","link":"https:\/\/uoogear.com\/da\/vare\/large-canvas-tents-inflatable-air-tourist-tent-from-cabin-camping-outdoor-waterproof-for-hiking-and-travelling\/","title":{"rendered":"Store l\u00e6rredstelte Oppustelige luftturisttelt fra hyttecamping udend\u00f8rs vandt\u00e6t til vandreture og rejser"},"content":{"rendered":"<ul>\n<li><strong>Stof: <\/strong> Oxford<\/li>\n<li><strong>Udvendigt telts vandt\u00e6t indeks: <\/strong> 2000-3000 mm<\/li>\n<li><strong>Nederste vandt\u00e6t indeks: <\/strong> 1500-2000 mm<\/li>\n<li><strong>Bygningstype: <\/strong> Hurtig automatisk \u00e5bning<\/li>\n<li><strong>Telt stil: <\/strong> Trigone\/V-type Ground Nail<\/li>\n<li><strong>S\u00e6son: <\/strong> Fire-s\u00e6sonstelt, Tre-s\u00e6sonstelt<\/li>\n<li><strong>Struktur: <\/strong> Et sovev\u00e6relse<\/li>\n<li><strong>Produktnavn : <\/strong> Udend\u00f8rs camping telt<\/li>\n<li><strong>Farve: <\/strong> Kaki<\/li>\n<li><strong>Anvendelse: <\/strong> Camping Vandreture<\/li>\n<li><strong>St\u00f8rrelse: <\/strong> 300*200*200 cm<\/li>\n<li><strong>V\u00e6gt : <\/strong> 16 kg<\/li>\n<li><strong>Etage: <\/strong> Oxford<\/li>\n<li><strong>Kapacitet : <\/strong> 3-4 personer<\/li>\n<li><strong>Leveringstid : <\/strong> 20 dage<\/li>\n<li><strong>Pakning: <\/strong> 1 stk\/polypose<\/li>\n<\/ul>\n<div>\n<div data-section=\"AliPostDhMb-uunfl\" data-section-title=\"Product Description\">\n<div>Produkt beskrivelse<\/div>\n<div>\n<p>Store l\u00e6rredstelte Oppustelige luftturisttelt fra hyttecamping udend\u00f8rs vandt\u00e6t til vandreture og rejser<\/p>\n<\/div>\n<\/div>\n<p><strong><em>Farven og st\u00f8rrelsen kan tilpasses efter dit krav!<\/em><\/strong><\/p>\n<div><\/div>\n<div>Detaljeret foto<\/div>\n<div><\/div>\n<p><img decoding=\"async\" src=\"\/\/sc04.alicdn.com\/kf\/H63608db4db8a455a842461b944da215bA\/274217001\/H63608db4db8a455a842461b944da215bA.jpg\" alt=\"Store l\u00e6rredstelte Oppustelige luftturisttelt fra hyttecamping udend\u00f8rs vandt\u00e6t til vandreture og rejser\" width=\"750\" height=\"504.37500000000006\" data-src=\"\/\/sc04.alicdn.com\/kf\/H63608db4db8a455a842461b944da215bA\/274217001\/H63608db4db8a455a842461b944da215bA.jpg\" data-alt=\"Large Canvas Tents Inflatable Air Tourist Tent From Cabin Camping Outdoor Waterproof For Hiking and Travelling\" \/><\/p>\n<p><img loading=\"lazy\" decoding=\"async\" src=\"\/\/sc04.alicdn.com\/kf\/H4d99fe1bb1d34ee19370ebd12d8cf8fda\/274217001\/H4d99fe1bb1d34ee19370ebd12d8cf8fda.jpeg\" alt=\"Store l\u00e6rredstelte Oppustelige luftturisttelt fra hyttecamping udend\u00f8rs vandt\u00e6t til vandreture og rejser\" width=\"750\" height=\"750\" data-src=\"\/\/sc04.alicdn.com\/kf\/H4d99fe1bb1d34ee19370ebd12d8cf8fda\/274217001\/H4d99fe1bb1d34ee19370ebd12d8cf8fda.jpeg\" data-alt=\"Large Canvas Tents Inflatable Air Tourist Tent From Cabin Camping Outdoor Waterproof For Hiking and Travelling\" \/><img loading=\"lazy\" decoding=\"async\" src=\"\/\/sc04.alicdn.com\/kf\/H08767252a32b463ca2e68a5c7cdd225bI\/274217001\/H08767252a32b463ca2e68a5c7cdd225bI.jpeg\" alt=\"Store l\u00e6rredstelte Oppustelige luftturisttelt fra hyttecamping udend\u00f8rs vandt\u00e6t til vandreture og rejser\" width=\"750\" height=\"750\" data-src=\"\/\/sc04.alicdn.com\/kf\/H08767252a32b463ca2e68a5c7cdd225bI\/274217001\/H08767252a32b463ca2e68a5c7cdd225bI.jpeg\" data-alt=\"Large Canvas Tents Inflatable Air Tourist Tent From Cabin Camping Outdoor Waterproof For Hiking and Travelling\" \/><img loading=\"lazy\" decoding=\"async\" src=\"\/\/sc04.alicdn.com\/kf\/Hfcc1c9d63b874da59c734e4556a927786\/274217001\/Hfcc1c9d63b874da59c734e4556a927786.jpeg\" alt=\"Store l\u00e6rredstelte Oppustelige luftturisttelt fra hyttecamping udend\u00f8rs vandt\u00e6t til vandreture og rejser\" width=\"750\" height=\"750\" data-src=\"\/\/sc04.alicdn.com\/kf\/Hfcc1c9d63b874da59c734e4556a927786\/274217001\/Hfcc1c9d63b874da59c734e4556a927786.jpeg\" data-alt=\"Large Canvas Tents Inflatable Air Tourist Tent From Cabin Camping Outdoor Waterproof For Hiking and Travelling\" \/><img loading=\"lazy\" decoding=\"async\" src=\"\/\/sc04.alicdn.com\/kf\/Hfd119202cccb4d208dbed1da0e78e69a5\/274217001\/Hfd119202cccb4d208dbed1da0e78e69a5.jpeg\" alt=\"Store l\u00e6rredstelte Oppustelige luftturisttelt fra hyttecamping udend\u00f8rs vandt\u00e6t til vandreture og rejser\" width=\"750\" height=\"750\" data-src=\"\/\/sc04.alicdn.com\/kf\/Hfd119202cccb4d208dbed1da0e78e69a5\/274217001\/Hfd119202cccb4d208dbed1da0e78e69a5.jpeg\" data-alt=\"Large Canvas Tents Inflatable Air Tourist Tent From Cabin Camping Outdoor Waterproof For Hiking and Travelling\" \/><img loading=\"lazy\" decoding=\"async\" src=\"\/\/sc04.alicdn.com\/kf\/Hdc0cffe4d8df4611989bcbec79772a13t\/274217001\/Hdc0cffe4d8df4611989bcbec79772a13t.jpeg\" alt=\"Store l\u00e6rredstelte Oppustelige luftturisttelt fra hyttecamping udend\u00f8rs vandt\u00e6t til vandreture og rejser\" width=\"750\" height=\"750\" data-src=\"\/\/sc04.alicdn.com\/kf\/Hdc0cffe4d8df4611989bcbec79772a13t\/274217001\/Hdc0cffe4d8df4611989bcbec79772a13t.jpeg\" data-alt=\"Large Canvas Tents Inflatable Air Tourist Tent From Cabin Camping Outdoor Waterproof For Hiking and Travelling\" \/><img loading=\"lazy\" decoding=\"async\" src=\"\/\/sc04.alicdn.com\/kf\/H65397663cdcb40358f8a144753638848O\/274217001\/H65397663cdcb40358f8a144753638848O.jpeg\" alt=\"Store l\u00e6rredstelte Oppustelige luftturisttelt fra hyttecamping udend\u00f8rs vandt\u00e6t til vandreture og rejser\" width=\"750\" height=\"750\" data-src=\"\/\/sc04.alicdn.com\/kf\/H65397663cdcb40358f8a144753638848O\/274217001\/H65397663cdcb40358f8a144753638848O.jpeg\" data-alt=\"Large Canvas Tents Inflatable Air Tourist Tent From Cabin Camping Outdoor Waterproof For Hiking and Travelling\" \/><\/p>\n<p>&nbsp;<\/p>\n<div data-section=\"AliPostDhMb-gmyk2\" data-section-title=\"FAQ\">\n<div><\/div>\n<\/div>\n<\/div>","protected":false},"excerpt":{"rendered":"<p>Stof: Oxford Outside Telt Vandt\u00e6t Indeks: 2000-3000 Mm Bund Vandt\u00e6t Indeks: 1500-2000 Mm Bygningstype: Hurtig automatisk \u00e5bning Telt Stil: Trigone\/V-type Ground Nail S\u00e6son: Fire-s\u00e6son Telt, Tre-s\u00e6son Telt Struktur: En Sovev\u00e6relse Produktnavn: Udend\u00f8rs campingtelt Farve: Khaki Anvendelse: Camping Vandring Rejse St\u00f8rrelse: 300*200*200 cm<\/p>\n<div class=\"read-more\"><a class=\"btn btn-fill-out\" href=\"https:\/\/uoogear.com\/da\/vare\/large-canvas-tents-inflatable-air-tourist-tent-from-cabin-camping-outdoor-waterproof-for-hiking-and-travelling\/\">L\u00e6s mere<\/a><\/div>","protected":false},"featured_media":4416,"template":"","meta":[],"product_brand":[],"product_cat":[15],"product_tag":[],"class_list":{"0":"post-4417","1":"product","2":"type-product","3":"status-publish","4":"has-post-thumbnail","6":"product_cat-uncategorized","7":"tm-no-options","9":"first","10":"instock","11":"shipping-taxable","12":"purchasable","13":"product-type-variable"},"_links":{"self":[{"href":"https:\/\/uoogear.com\/da\/wp-json\/wp\/v2\/product\/4417","targetHints":{"allow":["GET"]}}],"collection":[{"href":"https:\/\/uoogear.com\/da\/wp-json\/wp\/v2\/product"}],"about":[{"href":"https:\/\/uoogear.com\/da\/wp-json\/wp\/v2\/types\/product"}],"wp:featuredmedia":[{"embeddable":true,"href":"https:\/\/uoogear.com\/da\/wp-json\/wp\/v2\/media\/4416"}],"wp:attachment":[{"href":"https:\/\/uoogear.com\/da\/wp-json\/wp\/v2\/media?parent=4417"}],"wp:term":[{"taxonomy":"product_brand","embeddable":true,"href":"https:\/\/uoogear.com\/da\/wp-json\/wp\/v2\/product_brand?post=4417"},{"taxonomy":"product_cat","embeddable":true,"href":"https:\/\/uoogear.com\/da\/wp-json\/wp\/v2\/product_cat?post=4417"},{"taxonomy":"product_tag","embeddable":true,"href":"https:\/\/uoogear.com\/da\/wp-json\/wp\/v2\/product_tag?post=4417"}],"curies":[{"name":"wp","href":"https:\/\/api.w.org\/{rel}","templated":true}]}}