{"id":4441,"date":"2023-11-13T12:55:53","date_gmt":"2023-11-13T12:55:53","guid":{"rendered":"https:\/\/uoogear.com\/product\/customized-camping-equipment-outdoor-waterproof-camping-glamping-tent-luxury-tents-camping-outdoor-inflatable-tent\/"},"modified":"2023-11-30T02:18:13","modified_gmt":"2023-11-30T02:18:13","slug":"customized-camping-equipment-outdoor-waterproof-camping-glamping-tent-luxury-tents-camping-outdoor-inflatable-tent","status":"publish","type":"product","link":"https:\/\/uoogear.com\/da\/vare\/customized-camping-equipment-outdoor-waterproof-camping-glamping-tent-luxury-tents-camping-outdoor-inflatable-tent\/","title":{"rendered":"Tilpasset campingudstyr udend\u00f8rs vandt\u00e6t camping glamping telt luksus telte camping udend\u00f8rs oppusteligt telt"},"content":{"rendered":"<ul>\n<li><strong>Stof: <\/strong> Polyester<\/li>\n<li><strong>Udvendigt telts vandt\u00e6t indeks: <\/strong> 2000-3000 mm<\/li>\n<li><strong>Nederste vandt\u00e6t indeks: <\/strong> &gt;3000 mm<\/li>\n<li><strong>Bygningstype: <\/strong> Hurtig automatisk \u00e5bning<\/li>\n<li><strong>Telt stil: <\/strong> Udvidet type, r\u00f8rtype teltp\u00e6l<\/li>\n<li><strong>S\u00e6son: <\/strong> Fire-s\u00e6son telt<\/li>\n<li><strong>Struktur: <\/strong> Et sovev\u00e6relse<\/li>\n<li><strong>Produktnavn : <\/strong> Udend\u00f8rs camping oppusteligt telt<\/li>\n<li><strong>Farve: <\/strong> Bl\u00e5<\/li>\n<li><strong>Anvendelse: <\/strong> Camping Vandreture<\/li>\n<li><strong>St\u00f8rrelse: <\/strong> 240*240*170 cm<\/li>\n<li><strong>V\u00e6gt : <\/strong> 5,4 kg<\/li>\n<li><strong>Pakke st\u00f8rrelse : <\/strong> 70*28*28 cm<\/li>\n<li><strong>Etage: <\/strong> 210D Oxford<\/li>\n<li><strong>Kapacitet : <\/strong> 4-5 personer<\/li>\n<li><strong>Leveringstid : <\/strong> 20 dage<\/li>\n<\/ul>\n<div>\n<div data-section=\"AliPostDhMb-k8t1e\" data-section-title=\"Product Description\">\n<div>\n<p>Detaljeret foto<\/p>\n<p>&nbsp;<\/p>\n<p><img loading=\"lazy\" decoding=\"async\" class=\"alignnone size-full wp-image-5134\" src=\"https:\/\/uoogear.com\/wp-content\/uploads\/2023\/11\/H63608db4db8a455a842461b944da215bA-2.jpg\" width=\"800\" height=\"538\" alt=\"Tilpasset campingudstyr udend\u00f8rs vandt\u00e6t camping glamping telt luksus telte camping udend\u00f8rs oppusteligt telt\" srcset=\"https:\/\/uoogear.com\/wp-content\/uploads\/2023\/11\/H63608db4db8a455a842461b944da215bA-2.jpg 800w, https:\/\/uoogear.com\/wp-content\/uploads\/2023\/11\/H63608db4db8a455a842461b944da215bA-2-300x202.jpg 300w, https:\/\/uoogear.com\/wp-content\/uploads\/2023\/11\/H63608db4db8a455a842461b944da215bA-2-768x516.jpg 768w, https:\/\/uoogear.com\/wp-content\/uploads\/2023\/11\/H63608db4db8a455a842461b944da215bA-2-600x404.jpg 600w, https:\/\/uoogear.com\/wp-content\/uploads\/2023\/11\/H63608db4db8a455a842461b944da215bA-2-80x54.jpg 80w\" sizes=\"auto, (max-width: 800px) 100vw, 800px\" \/><img loading=\"lazy\" decoding=\"async\" src=\"\/\/sc04.alicdn.com\/kf\/H207935525891464d9d55f635a640aff7q\/274217001\/H207935525891464d9d55f635a640aff7q.jpg\" alt=\"Tilpasset campingudstyr udend\u00f8rs vandt\u00e6t camping glamping telt luksus telte camping udend\u00f8rs oppusteligt telt\" width=\"750\" height=\"750\" data-src=\"\/\/sc04.alicdn.com\/kf\/H207935525891464d9d55f635a640aff7q\/274217001\/H207935525891464d9d55f635a640aff7q.jpg\" data-alt=\"Customized camping equipment outdoor waterproof camping glamping tent luxury tents camping outdoor Inflatable tent\" \/><img loading=\"lazy\" decoding=\"async\" src=\"\/\/sc04.alicdn.com\/kf\/Hb0ce56b7f3f5466384b200eb0b67021aF\/274217001\/Hb0ce56b7f3f5466384b200eb0b67021aF.jpg\" alt=\"Tilpasset campingudstyr udend\u00f8rs vandt\u00e6t camping glamping telt luksus telte camping udend\u00f8rs oppusteligt telt\" width=\"750\" height=\"750\" data-src=\"\/\/sc04.alicdn.com\/kf\/Hb0ce56b7f3f5466384b200eb0b67021aF\/274217001\/Hb0ce56b7f3f5466384b200eb0b67021aF.jpg\" data-alt=\"Customized camping equipment outdoor waterproof camping glamping tent luxury tents camping outdoor Inflatable tent\" \/><img loading=\"lazy\" decoding=\"async\" src=\"\/\/sc04.alicdn.com\/kf\/H324950cf993e43659fd176bb355623ba3\/274217001\/H324950cf993e43659fd176bb355623ba3.jpg\" alt=\"Tilpasset campingudstyr udend\u00f8rs vandt\u00e6t camping glamping telt luksus telte camping udend\u00f8rs oppusteligt telt\" width=\"750\" height=\"750\" data-src=\"\/\/sc04.alicdn.com\/kf\/H324950cf993e43659fd176bb355623ba3\/274217001\/H324950cf993e43659fd176bb355623ba3.jpg\" data-alt=\"Customized camping equipment outdoor waterproof camping glamping tent luxury tents camping outdoor Inflatable tent\" \/><img loading=\"lazy\" decoding=\"async\" src=\"\/\/sc04.alicdn.com\/kf\/H9207cb051b58477a82968c8f5b72b522H\/274217001\/H9207cb051b58477a82968c8f5b72b522H.jpg\" alt=\"Tilpasset campingudstyr udend\u00f8rs vandt\u00e6t camping glamping telt luksus telte camping udend\u00f8rs oppusteligt telt\" width=\"750\" height=\"750\" data-src=\"\/\/sc04.alicdn.com\/kf\/H9207cb051b58477a82968c8f5b72b522H\/274217001\/H9207cb051b58477a82968c8f5b72b522H.jpg\" data-alt=\"Customized camping equipment outdoor waterproof camping glamping tent luxury tents camping outdoor Inflatable tent\" \/><\/p>\n<\/div>\n<\/div>\n<div data-section=\"AliPostDhMb-h1rt6\" data-section-title=\"FAQ\">\n<div><\/div>\n<\/div>\n<\/div>","protected":false},"excerpt":{"rendered":"<p>Stof: Polyester Ydertelt Vandt\u00e6t Indeks: 2000-3000 mm Bund Vandt\u00e6t Indeks: &gt;3000 mm Bygningstype: Hurtig automatisk \u00e5bning Telt Stil: Udvidet Type, R\u00f8r Type Telt Stake S\u00e6son: Fire-s\u00e6son Telt Struktur: Et sovev\u00e6relse Produktnavn: Udend\u00f8rs camping oppusteligt telt Farve: Bl\u00e5 Anvendelse: Camping Vandreture Rejsest\u00f8rrelse<\/p>\n<div class=\"read-more\"><a class=\"btn btn-fill-out\" href=\"https:\/\/uoogear.com\/da\/vare\/customized-camping-equipment-outdoor-waterproof-camping-glamping-tent-luxury-tents-camping-outdoor-inflatable-tent\/\">L\u00e6s mere<\/a><\/div>","protected":false},"featured_media":4440,"template":"","meta":[],"product_brand":[],"product_cat":[15],"product_tag":[],"class_list":{"0":"post-4441","1":"product","2":"type-product","3":"status-publish","4":"has-post-thumbnail","6":"product_cat-uncategorized","7":"tm-no-options","9":"first","10":"instock","11":"shipping-taxable","12":"purchasable","13":"product-type-variable"},"_links":{"self":[{"href":"https:\/\/uoogear.com\/da\/wp-json\/wp\/v2\/product\/4441","targetHints":{"allow":["GET"]}}],"collection":[{"href":"https:\/\/uoogear.com\/da\/wp-json\/wp\/v2\/product"}],"about":[{"href":"https:\/\/uoogear.com\/da\/wp-json\/wp\/v2\/types\/product"}],"wp:featuredmedia":[{"embeddable":true,"href":"https:\/\/uoogear.com\/da\/wp-json\/wp\/v2\/media\/4440"}],"wp:attachment":[{"href":"https:\/\/uoogear.com\/da\/wp-json\/wp\/v2\/media?parent=4441"}],"wp:term":[{"taxonomy":"product_brand","embeddable":true,"href":"https:\/\/uoogear.com\/da\/wp-json\/wp\/v2\/product_brand?post=4441"},{"taxonomy":"product_cat","embeddable":true,"href":"https:\/\/uoogear.com\/da\/wp-json\/wp\/v2\/product_cat?post=4441"},{"taxonomy":"product_tag","embeddable":true,"href":"https:\/\/uoogear.com\/da\/wp-json\/wp\/v2\/product_tag?post=4441"}],"curies":[{"name":"wp","href":"https:\/\/api.w.org\/{rel}","templated":true}]}}