{"id":4463,"date":"2023-11-13T12:58:19","date_gmt":"2023-11-13T12:58:19","guid":{"rendered":"https:\/\/uoogear.com\/product\/2023-custom-multi-persons-camping-tent-waterproof-inflatable-house-air-big-tent-outdoor-inflatable-camping-house-tent\/"},"modified":"2023-11-30T02:24:45","modified_gmt":"2023-11-30T02:24:45","slug":"2023-custom-multi-persons-camping-tent-waterproof-inflatable-house-air-big-tent-outdoor-inflatable-camping-house-tent","status":"publish","type":"product","link":"https:\/\/uoogear.com\/da\/vare\/2023-custom-multi-persons-camping-tent-waterproof-inflatable-house-air-big-tent-outdoor-inflatable-camping-house-tent\/","title":{"rendered":"2023 brugerdefineret Multi Persons campingtelt Vandt\u00e6t oppusteligt hus luft stort telt udend\u00f8rs oppusteligt campinghus telt"},"content":{"rendered":"<ul>\n<li><strong>Stof: <\/strong> Bomuld<\/li>\n<li><strong>Udvendigt telts vandt\u00e6t indeks: <\/strong> 1500-2000 mm<\/li>\n<li><strong>Nederste vandt\u00e6t indeks: <\/strong> 1000-1500 mm<\/li>\n<li><strong>Bygningstype: <\/strong> Konstruktion baseret p\u00e5 behov<\/li>\n<li><strong>Telt stil: <\/strong> Trigone\/V-type Ground Nail<\/li>\n<li><strong>S\u00e6son: <\/strong> Fire-s\u00e6sonstelt, Tre-s\u00e6sonstelt<\/li>\n<li><strong>Struktur: <\/strong> To sovev\u00e6relser og en stue<\/li>\n<li><strong>Produktnavn : <\/strong> Udend\u00f8rs camping telt<\/li>\n<li><strong>Farve: <\/strong> Kaki<\/li>\n<li><strong>Anvendelse: <\/strong> Camping Vandreture<\/li>\n<li><strong>St\u00f8rrelse: <\/strong> 300*400*200 cm<\/li>\n<li><strong>Pakningsst\u00f8rrelse: <\/strong> 82*49*49 cm<\/li>\n<li><strong>V\u00e6gt : <\/strong> 22-28 kg<\/li>\n<li><strong>Etage: <\/strong> Oxford<\/li>\n<li><strong>Kapacitet : <\/strong> 5-8 personer<\/li>\n<li><strong>Leveringstid : <\/strong> 20 dage<\/li>\n<\/ul>\n<div>\n<div data-section=\"AliPostDhMb-uunfl\" data-section-title=\"Product Description\">\n<div>Produkt beskrivelse<\/div>\n<div>\n<p>Yumuq Glamping Canvas oppustelig udend\u00f8rs camping, tilpasset luksus polyester luft familietelt<\/p>\n<\/div>\n<\/div>\n<p><strong><em>Farven og st\u00f8rrelsen kan tilpasses efter dit krav!<\/em><\/strong><\/p>\n<div><\/div>\n<div>Detaljeret foto<\/div>\n<div><\/div>\n<p><img decoding=\"async\" src=\"\/\/sc04.alicdn.com\/kf\/H63608db4db8a455a842461b944da215bA\/274217001\/H63608db4db8a455a842461b944da215bA.jpg\" alt=\"2023 brugerdefineret Multi Persons campingtelt Vandt\u00e6t oppusteligt hus luft stort telt udend\u00f8rs oppusteligt campinghus telt\" width=\"750\" height=\"504.37500000000006\" data-src=\"\/\/sc04.alicdn.com\/kf\/H63608db4db8a455a842461b944da215bA\/274217001\/H63608db4db8a455a842461b944da215bA.jpg\" data-alt=\"2023 custom Multi Persons camping Tent Waterproof Inflatable House Air Big Tent Outdoor Inflatable Camping house Tent\" \/><\/p>\n<p><img loading=\"lazy\" decoding=\"async\" src=\"\/\/sc04.alicdn.com\/kf\/H5dcbbff427a5469d925586926dd4912bW\/274217001\/H5dcbbff427a5469d925586926dd4912bW.jpeg\" alt=\"2023 brugerdefineret Multi Persons campingtelt Vandt\u00e6t oppusteligt hus luft stort telt udend\u00f8rs oppusteligt campinghus telt\" width=\"750\" height=\"750\" data-src=\"\/\/sc04.alicdn.com\/kf\/H5dcbbff427a5469d925586926dd4912bW\/274217001\/H5dcbbff427a5469d925586926dd4912bW.jpeg\" data-alt=\"2023 custom Multi Persons camping Tent Waterproof Inflatable House Air Big Tent Outdoor Inflatable Camping house Tent\" \/><img loading=\"lazy\" decoding=\"async\" src=\"\/\/sc04.alicdn.com\/kf\/Hed8105f88d484031ae976d70c8b812f71\/274217001\/Hed8105f88d484031ae976d70c8b812f71.jpg\" alt=\"2023 brugerdefineret Multi Persons campingtelt Vandt\u00e6t oppusteligt hus luft stort telt udend\u00f8rs oppusteligt campinghus telt\" width=\"750\" height=\"750\" data-src=\"\/\/sc04.alicdn.com\/kf\/Hed8105f88d484031ae976d70c8b812f71\/274217001\/Hed8105f88d484031ae976d70c8b812f71.jpg\" data-alt=\"2023 custom Multi Persons camping Tent Waterproof Inflatable House Air Big Tent Outdoor Inflatable Camping house Tent\" \/><img loading=\"lazy\" decoding=\"async\" src=\"\/\/sc04.alicdn.com\/kf\/Had4cea96d17d42958641889201d33021D\/274217001\/Had4cea96d17d42958641889201d33021D.jpg\" alt=\"2023 brugerdefineret Multi Persons campingtelt Vandt\u00e6t oppusteligt hus luft stort telt udend\u00f8rs oppusteligt campinghus telt\" width=\"750\" height=\"750\" data-src=\"\/\/sc04.alicdn.com\/kf\/Had4cea96d17d42958641889201d33021D\/274217001\/Had4cea96d17d42958641889201d33021D.jpg\" data-alt=\"2023 custom Multi Persons camping Tent Waterproof Inflatable House Air Big Tent Outdoor Inflatable Camping house Tent\" \/><img loading=\"lazy\" decoding=\"async\" src=\"\/\/sc04.alicdn.com\/kf\/H8afdede805034cfbb06b5324a772071aW\/274217001\/H8afdede805034cfbb06b5324a772071aW.jpeg\" alt=\"2023 brugerdefineret Multi Persons campingtelt Vandt\u00e6t oppusteligt hus luft stort telt udend\u00f8rs oppusteligt campinghus telt\" width=\"750\" height=\"750\" data-src=\"\/\/sc04.alicdn.com\/kf\/H8afdede805034cfbb06b5324a772071aW\/274217001\/H8afdede805034cfbb06b5324a772071aW.jpeg\" data-alt=\"2023 custom Multi Persons camping Tent Waterproof Inflatable House Air Big Tent Outdoor Inflatable Camping house Tent\" \/><img loading=\"lazy\" decoding=\"async\" src=\"\/\/sc04.alicdn.com\/kf\/Hdadcd0df211d4a8e9358691e729c94649\/274217001\/Hdadcd0df211d4a8e9358691e729c94649.jpeg\" alt=\"2023 brugerdefineret Multi Persons campingtelt Vandt\u00e6t oppusteligt hus luft stort telt udend\u00f8rs oppusteligt campinghus telt\" width=\"750\" height=\"750\" data-src=\"\/\/sc04.alicdn.com\/kf\/Hdadcd0df211d4a8e9358691e729c94649\/274217001\/Hdadcd0df211d4a8e9358691e729c94649.jpeg\" data-alt=\"2023 custom Multi Persons camping Tent Waterproof Inflatable House Air Big Tent Outdoor Inflatable Camping house Tent\" \/><img loading=\"lazy\" decoding=\"async\" src=\"\/\/sc04.alicdn.com\/kf\/H8800695004764415bf5c88da8af9fcb8O\/274217001\/H8800695004764415bf5c88da8af9fcb8O.jpg\" alt=\"2023 brugerdefineret Multi Persons campingtelt Vandt\u00e6t oppusteligt hus luft stort telt udend\u00f8rs oppusteligt campinghus telt\" width=\"750\" height=\"750\" data-src=\"\/\/sc04.alicdn.com\/kf\/H8800695004764415bf5c88da8af9fcb8O\/274217001\/H8800695004764415bf5c88da8af9fcb8O.jpg\" data-alt=\"2023 custom Multi Persons camping Tent Waterproof Inflatable House Air Big Tent Outdoor Inflatable Camping house Tent\" \/><\/p>\n<p>&nbsp;<\/p>\n<div data-section=\"AliPostDhMb-gmyk2\" data-section-title=\"FAQ\">\n<div><\/div>\n<\/div>\n<\/div>","protected":false},"excerpt":{"rendered":"<p>Stof : Bomuld Ydertelt Vandt\u00e6t Indeks : 1500-2000 Mm Bund Vandt\u00e6t Indeks : 1000-1500 Mm Bygningstype : Konstruktion baseret p\u00e5 behov Teltstil : Trigone\/V-type Ground Nail S\u00e6son : Fire-s\u00e6sonstelt, Tre-s\u00e6son teltstruktur: To sovev\u00e6relser &amp; en stue Produktnavn : Udend\u00f8rs campingtelt Farve : Khaki Anvendelse : Camping<\/p>\n<div class=\"read-more\"><a class=\"btn btn-fill-out\" href=\"https:\/\/uoogear.com\/da\/vare\/2023-custom-multi-persons-camping-tent-waterproof-inflatable-house-air-big-tent-outdoor-inflatable-camping-house-tent\/\">L\u00e6s mere<\/a><\/div>","protected":false},"featured_media":4462,"template":"","meta":[],"product_brand":[],"product_cat":[15],"product_tag":[],"class_list":{"0":"post-4463","1":"product","2":"type-product","3":"status-publish","4":"has-post-thumbnail","6":"product_cat-uncategorized","7":"tm-no-options","9":"first","10":"instock","11":"shipping-taxable","12":"purchasable","13":"product-type-variable"},"_links":{"self":[{"href":"https:\/\/uoogear.com\/da\/wp-json\/wp\/v2\/product\/4463","targetHints":{"allow":["GET"]}}],"collection":[{"href":"https:\/\/uoogear.com\/da\/wp-json\/wp\/v2\/product"}],"about":[{"href":"https:\/\/uoogear.com\/da\/wp-json\/wp\/v2\/types\/product"}],"wp:featuredmedia":[{"embeddable":true,"href":"https:\/\/uoogear.com\/da\/wp-json\/wp\/v2\/media\/4462"}],"wp:attachment":[{"href":"https:\/\/uoogear.com\/da\/wp-json\/wp\/v2\/media?parent=4463"}],"wp:term":[{"taxonomy":"product_brand","embeddable":true,"href":"https:\/\/uoogear.com\/da\/wp-json\/wp\/v2\/product_brand?post=4463"},{"taxonomy":"product_cat","embeddable":true,"href":"https:\/\/uoogear.com\/da\/wp-json\/wp\/v2\/product_cat?post=4463"},{"taxonomy":"product_tag","embeddable":true,"href":"https:\/\/uoogear.com\/da\/wp-json\/wp\/v2\/product_tag?post=4463"}],"curies":[{"name":"wp","href":"https:\/\/api.w.org\/{rel}","templated":true}]}}