{"id":4472,"date":"2023-11-13T12:59:37","date_gmt":"2023-11-13T12:59:37","guid":{"rendered":"https:\/\/uoogear.com\/product\/advanced-camping-accessories-big-inflatable-tent-waterproof-camping-glamping-outdoor-equipment-camping-inflatable-tent\/"},"modified":"2023-11-30T02:22:01","modified_gmt":"2023-11-30T02:22:01","slug":"advanced-camping-accessories-big-inflatable-tent-waterproof-camping-glamping-outdoor-equipment-camping-inflatable-tent","status":"publish","type":"product","link":"https:\/\/uoogear.com\/da\/vare\/advanced-camping-accessories-big-inflatable-tent-waterproof-camping-glamping-outdoor-equipment-camping-inflatable-tent\/","title":{"rendered":"Avanceret campingtilbeh\u00f8r stort oppusteligt telt vandt\u00e6t campingglamping udend\u00f8rsudstyr camping Oppusteligt telt"},"content":{"rendered":"<ul>\n<li><strong>Stof: <\/strong> Bomuld<\/li>\n<li><strong>Udvendigt telts vandt\u00e6t indeks: <\/strong> &gt;3000 mm<\/li>\n<li><strong>Nederste vandt\u00e6t indeks: <\/strong> &gt;3000 mm<\/li>\n<li><strong>Telt stil: <\/strong> Udvidet type, r\u00f8rtype teltp\u00e6l<\/li>\n<li><strong>S\u00e6son: <\/strong> Fire-s\u00e6son telt<\/li>\n<li><strong>Struktur: <\/strong> Et sovev\u00e6relse<\/li>\n<li><strong>Produktnavn : <\/strong> Udend\u00f8rs camping oppusteligt telt<\/li>\n<li><strong>Farve: <\/strong> hvid<\/li>\n<li><strong>Anvendelse: <\/strong> Camping Vandreture<\/li>\n<li><strong>St\u00f8rrelse: <\/strong> 500*500*245 cm<\/li>\n<li><strong>V\u00e6gt : <\/strong> 44 kg<\/li>\n<li><strong>Etage: <\/strong> 300D Oxford<\/li>\n<li><strong>Kapacitet : <\/strong> 5-8 personer<\/li>\n<li><strong>Leveringstid : <\/strong> 20 dage<\/li>\n<\/ul>\n<div>\n<div data-section=\"AliPostDhMb-k8t1e\" data-section-title=\"Product Description\">\n<div>\n<p>Detaljeret foto<\/p>\n<p>&nbsp;<\/p>\n<p><img loading=\"lazy\" decoding=\"async\" class=\"alignnone size-full wp-image-5138\" src=\"https:\/\/uoogear.com\/wp-content\/uploads\/2023\/11\/H63608db4db8a455a842461b944da215bA-6.jpg\" width=\"800\" height=\"538\" alt=\"Avanceret campingtilbeh\u00f8r stort oppusteligt telt vandt\u00e6t campingglamping udend\u00f8rsudstyr camping Oppusteligt telt\" srcset=\"https:\/\/uoogear.com\/wp-content\/uploads\/2023\/11\/H63608db4db8a455a842461b944da215bA-6.jpg 800w, https:\/\/uoogear.com\/wp-content\/uploads\/2023\/11\/H63608db4db8a455a842461b944da215bA-6-300x202.jpg 300w, https:\/\/uoogear.com\/wp-content\/uploads\/2023\/11\/H63608db4db8a455a842461b944da215bA-6-768x516.jpg 768w, https:\/\/uoogear.com\/wp-content\/uploads\/2023\/11\/H63608db4db8a455a842461b944da215bA-6-600x404.jpg 600w, https:\/\/uoogear.com\/wp-content\/uploads\/2023\/11\/H63608db4db8a455a842461b944da215bA-6-80x54.jpg 80w\" sizes=\"auto, (max-width: 800px) 100vw, 800px\" \/><img loading=\"lazy\" decoding=\"async\" src=\"\/\/sc04.alicdn.com\/kf\/H78c32d0ab3fb4bf19b471994338a6c6fI\/274217001\/H78c32d0ab3fb4bf19b471994338a6c6fI.jpg\" alt=\"Avanceret campingtilbeh\u00f8r stort oppusteligt telt vandt\u00e6t campingglamping udend\u00f8rsudstyr camping Oppusteligt telt\" width=\"750\" height=\"750\" data-src=\"\/\/sc04.alicdn.com\/kf\/H78c32d0ab3fb4bf19b471994338a6c6fI\/274217001\/H78c32d0ab3fb4bf19b471994338a6c6fI.jpg\" data-alt=\"Advanced camping accessories big inflatable tent waterproof camping glamping outdoor equipment camping Inflatable tent\" \/><img loading=\"lazy\" decoding=\"async\" src=\"\/\/sc04.alicdn.com\/kf\/H0941fcfc2ef041b0a07c5ed893273dcaX\/274217001\/H0941fcfc2ef041b0a07c5ed893273dcaX.jpg\" alt=\"Avanceret campingtilbeh\u00f8r stort oppusteligt telt vandt\u00e6t campingglamping udend\u00f8rsudstyr camping Oppusteligt telt\" width=\"750\" height=\"750\" data-src=\"\/\/sc04.alicdn.com\/kf\/H0941fcfc2ef041b0a07c5ed893273dcaX\/274217001\/H0941fcfc2ef041b0a07c5ed893273dcaX.jpg\" data-alt=\"Advanced camping accessories big inflatable tent waterproof camping glamping outdoor equipment camping Inflatable tent\" \/><img loading=\"lazy\" decoding=\"async\" src=\"\/\/sc04.alicdn.com\/kf\/H00e7be78e1e348e49574bdd7a14fadf62\/274217001\/H00e7be78e1e348e49574bdd7a14fadf62.jpg\" alt=\"Avanceret campingtilbeh\u00f8r stort oppusteligt telt vandt\u00e6t campingglamping udend\u00f8rsudstyr camping Oppusteligt telt\" width=\"750\" height=\"750\" data-src=\"\/\/sc04.alicdn.com\/kf\/H00e7be78e1e348e49574bdd7a14fadf62\/274217001\/H00e7be78e1e348e49574bdd7a14fadf62.jpg\" data-alt=\"Advanced camping accessories big inflatable tent waterproof camping glamping outdoor equipment camping Inflatable tent\" \/><img loading=\"lazy\" decoding=\"async\" src=\"\/\/sc04.alicdn.com\/kf\/H4d014a72a1a84c72af9c61ef598d9edeY\/274217001\/H4d014a72a1a84c72af9c61ef598d9edeY.jpg\" alt=\"Avanceret campingtilbeh\u00f8r stort oppusteligt telt vandt\u00e6t campingglamping udend\u00f8rsudstyr camping Oppusteligt telt\" width=\"750\" height=\"750\" data-src=\"\/\/sc04.alicdn.com\/kf\/H4d014a72a1a84c72af9c61ef598d9edeY\/274217001\/H4d014a72a1a84c72af9c61ef598d9edeY.jpg\" data-alt=\"Advanced camping accessories big inflatable tent waterproof camping glamping outdoor equipment camping Inflatable tent\" \/><img loading=\"lazy\" decoding=\"async\" src=\"\/\/sc04.alicdn.com\/kf\/H7b8bd740267e4621b6c0334e3977b3d5O\/274217001\/H7b8bd740267e4621b6c0334e3977b3d5O.jpg\" alt=\"Avanceret campingtilbeh\u00f8r stort oppusteligt telt vandt\u00e6t campingglamping udend\u00f8rsudstyr camping Oppusteligt telt\" width=\"750\" height=\"750\" data-src=\"\/\/sc04.alicdn.com\/kf\/H7b8bd740267e4621b6c0334e3977b3d5O\/274217001\/H7b8bd740267e4621b6c0334e3977b3d5O.jpg\" data-alt=\"Advanced camping accessories big inflatable tent waterproof camping glamping outdoor equipment camping Inflatable tent\" \/><img loading=\"lazy\" decoding=\"async\" src=\"\/\/sc04.alicdn.com\/kf\/H8c1ac1780f3d47b180533c50343a16b6o\/274217001\/H8c1ac1780f3d47b180533c50343a16b6o.jpg\" alt=\"Avanceret campingtilbeh\u00f8r stort oppusteligt telt vandt\u00e6t campingglamping udend\u00f8rsudstyr camping Oppusteligt telt\" width=\"750\" height=\"750\" data-src=\"\/\/sc04.alicdn.com\/kf\/H8c1ac1780f3d47b180533c50343a16b6o\/274217001\/H8c1ac1780f3d47b180533c50343a16b6o.jpg\" data-alt=\"Advanced camping accessories big inflatable tent waterproof camping glamping outdoor equipment camping Inflatable tent\" \/><\/p>\n<\/div>\n<\/div>\n<div data-section=\"AliPostDhMb-h1rt6\" data-section-title=\"FAQ\">\n<div><\/div>\n<\/div>\n<\/div>","protected":false},"excerpt":{"rendered":"<p>Stof: Ydertelt i bomuld Vandt\u00e6t Indeks: &gt;3000 mm Vandt\u00e6t bundindeks: &gt;3000 mm Teltstil: Udvidet Type, R\u00f8rtype Teltp\u00e6l S\u00e6son: Fire-s\u00e6son Teltstruktur: Et sovev\u00e6relse Produktnavn: Udend\u00f8rs camping oppusteligt telt Farve: Hvid Anvendelse: Camping Vandring Rejse St\u00f8rrelse: 500*500*245cm V\u00e6gt: 44kg Gulv<\/p>\n<div class=\"read-more\"><a class=\"btn btn-fill-out\" href=\"https:\/\/uoogear.com\/da\/vare\/advanced-camping-accessories-big-inflatable-tent-waterproof-camping-glamping-outdoor-equipment-camping-inflatable-tent\/\">L\u00e6s mere<\/a><\/div>","protected":false},"featured_media":4471,"template":"","meta":[],"product_brand":[],"product_cat":[15],"product_tag":[],"class_list":{"0":"post-4472","1":"product","2":"type-product","3":"status-publish","4":"has-post-thumbnail","6":"product_cat-uncategorized","7":"tm-no-options","9":"first","10":"instock","11":"shipping-taxable","12":"purchasable","13":"product-type-variable"},"_links":{"self":[{"href":"https:\/\/uoogear.com\/da\/wp-json\/wp\/v2\/product\/4472","targetHints":{"allow":["GET"]}}],"collection":[{"href":"https:\/\/uoogear.com\/da\/wp-json\/wp\/v2\/product"}],"about":[{"href":"https:\/\/uoogear.com\/da\/wp-json\/wp\/v2\/types\/product"}],"wp:featuredmedia":[{"embeddable":true,"href":"https:\/\/uoogear.com\/da\/wp-json\/wp\/v2\/media\/4471"}],"wp:attachment":[{"href":"https:\/\/uoogear.com\/da\/wp-json\/wp\/v2\/media?parent=4472"}],"wp:term":[{"taxonomy":"product_brand","embeddable":true,"href":"https:\/\/uoogear.com\/da\/wp-json\/wp\/v2\/product_brand?post=4472"},{"taxonomy":"product_cat","embeddable":true,"href":"https:\/\/uoogear.com\/da\/wp-json\/wp\/v2\/product_cat?post=4472"},{"taxonomy":"product_tag","embeddable":true,"href":"https:\/\/uoogear.com\/da\/wp-json\/wp\/v2\/product_tag?post=4472"}],"curies":[{"name":"wp","href":"https:\/\/api.w.org\/{rel}","templated":true}]}}