{"id":4480,"date":"2023-11-13T13:00:23","date_gmt":"2023-11-13T13:00:23","guid":{"rendered":"https:\/\/uoogear.com\/product\/waterproof-outdoor-camping-indian-tent\/"},"modified":"2023-11-30T02:22:11","modified_gmt":"2023-11-30T02:22:11","slug":"waterproof-outdoor-camping-indian-tent","status":"publish","type":"product","link":"https:\/\/uoogear.com\/da\/vare\/waterproof-outdoor-camping-indian-tent\/","title":{"rendered":"Vandt\u00e6t udend\u00f8rs camping indisk telt"},"content":{"rendered":"<ul>\n<li><strong>Stof: <\/strong> Oxford<\/li>\n<li><strong>Udvendigt telts vandt\u00e6t indeks: <\/strong> 2000-3000 mm<\/li>\n<li><strong>Nederste vandt\u00e6t indeks: <\/strong> 2000-3000 mm<\/li>\n<li><strong>Bygningstype: <\/strong> Hurtig automatisk \u00e5bning<\/li>\n<li><strong>Telt stil: <\/strong> Udvidet type, r\u00f8rtype teltp\u00e6l<\/li>\n<li><strong>S\u00e6son: <\/strong> Fire-s\u00e6son telt<\/li>\n<li><strong>Struktur: <\/strong> Et sovev\u00e6relse<\/li>\n<li><strong>Produktnavn : <\/strong> Udend\u00f8rs camping oppusteligt telt<\/li>\n<li><strong>Farve: <\/strong> Ris hvid<\/li>\n<li><strong>Anvendelse: <\/strong> Camping Vandreture<\/li>\n<li><strong>St\u00f8rrelse: <\/strong> 220*220*200 cm<\/li>\n<li><strong>V\u00e6gt : <\/strong> 7 kg<\/li>\n<li><strong>Stil: <\/strong> indisk<\/li>\n<li><strong>Etage: <\/strong> 210D eller 300D Oxford<\/li>\n<li><strong>Kapacitet : <\/strong> 2-3 personer<\/li>\n<li><strong>Leveringstid : <\/strong> 20 dage<\/li>\n<\/ul>\n<div>\n<div data-section=\"AliPostDhMb-k8t1e\" data-section-title=\"Product Description\">\n<div>Produkt beskrivelse<\/div>\n<div data-spm-anchor-id=\"a2700.details.0.i81.4bd15228ohSD8t\">\n<p><img loading=\"lazy\" decoding=\"async\" src=\"\/\/sc04.alicdn.com\/kf\/Hc527bc8d712a4840854044400c213ff4Z\/274217001\/Hc527bc8d712a4840854044400c213ff4Z.jpg\" alt=\"Vandt\u00e6t udend\u00f8rs camping indisk telt\" width=\"750\" height=\"750\" data-src=\"\/\/sc04.alicdn.com\/kf\/Hc527bc8d712a4840854044400c213ff4Z\/274217001\/Hc527bc8d712a4840854044400c213ff4Z.jpg\" data-alt=\"Waterproof Outdoor Camping Indian Tent\" \/><img loading=\"lazy\" decoding=\"async\" src=\"\/\/sc04.alicdn.com\/kf\/Hb9694f348f524ebb9ab07fe374f94b6fl\/274217001\/Hb9694f348f524ebb9ab07fe374f94b6fl.jpg\" alt=\"Vandt\u00e6t udend\u00f8rs camping indisk telt\" width=\"750\" height=\"750\" data-src=\"\/\/sc04.alicdn.com\/kf\/Hb9694f348f524ebb9ab07fe374f94b6fl\/274217001\/Hb9694f348f524ebb9ab07fe374f94b6fl.jpg\" data-alt=\"Waterproof Outdoor Camping Indian Tent\" \/><img loading=\"lazy\" decoding=\"async\" src=\"\/\/sc04.alicdn.com\/kf\/H9e92dc4f16be405ebd3a2132fb68a4517\/274217001\/H9e92dc4f16be405ebd3a2132fb68a4517.jpg\" alt=\"Vandt\u00e6t udend\u00f8rs camping indisk telt\" width=\"750\" height=\"750\" data-src=\"\/\/sc04.alicdn.com\/kf\/H9e92dc4f16be405ebd3a2132fb68a4517\/274217001\/H9e92dc4f16be405ebd3a2132fb68a4517.jpg\" data-alt=\"Waterproof Outdoor Camping Indian Tent\" \/><img loading=\"lazy\" decoding=\"async\" src=\"\/\/sc04.alicdn.com\/kf\/Hd28bafc6bd0a423c89345658813cfce85\/274217001\/Hd28bafc6bd0a423c89345658813cfce85.jpg\" alt=\"Vandt\u00e6t udend\u00f8rs camping indisk telt\" width=\"750\" height=\"750\" data-src=\"\/\/sc04.alicdn.com\/kf\/Hd28bafc6bd0a423c89345658813cfce85\/274217001\/Hd28bafc6bd0a423c89345658813cfce85.jpg\" data-alt=\"Waterproof Outdoor Camping Indian Tent\" \/><\/p>\n<p>&nbsp;<\/p>\n<p>&nbsp;<\/p>\n<p>&nbsp;<\/p>\n<\/div>\n<\/div>\n<div data-section=\"AliPostDhMb-h1rt6\" data-section-title=\"FAQ\">\n<div><\/div>\n<\/div>\n<\/div>","protected":false},"excerpt":{"rendered":"<p>Stof: Oxford Outside Telt Vandt\u00e6t Indeks: 2000-3000 Mm Bund Vandt\u00e6t Indeks: 2000-3000 Mm Bygningstype: Hurtig automatisk \u00e5bning Telt Stil: Udvidet Type, R\u00f8r Type Telt Stake S\u00e6son: Fire-s\u00e6son Telt Struktur: Et sovev\u00e6relse Produktnavn: Udend\u00f8rs camping oppusteligt telt Farve: Ris Hvid Anvendelse: Camping Vandreture<\/p>\n<div class=\"read-more\"><a class=\"btn btn-fill-out\" href=\"https:\/\/uoogear.com\/da\/vare\/waterproof-outdoor-camping-indian-tent\/\">L\u00e6s mere<\/a><\/div>","protected":false},"featured_media":4479,"template":"","meta":[],"product_brand":[],"product_cat":[15],"product_tag":[],"class_list":{"0":"post-4480","1":"product","2":"type-product","3":"status-publish","4":"has-post-thumbnail","6":"product_cat-uncategorized","7":"tm-no-options","9":"first","10":"instock","11":"shipping-taxable","12":"purchasable","13":"product-type-variable"},"_links":{"self":[{"href":"https:\/\/uoogear.com\/da\/wp-json\/wp\/v2\/product\/4480","targetHints":{"allow":["GET"]}}],"collection":[{"href":"https:\/\/uoogear.com\/da\/wp-json\/wp\/v2\/product"}],"about":[{"href":"https:\/\/uoogear.com\/da\/wp-json\/wp\/v2\/types\/product"}],"wp:featuredmedia":[{"embeddable":true,"href":"https:\/\/uoogear.com\/da\/wp-json\/wp\/v2\/media\/4479"}],"wp:attachment":[{"href":"https:\/\/uoogear.com\/da\/wp-json\/wp\/v2\/media?parent=4480"}],"wp:term":[{"taxonomy":"product_brand","embeddable":true,"href":"https:\/\/uoogear.com\/da\/wp-json\/wp\/v2\/product_brand?post=4480"},{"taxonomy":"product_cat","embeddable":true,"href":"https:\/\/uoogear.com\/da\/wp-json\/wp\/v2\/product_cat?post=4480"},{"taxonomy":"product_tag","embeddable":true,"href":"https:\/\/uoogear.com\/da\/wp-json\/wp\/v2\/product_tag?post=4480"}],"curies":[{"name":"wp","href":"https:\/\/api.w.org\/{rel}","templated":true}]}}