{"id":4489,"date":"2023-11-14T01:54:49","date_gmt":"2023-11-14T01:54:49","guid":{"rendered":"https:\/\/uoogear.com\/product\/waterproof-inflatable-outdoor-air-tent-inflatable-camping-tent\/"},"modified":"2023-11-30T02:22:55","modified_gmt":"2023-11-30T02:22:55","slug":"waterproof-inflatable-outdoor-air-tent-inflatable-camping-tent","status":"publish","type":"product","link":"https:\/\/uoogear.com\/da\/vare\/waterproof-inflatable-outdoor-air-tent-inflatable-camping-tent\/","title":{"rendered":"vandt\u00e6t oppusteligt udend\u00f8rs lufttelt oppusteligt campingtelt"},"content":{"rendered":"<ul>\n<li><strong>Areal : <\/strong> 300*210<\/li>\n<li><strong>Stof: <\/strong> PVC+Bomuldsklud+ Polyesternet<\/li>\n<li><strong>Udvendigt telts vandt\u00e6t indeks: <\/strong> &lt;1000 mm<\/li>\n<li><strong>Nederste vandt\u00e6t indeks: <\/strong> &gt;3000 mm<\/li>\n<li><strong>Bygningstype: <\/strong> Konstruktion baseret p\u00e5 behov<\/li>\n<li><strong>Telt stil: <\/strong> R\u00f8rtype teltp\u00e6l<\/li>\n<li><strong>S\u00e6son: <\/strong> Fire-s\u00e6son telt<\/li>\n<li><strong>Struktur: <\/strong> To sovev\u00e6relser og en stue<\/li>\n<li><strong>Produktnavn : <\/strong> lufttelt oppustelig camping<\/li>\n<li><strong>Anvendelse: <\/strong> Udend\u00f8rs underholdning<\/li>\n<li><strong>Stil: <\/strong> Moderne<\/li>\n<li><strong>Farve: <\/strong> Tilpasset farve<\/li>\n<li><strong>Ans\u00f8gning : <\/strong> Udend\u00f8rs rejsecamping<\/li>\n<li><strong>St\u00f8rrelse: <\/strong> Tilpasset st\u00f8rrelse<\/li>\n<li><strong>MOQ: <\/strong> 1 styk<\/li>\n<li><strong>Materiale : <\/strong> PVC<\/li>\n<li><strong>Tilbeh\u00f8r : <\/strong> Pumpe+ b\u00e6retaske+ p\u00e6le+ reb<\/li>\n<li><strong>Funktion: <\/strong> Vandt\u00e6t<\/li>\n<\/ul>\n<div>\n<div data-magic-global=\"%7B%22bizId%22%3A2212793521237%2C%22pageId%22%3A21189012037%2C%22siteId%22%3A10003212050%7D\">\n<div>\n<div data-section=\"AliMagic-db1sq7\" data-section-title=\"Products Description\">Produktbeskrivelse<\/div>\n<\/div>\n<div>\n<div>\n<div><img decoding=\"async\" src=\"\/\/sc04.alicdn.com\/kf\/H43725afd3bec4530b9a0eefa40fd24c1h\/255148517\/H43725afd3bec4530b9a0eefa40fd24c1h.jpg\" data-src=\"\/\/sc04.alicdn.com\/kf\/H43725afd3bec4530b9a0eefa40fd24c1h\/255148517\/H43725afd3bec4530b9a0eefa40fd24c1h.jpg\" \/><\/div>\n<div><img decoding=\"async\" src=\"\/\/sc04.alicdn.com\/kf\/H0a8bb24f51674da1b39a98e1b20f54d4U\/255148517\/H0a8bb24f51674da1b39a98e1b20f54d4U.png\" data-src=\"\/\/sc04.alicdn.com\/kf\/H0a8bb24f51674da1b39a98e1b20f54d4U\/255148517\/H0a8bb24f51674da1b39a98e1b20f54d4U.png\" \/><\/div>\n<div><img decoding=\"async\" src=\"\/\/sc04.alicdn.com\/kf\/Hce4ac1a48012484b9242af5cdb11ab57o\/255148517\/Hce4ac1a48012484b9242af5cdb11ab57o.png\" data-src=\"\/\/sc04.alicdn.com\/kf\/Hce4ac1a48012484b9242af5cdb11ab57o\/255148517\/Hce4ac1a48012484b9242af5cdb11ab57o.png\" \/><\/div>\n<div><img decoding=\"async\" src=\"\/\/sc04.alicdn.com\/kf\/H78f6e94460b64fc18a1668d323a652cbM\/255148517\/H78f6e94460b64fc18a1668d323a652cbM.jpg\" data-src=\"\/\/sc04.alicdn.com\/kf\/H78f6e94460b64fc18a1668d323a652cbM\/255148517\/H78f6e94460b64fc18a1668d323a652cbM.jpg\" \/><\/div>\n<div><img decoding=\"async\" src=\"\/\/sc04.alicdn.com\/kf\/H6483226daf0141e9a1df7a4c0b1eb5262\/255148517\/H6483226daf0141e9a1df7a4c0b1eb5262.jpg\" data-src=\"\/\/sc04.alicdn.com\/kf\/H6483226daf0141e9a1df7a4c0b1eb5262\/255148517\/H6483226daf0141e9a1df7a4c0b1eb5262.jpg\" \/><\/div>\n<div><img decoding=\"async\" src=\"\/\/sc04.alicdn.com\/kf\/H2c7b3387715a439cb11fc7d53fc3c2d3E\/255148517\/H2c7b3387715a439cb11fc7d53fc3c2d3E.jpg\" data-src=\"\/\/sc04.alicdn.com\/kf\/H2c7b3387715a439cb11fc7d53fc3c2d3E\/255148517\/H2c7b3387715a439cb11fc7d53fc3c2d3E.jpg\" \/><\/div>\n<\/div>\n<\/div>\n<div><\/div>\n<div>\n<div>\n<div>\n<div>\n<div><\/div>\n<\/div>\n<\/div>\n<\/div>\n<\/div>\n<\/div>\n<\/div>","protected":false},"excerpt":{"rendered":"<p>Areal: 300*210 Stof: PVC+Bomuldsdug+ Polyesternet Ydertelt Vandt\u00e6t Indeks: &lt;1000 mm Bund Vandt\u00e6t Indeks: &gt;3000 mm Bygningstype: Konstruktion Baseret p\u00e5 behov Teltstil: R\u00f8rtype Teltp\u00e6l S\u00e6son: Fire-s\u00e6sons teltstruktur: To sovev\u00e6relser og en stue Produktnavn: lufttelt oppustelig camping<\/p>\n<div class=\"read-more\"><a class=\"btn btn-fill-out\" href=\"https:\/\/uoogear.com\/da\/vare\/waterproof-inflatable-outdoor-air-tent-inflatable-camping-tent\/\">L\u00e6s mere<\/a><\/div>","protected":false},"featured_media":4488,"template":"","meta":[],"product_brand":[],"product_cat":[15],"product_tag":[],"class_list":{"0":"post-4489","1":"product","2":"type-product","3":"status-publish","4":"has-post-thumbnail","6":"product_cat-uncategorized","7":"tm-no-options","9":"first","10":"instock","11":"shipping-taxable","12":"purchasable","13":"product-type-variable"},"_links":{"self":[{"href":"https:\/\/uoogear.com\/da\/wp-json\/wp\/v2\/product\/4489","targetHints":{"allow":["GET"]}}],"collection":[{"href":"https:\/\/uoogear.com\/da\/wp-json\/wp\/v2\/product"}],"about":[{"href":"https:\/\/uoogear.com\/da\/wp-json\/wp\/v2\/types\/product"}],"wp:featuredmedia":[{"embeddable":true,"href":"https:\/\/uoogear.com\/da\/wp-json\/wp\/v2\/media\/4488"}],"wp:attachment":[{"href":"https:\/\/uoogear.com\/da\/wp-json\/wp\/v2\/media?parent=4489"}],"wp:term":[{"taxonomy":"product_brand","embeddable":true,"href":"https:\/\/uoogear.com\/da\/wp-json\/wp\/v2\/product_brand?post=4489"},{"taxonomy":"product_cat","embeddable":true,"href":"https:\/\/uoogear.com\/da\/wp-json\/wp\/v2\/product_cat?post=4489"},{"taxonomy":"product_tag","embeddable":true,"href":"https:\/\/uoogear.com\/da\/wp-json\/wp\/v2\/product_tag?post=4489"}],"curies":[{"name":"wp","href":"https:\/\/api.w.org\/{rel}","templated":true}]}}