{"id":4498,"date":"2023-11-14T01:57:26","date_gmt":"2023-11-14T01:57:26","guid":{"rendered":"https:\/\/uoogear.com\/product\/high-quality-customized-logo-outdoor-camp-family-air-camping-tent-large-inflatable-tent\/"},"modified":"2023-11-30T02:23:24","modified_gmt":"2023-11-30T02:23:24","slug":"high-quality-customized-logo-outdoor-camp-family-air-camping-tent-large-inflatable-tent","status":"publish","type":"product","link":"https:\/\/uoogear.com\/da\/vare\/high-quality-customized-logo-outdoor-camp-family-air-camping-tent-large-inflatable-tent\/","title":{"rendered":"H\u00f8j kvalitet tilpasset logo udend\u00f8rs lejr familie luft camping telt stort oppusteligt telt"},"content":{"rendered":"<ul>\n<li><strong>Stof: <\/strong> Polyester<\/li>\n<li><strong>Udvendigt telts vandt\u00e6t indeks: <\/strong> 1000-1500 mm<\/li>\n<li><strong>Nederste vandt\u00e6t indeks: <\/strong> 1000-1500 mm<\/li>\n<li><strong>Bygningstype: <\/strong> Hurtig automatisk \u00e5bning<\/li>\n<li><strong>Telt stil: <\/strong> R\u00f8rtype teltp\u00e6l<\/li>\n<li><strong>S\u00e6son: <\/strong> Fire-s\u00e6son telt<\/li>\n<li><strong>Struktur: <\/strong> Et sovev\u00e6relse og en stue<\/li>\n<li><strong>Produktnavn : <\/strong> Oppusteligt campingtelt<\/li>\n<li><strong>Anvendelse: <\/strong> Udend\u00f8rs underholdning<\/li>\n<li><strong>Stil: <\/strong> Moderne<\/li>\n<li><strong>Farve: <\/strong> Gylden sand farve<\/li>\n<li><strong>Ans\u00f8gning : <\/strong> Udend\u00f8rs rejsecamping<\/li>\n<li><strong>St\u00f8rrelse: <\/strong> 520&#215;400<\/li>\n<li><strong>MOQ: <\/strong> 1 styk<\/li>\n<li><strong>Materiale : <\/strong> PVC<\/li>\n<li><strong>Tilbeh\u00f8r : <\/strong> Pumpe+ b\u00e6retaske+ p\u00e6le+ reb<\/li>\n<li><strong>Funktion: <\/strong> Vandt\u00e6t<\/li>\n<\/ul>\n<div>\n<div data-magic-global=\"%7B%22bizId%22%3A2212793521237%2C%22pageId%22%3A21196441129%2C%22siteId%22%3A10003212050%7D\">\n<div>\n<div data-section=\"AliMagic-lt2ehm\" data-section-title=\"Products Description\">Produktbeskrivelse<\/div>\n<\/div>\n<div>\n<div>\n<table>\n<tbody>\n<tr>\n<td>\n<div><span style=\"color: #000000; font-family: Arial;\"><span data-spm-anchor-id=\"a2700.custom-template.0.i133.65b03333DKbf22\"><strong>produktnavn<\/strong><\/span><\/span><\/div>\n<\/td>\n<td>\n<div>Stort campingtelt<\/div>\n<\/td>\n<\/tr>\n<tr>\n<td>\n<div><span style=\"color: #000000; font-family: Arial;\"><strong>OEM MOQ<\/strong><\/span><\/div>\n<\/td>\n<td>\n<div><span style=\"font-family: Arial;\"><span data-spm-anchor-id=\"a2700.custom-template.0.i131.65b03333DKbf22\">Accepter tilpasset \/1 s\u00e6t pr\u00f8ve<\/span><\/span><\/div>\n<\/td>\n<\/tr>\n<tr>\n<td>\n<div><span style=\"color: #000000; font-family: Arial;\"><strong>Farve\/Farve<\/strong><\/span><\/div>\n<\/td>\n<td>\n<div><span style=\"font-family: Arial;\"><span data-spm-anchor-id=\"a2700.custom-template.0.i132.65b03333DKbf22\">Som billede, Accept\u00e9r tilpasset<\/span><\/span><\/div>\n<\/td>\n<\/tr>\n<tr>\n<td>\n<div><span style=\"color: #000000; font-family: Arial;\"><span data-spm-anchor-id=\"a2700.custom-template.0.i158.65b03333DKbf22\"><strong>Kapacitet<\/strong><\/span><\/span><\/div>\n<\/td>\n<td>\n<div><span style=\"font-family: Arial;\">2\/3\/4\/5\/6\/7\/8 personer (tilpasset kapacitet)<\/span><\/div>\n<\/td>\n<\/tr>\n<tr>\n<td>\n<div><strong>St\u00f8rrelse<\/strong><\/div>\n<\/td>\n<td>\n<div>Kan v\u00e6lge st\u00f8rrelsen p\u00e5 hyldevarer, Accepter tilpasset st\u00f8rrelse<\/div>\n<\/td>\n<\/tr>\n<tr>\n<td>\n<div>\n<div><strong>Feature<\/strong><\/div>\n<\/div>\n<\/td>\n<td>\n<div><span style=\"font-family: Arial;\">UV- og regnbestandig, \u00e5ndbar, forhindrer pragtfuld, stor plads, stabil struktur, god ventilationsydelse, bred anvendelse, lille st\u00f8rrelse, nem at b\u00e6re, ops\u00e6tning, nem popup, automatisk, komfortabel<\/span><\/div>\n<\/td>\n<\/tr>\n<\/tbody>\n<\/table>\n<\/div>\n<\/div>\n<div>\n<div data-section=\"AliMagic-3dgtn4\" data-section-title=\"Details Images\">Detaljer Billeder<\/div>\n<\/div>\n<div>\n<div>\n<div><img decoding=\"async\" src=\"\/\/sc04.alicdn.com\/kf\/Hbe21446ef4374ec2b8e3aff588088202z\/255148517\/Hbe21446ef4374ec2b8e3aff588088202z.jpg\" data-src=\"\/\/sc04.alicdn.com\/kf\/Hbe21446ef4374ec2b8e3aff588088202z\/255148517\/Hbe21446ef4374ec2b8e3aff588088202z.jpg\" \/><\/div>\n<div><img decoding=\"async\" src=\"\/\/sc04.alicdn.com\/kf\/Hbabff50c70374a838c8e37339136b3cfi\/255148517\/Hbabff50c70374a838c8e37339136b3cfi.jpg\" data-src=\"\/\/sc04.alicdn.com\/kf\/Hbabff50c70374a838c8e37339136b3cfi\/255148517\/Hbabff50c70374a838c8e37339136b3cfi.jpg\" \/><\/div>\n<div><img decoding=\"async\" src=\"\/\/sc04.alicdn.com\/kf\/H703b92f9b0594bff9aa3d8acbaa8718ep\/255148517\/H703b92f9b0594bff9aa3d8acbaa8718ep.jpg\" data-src=\"\/\/sc04.alicdn.com\/kf\/H703b92f9b0594bff9aa3d8acbaa8718ep\/255148517\/H703b92f9b0594bff9aa3d8acbaa8718ep.jpg\" \/><\/div>\n<div><img decoding=\"async\" src=\"\/\/sc04.alicdn.com\/kf\/H6f8fc31559574b67ac153ffb9619273dS\/255148517\/H6f8fc31559574b67ac153ffb9619273dS.jpg\" data-src=\"\/\/sc04.alicdn.com\/kf\/H6f8fc31559574b67ac153ffb9619273dS\/255148517\/H6f8fc31559574b67ac153ffb9619273dS.jpg\" \/><\/div>\n<\/div>\n<\/div>\n<div><\/div>\n<div>\n<div>\n<div>\n<div>\n<div><\/div>\n<\/div>\n<\/div>\n<\/div>\n<\/div>\n<\/div>\n<\/div>","protected":false},"excerpt":{"rendered":"<p>Stof: Polyester Ydertelt Vandt\u00e6t Indeks: 1000-1500 Mm Bund Vandt\u00e6t Indeks: 1000-1500 Mm Bygningstype: Hurtig automatisk \u00e5bning Telt Stil: R\u00f8r Type Telt Stake S\u00e6son: Fire-s\u00e6son Telt Struktur: Et sovev\u00e6relse og en stue Produktnavn: Oppustelig campingtelt Anvendelse: Udend\u00f8rs underholdning Stil: Moderne farve<\/p>\n<div class=\"read-more\"><a class=\"btn btn-fill-out\" href=\"https:\/\/uoogear.com\/da\/vare\/high-quality-customized-logo-outdoor-camp-family-air-camping-tent-large-inflatable-tent\/\">L\u00e6s mere<\/a><\/div>","protected":false},"featured_media":4497,"template":"","meta":[],"product_brand":[],"product_cat":[15],"product_tag":[],"class_list":{"0":"post-4498","1":"product","2":"type-product","3":"status-publish","4":"has-post-thumbnail","6":"product_cat-uncategorized","7":"tm-no-options","9":"first","10":"instock","11":"shipping-taxable","12":"purchasable","13":"product-type-variable"},"_links":{"self":[{"href":"https:\/\/uoogear.com\/da\/wp-json\/wp\/v2\/product\/4498","targetHints":{"allow":["GET"]}}],"collection":[{"href":"https:\/\/uoogear.com\/da\/wp-json\/wp\/v2\/product"}],"about":[{"href":"https:\/\/uoogear.com\/da\/wp-json\/wp\/v2\/types\/product"}],"wp:featuredmedia":[{"embeddable":true,"href":"https:\/\/uoogear.com\/da\/wp-json\/wp\/v2\/media\/4497"}],"wp:attachment":[{"href":"https:\/\/uoogear.com\/da\/wp-json\/wp\/v2\/media?parent=4498"}],"wp:term":[{"taxonomy":"product_brand","embeddable":true,"href":"https:\/\/uoogear.com\/da\/wp-json\/wp\/v2\/product_brand?post=4498"},{"taxonomy":"product_cat","embeddable":true,"href":"https:\/\/uoogear.com\/da\/wp-json\/wp\/v2\/product_cat?post=4498"},{"taxonomy":"product_tag","embeddable":true,"href":"https:\/\/uoogear.com\/da\/wp-json\/wp\/v2\/product_tag?post=4498"}],"curies":[{"name":"wp","href":"https:\/\/api.w.org\/{rel}","templated":true}]}}