{"id":4525,"date":"2023-11-14T02:01:10","date_gmt":"2023-11-14T02:01:10","guid":{"rendered":"https:\/\/uoogear.com\/product\/high-quality-outdoor-waterproof-inflatable-tent-outdoor-camping\/"},"modified":"2023-11-30T02:24:29","modified_gmt":"2023-11-30T02:24:29","slug":"high-quality-outdoor-waterproof-inflatable-tent-outdoor-camping","status":"publish","type":"product","link":"https:\/\/uoogear.com\/da\/vare\/high-quality-outdoor-waterproof-inflatable-tent-outdoor-camping\/","title":{"rendered":"H\u00f8jkvalitets udend\u00f8rs vandt\u00e6t oppusteligt telt udend\u00f8rs camping"},"content":{"rendered":"<ul>\n<li><strong>Areal : <\/strong> 300cmx210cmx200cm \/ 250cmx180cmx180cm<\/li>\n<li><strong>Stof: <\/strong> PVC+Bomuldsklud+ Polyesternet<\/li>\n<li><strong>Udvendigt telts vandt\u00e6t indeks: <\/strong> &gt;3000 mm<\/li>\n<li><strong>Nederste vandt\u00e6t indeks: <\/strong> &gt;3000 mm<\/li>\n<li><strong>Bygningstype: <\/strong> Konstruktion baseret p\u00e5 behov<\/li>\n<li><strong>Telt stil: <\/strong> R\u00f8rtype teltp\u00e6l<\/li>\n<li><strong>S\u00e6son: <\/strong> Fire-s\u00e6son telt<\/li>\n<li><strong>Struktur: <\/strong> Et sovev\u00e6relse og en stue<\/li>\n<li><strong>Produktnavn : <\/strong> oppusteligt telt lufttelt<\/li>\n<li><strong>Anvendelse: <\/strong> Udend\u00f8rs underholdning<\/li>\n<li><strong>Stil: <\/strong> Moderne<\/li>\n<li><strong>Farve: <\/strong> Gylden sand farve<\/li>\n<li><strong>Ans\u00f8gning : <\/strong> Udend\u00f8rs rejsecamping<\/li>\n<li><strong>St\u00f8rrelse: <\/strong> 300cmx210cmx200cm \/ 250cmx180cmx180cm<\/li>\n<li><strong>MOQ: <\/strong> 1 styk<\/li>\n<li><strong>Materiale : <\/strong> PVC<\/li>\n<li><strong>Tilbeh\u00f8r : <\/strong> Pumpe+ b\u00e6retaske+ p\u00e6le+ reb<\/li>\n<li><strong>Funktion: <\/strong> Vandt\u00e6t<\/li>\n<\/ul>\n<div>\n<div data-magic-global=\"%7B%22bizId%22%3A2212793521237%2C%22pageId%22%3A21199933883%2C%22siteId%22%3A10003212050%7D\">\n<div>\n<div data-section=\"AliMagic-tarf63\" data-section-title=\"Products Description\">Produktbeskrivelse<\/div>\n<\/div>\n<div>\n<div>\n<div><img decoding=\"async\" src=\"\/\/sc04.alicdn.com\/kf\/H8ec188c83b96483f9fbaf685d7bc7fe1I\/255148517\/H8ec188c83b96483f9fbaf685d7bc7fe1I.jpg\" data-src=\"\/\/sc04.alicdn.com\/kf\/H8ec188c83b96483f9fbaf685d7bc7fe1I\/255148517\/H8ec188c83b96483f9fbaf685d7bc7fe1I.jpg\" \/><\/div>\n<div><img decoding=\"async\" src=\"\/\/sc04.alicdn.com\/kf\/H87ed69d73ee0441893570a4b36096b0fD\/255148517\/H87ed69d73ee0441893570a4b36096b0fD.jpg\" data-src=\"\/\/sc04.alicdn.com\/kf\/H87ed69d73ee0441893570a4b36096b0fD\/255148517\/H87ed69d73ee0441893570a4b36096b0fD.jpg\" \/><\/div>\n<div><img decoding=\"async\" src=\"\/\/sc04.alicdn.com\/kf\/H9a27e33591dc4f3a915df9e02ccf989bk\/255148517\/H9a27e33591dc4f3a915df9e02ccf989bk.jpg\" data-src=\"\/\/sc04.alicdn.com\/kf\/H9a27e33591dc4f3a915df9e02ccf989bk\/255148517\/H9a27e33591dc4f3a915df9e02ccf989bk.jpg\" \/><\/div>\n<div><img decoding=\"async\" src=\"\/\/sc04.alicdn.com\/kf\/Hd192c14ec4e94d2ab78785ab09d480aaP\/255148517\/Hd192c14ec4e94d2ab78785ab09d480aaP.jpg\" data-src=\"\/\/sc04.alicdn.com\/kf\/Hd192c14ec4e94d2ab78785ab09d480aaP\/255148517\/Hd192c14ec4e94d2ab78785ab09d480aaP.jpg\" \/><\/div>\n<div><img decoding=\"async\" src=\"\/\/sc04.alicdn.com\/kf\/Hf55c29374e44478db53923ddb0d1d95bn\/255148517\/Hf55c29374e44478db53923ddb0d1d95bn.jpg\" data-src=\"\/\/sc04.alicdn.com\/kf\/Hf55c29374e44478db53923ddb0d1d95bn\/255148517\/Hf55c29374e44478db53923ddb0d1d95bn.jpg\" \/><\/div>\n<div><img decoding=\"async\" src=\"\/\/sc04.alicdn.com\/kf\/H78152f2f5f2744aeafe44263694d4430R\/255148517\/H78152f2f5f2744aeafe44263694d4430R.jpg\" data-src=\"\/\/sc04.alicdn.com\/kf\/H78152f2f5f2744aeafe44263694d4430R\/255148517\/H78152f2f5f2744aeafe44263694d4430R.jpg\" \/><\/div>\n<div><img decoding=\"async\" src=\"\/\/sc04.alicdn.com\/kf\/H37ced19d4cda450aaa56ff7ac9fe961ee\/255148517\/H37ced19d4cda450aaa56ff7ac9fe961ee.jpg\" data-src=\"\/\/sc04.alicdn.com\/kf\/H37ced19d4cda450aaa56ff7ac9fe961ee\/255148517\/H37ced19d4cda450aaa56ff7ac9fe961ee.jpg\" \/><\/div>\n<\/div>\n<\/div>\n<div><\/div>\n<div>\n<div>\n<div>\n<div>\n<div><\/div>\n<\/div>\n<\/div>\n<\/div>\n<\/div>\n<\/div>\n<\/div>","protected":false},"excerpt":{"rendered":"<p>Areal : 300cmx210cmx200cm \/ 250cmx180cmx180cm Stof : PVC+Bomuldsklud+ Polyesternet Ydertelt Vandt\u00e6t Indeks : &gt;3000 mm Bund Vandt\u00e6t Indeks : &gt;3000 mm Bygningstype : Konstruktion Baseret p\u00e5 Behov Type Telt Stil: Tent Stik- Tubeson Et sovev\u00e6relse og en stue Produktnavn: oppusteligt telt<\/p>\n<div class=\"read-more\"><a class=\"btn btn-fill-out\" href=\"https:\/\/uoogear.com\/da\/vare\/high-quality-outdoor-waterproof-inflatable-tent-outdoor-camping\/\">L\u00e6s mere<\/a><\/div>","protected":false},"featured_media":4524,"template":"","meta":[],"product_brand":[],"product_cat":[15],"product_tag":[],"class_list":{"0":"post-4525","1":"product","2":"type-product","3":"status-publish","4":"has-post-thumbnail","6":"product_cat-uncategorized","7":"tm-no-options","9":"first","10":"instock","11":"shipping-taxable","12":"purchasable","13":"product-type-variable"},"_links":{"self":[{"href":"https:\/\/uoogear.com\/da\/wp-json\/wp\/v2\/product\/4525","targetHints":{"allow":["GET"]}}],"collection":[{"href":"https:\/\/uoogear.com\/da\/wp-json\/wp\/v2\/product"}],"about":[{"href":"https:\/\/uoogear.com\/da\/wp-json\/wp\/v2\/types\/product"}],"wp:featuredmedia":[{"embeddable":true,"href":"https:\/\/uoogear.com\/da\/wp-json\/wp\/v2\/media\/4524"}],"wp:attachment":[{"href":"https:\/\/uoogear.com\/da\/wp-json\/wp\/v2\/media?parent=4525"}],"wp:term":[{"taxonomy":"product_brand","embeddable":true,"href":"https:\/\/uoogear.com\/da\/wp-json\/wp\/v2\/product_brand?post=4525"},{"taxonomy":"product_cat","embeddable":true,"href":"https:\/\/uoogear.com\/da\/wp-json\/wp\/v2\/product_cat?post=4525"},{"taxonomy":"product_tag","embeddable":true,"href":"https:\/\/uoogear.com\/da\/wp-json\/wp\/v2\/product_tag?post=4525"}],"curies":[{"name":"wp","href":"https:\/\/api.w.org\/{rel}","templated":true}]}}