{"id":4535,"date":"2023-11-14T02:03:07","date_gmt":"2023-11-14T02:03:07","guid":{"rendered":"https:\/\/uoogear.com\/product\/wholesale-double-door-portable-waterproof-air-tent-camping-outdoor-large-family-camping-tents\/"},"modified":"2023-11-30T02:39:44","modified_gmt":"2023-11-30T02:39:44","slug":"wholesale-double-door-portable-waterproof-air-tent-camping-outdoor-large-family-camping-tents","status":"publish","type":"product","link":"https:\/\/uoogear.com\/da\/vare\/wholesale-double-door-portable-waterproof-air-tent-camping-outdoor-large-family-camping-tents\/","title":{"rendered":"Engros dobbeltd\u00f8r b\u00e6rbart vandt\u00e6t lufttelt camping udend\u00f8rs store familie camping telte"},"content":{"rendered":"<ul>\n<li><strong>Stof: <\/strong> PVC, 100% Polysester<\/li>\n<li><strong>Udvendigt telts vandt\u00e6t indeks: <\/strong> 1000-1500 mm, 1500-2000 mm<\/li>\n<li><strong>Nederste vandt\u00e6t indeks: <\/strong> 1000-1500 mm<\/li>\n<li><strong>Bygningstype: <\/strong> Hurtig automatisk \u00e5bning<\/li>\n<li><strong>Telt stil: <\/strong> Camouflage\/feltspil<\/li>\n<li><strong>S\u00e6son: <\/strong> 4-s\u00e6sonstelt, sommertelt, 4-s\u00e6sonstelt<\/li>\n<li><strong>Struktur: <\/strong> Et sovev\u00e6relse<\/li>\n<li><strong>Produktnavn : <\/strong> pop up telte camping udend\u00f8rs<\/li>\n<li><strong>Ans\u00f8ger: <\/strong> Udend\u00f8rs aktiviteter<\/li>\n<li><strong>Logo: <\/strong> Accepter tilpasset logo<\/li>\n<li><strong>MOQ: <\/strong> 1 styk<\/li>\n<li><strong>Materiale : <\/strong> 100% Polysester stof<\/li>\n<li><strong>Pakning: <\/strong> St\u00e6rk karton<\/li>\n<li><strong>St\u00f8rrelse: <\/strong> Tilpasset st\u00f8rrelse<\/li>\n<li><strong>S\u00f8geord: <\/strong> camping oppusteligt telt<\/li>\n<\/ul>\n<div>\n<div data-magic-global=\"%7B%22bizId%22%3A2212793521237%2C%22pageId%22%3A21201983243%2C%22siteId%22%3A10003212050%7D\">\n<div>\n<div data-section=\"AliMagic-mbbain\" data-section-title=\"Products Description\"><\/div>\n<\/div>\n<div>\n<div>\n<table>\n<tbody>\n<tr>\n<td>\n<div><span style=\"color: #000000; font-family: Arial;\"><span data-spm-anchor-id=\"a2700.custom-template.0.i133.65b03333DKbf22\"><strong>produktnavn<\/strong><\/span><\/span><\/div>\n<\/td>\n<td>\n<div>Telt<\/div>\n<\/td>\n<\/tr>\n<tr>\n<td>\n<div><span style=\"color: #000000; font-family: Arial;\"><strong>OEM MOQ<\/strong><\/span><\/div>\n<\/td>\n<td>\n<div><span style=\"font-family: Arial;\"><span data-spm-anchor-id=\"a2700.custom-template.0.i131.65b03333DKbf22\">Accepter tilpasset \/1 s\u00e6t pr\u00f8ve<\/span><\/span><\/div>\n<\/td>\n<\/tr>\n<tr>\n<td>\n<div><span style=\"color: #000000; font-family: Arial;\"><strong>Farve\/Farve<\/strong><\/span><\/div>\n<\/td>\n<td>\n<div><span style=\"font-family: Arial;\"><span data-spm-anchor-id=\"a2700.custom-template.0.i132.65b03333DKbf22\">Som billede, Accept\u00e9r tilpasset<\/span><\/span><\/div>\n<\/td>\n<\/tr>\n<tr>\n<td>\n<div><span style=\"color: #000000; font-family: Arial;\"><span data-spm-anchor-id=\"a2700.custom-template.0.i158.65b03333DKbf22\"><strong>Kapacitet<\/strong><\/span><\/span><\/div>\n<\/td>\n<td>\n<div><span style=\"font-family: Arial;\">2\/3\/4\/5\/6\/7\/8 personer (tilpasset kapacitet)<\/span><\/div>\n<\/td>\n<\/tr>\n<tr>\n<td>\n<div><strong>St\u00f8rrelse<\/strong><\/div>\n<\/td>\n<td>\n<div>Kan v\u00e6lge st\u00f8rrelsen p\u00e5 hyldevarer, Accepter tilpasset st\u00f8rrelse<\/div>\n<\/td>\n<\/tr>\n<tr>\n<td>\n<div>\n<div><strong>Feature<\/strong><\/div>\n<\/div>\n<\/td>\n<td>\n<div><span style=\"font-family: Arial;\">UV- og regnbestandig, \u00e5ndbar, forhindrer pragtfuld, stor plads, stabil struktur, god ventilationsydelse, bred anvendelse, lille st\u00f8rrelse, nem at b\u00e6re, ops\u00e6tning, nem popup, automatisk, komfortabel<\/span><\/div>\n<\/td>\n<\/tr>\n<\/tbody>\n<\/table>\n<\/div>\n<\/div>\n<div>\n<div data-section=\"AliMagic-paf127\" data-section-title=\"Details Images\">Detaljer Billeder<\/div>\n<\/div>\n<div>\n<div>\n<div><img decoding=\"async\" src=\"\/\/sc04.alicdn.com\/kf\/Hd5c6334e6f81415d9fa15daae38b6c59D\/255148517\/Hd5c6334e6f81415d9fa15daae38b6c59D.jpg\" data-src=\"\/\/sc04.alicdn.com\/kf\/Hd5c6334e6f81415d9fa15daae38b6c59D\/255148517\/Hd5c6334e6f81415d9fa15daae38b6c59D.jpg\" \/><\/div>\n<div><img decoding=\"async\" src=\"\/\/sc04.alicdn.com\/kf\/H0d93849815d64a58844b919b5ba91fa0D\/255148517\/H0d93849815d64a58844b919b5ba91fa0D.jpg\" data-src=\"\/\/sc04.alicdn.com\/kf\/H0d93849815d64a58844b919b5ba91fa0D\/255148517\/H0d93849815d64a58844b919b5ba91fa0D.jpg\" \/><\/div>\n<div><img decoding=\"async\" src=\"\/\/sc04.alicdn.com\/kf\/Haad59990b4f34f76a9c982218abf33bee\/255148517\/Haad59990b4f34f76a9c982218abf33bee.jpg\" data-src=\"\/\/sc04.alicdn.com\/kf\/Haad59990b4f34f76a9c982218abf33bee\/255148517\/Haad59990b4f34f76a9c982218abf33bee.jpg\" \/><\/div>\n<div><img decoding=\"async\" src=\"\/\/sc04.alicdn.com\/kf\/H5fe04342932b4e4ea06d63267894a696I\/255148517\/H5fe04342932b4e4ea06d63267894a696I.jpg\" data-src=\"\/\/sc04.alicdn.com\/kf\/H5fe04342932b4e4ea06d63267894a696I\/255148517\/H5fe04342932b4e4ea06d63267894a696I.jpg\" \/><\/div>\n<div><img decoding=\"async\" src=\"\/\/sc04.alicdn.com\/kf\/H63fad25e7c4147e195846d49d2d24864e\/255148517\/H63fad25e7c4147e195846d49d2d24864e.jpg\" data-src=\"\/\/sc04.alicdn.com\/kf\/H63fad25e7c4147e195846d49d2d24864e\/255148517\/H63fad25e7c4147e195846d49d2d24864e.jpg\" \/><\/div>\n<\/div>\n<\/div>\n<div>\n<div>\n<div>\n<div>\n<div>\n<div><img decoding=\"async\" src=\"\/\/sc04.alicdn.com\/kf\/He9c856cc41994feb9bbd9f3d9db22c3fs\/255148517\/He9c856cc41994feb9bbd9f3d9db22c3fs.jpg\" data-src=\"\/\/sc04.alicdn.com\/kf\/He9c856cc41994feb9bbd9f3d9db22c3fs\/255148517\/He9c856cc41994feb9bbd9f3d9db22c3fs.jpg\" \/><\/div>\n<\/div>\n<\/div>\n<\/div>\n<\/div>\n<\/div>\n<div>\n<div>\n<div>\n<div>\n<div>\n<div><\/div>\n<\/div>\n<\/div>\n<\/div>\n<\/div>\n<\/div>\n<\/div>\n<\/div>","protected":false},"excerpt":{"rendered":"<p>Stof: PVC, 100% Polysester Ydertelt Vandt\u00e6t Indeks: 1000-1500 Mm, 1500-2000 Mm Bund Vandt\u00e6t Indeks: 1000-1500 Mm Bygningstype: Hurtig automatisk \u00e5bning Telt Stil: Camouflage\/Fire-S\u00e6son Telt S\u00e6son: ,Fire-s\u00e6sonstelt Struktur : Et sovev\u00e6relse Produktnavn : pop up telte camping udend\u00f8rs Ans\u00f8ger : Udend\u00f8rs aktiviteter Logo<\/p>\n<div class=\"read-more\"><a class=\"btn btn-fill-out\" href=\"https:\/\/uoogear.com\/da\/vare\/wholesale-double-door-portable-waterproof-air-tent-camping-outdoor-large-family-camping-tents\/\">L\u00e6s mere<\/a><\/div>","protected":false},"featured_media":4534,"template":"","meta":[],"product_brand":[],"product_cat":[15],"product_tag":[],"class_list":{"0":"post-4535","1":"product","2":"type-product","3":"status-publish","4":"has-post-thumbnail","6":"product_cat-uncategorized","7":"tm-no-options","9":"first","10":"instock","11":"shipping-taxable","12":"purchasable","13":"product-type-variable"},"_links":{"self":[{"href":"https:\/\/uoogear.com\/da\/wp-json\/wp\/v2\/product\/4535","targetHints":{"allow":["GET"]}}],"collection":[{"href":"https:\/\/uoogear.com\/da\/wp-json\/wp\/v2\/product"}],"about":[{"href":"https:\/\/uoogear.com\/da\/wp-json\/wp\/v2\/types\/product"}],"wp:featuredmedia":[{"embeddable":true,"href":"https:\/\/uoogear.com\/da\/wp-json\/wp\/v2\/media\/4534"}],"wp:attachment":[{"href":"https:\/\/uoogear.com\/da\/wp-json\/wp\/v2\/media?parent=4535"}],"wp:term":[{"taxonomy":"product_brand","embeddable":true,"href":"https:\/\/uoogear.com\/da\/wp-json\/wp\/v2\/product_brand?post=4535"},{"taxonomy":"product_cat","embeddable":true,"href":"https:\/\/uoogear.com\/da\/wp-json\/wp\/v2\/product_cat?post=4535"},{"taxonomy":"product_tag","embeddable":true,"href":"https:\/\/uoogear.com\/da\/wp-json\/wp\/v2\/product_tag?post=4535"}],"curies":[{"name":"wp","href":"https:\/\/api.w.org\/{rel}","templated":true}]}}