{"id":4553,"date":"2023-11-14T02:05:43","date_gmt":"2023-11-14T02:05:43","guid":{"rendered":"https:\/\/uoogear.com\/product\/luxury-large-camp-family-air-camping-tube-tent-inflatable-camping-tent\/"},"modified":"2023-11-30T02:28:10","modified_gmt":"2023-11-30T02:28:10","slug":"luxury-large-camp-family-air-camping-tube-tent-inflatable-camping-tent","status":"publish","type":"product","link":"https:\/\/uoogear.com\/da\/vare\/luxury-large-camp-family-air-camping-tube-tent-inflatable-camping-tent\/","title":{"rendered":"Luksus Large Camp Family Air Camping Tube Telt Oppusteligt Camping Telt"},"content":{"rendered":"<ul>\n<li><strong>Areal : <\/strong> 425*765*230<\/li>\n<li><strong>Stof: <\/strong> PVC+Bomuldsklud+ Polyesternet<\/li>\n<li><strong>Udvendigt telts vandt\u00e6t indeks: <\/strong> &gt;3000 mm<\/li>\n<li><strong>Nederste vandt\u00e6t indeks: <\/strong> &gt;3000 mm<\/li>\n<li><strong>Bygningstype: <\/strong> Konstruktion baseret p\u00e5 behov<\/li>\n<li><strong>Telt stil: <\/strong> R\u00f8rtype teltp\u00e6l<\/li>\n<li><strong>S\u00e6son: <\/strong> Fire-s\u00e6son telt<\/li>\n<li><strong>Struktur: <\/strong> Et sovev\u00e6relse og en stue<\/li>\n<li><strong>Produktnavn : <\/strong> Oppusteligt campingtelt<\/li>\n<li><strong>Anvendelse: <\/strong> Udend\u00f8rs underholdning<\/li>\n<li><strong>Stil: <\/strong> Moderne<\/li>\n<li><strong>Ans\u00f8gning : <\/strong> Udend\u00f8rs rejsecamping<\/li>\n<li><strong>St\u00f8rrelse: <\/strong> 300*200*200<\/li>\n<li><strong>MOQ: <\/strong> 1 styk<\/li>\n<li><strong>Materiale : <\/strong> oxford stof<\/li>\n<li><strong>Tilbeh\u00f8r : <\/strong> Pumpe+ b\u00e6retaske+ p\u00e6le+ reb<\/li>\n<li><strong>Funktion: <\/strong> Vandt\u00e6t<\/li>\n<li><strong>Logo: <\/strong> Tilpasset logo Accepter<\/li>\n<\/ul>\n<div>\n<div data-magic-global=\"%7B%22bizId%22%3A2212793521237%2C%22pageId%22%3A21231189101%2C%22siteId%22%3A10003212050%7D\">\n<div>\n<div data-section=\"AliMagic-pe973p\" data-section-title=\"Products Description\">Produktbeskrivelse<\/div>\n<\/div>\n<div>\n<div>\n<table>\n<tbody>\n<tr>\n<td>\n<div><span style=\"color: #000000; font-family: Arial;\"><span data-spm-anchor-id=\"a2700.custom-template.0.i133.65b03333DKbf22\"><strong>produktnavn<\/strong><\/span><\/span><\/div>\n<\/td>\n<td>\n<div>Lufttelt oppustelig<\/div>\n<\/td>\n<\/tr>\n<tr>\n<td>\n<div><span style=\"color: #000000; font-family: Arial;\"><strong>OEM MOQ<\/strong><\/span><\/div>\n<\/td>\n<td>\n<div><span style=\"font-family: Arial;\"><span data-spm-anchor-id=\"a2700.custom-template.0.i131.65b03333DKbf22\">Accepter tilpasset \/1 s\u00e6t pr\u00f8ve<\/span><\/span><\/div>\n<\/td>\n<\/tr>\n<tr>\n<td>\n<div><span style=\"color: #000000; font-family: Arial;\"><strong>Farve\/Farve<\/strong><\/span><\/div>\n<\/td>\n<td>\n<div><span style=\"font-family: Arial;\"><span data-spm-anchor-id=\"a2700.custom-template.0.i132.65b03333DKbf22\">Som billede, Accept\u00e9r tilpasset<\/span><\/span><\/div>\n<\/td>\n<\/tr>\n<tr>\n<td>\n<div><span style=\"color: #000000; font-family: Arial;\"><span data-spm-anchor-id=\"a2700.custom-template.0.i158.65b03333DKbf22\"><strong>Kapacitet<\/strong><\/span><\/span><\/div>\n<\/td>\n<td>\n<div><span style=\"font-family: Arial;\">2\/3\/4\/5\/6\/7\/8+ personer (tilpasset kapacitet)<\/span><\/div>\n<\/td>\n<\/tr>\n<tr>\n<td>\n<div><strong>St\u00f8rrelse<\/strong><\/div>\n<\/td>\n<td>\n<div>Kan v\u00e6lge st\u00f8rrelsen p\u00e5 hyldevarer, Accepter tilpasset st\u00f8rrelse<\/div>\n<\/td>\n<\/tr>\n<tr>\n<td>\n<div>\n<div><strong>Feature<\/strong><\/div>\n<\/div>\n<\/td>\n<td>\n<div><span style=\"font-family: Arial;\">UV- og regnbestandig, \u00e5ndbar, forhindrer pragtfuld, stor plads, stabil struktur, god ventilationsydelse, bred anvendelse, lille st\u00f8rrelse, nem at b\u00e6re, ops\u00e6tning, nem popup, automatisk, komfortabel<\/span><\/div>\n<\/td>\n<\/tr>\n<\/tbody>\n<\/table>\n<\/div>\n<\/div>\n<div>\n<div data-section=\"AliMagic-35z5fs\" data-section-title=\"Details Images\">Detaljer Billeder<\/div>\n<\/div>\n<div>\n<div>\n<div><img decoding=\"async\" src=\"\/\/sc04.alicdn.com\/kf\/Haafb2d361cd44af19d842c574a8be9c0a\/255148517\/Haafb2d361cd44af19d842c574a8be9c0a.jpg\" data-src=\"\/\/sc04.alicdn.com\/kf\/Haafb2d361cd44af19d842c574a8be9c0a\/255148517\/Haafb2d361cd44af19d842c574a8be9c0a.jpg\" \/><\/div>\n<div><img decoding=\"async\" src=\"\/\/sc04.alicdn.com\/kf\/Hcda24c9a46d945ee8b5f1f076c78f213G\/255148517\/Hcda24c9a46d945ee8b5f1f076c78f213G.jpg\" data-src=\"\/\/sc04.alicdn.com\/kf\/Hcda24c9a46d945ee8b5f1f076c78f213G\/255148517\/Hcda24c9a46d945ee8b5f1f076c78f213G.jpg\" \/><\/div>\n<div><img decoding=\"async\" src=\"\/\/sc04.alicdn.com\/kf\/Hf9cabfe17c6e4b3489a3c7da3542d4a5X\/255148517\/Hf9cabfe17c6e4b3489a3c7da3542d4a5X.jpg\" data-src=\"\/\/sc04.alicdn.com\/kf\/Hf9cabfe17c6e4b3489a3c7da3542d4a5X\/255148517\/Hf9cabfe17c6e4b3489a3c7da3542d4a5X.jpg\" \/><\/div>\n<div><img decoding=\"async\" src=\"\/\/sc04.alicdn.com\/kf\/H91a36315feda48d193ce3a2bb7626917u\/255148517\/H91a36315feda48d193ce3a2bb7626917u.jpg\" data-src=\"\/\/sc04.alicdn.com\/kf\/H91a36315feda48d193ce3a2bb7626917u\/255148517\/H91a36315feda48d193ce3a2bb7626917u.jpg\" \/><\/div>\n<div><img decoding=\"async\" src=\"\/\/sc04.alicdn.com\/kf\/H0da1ec85968b4918a9dc3aeefb9647bdL\/255148517\/H0da1ec85968b4918a9dc3aeefb9647bdL.jpg\" data-src=\"\/\/sc04.alicdn.com\/kf\/H0da1ec85968b4918a9dc3aeefb9647bdL\/255148517\/H0da1ec85968b4918a9dc3aeefb9647bdL.jpg\" \/><\/div>\n<div><img decoding=\"async\" src=\"\/\/sc04.alicdn.com\/kf\/H9756963b359740e4831f1ce3934c0dfde\/255148517\/H9756963b359740e4831f1ce3934c0dfde.jpg\" data-src=\"\/\/sc04.alicdn.com\/kf\/H9756963b359740e4831f1ce3934c0dfde\/255148517\/H9756963b359740e4831f1ce3934c0dfde.jpg\" \/><\/div>\n<\/div>\n<\/div>\n<div><\/div>\n<\/div>\n<\/div>","protected":false},"excerpt":{"rendered":"<p>Areal: 425*765*230 Stof: PVC+Bomuldsdug+ Polyesternet Ydertelt Vandt\u00e6t Indeks: &gt;3000 mm Bund Vandt\u00e6t Indeks: &gt;3000 mm Bygningstype: Konstruktion Baseret p\u00e5 behov Teltstil: R\u00f8rtype Teltp\u00e6l S\u00e6son: Fire-s\u00e6sonstelt Struktur: Et sovev\u00e6relse og en stue Produktnavn: Oppustelige campingtelt<\/p>\n<div class=\"read-more\"><a class=\"btn btn-fill-out\" href=\"https:\/\/uoogear.com\/da\/vare\/luxury-large-camp-family-air-camping-tube-tent-inflatable-camping-tent\/\">L\u00e6s mere<\/a><\/div>","protected":false},"featured_media":4552,"template":"","meta":[],"product_brand":[],"product_cat":[15],"product_tag":[],"class_list":{"0":"post-4553","1":"product","2":"type-product","3":"status-publish","4":"has-post-thumbnail","6":"product_cat-uncategorized","7":"tm-no-options","9":"first","10":"instock","11":"shipping-taxable","12":"purchasable","13":"product-type-variable"},"_links":{"self":[{"href":"https:\/\/uoogear.com\/da\/wp-json\/wp\/v2\/product\/4553","targetHints":{"allow":["GET"]}}],"collection":[{"href":"https:\/\/uoogear.com\/da\/wp-json\/wp\/v2\/product"}],"about":[{"href":"https:\/\/uoogear.com\/da\/wp-json\/wp\/v2\/types\/product"}],"wp:featuredmedia":[{"embeddable":true,"href":"https:\/\/uoogear.com\/da\/wp-json\/wp\/v2\/media\/4552"}],"wp:attachment":[{"href":"https:\/\/uoogear.com\/da\/wp-json\/wp\/v2\/media?parent=4553"}],"wp:term":[{"taxonomy":"product_brand","embeddable":true,"href":"https:\/\/uoogear.com\/da\/wp-json\/wp\/v2\/product_brand?post=4553"},{"taxonomy":"product_cat","embeddable":true,"href":"https:\/\/uoogear.com\/da\/wp-json\/wp\/v2\/product_cat?post=4553"},{"taxonomy":"product_tag","embeddable":true,"href":"https:\/\/uoogear.com\/da\/wp-json\/wp\/v2\/product_tag?post=4553"}],"curies":[{"name":"wp","href":"https:\/\/api.w.org\/{rel}","templated":true}]}}