{"id":4587,"date":"2023-11-14T02:07:44","date_gmt":"2023-11-14T02:07:44","guid":{"rendered":"https:\/\/uoogear.com\/product\/two-rooms-arab-inflatables-air-tent-outdoor-waterproof-inflatable-camping-tents\/"},"modified":"2023-11-30T02:40:29","modified_gmt":"2023-11-30T02:40:29","slug":"two-rooms-arab-inflatables-air-tent-outdoor-waterproof-inflatable-camping-tents","status":"publish","type":"product","link":"https:\/\/uoogear.com\/da\/vare\/two-rooms-arab-inflatables-air-tent-outdoor-waterproof-inflatable-camping-tents\/","title":{"rendered":"to rum arabiske oppustelige lufttelte udend\u00f8rs vandt\u00e6tte oppustelige campingtelte"},"content":{"rendered":"<ul>\n<li><strong>Areal : <\/strong> 3\u33a1-36m\u00b2<\/li>\n<li><strong>Stof: <\/strong> Polyester<\/li>\n<li><strong>Udvendigt telts vandt\u00e6t indeks: <\/strong> &gt;3000 mm<\/li>\n<li><strong>Nederste vandt\u00e6t indeks: <\/strong> &gt;3000 mm<\/li>\n<li><strong>Telt stil: <\/strong> Udvidet type<\/li>\n<li><strong>S\u00e6son: <\/strong> Fire-s\u00e6son telt<\/li>\n<li><strong>Struktur: <\/strong> Et sovev\u00e6relse og en stue<\/li>\n<li><strong>S\u00f8geord: <\/strong> Oppusteligt campingtelt<\/li>\n<li><strong>MOQ: <\/strong> 1 s\u00e6t<\/li>\n<li><strong>Tilbeh\u00f8r : <\/strong> h\u00e5ndpumpe, pl\u00f8kker, vindreb<\/li>\n<li><strong>Logo: <\/strong> tilpasset<\/li>\n<li><strong>St\u00f8rrelse: <\/strong> 3\u33a1-36m\u00b2<\/li>\n<li><strong>Materiale : <\/strong> polyester bomuld+pvc<\/li>\n<li><strong>OEM\/ODM: <\/strong> Acceptabel brugerdefineret<\/li>\n<li><strong>Kapacitet : <\/strong> 8+ personer<\/li>\n<li><strong>Produktnavn : <\/strong> Oppusteligt campingtelt<\/li>\n<li><strong>Funktion: <\/strong> Beskyttelse mod solregn<\/li>\n<\/ul>\n<div>\n<div data-magic-global=\"%7B%22bizId%22%3A2212793521237%2C%22pageId%22%3A21264043875%2C%22siteId%22%3A10003212050%7D\">\n<div>\n<div data-section=\"AliMagic-9pc9gb\" data-section-title=\"Products Description\">Produktbeskrivelse<\/div>\n<\/div>\n<div>\n<div>\n<div><img decoding=\"async\" src=\"\/\/sc04.alicdn.com\/kf\/He4c3298ed6eb4e39bb6b5339319bad064\/255148517\/He4c3298ed6eb4e39bb6b5339319bad064.jpg\" data-src=\"\/\/sc04.alicdn.com\/kf\/He4c3298ed6eb4e39bb6b5339319bad064\/255148517\/He4c3298ed6eb4e39bb6b5339319bad064.jpg\" \/><\/div>\n<div><img decoding=\"async\" src=\"\/\/sc04.alicdn.com\/kf\/Hb9f73be253b34358b75bcfd954e38b10I\/255148517\/Hb9f73be253b34358b75bcfd954e38b10I.jpg\" data-src=\"\/\/sc04.alicdn.com\/kf\/Hb9f73be253b34358b75bcfd954e38b10I\/255148517\/Hb9f73be253b34358b75bcfd954e38b10I.jpg\" \/><\/div>\n<div><img decoding=\"async\" src=\"\/\/sc04.alicdn.com\/kf\/Haa267fa913844c3fa1eed088e7d3f307T\/255148517\/Haa267fa913844c3fa1eed088e7d3f307T.jpg\" data-src=\"\/\/sc04.alicdn.com\/kf\/Haa267fa913844c3fa1eed088e7d3f307T\/255148517\/Haa267fa913844c3fa1eed088e7d3f307T.jpg\" \/><\/div>\n<div><img decoding=\"async\" src=\"\/\/sc04.alicdn.com\/kf\/H57b182cfc711464cbd92b3593e5d45f9o\/255148517\/H57b182cfc711464cbd92b3593e5d45f9o.jpg\" data-src=\"\/\/sc04.alicdn.com\/kf\/H57b182cfc711464cbd92b3593e5d45f9o\/255148517\/H57b182cfc711464cbd92b3593e5d45f9o.jpg\" \/><\/div>\n<div><img decoding=\"async\" src=\"\/\/sc04.alicdn.com\/kf\/Hd791823f62134271bc0090dce2af6524C\/255148517\/Hd791823f62134271bc0090dce2af6524C.jpg\" data-src=\"\/\/sc04.alicdn.com\/kf\/Hd791823f62134271bc0090dce2af6524C\/255148517\/Hd791823f62134271bc0090dce2af6524C.jpg\" \/><\/div>\n<div><img decoding=\"async\" src=\"\/\/sc04.alicdn.com\/kf\/H32545585c7004bd6808990c88d472837F\/255148517\/H32545585c7004bd6808990c88d472837F.jpg\" data-src=\"\/\/sc04.alicdn.com\/kf\/H32545585c7004bd6808990c88d472837F\/255148517\/H32545585c7004bd6808990c88d472837F.jpg\" \/><\/div>\n<\/div>\n<\/div>\n<div><\/div>\n<div>\n<div>\n<div>\n<div>\n<div><\/div>\n<\/div>\n<\/div>\n<\/div>\n<\/div>\n<\/div>\n<\/div>","protected":false},"excerpt":{"rendered":"<p>Areal: 3\u33a1-36m\u00b2 Stof: Polyester Ydertelt Vandt\u00e6t Indeks: &gt;3000 mm Bund Vandt\u00e6t Indeks: &gt;3000 mm Telt Stil: Udvidet Type S\u00e6son: Fire-s\u00e6son Telt Struktur: Et sovev\u00e6relse og en stue S\u00f8geord: Oppustelig campingtelt MOQ: 1 s\u00e6t tilbeh\u00f8r: h\u00e5ndpumpe, pl\u00f8kker, vindreb Logo: tilpasset st\u00f8rrelse:<\/p>\n<div class=\"read-more\"><a class=\"btn btn-fill-out\" href=\"https:\/\/uoogear.com\/da\/vare\/two-rooms-arab-inflatables-air-tent-outdoor-waterproof-inflatable-camping-tents\/\">L\u00e6s mere<\/a><\/div>","protected":false},"featured_media":4586,"template":"","meta":[],"product_brand":[],"product_cat":[15],"product_tag":[],"class_list":{"0":"post-4587","1":"product","2":"type-product","3":"status-publish","4":"has-post-thumbnail","6":"product_cat-uncategorized","7":"tm-no-options","9":"first","10":"instock","11":"shipping-taxable","12":"purchasable","13":"product-type-variable"},"_links":{"self":[{"href":"https:\/\/uoogear.com\/da\/wp-json\/wp\/v2\/product\/4587","targetHints":{"allow":["GET"]}}],"collection":[{"href":"https:\/\/uoogear.com\/da\/wp-json\/wp\/v2\/product"}],"about":[{"href":"https:\/\/uoogear.com\/da\/wp-json\/wp\/v2\/types\/product"}],"wp:featuredmedia":[{"embeddable":true,"href":"https:\/\/uoogear.com\/da\/wp-json\/wp\/v2\/media\/4586"}],"wp:attachment":[{"href":"https:\/\/uoogear.com\/da\/wp-json\/wp\/v2\/media?parent=4587"}],"wp:term":[{"taxonomy":"product_brand","embeddable":true,"href":"https:\/\/uoogear.com\/da\/wp-json\/wp\/v2\/product_brand?post=4587"},{"taxonomy":"product_cat","embeddable":true,"href":"https:\/\/uoogear.com\/da\/wp-json\/wp\/v2\/product_cat?post=4587"},{"taxonomy":"product_tag","embeddable":true,"href":"https:\/\/uoogear.com\/da\/wp-json\/wp\/v2\/product_tag?post=4587"}],"curies":[{"name":"wp","href":"https:\/\/api.w.org\/{rel}","templated":true}]}}