{"id":4615,"date":"2023-11-14T02:09:19","date_gmt":"2023-11-14T02:09:19","guid":{"rendered":"https:\/\/uoogear.com\/product\/custom-multi-persons-camping-tent-waterproof-inflatable-house-air-family-big-tent-outdoor-inflatable-camping-house-tent\/"},"modified":"2023-11-30T02:40:55","modified_gmt":"2023-11-30T02:40:55","slug":"custom-multi-persons-camping-tent-waterproof-inflatable-house-air-family-big-tent-outdoor-inflatable-camping-house-tent","status":"publish","type":"product","link":"https:\/\/uoogear.com\/da\/vare\/custom-multi-persons-camping-tent-waterproof-inflatable-house-air-family-big-tent-outdoor-inflatable-camping-house-tent\/","title":{"rendered":"brugerdefineret Multi Persons camping Telt Vandt\u00e6t Oppustelig Hus Luft Familie Stort Telt Udend\u00f8rs Oppustelig Camping Hus Telt"},"content":{"rendered":"<ul>\n<li><strong>Areal : <\/strong> 12.6\u33a1<\/li>\n<li><strong>Stof: <\/strong> Polyester<\/li>\n<li><strong>Udvendigt telts vandt\u00e6t indeks: <\/strong> &gt;3000 mm<\/li>\n<li><strong>Nederste vandt\u00e6t indeks: <\/strong> &gt;3000 mm<\/li>\n<li><strong>Telt stil: <\/strong> Udvidet type<\/li>\n<li><strong>S\u00e6son: <\/strong> Fire-s\u00e6son telt<\/li>\n<li><strong>Struktur: <\/strong> Et sovev\u00e6relse og en stue<\/li>\n<li><strong>S\u00f8geord: <\/strong> Oppusteligt campingtelt<\/li>\n<li><strong>MOQ: <\/strong> 1 s\u00e6t<\/li>\n<li><strong>Farve: <\/strong> Hvid (tilpasses farve)<\/li>\n<li><strong>Tilbeh\u00f8r : <\/strong> h\u00e5ndpumpe, pl\u00f8kker, vindreb<\/li>\n<li><strong>Logo: <\/strong> tilpasset<\/li>\n<li><strong>St\u00f8rrelse: <\/strong> 420*300*255 cm<\/li>\n<li><strong>Materiale : <\/strong> polyester bomuld+pvc<\/li>\n<li><strong>OEM\/ODM: <\/strong> Acceptabel brugerdefineret<\/li>\n<li><strong>Kapacitet : <\/strong> 8+ personer<\/li>\n<li><strong>Produktnavn : <\/strong> Oppusteligt campingtelt<\/li>\n<\/ul>\n<div>\n<div data-magic-global=\"%7B%22bizId%22%3A2212793521237%2C%22pageId%22%3A21254695489%2C%22siteId%22%3A10003212050%7D\">\n<div>\n<div data-section=\"AliMagic-a1hgaa\" data-section-title=\"Products Description\">Produktbeskrivelse<\/div>\n<\/div>\n<div>\n<div>\n<div><img decoding=\"async\" src=\"\/\/sc04.alicdn.com\/kf\/H45b829421df7429189feaf2c0aaedf1dM\/255148517\/H45b829421df7429189feaf2c0aaedf1dM.jpg\" data-src=\"\/\/sc04.alicdn.com\/kf\/H45b829421df7429189feaf2c0aaedf1dM\/255148517\/H45b829421df7429189feaf2c0aaedf1dM.jpg\" \/><\/div>\n<div><img decoding=\"async\" src=\"\/\/sc04.alicdn.com\/kf\/Ha86ce65a9e904bcfacdcd98f49d2e167p\/255148517\/Ha86ce65a9e904bcfacdcd98f49d2e167p.jpg\" data-src=\"\/\/sc04.alicdn.com\/kf\/Ha86ce65a9e904bcfacdcd98f49d2e167p\/255148517\/Ha86ce65a9e904bcfacdcd98f49d2e167p.jpg\" \/><\/div>\n<div><img decoding=\"async\" src=\"\/\/sc04.alicdn.com\/kf\/Hf438407597e24e21b9eb364593bf85338\/255148517\/Hf438407597e24e21b9eb364593bf85338.jpg\" data-src=\"\/\/sc04.alicdn.com\/kf\/Hf438407597e24e21b9eb364593bf85338\/255148517\/Hf438407597e24e21b9eb364593bf85338.jpg\" \/><\/div>\n<div><img decoding=\"async\" src=\"\/\/sc04.alicdn.com\/kf\/H7a4a30c313a748128d68a9af8dfda57fU\/255148517\/H7a4a30c313a748128d68a9af8dfda57fU.jpg\" data-src=\"\/\/sc04.alicdn.com\/kf\/H7a4a30c313a748128d68a9af8dfda57fU\/255148517\/H7a4a30c313a748128d68a9af8dfda57fU.jpg\" \/><\/div>\n<div><img decoding=\"async\" src=\"\/\/sc04.alicdn.com\/kf\/H91a270f4e9eb4fc1aec317f30d9efb0ei\/255148517\/H91a270f4e9eb4fc1aec317f30d9efb0ei.jpg\" data-src=\"\/\/sc04.alicdn.com\/kf\/H91a270f4e9eb4fc1aec317f30d9efb0ei\/255148517\/H91a270f4e9eb4fc1aec317f30d9efb0ei.jpg\" \/><\/div>\n<div><img decoding=\"async\" src=\"\/\/sc04.alicdn.com\/kf\/H67bca16355ac4c28a599cf5fa5728c13H\/255148517\/H67bca16355ac4c28a599cf5fa5728c13H.jpg\" data-src=\"\/\/sc04.alicdn.com\/kf\/H67bca16355ac4c28a599cf5fa5728c13H\/255148517\/H67bca16355ac4c28a599cf5fa5728c13H.jpg\" \/><\/div>\n<div><img decoding=\"async\" src=\"\/\/sc04.alicdn.com\/kf\/H3b4883ae004a4699a0e9c14c231d24f7A\/255148517\/H3b4883ae004a4699a0e9c14c231d24f7A.jpg\" data-src=\"\/\/sc04.alicdn.com\/kf\/H3b4883ae004a4699a0e9c14c231d24f7A\/255148517\/H3b4883ae004a4699a0e9c14c231d24f7A.jpg\" \/><\/div>\n<div><\/div>\n<div><\/div>\n<\/div>\n<\/div>\n<div><\/div>\n<\/div>\n<\/div>","protected":false},"excerpt":{"rendered":"<p>Areal: 12,6\u33a1 Stof: Polyester Ydertelt Vandt\u00e6t Indeks: &gt;3000 mm Bund Vandt\u00e6t Indeks: &gt;3000 mm Telt Stil: Udvidet Type S\u00e6son: Fire-s\u00e6son Telt Struktur: Et sovev\u00e6relse og en stue S\u00f8geord: Oppustelig campingtelt MOQ: 1 s\u00e6t Farve: Hvid (tilpasses farve) Tilbeh\u00f8r: h\u00e5ndpumpe, pl\u00f8kker, vindreb<\/p>\n<div class=\"read-more\"><a class=\"btn btn-fill-out\" href=\"https:\/\/uoogear.com\/da\/vare\/custom-multi-persons-camping-tent-waterproof-inflatable-house-air-family-big-tent-outdoor-inflatable-camping-house-tent\/\">L\u00e6s mere<\/a><\/div>","protected":false},"featured_media":4614,"template":"","meta":[],"product_brand":[],"product_cat":[15],"product_tag":[],"class_list":{"0":"post-4615","1":"product","2":"type-product","3":"status-publish","4":"has-post-thumbnail","6":"product_cat-uncategorized","7":"tm-no-options","9":"first","10":"instock","11":"shipping-taxable","12":"purchasable","13":"product-type-variable"},"_links":{"self":[{"href":"https:\/\/uoogear.com\/da\/wp-json\/wp\/v2\/product\/4615","targetHints":{"allow":["GET"]}}],"collection":[{"href":"https:\/\/uoogear.com\/da\/wp-json\/wp\/v2\/product"}],"about":[{"href":"https:\/\/uoogear.com\/da\/wp-json\/wp\/v2\/types\/product"}],"wp:featuredmedia":[{"embeddable":true,"href":"https:\/\/uoogear.com\/da\/wp-json\/wp\/v2\/media\/4614"}],"wp:attachment":[{"href":"https:\/\/uoogear.com\/da\/wp-json\/wp\/v2\/media?parent=4615"}],"wp:term":[{"taxonomy":"product_brand","embeddable":true,"href":"https:\/\/uoogear.com\/da\/wp-json\/wp\/v2\/product_brand?post=4615"},{"taxonomy":"product_cat","embeddable":true,"href":"https:\/\/uoogear.com\/da\/wp-json\/wp\/v2\/product_cat?post=4615"},{"taxonomy":"product_tag","embeddable":true,"href":"https:\/\/uoogear.com\/da\/wp-json\/wp\/v2\/product_tag?post=4615"}],"curies":[{"name":"wp","href":"https:\/\/api.w.org\/{rel}","templated":true}]}}