{"id":4632,"date":"2023-11-14T02:11:06","date_gmt":"2023-11-14T02:11:06","guid":{"rendered":"https:\/\/uoogear.com\/product\/family-tent-inflatable-camping-8-12-person-inflatable-tent-outdoor-camping\/"},"modified":"2023-11-30T02:27:55","modified_gmt":"2023-11-30T02:27:55","slug":"family-tent-inflatable-camping-8-12-person-inflatable-tent-outdoor-camping","status":"publish","type":"product","link":"https:\/\/uoogear.com\/da\/vare\/family-tent-inflatable-camping-8-12-person-inflatable-tent-outdoor-camping\/","title":{"rendered":"Familietelt oppustelig camping 8-12 personer oppusteligt telt udend\u00f8rs camping"},"content":{"rendered":"<ul>\n<li><strong>Stof: <\/strong> Oxford + PVC r\u00f8r<\/li>\n<li><strong>Udvendigt telts vandt\u00e6t indeks: <\/strong> &gt;3000 mm<\/li>\n<li><strong>Nederste vandt\u00e6t indeks: <\/strong> &gt;3000 mm<\/li>\n<li><strong>Bygningstype: <\/strong> Konstruktion baseret p\u00e5 behov<\/li>\n<li><strong>Telt stil: <\/strong> R\u00f8rtype teltp\u00e6l<\/li>\n<li><strong>S\u00e6son: <\/strong> Fire-s\u00e6son telt<\/li>\n<li><strong>Struktur: <\/strong> To sovev\u00e6relser og en stue<\/li>\n<li><strong>Produktnavn : <\/strong> lufttelt oppustelig camping udend\u00f8rs<\/li>\n<li><strong>Anvendelse: <\/strong> Udend\u00f8rs underholdning<\/li>\n<li><strong>Ans\u00f8gning : <\/strong> Udend\u00f8rs rejsecamping<\/li>\n<li><strong>MOQ: <\/strong> 1 styk<\/li>\n<li><strong>Materiale : <\/strong> Oxford + PVC r\u00f8r<\/li>\n<li><strong>Tilbeh\u00f8r : <\/strong> Pumpe+ b\u00e6retaske+ p\u00e6le+ reb<\/li>\n<li><strong>Funktion: <\/strong> Vandt\u00e6t<\/li>\n<li><strong>Logo: <\/strong> Tilpasset logo Accepter<\/li>\n<li><strong>Pol: <\/strong> Luftstang<\/li>\n<li><strong>St\u00f8rrelse: <\/strong> 12 kvadratmeter<\/li>\n<\/ul>\n<div>\n<div data-magic-global=\"%7B%22bizId%22%3A2212793521237%2C%22pageId%22%3A21251627521%2C%22siteId%22%3A10003212050%7D\">\n<div>\n<div data-section=\"AliMagic-z1j9c4\" data-section-title=\"Products Description\">Produktbeskrivelse<\/div>\n<\/div>\n<div>\n<div>\n<div><img decoding=\"async\" src=\"\/\/sc04.alicdn.com\/kf\/H9f93652591c8433bb72ee261d108b931h\/255148517\/H9f93652591c8433bb72ee261d108b931h.jpg\" data-src=\"\/\/sc04.alicdn.com\/kf\/H9f93652591c8433bb72ee261d108b931h\/255148517\/H9f93652591c8433bb72ee261d108b931h.jpg\" \/><\/div>\n<div><img decoding=\"async\" src=\"\/\/sc04.alicdn.com\/kf\/Hb755bbe945624176b347171e3ff87d7a0\/255148517\/Hb755bbe945624176b347171e3ff87d7a0.jpg\" data-src=\"\/\/sc04.alicdn.com\/kf\/Hb755bbe945624176b347171e3ff87d7a0\/255148517\/Hb755bbe945624176b347171e3ff87d7a0.jpg\" \/><\/div>\n<div><img decoding=\"async\" src=\"\/\/sc04.alicdn.com\/kf\/Hecfeb93c2d794f24b85275b4ab6a63805\/255148517\/Hecfeb93c2d794f24b85275b4ab6a63805.jpg\" data-src=\"\/\/sc04.alicdn.com\/kf\/Hecfeb93c2d794f24b85275b4ab6a63805\/255148517\/Hecfeb93c2d794f24b85275b4ab6a63805.jpg\" \/><\/div>\n<div><img decoding=\"async\" src=\"\/\/sc04.alicdn.com\/kf\/Hcbf44cef5c70412a9c22cbfbfbae4865P\/255148517\/Hcbf44cef5c70412a9c22cbfbfbae4865P.jpg\" data-src=\"\/\/sc04.alicdn.com\/kf\/Hcbf44cef5c70412a9c22cbfbfbae4865P\/255148517\/Hcbf44cef5c70412a9c22cbfbfbae4865P.jpg\" \/><\/div>\n<div><img decoding=\"async\" src=\"\/\/sc04.alicdn.com\/kf\/H3c248d01d6d544da89db2bbf223dd6f9W\/255148517\/H3c248d01d6d544da89db2bbf223dd6f9W.jpg\" data-src=\"\/\/sc04.alicdn.com\/kf\/H3c248d01d6d544da89db2bbf223dd6f9W\/255148517\/H3c248d01d6d544da89db2bbf223dd6f9W.jpg\" \/><\/div>\n<div><img decoding=\"async\" src=\"\/\/sc04.alicdn.com\/kf\/H33fe840adc304d7fb5758db1a09527628\/255148517\/H33fe840adc304d7fb5758db1a09527628.jpg\" data-src=\"\/\/sc04.alicdn.com\/kf\/H33fe840adc304d7fb5758db1a09527628\/255148517\/H33fe840adc304d7fb5758db1a09527628.jpg\" \/><\/div>\n<\/div>\n<\/div>\n<div><\/div>\n<div>\n<div>\n<div>\n<div>\n<div><\/div>\n<\/div>\n<\/div>\n<\/div>\n<\/div>\n<\/div>\n<\/div>","protected":false},"excerpt":{"rendered":"<p>Stof : Oxford + PVC Tube Ydertelt Vandt\u00e6t Indeks : &gt;3000 mm Vandt\u00e6t Bund Indeks : &gt;3000 mm Bygningstype : Konstruktion baseret p\u00e5 behov Teltstil : R\u00f8rtype Teltp\u00e6l S\u00e6son : Fire-s\u00e6son Teltstruktur : To sovev\u00e6relser &amp; en stue Produkt navn: lufttelt oppustelig camping udend\u00f8rs Anvendelse: Udend\u00f8rs<\/p>\n<div class=\"read-more\"><a class=\"btn btn-fill-out\" href=\"https:\/\/uoogear.com\/da\/vare\/family-tent-inflatable-camping-8-12-person-inflatable-tent-outdoor-camping\/\">L\u00e6s mere<\/a><\/div>","protected":false},"featured_media":4630,"template":"","meta":[],"product_brand":[],"product_cat":[15],"product_tag":[],"class_list":{"0":"post-4632","1":"product","2":"type-product","3":"status-publish","4":"has-post-thumbnail","6":"product_cat-uncategorized","7":"tm-no-options","9":"first","10":"instock","11":"shipping-taxable","12":"purchasable","13":"product-type-variable"},"_links":{"self":[{"href":"https:\/\/uoogear.com\/da\/wp-json\/wp\/v2\/product\/4632","targetHints":{"allow":["GET"]}}],"collection":[{"href":"https:\/\/uoogear.com\/da\/wp-json\/wp\/v2\/product"}],"about":[{"href":"https:\/\/uoogear.com\/da\/wp-json\/wp\/v2\/types\/product"}],"wp:featuredmedia":[{"embeddable":true,"href":"https:\/\/uoogear.com\/da\/wp-json\/wp\/v2\/media\/4630"}],"wp:attachment":[{"href":"https:\/\/uoogear.com\/da\/wp-json\/wp\/v2\/media?parent=4632"}],"wp:term":[{"taxonomy":"product_brand","embeddable":true,"href":"https:\/\/uoogear.com\/da\/wp-json\/wp\/v2\/product_brand?post=4632"},{"taxonomy":"product_cat","embeddable":true,"href":"https:\/\/uoogear.com\/da\/wp-json\/wp\/v2\/product_cat?post=4632"},{"taxonomy":"product_tag","embeddable":true,"href":"https:\/\/uoogear.com\/da\/wp-json\/wp\/v2\/product_tag?post=4632"}],"curies":[{"name":"wp","href":"https:\/\/api.w.org\/{rel}","templated":true}]}}