{"id":4640,"date":"2023-11-14T02:11:42","date_gmt":"2023-11-14T02:11:42","guid":{"rendered":"https:\/\/uoogear.com\/product\/air-tube-outdoor-tent-house-thickened-large-luxury-inflatable-camping-tent-with-sun-and-rain-protection-house-tent-5-8-people\/"},"modified":"2023-11-30T02:54:24","modified_gmt":"2023-11-30T02:54:24","slug":"air-tube-outdoor-tent-house-thickened-large-luxury-inflatable-camping-tent-with-sun-and-rain-protection-house-tent-5-8-people","status":"publish","type":"product","link":"https:\/\/uoogear.com\/da\/vare\/air-tube-outdoor-tent-house-thickened-large-luxury-inflatable-camping-tent-with-sun-and-rain-protection-house-tent-5-8-people\/","title":{"rendered":"Luftr\u00f8r udend\u00f8rs telthus fortykket stort luksus oppusteligt campingtelt med sol- og regnbeskyttelseshustelt 5-8 personer"},"content":{"rendered":"<ul>\n<li><strong>Areal : <\/strong> 300*210<\/li>\n<li><strong>Stof: <\/strong> PVC+Bomuldsklud+ Polyesternet<\/li>\n<li><strong>Udvendigt telts vandt\u00e6t indeks: <\/strong> &gt;3000 mm<\/li>\n<li><strong>Nederste vandt\u00e6t indeks: <\/strong> &gt;3000 mm<\/li>\n<li><strong>Bygningstype: <\/strong> Hurtig automatisk \u00e5bning<\/li>\n<li><strong>Telt stil: <\/strong> R\u00f8rtype teltp\u00e6l<\/li>\n<li><strong>S\u00e6son: <\/strong> Fire-s\u00e6son telt<\/li>\n<li><strong>Struktur: <\/strong> To sovev\u00e6relser og en stue<\/li>\n<li><strong>Produktnavn : <\/strong> Oppusteligt campingtelt<\/li>\n<li><strong>Anvendelse: <\/strong> Udend\u00f8rs underholdning<\/li>\n<li><strong>Stil: <\/strong> Moderne<\/li>\n<li><strong>Farve: <\/strong> Gylden sand farve<\/li>\n<li><strong>Ans\u00f8gning : <\/strong> Udend\u00f8rs rejsecamping<\/li>\n<li><strong>MOQ: <\/strong> 1 styk<\/li>\n<li><strong>Materiale : <\/strong> PVC<\/li>\n<li><strong>Tilbeh\u00f8r : <\/strong> Pumpe+ b\u00e6retaske+ p\u00e6le+ reb<\/li>\n<li><strong>Funktion: <\/strong> Vandt\u00e6t<\/li>\n<li><strong>S\u00f8geord: <\/strong> Lufttelt camping<\/li>\n<\/ul>\n<div>\n<div data-magic-global=\"%7B%22bizId%22%3A2212793521237%2C%22pageId%22%3A21238606057%2C%22siteId%22%3A10003212050%7D\">\n<div>\n<div data-section=\"AliMagic-sw9w4v\" data-section-title=\"Products Description\">Produktbeskrivelse<\/div>\n<\/div>\n<div>\n<div>\n<div><img decoding=\"async\" src=\"\/\/sc04.alicdn.com\/kf\/H06244c93f23646709f49ef10c932ef33k\/255148517\/H06244c93f23646709f49ef10c932ef33k.jpg\" data-src=\"\/\/sc04.alicdn.com\/kf\/H06244c93f23646709f49ef10c932ef33k\/255148517\/H06244c93f23646709f49ef10c932ef33k.jpg\" \/><\/div>\n<div><img decoding=\"async\" src=\"\/\/sc04.alicdn.com\/kf\/H23b90ba542404970ae8a9afd66e8be2c2\/255148517\/H23b90ba542404970ae8a9afd66e8be2c2.jpg\" data-src=\"\/\/sc04.alicdn.com\/kf\/H23b90ba542404970ae8a9afd66e8be2c2\/255148517\/H23b90ba542404970ae8a9afd66e8be2c2.jpg\" \/><\/div>\n<div><img decoding=\"async\" src=\"\/\/sc04.alicdn.com\/kf\/H0790707e7b82488c962b149dc65894653\/255148517\/H0790707e7b82488c962b149dc65894653.jpg\" data-src=\"\/\/sc04.alicdn.com\/kf\/H0790707e7b82488c962b149dc65894653\/255148517\/H0790707e7b82488c962b149dc65894653.jpg\" \/><\/div>\n<div><img decoding=\"async\" src=\"\/\/sc04.alicdn.com\/kf\/He9b35c7be9684d3a887c81b7fcd49469L\/255148517\/He9b35c7be9684d3a887c81b7fcd49469L.jpg\" data-src=\"\/\/sc04.alicdn.com\/kf\/He9b35c7be9684d3a887c81b7fcd49469L\/255148517\/He9b35c7be9684d3a887c81b7fcd49469L.jpg\" \/><\/div>\n<div><img decoding=\"async\" src=\"\/\/sc04.alicdn.com\/kf\/Hf611cc01ff934bd88851633989c47d4dQ\/255148517\/Hf611cc01ff934bd88851633989c47d4dQ.jpg\" data-src=\"\/\/sc04.alicdn.com\/kf\/Hf611cc01ff934bd88851633989c47d4dQ\/255148517\/Hf611cc01ff934bd88851633989c47d4dQ.jpg\" \/><\/div>\n<div><img decoding=\"async\" src=\"\/\/sc04.alicdn.com\/kf\/H09c831a4acdc4ca0ba41d1c15a99f583v\/255148517\/H09c831a4acdc4ca0ba41d1c15a99f583v.jpg\" data-src=\"\/\/sc04.alicdn.com\/kf\/H09c831a4acdc4ca0ba41d1c15a99f583v\/255148517\/H09c831a4acdc4ca0ba41d1c15a99f583v.jpg\" \/><\/div>\n<div><img decoding=\"async\" src=\"\/\/sc04.alicdn.com\/kf\/Hcf417f3199b64eada64d0b6c264b511eZ\/255148517\/Hcf417f3199b64eada64d0b6c264b511eZ.jpg\" data-src=\"\/\/sc04.alicdn.com\/kf\/Hcf417f3199b64eada64d0b6c264b511eZ\/255148517\/Hcf417f3199b64eada64d0b6c264b511eZ.jpg\" \/><\/div>\n<div><img decoding=\"async\" src=\"\/\/sc04.alicdn.com\/kf\/H361f5a78ed5348abb04698aa25bbe5dcW\/255148517\/H361f5a78ed5348abb04698aa25bbe5dcW.jpg\" data-src=\"\/\/sc04.alicdn.com\/kf\/H361f5a78ed5348abb04698aa25bbe5dcW\/255148517\/H361f5a78ed5348abb04698aa25bbe5dcW.jpg\" \/><\/div>\n<\/div>\n<\/div>\n<div><\/div>\n<div>\n<div>\n<div>\n<div>\n<div><\/div>\n<\/div>\n<\/div>\n<\/div>\n<\/div>\n<\/div>\n<\/div>","protected":false},"excerpt":{"rendered":"<p>Areal: 300*210 Stof: PVC+bomuldsdug+ Polyesternet Ydertelt Vandt\u00e6t Indeks: &gt;3000 mm Vandt\u00e6t bundindeks: &gt;3000 mm Bygningstype: Hurtig automatisk \u00e5bning Teltstil: R\u00f8rtype Teltp\u00e6l S\u00e6son: Fire-s\u00e6son Teltstruktur: To Sovev\u00e6relser &amp; en stue Produktnavn: Oppustelige campingtelt Anvendelse:<\/p>\n<div class=\"read-more\"><a class=\"btn btn-fill-out\" href=\"https:\/\/uoogear.com\/da\/vare\/air-tube-outdoor-tent-house-thickened-large-luxury-inflatable-camping-tent-with-sun-and-rain-protection-house-tent-5-8-people\/\">L\u00e6s mere<\/a><\/div>","protected":false},"featured_media":4639,"template":"","meta":[],"product_brand":[],"product_cat":[15],"product_tag":[],"class_list":{"0":"post-4640","1":"product","2":"type-product","3":"status-publish","4":"has-post-thumbnail","6":"product_cat-uncategorized","7":"tm-no-options","9":"first","10":"instock","11":"shipping-taxable","12":"purchasable","13":"product-type-variable"},"_links":{"self":[{"href":"https:\/\/uoogear.com\/da\/wp-json\/wp\/v2\/product\/4640","targetHints":{"allow":["GET"]}}],"collection":[{"href":"https:\/\/uoogear.com\/da\/wp-json\/wp\/v2\/product"}],"about":[{"href":"https:\/\/uoogear.com\/da\/wp-json\/wp\/v2\/types\/product"}],"wp:featuredmedia":[{"embeddable":true,"href":"https:\/\/uoogear.com\/da\/wp-json\/wp\/v2\/media\/4639"}],"wp:attachment":[{"href":"https:\/\/uoogear.com\/da\/wp-json\/wp\/v2\/media?parent=4640"}],"wp:term":[{"taxonomy":"product_brand","embeddable":true,"href":"https:\/\/uoogear.com\/da\/wp-json\/wp\/v2\/product_brand?post=4640"},{"taxonomy":"product_cat","embeddable":true,"href":"https:\/\/uoogear.com\/da\/wp-json\/wp\/v2\/product_cat?post=4640"},{"taxonomy":"product_tag","embeddable":true,"href":"https:\/\/uoogear.com\/da\/wp-json\/wp\/v2\/product_tag?post=4640"}],"curies":[{"name":"wp","href":"https:\/\/api.w.org\/{rel}","templated":true}]}}