{"id":4649,"date":"2023-11-14T02:12:27","date_gmt":"2023-11-14T02:12:27","guid":{"rendered":"https:\/\/uoogear.com\/product\/factory-price-outdoor-waterproof-inflatable-glamping-tents-air-tent-inflatable-camping-tent\/"},"modified":"2023-11-30T02:54:05","modified_gmt":"2023-11-30T02:54:05","slug":"factory-price-outdoor-waterproof-inflatable-glamping-tents-air-tent-inflatable-camping-tent","status":"publish","type":"product","link":"https:\/\/uoogear.com\/da\/vare\/factory-price-outdoor-waterproof-inflatable-glamping-tents-air-tent-inflatable-camping-tent\/","title":{"rendered":"Fabrikspris Udend\u00f8rs Vandt\u00e6t oppustelige Glamping Telte Lufttelt Oppusteligt Campingtelt"},"content":{"rendered":"<ul>\n<li><strong>Areal : <\/strong> 300*210*200<\/li>\n<li><strong>Stof: <\/strong> Oxford + PVC r\u00f8r<\/li>\n<li><strong>Udvendigt telts vandt\u00e6t indeks: <\/strong> &gt;3000 mm<\/li>\n<li><strong>Nederste vandt\u00e6t indeks: <\/strong> &gt;3000 mm<\/li>\n<li><strong>Bygningstype: <\/strong> Konstruktion baseret p\u00e5 behov<\/li>\n<li><strong>Telt stil: <\/strong> R\u00f8rtype teltp\u00e6l<\/li>\n<li><strong>S\u00e6son: <\/strong> Fire-s\u00e6son telt<\/li>\n<li><strong>Struktur: <\/strong> Et sovev\u00e6relse og en stue<\/li>\n<li><strong>Produktnavn : <\/strong> Oppusteligt campingtelt<\/li>\n<li><strong>Anvendelse: <\/strong> Udend\u00f8rs underholdning<\/li>\n<li><strong>Ans\u00f8gning : <\/strong> Udend\u00f8rs rejsecamping<\/li>\n<li><strong>St\u00f8rrelse: <\/strong> 300*210*200<\/li>\n<li><strong>MOQ: <\/strong> 1 styk<\/li>\n<li><strong>Materiale : <\/strong> Oxford + PVC r\u00f8r<\/li>\n<li><strong>Tilbeh\u00f8r : <\/strong> Pumpe+ b\u00e6retaske+ p\u00e6le+ reb<\/li>\n<li><strong>Funktion: <\/strong> Vandt\u00e6t<\/li>\n<li><strong>Logo: <\/strong> Tilpasset logo Accepter<\/li>\n<li><strong>Pol: <\/strong> Luftstang<\/li>\n<\/ul>\n<div>\n<div data-magic-global=\"%7B%22bizId%22%3A2212793521237%2C%22pageId%22%3A21190932921%2C%22siteId%22%3A10003212050%7D\">\n<div>\n<div data-section=\"AliMagic-1j5ai1\" data-section-title=\"Products Description\">Produktbeskrivelse<\/div>\n<\/div>\n<div>\n<div>\n<div><img decoding=\"async\" src=\"\/\/sc04.alicdn.com\/kf\/H8acc636776d54a4db8d801ddd99a3fd5R\/255148517\/H8acc636776d54a4db8d801ddd99a3fd5R.jpg\" data-src=\"\/\/sc04.alicdn.com\/kf\/H8acc636776d54a4db8d801ddd99a3fd5R\/255148517\/H8acc636776d54a4db8d801ddd99a3fd5R.jpg\" \/><\/div>\n<div><img decoding=\"async\" src=\"\/\/sc04.alicdn.com\/kf\/H8ec188c83b96483f9fbaf685d7bc7fe1I\/255148517\/H8ec188c83b96483f9fbaf685d7bc7fe1I.jpg\" data-src=\"\/\/sc04.alicdn.com\/kf\/H8ec188c83b96483f9fbaf685d7bc7fe1I\/255148517\/H8ec188c83b96483f9fbaf685d7bc7fe1I.jpg\" \/><\/div>\n<div><img decoding=\"async\" src=\"\/\/sc04.alicdn.com\/kf\/H982dbf063cc145979b94090d0edd35860\/255148517\/H982dbf063cc145979b94090d0edd35860.jpg\" data-src=\"\/\/sc04.alicdn.com\/kf\/H982dbf063cc145979b94090d0edd35860\/255148517\/H982dbf063cc145979b94090d0edd35860.jpg\" \/><\/div>\n<div><img decoding=\"async\" src=\"\/\/sc04.alicdn.com\/kf\/H87ed69d73ee0441893570a4b36096b0fD\/255148517\/H87ed69d73ee0441893570a4b36096b0fD.jpg\" data-src=\"\/\/sc04.alicdn.com\/kf\/H87ed69d73ee0441893570a4b36096b0fD\/255148517\/H87ed69d73ee0441893570a4b36096b0fD.jpg\" \/><\/div>\n<div><img decoding=\"async\" src=\"\/\/sc04.alicdn.com\/kf\/H9a27e33591dc4f3a915df9e02ccf989bk\/255148517\/H9a27e33591dc4f3a915df9e02ccf989bk.jpg\" data-src=\"\/\/sc04.alicdn.com\/kf\/H9a27e33591dc4f3a915df9e02ccf989bk\/255148517\/H9a27e33591dc4f3a915df9e02ccf989bk.jpg\" \/><\/div>\n<div><img decoding=\"async\" src=\"\/\/sc04.alicdn.com\/kf\/Hd192c14ec4e94d2ab78785ab09d480aaP\/255148517\/Hd192c14ec4e94d2ab78785ab09d480aaP.jpg\" data-src=\"\/\/sc04.alicdn.com\/kf\/Hd192c14ec4e94d2ab78785ab09d480aaP\/255148517\/Hd192c14ec4e94d2ab78785ab09d480aaP.jpg\" \/><\/div>\n<div><img decoding=\"async\" src=\"\/\/sc04.alicdn.com\/kf\/Hf55c29374e44478db53923ddb0d1d95bn\/255148517\/Hf55c29374e44478db53923ddb0d1d95bn.jpg\" data-src=\"\/\/sc04.alicdn.com\/kf\/Hf55c29374e44478db53923ddb0d1d95bn\/255148517\/Hf55c29374e44478db53923ddb0d1d95bn.jpg\" \/><\/div>\n<div><img decoding=\"async\" src=\"\/\/sc04.alicdn.com\/kf\/H78152f2f5f2744aeafe44263694d4430R\/255148517\/H78152f2f5f2744aeafe44263694d4430R.jpg\" data-src=\"\/\/sc04.alicdn.com\/kf\/H78152f2f5f2744aeafe44263694d4430R\/255148517\/H78152f2f5f2744aeafe44263694d4430R.jpg\" \/><\/div>\n<div><img decoding=\"async\" src=\"\/\/sc04.alicdn.com\/kf\/H37ced19d4cda450aaa56ff7ac9fe961ee\/255148517\/H37ced19d4cda450aaa56ff7ac9fe961ee.jpg\" data-src=\"\/\/sc04.alicdn.com\/kf\/H37ced19d4cda450aaa56ff7ac9fe961ee\/255148517\/H37ced19d4cda450aaa56ff7ac9fe961ee.jpg\" \/><\/div>\n<\/div>\n<\/div>\n<div><\/div>\n<div>\n<div>\n<div>\n<div>\n<div><\/div>\n<\/div>\n<\/div>\n<\/div>\n<\/div>\n<\/div>\n<\/div>","protected":false},"excerpt":{"rendered":"<p>Areal : 300*210*200 Stof : Oxford + PVC Tube Ydertelt Vandt\u00e6t Indeks : &gt;3000 mm Vandt\u00e6t bundindeks : &gt;3000 mm Bygningstype : Konstruktion Baseret p\u00e5 behov Teltstil : R\u00f8rtype Teltp\u00e6l S\u00e6son : Fire-s\u00e6sons teltstruktur: Et sovev\u00e6relse og en stue Produktnavn: Oppustelige campingtelt Anvendelse:<\/p>\n<div class=\"read-more\"><a class=\"btn btn-fill-out\" href=\"https:\/\/uoogear.com\/da\/vare\/factory-price-outdoor-waterproof-inflatable-glamping-tents-air-tent-inflatable-camping-tent\/\">L\u00e6s mere<\/a><\/div>","protected":false},"featured_media":4648,"template":"","meta":[],"product_brand":[],"product_cat":[15],"product_tag":[],"class_list":{"0":"post-4649","1":"product","2":"type-product","3":"status-publish","4":"has-post-thumbnail","6":"product_cat-uncategorized","7":"tm-no-options","9":"first","10":"instock","11":"shipping-taxable","12":"purchasable","13":"product-type-variable"},"_links":{"self":[{"href":"https:\/\/uoogear.com\/da\/wp-json\/wp\/v2\/product\/4649","targetHints":{"allow":["GET"]}}],"collection":[{"href":"https:\/\/uoogear.com\/da\/wp-json\/wp\/v2\/product"}],"about":[{"href":"https:\/\/uoogear.com\/da\/wp-json\/wp\/v2\/types\/product"}],"wp:featuredmedia":[{"embeddable":true,"href":"https:\/\/uoogear.com\/da\/wp-json\/wp\/v2\/media\/4648"}],"wp:attachment":[{"href":"https:\/\/uoogear.com\/da\/wp-json\/wp\/v2\/media?parent=4649"}],"wp:term":[{"taxonomy":"product_brand","embeddable":true,"href":"https:\/\/uoogear.com\/da\/wp-json\/wp\/v2\/product_brand?post=4649"},{"taxonomy":"product_cat","embeddable":true,"href":"https:\/\/uoogear.com\/da\/wp-json\/wp\/v2\/product_cat?post=4649"},{"taxonomy":"product_tag","embeddable":true,"href":"https:\/\/uoogear.com\/da\/wp-json\/wp\/v2\/product_tag?post=4649"}],"curies":[{"name":"wp","href":"https:\/\/api.w.org\/{rel}","templated":true}]}}