{"id":4658,"date":"2023-11-14T02:13:06","date_gmt":"2023-11-14T02:13:06","guid":{"rendered":"https:\/\/uoogear.com\/product\/good-quality-outdoor-oxford-waterproof-family-travel-camping-tent-inflatable-house-tent\/"},"modified":"2023-11-30T02:53:50","modified_gmt":"2023-11-30T02:53:50","slug":"good-quality-outdoor-oxford-waterproof-family-travel-camping-tent-inflatable-house-tent","status":"publish","type":"product","link":"https:\/\/uoogear.com\/da\/vare\/good-quality-outdoor-oxford-waterproof-family-travel-camping-tent-inflatable-house-tent\/","title":{"rendered":"God kvalitet udend\u00f8rs Oxford vandt\u00e6t familierejsecampingtelt oppusteligt hustelt"},"content":{"rendered":"<ul>\n<li><strong>Model nummer : <\/strong> B08<\/li>\n<li><strong>Stof: <\/strong> Oxford<\/li>\n<li><strong>Udvendigt telts vandt\u00e6t indeks: <\/strong> &gt;3000 mm<\/li>\n<li><strong>Nederste vandt\u00e6t indeks: <\/strong> &gt;3000 mm<\/li>\n<li><strong>Bygningstype: <\/strong> Hurtig automatisk \u00e5bning<\/li>\n<li><strong>Telt stil: <\/strong> R\u00f8rtype teltp\u00e6l<\/li>\n<li><strong>S\u00e6son: <\/strong> Fire-s\u00e6son telt<\/li>\n<li><strong>Struktur: <\/strong> Et sovev\u00e6relse og en stue<\/li>\n<li><strong>Produktnavn : <\/strong> Oppusteligt campingtelt<\/li>\n<li><strong>Anvendelse: <\/strong> Udend\u00f8rs underholdning<\/li>\n<li><strong>Stil: <\/strong> Moderne<\/li>\n<li><strong>Farve: <\/strong> Tilpasset farve<\/li>\n<li><strong>Ans\u00f8gning : <\/strong> Udend\u00f8rs rejsecamping<\/li>\n<li><strong>St\u00f8rrelse: <\/strong> Tilpasset st\u00f8rrelse<\/li>\n<li><strong>MOQ: <\/strong> 1 styk<\/li>\n<li><strong>Materiale : <\/strong> Oxford<\/li>\n<li><strong>Tilbeh\u00f8r : <\/strong> Pumpe+ b\u00e6retaske+ p\u00e6le+ reb<\/li>\n<li><strong>Funktion: <\/strong> Vandt\u00e6t<\/li>\n<\/ul>\n<div>\n<div data-magic-global=\"%7B%22bizId%22%3A2212793521237%2C%22pageId%22%3A21234350211%2C%22siteId%22%3A10003212050%7D\">\n<div>\n<div data-section=\"AliMagic-51uxhm\" data-section-title=\"Products Description\">Produktbeskrivelse<\/div>\n<\/div>\n<div>\n<div>\n<div><img decoding=\"async\" src=\"\/\/sc04.alicdn.com\/kf\/H0255d4cecc2c48acae9d1fca255f949dI\/255148517\/H0255d4cecc2c48acae9d1fca255f949dI.jpg\" data-src=\"\/\/sc04.alicdn.com\/kf\/H0255d4cecc2c48acae9d1fca255f949dI\/255148517\/H0255d4cecc2c48acae9d1fca255f949dI.jpg\" \/><\/div>\n<div><img decoding=\"async\" src=\"\/\/sc04.alicdn.com\/kf\/H71b50e6a116a4654bff0faab52b7b8cbh\/255148517\/H71b50e6a116a4654bff0faab52b7b8cbh.jpg\" data-src=\"\/\/sc04.alicdn.com\/kf\/H71b50e6a116a4654bff0faab52b7b8cbh\/255148517\/H71b50e6a116a4654bff0faab52b7b8cbh.jpg\" \/><\/div>\n<\/div>\n<\/div>\n<div><\/div>\n<div>\n<div>\n<div>\n<div>\n<div><\/div>\n<\/div>\n<\/div>\n<\/div>\n<\/div>\n<\/div>\n<\/div>","protected":false},"excerpt":{"rendered":"<p>Modelnummer : B08 Stof : Oxford Ydertelt Vandt\u00e6t Indeks : &gt;3000 mm Vandt\u00e6t bundindeks : &gt;3000 mm Bygningstype : Hurtig automatisk \u00e5bning Teltstil : R\u00f8rtype Teltp\u00e6l S\u00e6son : Fire-s\u00e6sons teltstruktur : Et sovev\u00e6relse og en stue Produkt navn: Oppustelig campingtelt Anvendelse: Udend\u00f8rs underholdning<\/p>\n<div class=\"read-more\"><a class=\"btn btn-fill-out\" href=\"https:\/\/uoogear.com\/da\/vare\/good-quality-outdoor-oxford-waterproof-family-travel-camping-tent-inflatable-house-tent\/\">L\u00e6s mere<\/a><\/div>","protected":false},"featured_media":4657,"template":"","meta":[],"product_brand":[],"product_cat":[15],"product_tag":[],"class_list":{"0":"post-4658","1":"product","2":"type-product","3":"status-publish","4":"has-post-thumbnail","6":"product_cat-uncategorized","7":"tm-no-options","9":"first","10":"instock","11":"shipping-taxable","12":"purchasable","13":"product-type-variable"},"_links":{"self":[{"href":"https:\/\/uoogear.com\/da\/wp-json\/wp\/v2\/product\/4658","targetHints":{"allow":["GET"]}}],"collection":[{"href":"https:\/\/uoogear.com\/da\/wp-json\/wp\/v2\/product"}],"about":[{"href":"https:\/\/uoogear.com\/da\/wp-json\/wp\/v2\/types\/product"}],"wp:featuredmedia":[{"embeddable":true,"href":"https:\/\/uoogear.com\/da\/wp-json\/wp\/v2\/media\/4657"}],"wp:attachment":[{"href":"https:\/\/uoogear.com\/da\/wp-json\/wp\/v2\/media?parent=4658"}],"wp:term":[{"taxonomy":"product_brand","embeddable":true,"href":"https:\/\/uoogear.com\/da\/wp-json\/wp\/v2\/product_brand?post=4658"},{"taxonomy":"product_cat","embeddable":true,"href":"https:\/\/uoogear.com\/da\/wp-json\/wp\/v2\/product_cat?post=4658"},{"taxonomy":"product_tag","embeddable":true,"href":"https:\/\/uoogear.com\/da\/wp-json\/wp\/v2\/product_tag?post=4658"}],"curies":[{"name":"wp","href":"https:\/\/api.w.org\/{rel}","templated":true}]}}