{"id":4676,"date":"2023-11-14T02:14:26","date_gmt":"2023-11-14T02:14:26","guid":{"rendered":"https:\/\/uoogear.com\/product\/waterproof-inflatable-house-air-tent-outdoor-inflatable-camping-tent\/"},"modified":"2023-11-30T02:53:16","modified_gmt":"2023-11-30T02:53:16","slug":"waterproof-inflatable-house-air-tent-outdoor-inflatable-camping-tent","status":"publish","type":"product","link":"https:\/\/uoogear.com\/da\/vare\/waterproof-inflatable-house-air-tent-outdoor-inflatable-camping-tent\/","title":{"rendered":"Vandt\u00e6t oppusteligt huslufttelt Udend\u00f8rs oppusteligt campingtelt"},"content":{"rendered":"<ul>\n<li><strong>Model nummer : <\/strong> B12<\/li>\n<li><strong>Stof: <\/strong> PVC, 100%Polysester<\/li>\n<li><strong>Udvendigt telts vandt\u00e6t indeks: <\/strong> &gt;3000 mm<\/li>\n<li><strong>Nederste vandt\u00e6t indeks: <\/strong> &gt;3000 mm<\/li>\n<li><strong>Bygningstype: <\/strong> Hurtig automatisk \u00e5bning, hurtig \u00e5bning<\/li>\n<li><strong>Telt stil: <\/strong> Lige afstivningstype<\/li>\n<li><strong>S\u00e6son: <\/strong> 4-s\u00e6sonstelt, sommertelt, 4-s\u00e6sonstelt<\/li>\n<li><strong>Struktur: <\/strong> Et sovev\u00e6relse<\/li>\n<li><strong>Produktnavn : <\/strong> Oppustelige campingtelte<\/li>\n<li><strong>Ans\u00f8ger: <\/strong> Udend\u00f8rs aktiviteter<\/li>\n<li><strong>Logo: <\/strong> Accepter tilpasset logo<\/li>\n<li><strong>MOQ: <\/strong> 1 styk<\/li>\n<li><strong>Materiale : <\/strong> 100% Polysester stof<\/li>\n<li><strong>Pakning: <\/strong> St\u00e6rk karton<\/li>\n<li><strong>Tilbeh\u00f8r : <\/strong> Pl\u00f8kker+reb<\/li>\n<\/ul>\n<div>\n<div data-magic-global=\"%7B%22bizId%22%3A2212793521237%2C%22pageId%22%3A21239893411%2C%22siteId%22%3A10003212050%7D\">\n<div>\n<div data-section=\"AliMagic-1pfbhp\" data-section-title=\"Products Description\">Produktbeskrivelse<\/div>\n<\/div>\n<div>\n<div><img decoding=\"async\" src=\"\/\/sc04.alicdn.com\/kf\/H39acda60763541bb882c0675a549caa5d\/255148517\/H39acda60763541bb882c0675a549caa5d.jpg\" data-src=\"\/\/sc04.alicdn.com\/kf\/H39acda60763541bb882c0675a549caa5d\/255148517\/H39acda60763541bb882c0675a549caa5d.jpg\" \/><\/div>\n<div><img decoding=\"async\" src=\"\/\/sc04.alicdn.com\/kf\/Hda248840036e434fa64310eda118d15f8\/255148517\/Hda248840036e434fa64310eda118d15f8.jpg\" data-src=\"\/\/sc04.alicdn.com\/kf\/Hda248840036e434fa64310eda118d15f8\/255148517\/Hda248840036e434fa64310eda118d15f8.jpg\" \/><\/div>\n<div><img decoding=\"async\" src=\"\/\/sc04.alicdn.com\/kf\/H88ba3936ae6c49d4891449f196e780ffi\/255148517\/H88ba3936ae6c49d4891449f196e780ffi.jpg\" data-src=\"\/\/sc04.alicdn.com\/kf\/H88ba3936ae6c49d4891449f196e780ffi\/255148517\/H88ba3936ae6c49d4891449f196e780ffi.jpg\" \/><\/div>\n<div><img decoding=\"async\" src=\"\/\/sc04.alicdn.com\/kf\/Hc0e6bf39ce6d402691b9663c8f892d58N\/255148517\/Hc0e6bf39ce6d402691b9663c8f892d58N.jpg\" data-src=\"\/\/sc04.alicdn.com\/kf\/Hc0e6bf39ce6d402691b9663c8f892d58N\/255148517\/Hc0e6bf39ce6d402691b9663c8f892d58N.jpg\" \/><\/div>\n<\/div>\n<div>\n<div>\n<div>\n<div>\n<div><\/div>\n<\/div>\n<\/div>\n<\/div>\n<\/div>\n<\/div>\n<\/div>","protected":false},"excerpt":{"rendered":"<p>Modelnummer : B12 Stof : PVC, 100%Polysester Ydertelt Vandt\u00e6t Indeks : &gt;3000 mm Vandt\u00e6t bundindeks : &gt;3000 mm Bygningstype : Hurtig automatisk \u00e5bning, Hurtig \u00e5bning Teltstil : Lige afstivningstype S\u00e6son : Fire-s\u00e6sonstelt, Sommertelt, Fire -s\u00e6son tant Struktur : Et sovev\u00e6relse Produktnavn : Oppustelige campingtelte Ans\u00f8ger : Udend\u00f8rs<\/p>\n<div class=\"read-more\"><a class=\"btn btn-fill-out\" href=\"https:\/\/uoogear.com\/da\/vare\/waterproof-inflatable-house-air-tent-outdoor-inflatable-camping-tent\/\">L\u00e6s mere<\/a><\/div>","protected":false},"featured_media":4675,"template":"","meta":[],"product_brand":[],"product_cat":[15],"product_tag":[],"class_list":{"0":"post-4676","1":"product","2":"type-product","3":"status-publish","4":"has-post-thumbnail","6":"product_cat-uncategorized","7":"tm-no-options","9":"first","10":"instock","11":"shipping-taxable","12":"purchasable","13":"product-type-variable"},"_links":{"self":[{"href":"https:\/\/uoogear.com\/da\/wp-json\/wp\/v2\/product\/4676","targetHints":{"allow":["GET"]}}],"collection":[{"href":"https:\/\/uoogear.com\/da\/wp-json\/wp\/v2\/product"}],"about":[{"href":"https:\/\/uoogear.com\/da\/wp-json\/wp\/v2\/types\/product"}],"wp:featuredmedia":[{"embeddable":true,"href":"https:\/\/uoogear.com\/da\/wp-json\/wp\/v2\/media\/4675"}],"wp:attachment":[{"href":"https:\/\/uoogear.com\/da\/wp-json\/wp\/v2\/media?parent=4676"}],"wp:term":[{"taxonomy":"product_brand","embeddable":true,"href":"https:\/\/uoogear.com\/da\/wp-json\/wp\/v2\/product_brand?post=4676"},{"taxonomy":"product_cat","embeddable":true,"href":"https:\/\/uoogear.com\/da\/wp-json\/wp\/v2\/product_cat?post=4676"},{"taxonomy":"product_tag","embeddable":true,"href":"https:\/\/uoogear.com\/da\/wp-json\/wp\/v2\/product_tag?post=4676"}],"curies":[{"name":"wp","href":"https:\/\/api.w.org\/{rel}","templated":true}]}}