{"id":4687,"date":"2023-11-14T02:15:18","date_gmt":"2023-11-14T02:15:18","guid":{"rendered":"https:\/\/uoogear.com\/product\/outdoor-large-family-camping-tent-waterproof-outdoor-canvas-air-cotton-glamping-inflatable-camping-tent\/"},"modified":"2023-11-30T02:51:51","modified_gmt":"2023-11-30T02:51:51","slug":"outdoor-large-family-camping-tent-waterproof-outdoor-canvas-air-cotton-glamping-inflatable-camping-tent","status":"publish","type":"product","link":"https:\/\/uoogear.com\/da\/vare\/outdoor-large-family-camping-tent-waterproof-outdoor-canvas-air-cotton-glamping-inflatable-camping-tent\/","title":{"rendered":"Udend\u00f8rs Stort Familiecampingtelt Vandt\u00e6t Udend\u00f8rs Canvas Luft Bomuld Glamping Oppusteligt Campingtelt"},"content":{"rendered":"<ul>\n<li><strong>Areal : <\/strong> 6,3 kvadratmeter<\/li>\n<li><strong>Stof: <\/strong> Oxford<\/li>\n<li><strong>Udvendigt telts vandt\u00e6t indeks: <\/strong> 1000-1500 mm<\/li>\n<li><strong>Nederste vandt\u00e6t indeks: <\/strong> 1000-1500 mm<\/li>\n<li><strong>Bygningstype: <\/strong> Hurtig automatisk \u00e5bning<\/li>\n<li><strong>Telt stil: <\/strong> R\u00f8rtype teltp\u00e6l<\/li>\n<li><strong>S\u00e6son: <\/strong> Fire-s\u00e6son telt<\/li>\n<li><strong>Struktur: <\/strong> Et sovev\u00e6relse og en stue<\/li>\n<li><strong>Produktnavn : <\/strong> Oppusteligt campingtelt<\/li>\n<li><strong>St\u00f8rrelse: <\/strong> 300x210x200 cm<\/li>\n<li><strong>Farve: <\/strong> Quicksand Gold (tilpasses farve)<\/li>\n<li><strong>Logo: <\/strong> Tilpasset logo Accepter<\/li>\n<li><strong>MOQ: <\/strong> 1 s\u00e6t<\/li>\n<li><strong>S\u00f8geord: <\/strong> Air Tube telt<\/li>\n<li><strong>Materiale : <\/strong> 210G polyester bomuld+pvc<\/li>\n<li><strong>OEM\/ODM: <\/strong> Acceptabelt<\/li>\n<li><strong>Funktion: <\/strong> Camping udend\u00f8rs<\/li>\n<li><strong>Anvendelse: <\/strong> Udend\u00f8rs Camping Vandreture<\/li>\n<\/ul>\n<div>\n<div data-magic-global=\"%7B%22bizId%22%3A2212793521237%2C%22pageId%22%3A21200285495%2C%22siteId%22%3A10003212050%7D\">\n<div>\n<div data-section=\"AliMagic-34rhn3\" data-section-title=\"Products Description\"><\/div>\n<\/div>\n<div>\n<div data-section=\"AliMagic-6smcmb\" data-section-title=\"Details Images\">Detaljer Billeder<\/div>\n<\/div>\n<div>\n<div>\n<div><img decoding=\"async\" src=\"\/\/sc04.alicdn.com\/kf\/H8acc636776d54a4db8d801ddd99a3fd5R\/255148517\/H8acc636776d54a4db8d801ddd99a3fd5R.jpg\" data-src=\"\/\/sc04.alicdn.com\/kf\/H8acc636776d54a4db8d801ddd99a3fd5R\/255148517\/H8acc636776d54a4db8d801ddd99a3fd5R.jpg\" \/><\/div>\n<div><img decoding=\"async\" src=\"\/\/sc04.alicdn.com\/kf\/H8ec188c83b96483f9fbaf685d7bc7fe1I\/255148517\/H8ec188c83b96483f9fbaf685d7bc7fe1I.jpg\" data-src=\"\/\/sc04.alicdn.com\/kf\/H8ec188c83b96483f9fbaf685d7bc7fe1I\/255148517\/H8ec188c83b96483f9fbaf685d7bc7fe1I.jpg\" \/><\/div>\n<div><img decoding=\"async\" src=\"\/\/sc04.alicdn.com\/kf\/H982dbf063cc145979b94090d0edd35860\/255148517\/H982dbf063cc145979b94090d0edd35860.jpg\" data-src=\"\/\/sc04.alicdn.com\/kf\/H982dbf063cc145979b94090d0edd35860\/255148517\/H982dbf063cc145979b94090d0edd35860.jpg\" \/><\/div>\n<div><img decoding=\"async\" src=\"\/\/sc04.alicdn.com\/kf\/H87ed69d73ee0441893570a4b36096b0fD\/255148517\/H87ed69d73ee0441893570a4b36096b0fD.jpg\" data-src=\"\/\/sc04.alicdn.com\/kf\/H87ed69d73ee0441893570a4b36096b0fD\/255148517\/H87ed69d73ee0441893570a4b36096b0fD.jpg\" \/><\/div>\n<div><img decoding=\"async\" src=\"\/\/sc04.alicdn.com\/kf\/H9a27e33591dc4f3a915df9e02ccf989bk\/255148517\/H9a27e33591dc4f3a915df9e02ccf989bk.jpg\" data-src=\"\/\/sc04.alicdn.com\/kf\/H9a27e33591dc4f3a915df9e02ccf989bk\/255148517\/H9a27e33591dc4f3a915df9e02ccf989bk.jpg\" \/><\/div>\n<div><img decoding=\"async\" src=\"\/\/sc04.alicdn.com\/kf\/Hd192c14ec4e94d2ab78785ab09d480aaP\/255148517\/Hd192c14ec4e94d2ab78785ab09d480aaP.jpg\" data-src=\"\/\/sc04.alicdn.com\/kf\/Hd192c14ec4e94d2ab78785ab09d480aaP\/255148517\/Hd192c14ec4e94d2ab78785ab09d480aaP.jpg\" \/><\/div>\n<div><img decoding=\"async\" src=\"\/\/sc04.alicdn.com\/kf\/Hf55c29374e44478db53923ddb0d1d95bn\/255148517\/Hf55c29374e44478db53923ddb0d1d95bn.jpg\" data-src=\"\/\/sc04.alicdn.com\/kf\/Hf55c29374e44478db53923ddb0d1d95bn\/255148517\/Hf55c29374e44478db53923ddb0d1d95bn.jpg\" \/><\/div>\n<div><img decoding=\"async\" src=\"\/\/sc04.alicdn.com\/kf\/H78152f2f5f2744aeafe44263694d4430R\/255148517\/H78152f2f5f2744aeafe44263694d4430R.jpg\" data-src=\"\/\/sc04.alicdn.com\/kf\/H78152f2f5f2744aeafe44263694d4430R\/255148517\/H78152f2f5f2744aeafe44263694d4430R.jpg\" \/><\/div>\n<div><\/div>\n<\/div>\n<\/div>\n<div>\n<div>\n<div>\n<div>\n<div>\n<div><img decoding=\"async\" src=\"\/\/sc04.alicdn.com\/kf\/He9c856cc41994feb9bbd9f3d9db22c3fs\/255148517\/He9c856cc41994feb9bbd9f3d9db22c3fs.jpg\" data-src=\"\/\/sc04.alicdn.com\/kf\/He9c856cc41994feb9bbd9f3d9db22c3fs\/255148517\/He9c856cc41994feb9bbd9f3d9db22c3fs.jpg\" \/><\/div>\n<\/div>\n<\/div>\n<\/div>\n<\/div>\n<\/div>\n<div><\/div>\n<div>\n<div>\n<div>\n<div>\n<div><\/div>\n<\/div>\n<\/div>\n<\/div>\n<\/div>\n<\/div>\n<\/div>","protected":false},"excerpt":{"rendered":"<p>Areal: 6,3 kvadratmeter Stof: Oxford Ydertelt Vandt\u00e6t Indeks: 1000-1500 Mm Bund Vandt\u00e6t Indeks: 1000-1500 Mm Bygningstype: Hurtig automatisk \u00e5bning Teltstil: R\u00f8rtype Teltp\u00e6l S\u00e6son: Fire-s\u00e6son Teltstruktur: Et sovev\u00e6relse og et Stue Produktnavn: Oppusteligt campingtelt St\u00f8rrelse: 300x210x200cm<\/p>\n<div class=\"read-more\"><a class=\"btn btn-fill-out\" href=\"https:\/\/uoogear.com\/da\/vare\/outdoor-large-family-camping-tent-waterproof-outdoor-canvas-air-cotton-glamping-inflatable-camping-tent\/\">L\u00e6s mere<\/a><\/div>","protected":false},"featured_media":4686,"template":"","meta":[],"product_brand":[],"product_cat":[15],"product_tag":[],"class_list":{"0":"post-4687","1":"product","2":"type-product","3":"status-publish","4":"has-post-thumbnail","6":"product_cat-uncategorized","7":"tm-no-options","9":"first","10":"instock","11":"shipping-taxable","12":"purchasable","13":"product-type-variable"},"_links":{"self":[{"href":"https:\/\/uoogear.com\/da\/wp-json\/wp\/v2\/product\/4687","targetHints":{"allow":["GET"]}}],"collection":[{"href":"https:\/\/uoogear.com\/da\/wp-json\/wp\/v2\/product"}],"about":[{"href":"https:\/\/uoogear.com\/da\/wp-json\/wp\/v2\/types\/product"}],"wp:featuredmedia":[{"embeddable":true,"href":"https:\/\/uoogear.com\/da\/wp-json\/wp\/v2\/media\/4686"}],"wp:attachment":[{"href":"https:\/\/uoogear.com\/da\/wp-json\/wp\/v2\/media?parent=4687"}],"wp:term":[{"taxonomy":"product_brand","embeddable":true,"href":"https:\/\/uoogear.com\/da\/wp-json\/wp\/v2\/product_brand?post=4687"},{"taxonomy":"product_cat","embeddable":true,"href":"https:\/\/uoogear.com\/da\/wp-json\/wp\/v2\/product_cat?post=4687"},{"taxonomy":"product_tag","embeddable":true,"href":"https:\/\/uoogear.com\/da\/wp-json\/wp\/v2\/product_tag?post=4687"}],"curies":[{"name":"wp","href":"https:\/\/api.w.org\/{rel}","templated":true}]}}