{"id":4705,"date":"2023-11-14T02:17:48","date_gmt":"2023-11-14T02:17:48","guid":{"rendered":"https:\/\/uoogear.com\/product\/high-quality-family-waterproof-inflatable-air-pole-glamping-outdoor-house-family-canvas-tenda-inflatable-camping-tents\/"},"modified":"2023-11-30T02:53:07","modified_gmt":"2023-11-30T02:53:07","slug":"high-quality-family-waterproof-inflatable-air-pole-glamping-outdoor-house-family-canvas-tenda-inflatable-camping-tents","status":"publish","type":"product","link":"https:\/\/uoogear.com\/da\/vare\/high-quality-family-waterproof-inflatable-air-pole-glamping-outdoor-house-family-canvas-tenda-inflatable-camping-tents\/","title":{"rendered":"H\u00f8jkvalitets familie vandt\u00e6t oppustelig luftstang Glamping udend\u00f8rs hus familie kanvas tenda oppustelige campingtelte"},"content":{"rendered":"<ul>\n<li><strong>Areal : <\/strong> 300*210<\/li>\n<li><strong>Stof: <\/strong> PVC+Bomuldsklud+ Polyesternet<\/li>\n<li><strong>Udvendigt telts vandt\u00e6t indeks: <\/strong> &lt;1000 mm<\/li>\n<li><strong>Nederste vandt\u00e6t indeks: <\/strong> &gt;3000 mm<\/li>\n<li><strong>Bygningstype: <\/strong> Konstruktion baseret p\u00e5 behov<\/li>\n<li><strong>Telt stil: <\/strong> R\u00f8rtype teltp\u00e6l<\/li>\n<li><strong>S\u00e6son: <\/strong> Fire-s\u00e6son telt<\/li>\n<li><strong>Struktur: <\/strong> Et sovev\u00e6relse<\/li>\n<li><strong>Produktnavn : <\/strong> Oppusteligt campingtelt<\/li>\n<li><strong>Anvendelse: <\/strong> Udend\u00f8rs underholdning<\/li>\n<li><strong>Stil: <\/strong> Moderne<\/li>\n<li><strong>Farve: <\/strong> Tilpasset farve<\/li>\n<li><strong>Ans\u00f8gning : <\/strong> Udend\u00f8rs rejsecamping<\/li>\n<li><strong>St\u00f8rrelse: <\/strong> Tilpasset st\u00f8rrelse<\/li>\n<li><strong>MOQ: <\/strong> 1 styk<\/li>\n<li><strong>Materiale : <\/strong> PVC<\/li>\n<li><strong>Tilbeh\u00f8r : <\/strong> Pumpe+ b\u00e6retaske+ p\u00e6le+ reb<\/li>\n<li><strong>Funktion: <\/strong> Vandt\u00e6t<\/li>\n<\/ul>\n<div>\n<div data-magic-global=\"%7B%22bizId%22%3A2212793521237%2C%22pageId%22%3A21190383259%2C%22siteId%22%3A10003212050%7D\">\n<div>\n<div data-section=\"AliMagic-nw9cap\" data-section-title=\"Products Description\" data-spm-anchor-id=\"a2700.details.0.i81.60154726kx5o5f\"><\/div>\n<\/div>\n<div>\n<div>\n<table>\n<tbody>\n<tr>\n<td>\n<div><span style=\"color: #000000; font-family: Arial;\"><span data-spm-anchor-id=\"a2700.custom-template.0.i133.65b03333DKbf22\"><strong>produktnavn<\/strong><\/span><\/span><\/div>\n<\/td>\n<td>\n<div>Lufttelt<\/div>\n<\/td>\n<\/tr>\n<tr>\n<td>\n<div><span style=\"color: #000000; font-family: Arial;\"><strong>OEM MOQ<\/strong><\/span><\/div>\n<\/td>\n<td>\n<div><span style=\"font-family: Arial;\"><span data-spm-anchor-id=\"a2700.custom-template.0.i131.65b03333DKbf22\">Accepter tilpasset \/1 s\u00e6t pr\u00f8ve<\/span><\/span><\/div>\n<\/td>\n<\/tr>\n<tr>\n<td>\n<div><span style=\"color: #000000; font-family: Arial;\"><strong>Farve\/Farve<\/strong><\/span><\/div>\n<\/td>\n<td>\n<div><span style=\"font-family: Arial;\"><span data-spm-anchor-id=\"a2700.custom-template.0.i132.65b03333DKbf22\">Som billede, Accept\u00e9r tilpasset<\/span><\/span><\/div>\n<\/td>\n<\/tr>\n<tr>\n<td>\n<div><span style=\"color: #000000; font-family: Arial;\"><span data-spm-anchor-id=\"a2700.custom-template.0.i158.65b03333DKbf22\"><strong>Kapacitet<\/strong><\/span><\/span><\/div>\n<\/td>\n<td>\n<div><span style=\"font-family: Arial;\">2\/3\/4\/5\/6\/7\/8 personer (tilpasset kapacitet)<\/span><\/div>\n<\/td>\n<\/tr>\n<tr>\n<td>\n<div><strong>St\u00f8rrelse<\/strong><\/div>\n<\/td>\n<td>\n<div>Kan v\u00e6lge st\u00f8rrelsen p\u00e5 hyldevarer, Accepter tilpasset st\u00f8rrelse<\/div>\n<\/td>\n<\/tr>\n<tr>\n<td>\n<div>\n<div><strong>Feature<\/strong><\/div>\n<\/div>\n<\/td>\n<td>\n<div><span style=\"font-family: Arial;\">UV- og regnbestandig, \u00e5ndbar, forhindrer pragtfuld, stor plads, stabil struktur, god ventilationsydelse, bred anvendelse, lille st\u00f8rrelse, nem at b\u00e6re, ops\u00e6tning, nem popup, automatisk, komfortabel<\/span><\/div>\n<\/td>\n<\/tr>\n<\/tbody>\n<\/table>\n<\/div>\n<\/div>\n<div>\n<div data-section=\"AliMagic-29ms9w\" data-section-title=\"Details Images\">Detaljer Billeder<\/div>\n<\/div>\n<div>\n<div>\n<div><img decoding=\"async\" src=\"\/\/sc04.alicdn.com\/kf\/H0d93849815d64a58844b919b5ba91fa0D\/255148517\/H0d93849815d64a58844b919b5ba91fa0D.jpg\" data-src=\"\/\/sc04.alicdn.com\/kf\/H0d93849815d64a58844b919b5ba91fa0D\/255148517\/H0d93849815d64a58844b919b5ba91fa0D.jpg\" \/><\/div>\n<div><img decoding=\"async\" src=\"\/\/sc04.alicdn.com\/kf\/Haad59990b4f34f76a9c982218abf33bee\/255148517\/Haad59990b4f34f76a9c982218abf33bee.jpg\" data-src=\"\/\/sc04.alicdn.com\/kf\/Haad59990b4f34f76a9c982218abf33bee\/255148517\/Haad59990b4f34f76a9c982218abf33bee.jpg\" \/><\/div>\n<div><img decoding=\"async\" src=\"\/\/sc04.alicdn.com\/kf\/Hd4b64d969aee4f0eaaa0e5f660cb1768m\/255148517\/Hd4b64d969aee4f0eaaa0e5f660cb1768m.jpg\" data-src=\"\/\/sc04.alicdn.com\/kf\/Hd4b64d969aee4f0eaaa0e5f660cb1768m\/255148517\/Hd4b64d969aee4f0eaaa0e5f660cb1768m.jpg\" \/><\/div>\n<div><img decoding=\"async\" src=\"\/\/sc04.alicdn.com\/kf\/H63fad25e7c4147e195846d49d2d24864e\/255148517\/H63fad25e7c4147e195846d49d2d24864e.jpg\" data-src=\"\/\/sc04.alicdn.com\/kf\/H63fad25e7c4147e195846d49d2d24864e\/255148517\/H63fad25e7c4147e195846d49d2d24864e.jpg\" \/><\/div>\n<\/div>\n<\/div>\n<div>\n<div>\n<div>\n<div>\n<div>\n<div><img decoding=\"async\" src=\"\/\/sc04.alicdn.com\/kf\/He9c856cc41994feb9bbd9f3d9db22c3fs\/255148517\/He9c856cc41994feb9bbd9f3d9db22c3fs.jpg\" data-src=\"\/\/sc04.alicdn.com\/kf\/He9c856cc41994feb9bbd9f3d9db22c3fs\/255148517\/He9c856cc41994feb9bbd9f3d9db22c3fs.jpg\" \/><\/div>\n<\/div>\n<\/div>\n<\/div>\n<\/div>\n<\/div>\n<div>\n<div>\n<div>\n<div>\n<div>\n<div><\/div>\n<\/div>\n<\/div>\n<\/div>\n<\/div>\n<\/div>\n<\/div>\n<\/div>","protected":false},"excerpt":{"rendered":"<p>Areal: 300*210 Stof: PVC+Bomuldsdug+ Polyesternet Ydertelt Vandt\u00e6t Indeks: &lt;1000 mm Bund Vandt\u00e6t Indeks: &gt;3000 mm Bygningstype: Konstruktion Baseret p\u00e5 behov Teltstil: R\u00f8rtype Teltp\u00e6l S\u00e6son: Fire-s\u00e6sons teltstruktur: Et sovev\u00e6relse Produktnavn: Oppustelige campingtelt Anvendelse: Udend\u00f8rs underholdningsstil<\/p>\n<div class=\"read-more\"><a class=\"btn btn-fill-out\" href=\"https:\/\/uoogear.com\/da\/vare\/high-quality-family-waterproof-inflatable-air-pole-glamping-outdoor-house-family-canvas-tenda-inflatable-camping-tents\/\">L\u00e6s mere<\/a><\/div>","protected":false},"featured_media":4704,"template":"","meta":[],"product_brand":[],"product_cat":[15],"product_tag":[],"class_list":{"0":"post-4705","1":"product","2":"type-product","3":"status-publish","4":"has-post-thumbnail","6":"product_cat-uncategorized","7":"tm-no-options","9":"first","10":"instock","11":"shipping-taxable","12":"purchasable","13":"product-type-variable"},"_links":{"self":[{"href":"https:\/\/uoogear.com\/da\/wp-json\/wp\/v2\/product\/4705","targetHints":{"allow":["GET"]}}],"collection":[{"href":"https:\/\/uoogear.com\/da\/wp-json\/wp\/v2\/product"}],"about":[{"href":"https:\/\/uoogear.com\/da\/wp-json\/wp\/v2\/types\/product"}],"wp:featuredmedia":[{"embeddable":true,"href":"https:\/\/uoogear.com\/da\/wp-json\/wp\/v2\/media\/4704"}],"wp:attachment":[{"href":"https:\/\/uoogear.com\/da\/wp-json\/wp\/v2\/media?parent=4705"}],"wp:term":[{"taxonomy":"product_brand","embeddable":true,"href":"https:\/\/uoogear.com\/da\/wp-json\/wp\/v2\/product_brand?post=4705"},{"taxonomy":"product_cat","embeddable":true,"href":"https:\/\/uoogear.com\/da\/wp-json\/wp\/v2\/product_cat?post=4705"},{"taxonomy":"product_tag","embeddable":true,"href":"https:\/\/uoogear.com\/da\/wp-json\/wp\/v2\/product_tag?post=4705"}],"curies":[{"name":"wp","href":"https:\/\/api.w.org\/{rel}","templated":true}]}}