{"id":4740,"date":"2023-11-14T02:22:01","date_gmt":"2023-11-14T02:22:01","guid":{"rendered":"https:\/\/uoogear.com\/product\/outdoor-waterproof-portable-camping-tents-4-person-glamping-hiking-automatic-tent\/"},"modified":"2023-11-30T02:52:35","modified_gmt":"2023-11-30T02:52:35","slug":"outdoor-waterproof-portable-camping-tents-4-person-glamping-hiking-automatic-tent","status":"publish","type":"product","link":"https:\/\/uoogear.com\/da\/vare\/outdoor-waterproof-portable-camping-tents-4-person-glamping-hiking-automatic-tent\/","title":{"rendered":"Udend\u00f8rs vandt\u00e6tte b\u00e6rbare campingtelte 4 personers Glamping Vandreture Automatisk telt"},"content":{"rendered":"<ul>\n<li><strong>Stof: <\/strong> Polyester<\/li>\n<li><strong>Udvendigt telts vandt\u00e6t indeks: <\/strong> 2000-3000 mm<\/li>\n<li><strong>Nederste vandt\u00e6t indeks: <\/strong> 2000-3000 mm<\/li>\n<li><strong>Bygningstype: <\/strong> Hurtig automatisk \u00e5bning<\/li>\n<li><strong>Telt stil: <\/strong> R\u00f8rtype teltp\u00e6l<\/li>\n<li><strong>S\u00e6son: <\/strong> Fire-s\u00e6son telt<\/li>\n<li><strong>Struktur: <\/strong> Et sovev\u00e6relse<\/li>\n<li><strong>Sengeplads: <\/strong> 4<\/li>\n<li><strong>Sovev\u00e6relser: <\/strong> 1<\/li>\n<li><strong>V\u00e6gt (kg): <\/strong> 5.2<\/li>\n<li><strong>H\u00f8jde (cm): <\/strong> 125<\/li>\n<li><strong>L\u00e6ngde (cm): <\/strong> 210<\/li>\n<li><strong>Bredde (cm): <\/strong> 240<\/li>\n<li><strong>Stang materiale: <\/strong> Glasfiber<\/li>\n<li><strong>Flyveblad: <\/strong> 190T polyester taft<\/li>\n<li><strong>Indsats: <\/strong> 8 stk<\/li>\n<li><strong>Reb: <\/strong> 4 stk<\/li>\n<\/ul>\n<div>\n<div data-magic-global=\"%7B%22bizId%22%3A2348173885%2C%22pageId%22%3A21027794595%2C%22siteId%22%3A5005127539%7D\">\n<div>\n<div>\n<div>\n<div>\n<div>\n<div><\/div>\n<\/div>\n<\/div>\n<\/div>\n<\/div>\n<\/div>\n<div>\n<div>\n<table>\n<tbody>\n<tr>\n<td>\n<div>\n<div data-spm-anchor-id=\"0.0.0.i16.3eaf4f05ECnIkX\">Fluesken<\/div>\n<\/div>\n<\/td>\n<td>\n<div>\n<div data-spm-anchor-id=\"0.0.0.i33.3eaf4f05ECnIkX\">190T Ployester<\/div>\n<\/div>\n<\/td>\n<td>\n<div>\n<div>Indre<\/div>\n<\/div>\n<\/td>\n<td>\n<div>\n<div data-spm-anchor-id=\"0.0.0.i34.3eaf4f05ECnIkX\">B3 mesh<\/div>\n<\/div>\n<\/td>\n<\/tr>\n<tr>\n<td>\n<div>\n<div>Lag<\/div>\n<\/div>\n<\/td>\n<td>\n<div>\n<div data-spm-anchor-id=\"0.0.0.i39.3eaf4f05ECnIkX\">1<\/div>\n<\/div>\n<\/td>\n<td>\n<div>\n<div>Vandt\u00e6t<\/div>\n<\/div>\n<\/td>\n<td>\n<div>\n<div data-spm-anchor-id=\"0.0.0.i4.3eaf4f05uSBrU9\">2000-3000 mm<\/div>\n<\/div>\n<\/td>\n<\/tr>\n<tr>\n<td>\n<div>\n<div>kapacitet<\/div>\n<\/div>\n<\/td>\n<td>\n<div>\n<div data-spm-anchor-id=\"0.0.0.i13.3eaf4f05ECnIkX\">3-4<\/div>\n<\/div>\n<\/td>\n<td>\n<div>\n<div>Etage<\/div>\n<\/div>\n<\/td>\n<td>\n<div>\n<div data-spm-anchor-id=\"0.0.0.i42.3eaf4f05ECnIkX\">150D Oxford<\/div>\n<\/div>\n<\/td>\n<\/tr>\n<tr>\n<td>\n<div>\n<div>Pol<\/div>\n<\/div>\n<\/td>\n<td>\n<div>\n<div data-spm-anchor-id=\"0.0.0.i44.3eaf4f05ECnIkX\">Glasfiber<\/div>\n<\/div>\n<\/td>\n<td>\n<div>\n<div>V\u00e6gt<\/div>\n<\/div>\n<\/td>\n<td>\n<div>\n<div data-spm-anchor-id=\"0.0.0.i5.3eaf4f05uSBrU9\">5,2 kg<\/div>\n<\/div>\n<\/td>\n<\/tr>\n<tr>\n<td>\n<div>\n<div>St\u00f8rrelse<\/div>\n<\/div>\n<\/td>\n<td>\n<div>\n<div data-spm-anchor-id=\"0.0.0.i41.3eaf4f05ECnIkX\">240*210*125 cm (B x D x H)<\/div>\n<\/div>\n<\/td>\n<td>\n<div>\n<div data-spm-anchor-id=\"a2700.pc-decorate.0.i8.2c9a3333BkjTOa\">Stil<\/div>\n<\/div>\n<\/td>\n<td>\n<div>\n<div data-spm-anchor-id=\"0.0.0.i45.3eaf4f05ECnIkX\">Automatisk<\/div>\n<\/div>\n<\/td>\n<\/tr>\n<tr>\n<td>\n<div>\n<div>Pakning<\/div>\n<\/div>\n<\/td>\n<td>\n<div>\n<div data-spm-anchor-id=\"0.0.0.i46.3eaf4f05ECnIkX\">B87 x D15 x H15cm<\/div>\n<\/div>\n<\/td>\n<td>\n<div>\n<div data-spm-anchor-id=\"a2700.siteadmin.0.i2.65e43333ALmggU\">tilbeh\u00f8r<\/div>\n<\/div>\n<\/td>\n<td>\n<div>\n<div data-spm-anchor-id=\"0.0.0.i48.3eaf4f05ECnIkX\">YNS<\/div>\n<\/div>\n<\/td>\n<\/tr>\n<\/tbody>\n<\/table>\n<\/div>\n<\/div>\n<div>\n<div data-section=\"AliMagic-ld6hwv\" data-section-title=\"Product Display\">Produkt Display<\/div>\n<\/div>\n<div>\n<div>\n<div><\/div>\n<div><\/div>\n<div><\/div>\n<div><img decoding=\"async\" src=\"\/\/sc04.alicdn.com\/kf\/H856ef7e5714642b49db4cf70b3e9adb0E\/222400006\/H856ef7e5714642b49db4cf70b3e9adb0E.jpg\" data-src=\"\/\/sc04.alicdn.com\/kf\/H856ef7e5714642b49db4cf70b3e9adb0E\/222400006\/H856ef7e5714642b49db4cf70b3e9adb0E.jpg\" \/><\/div>\n<div><img decoding=\"async\" src=\"\/\/sc04.alicdn.com\/kf\/H8c0993d71e8a4c1cbc59a6f51bab9cff9\/222400006\/H8c0993d71e8a4c1cbc59a6f51bab9cff9.jpg\" data-src=\"\/\/sc04.alicdn.com\/kf\/H8c0993d71e8a4c1cbc59a6f51bab9cff9\/222400006\/H8c0993d71e8a4c1cbc59a6f51bab9cff9.jpg\" \/><\/div>\n<div><img decoding=\"async\" src=\"\/\/sc04.alicdn.com\/kf\/Hffd9146525f54b97ac2fd270bf08c841c\/222400006\/Hffd9146525f54b97ac2fd270bf08c841c.jpg\" data-src=\"\/\/sc04.alicdn.com\/kf\/Hffd9146525f54b97ac2fd270bf08c841c\/222400006\/Hffd9146525f54b97ac2fd270bf08c841c.jpg\" \/><\/div>\n<\/div>\n<\/div>\n<div>\n<div data-magic=\" \" data-magic-status=\"done\">\n<div data-reactroot=\"\"><\/div>\n<\/div>\n<\/div>\n<\/div>\n<\/div>","protected":false},"excerpt":{"rendered":"<p>Stof: Polyester Ydertelt Vandt\u00e6t Indeks: 2000-3000 Mm Bund Vandt\u00e6t Indeks: 2000-3000 Mm Bygningstype: Hurtig automatisk \u00e5bning Telt Stil: R\u00f8r Type Telt Stake S\u00e6son: Fire-s\u00e6son Telt Struktur: Et sovev\u00e6relse K\u00f8je: 4 Sovev\u00e6relser: (kg) : 5,2 H\u00f8jde (cm) : 125 L\u00e6ngde (cm) : 210<\/p>\n<div class=\"read-more\"><a class=\"btn btn-fill-out\" href=\"https:\/\/uoogear.com\/da\/vare\/outdoor-waterproof-portable-camping-tents-4-person-glamping-hiking-automatic-tent\/\">L\u00e6s mere<\/a><\/div>","protected":false},"featured_media":4739,"template":"","meta":[],"product_brand":[],"product_cat":[15],"product_tag":[],"class_list":{"0":"post-4740","1":"product","2":"type-product","3":"status-publish","4":"has-post-thumbnail","6":"product_cat-uncategorized","7":"tm-no-options","9":"first","10":"instock","11":"shipping-taxable","12":"purchasable","13":"product-type-variable"},"_links":{"self":[{"href":"https:\/\/uoogear.com\/da\/wp-json\/wp\/v2\/product\/4740","targetHints":{"allow":["GET"]}}],"collection":[{"href":"https:\/\/uoogear.com\/da\/wp-json\/wp\/v2\/product"}],"about":[{"href":"https:\/\/uoogear.com\/da\/wp-json\/wp\/v2\/types\/product"}],"wp:featuredmedia":[{"embeddable":true,"href":"https:\/\/uoogear.com\/da\/wp-json\/wp\/v2\/media\/4739"}],"wp:attachment":[{"href":"https:\/\/uoogear.com\/da\/wp-json\/wp\/v2\/media?parent=4740"}],"wp:term":[{"taxonomy":"product_brand","embeddable":true,"href":"https:\/\/uoogear.com\/da\/wp-json\/wp\/v2\/product_brand?post=4740"},{"taxonomy":"product_cat","embeddable":true,"href":"https:\/\/uoogear.com\/da\/wp-json\/wp\/v2\/product_cat?post=4740"},{"taxonomy":"product_tag","embeddable":true,"href":"https:\/\/uoogear.com\/da\/wp-json\/wp\/v2\/product_tag?post=4740"}],"curies":[{"name":"wp","href":"https:\/\/api.w.org\/{rel}","templated":true}]}}