{"id":4749,"date":"2023-11-14T02:23:34","date_gmt":"2023-11-14T02:23:34","guid":{"rendered":"https:\/\/uoogear.com\/product\/a-mountains-3-4-person-outdoor-tent-ultralight-double-layer-water-resistance-camping-tent-for-family\/"},"modified":"2023-11-30T02:52:59","modified_gmt":"2023-11-30T02:52:59","slug":"a-mountains-3-4-person-outdoor-tent-ultralight-double-layer-water-resistance-camping-tent-for-family","status":"publish","type":"product","link":"https:\/\/uoogear.com\/da\/vare\/a-mountains-3-4-person-outdoor-tent-ultralight-double-layer-water-resistance-camping-tent-for-family\/","title":{"rendered":"A Mountains 3-4 personers udend\u00f8rs telt Ultralet dobbeltlags vandt\u00e6t campingtelt til familie"},"content":{"rendered":"<ul>\n<li><strong>Areal : <\/strong> 4<\/li>\n<li><strong>Stof: <\/strong> Nylon<\/li>\n<li><strong>Udvendigt telts vandt\u00e6t indeks: <\/strong> 2000-3000 mm<\/li>\n<li><strong>Nederste vandt\u00e6t indeks: <\/strong> 2000-3000 mm<\/li>\n<li><strong>Bygningstype: <\/strong> Konstruktion baseret p\u00e5 behov<\/li>\n<li><strong>Telt stil: <\/strong> Diagonal afstivningstype<\/li>\n<li><strong>S\u00e6son: <\/strong> Tre-s\u00e6son telt<\/li>\n<li><strong>Struktur: <\/strong> Et sovev\u00e6relse<\/li>\n<li><strong>Produktnavn : <\/strong> Camping telt<\/li>\n<li><strong>Anvendelse: <\/strong> Udend\u00f8rs Camping Vildt Telt<\/li>\n<li><strong>Ans\u00f8gning : <\/strong> Udend\u00f8rs Camping Familietelt<\/li>\n<\/ul>\n<div>\n<p>3-4 personer klatretelt udend\u00f8rs rejse rygs\u00e6k telt ultra let automatisk telt dobbelt vandt\u00e6t solcreme telt<\/p>\n<p>Kuppeltelt med rummeligt interi\u00f8r giver dig mulighed for at bev\u00e6ge dig komfortabelt<br \/>\nNem ops\u00e6tning p\u00e5 kun 10 minutter<br \/>\nsystem med patenterede svejsede gulve og omvendte s\u00f8mme for at holde dig t\u00f8r<br \/>\nStore vinduer og en jordventil for overlegen ventilation<\/p>\n<p><img loading=\"lazy\" decoding=\"async\" class=\"alignnone size-full wp-image-5177\" src=\"https:\/\/uoogear.com\/wp-content\/uploads\/2023\/11\/HTB1hBCOcBiE3KVjSZFMq6zQhVXaF.jpg\" width=\"790\" height=\"790\" alt=\"A Mountains 3-4 personers udend\u00f8rs telt Ultralet dobbeltlags vandt\u00e6t campingtelt til familie\" srcset=\"https:\/\/uoogear.com\/wp-content\/uploads\/2023\/11\/HTB1hBCOcBiE3KVjSZFMq6zQhVXaF.jpg 790w, https:\/\/uoogear.com\/wp-content\/uploads\/2023\/11\/HTB1hBCOcBiE3KVjSZFMq6zQhVXaF-300x300.jpg 300w, https:\/\/uoogear.com\/wp-content\/uploads\/2023\/11\/HTB1hBCOcBiE3KVjSZFMq6zQhVXaF-150x150.jpg 150w, https:\/\/uoogear.com\/wp-content\/uploads\/2023\/11\/HTB1hBCOcBiE3KVjSZFMq6zQhVXaF-768x768.jpg 768w, https:\/\/uoogear.com\/wp-content\/uploads\/2023\/11\/HTB1hBCOcBiE3KVjSZFMq6zQhVXaF-450x450.jpg 450w, https:\/\/uoogear.com\/wp-content\/uploads\/2023\/11\/HTB1hBCOcBiE3KVjSZFMq6zQhVXaF-90x90.jpg 90w, https:\/\/uoogear.com\/wp-content\/uploads\/2023\/11\/HTB1hBCOcBiE3KVjSZFMq6zQhVXaF-600x600.jpg 600w, https:\/\/uoogear.com\/wp-content\/uploads\/2023\/11\/HTB1hBCOcBiE3KVjSZFMq6zQhVXaF-54x54.jpg 54w, https:\/\/uoogear.com\/wp-content\/uploads\/2023\/11\/HTB1hBCOcBiE3KVjSZFMq6zQhVXaF-50x50.jpg 50w, https:\/\/uoogear.com\/wp-content\/uploads\/2023\/11\/HTB1hBCOcBiE3KVjSZFMq6zQhVXaF-100x100.jpg 100w\" sizes=\"auto, (max-width: 790px) 100vw, 790px\" \/><img loading=\"lazy\" decoding=\"async\" class=\"alignnone size-full wp-image-5178\" src=\"https:\/\/uoogear.com\/wp-content\/uploads\/2023\/11\/HTB1qTuNcwKG3KVjSZFLq6yMvXXa2.jpg\" width=\"790\" height=\"988\" alt=\"A Mountains 3-4 personers udend\u00f8rs telt Ultralet dobbeltlags vandt\u00e6t campingtelt til familie\" srcset=\"https:\/\/uoogear.com\/wp-content\/uploads\/2023\/11\/HTB1qTuNcwKG3KVjSZFLq6yMvXXa2.jpg 790w, https:\/\/uoogear.com\/wp-content\/uploads\/2023\/11\/HTB1qTuNcwKG3KVjSZFLq6yMvXXa2-240x300.jpg 240w, https:\/\/uoogear.com\/wp-content\/uploads\/2023\/11\/HTB1qTuNcwKG3KVjSZFLq6yMvXXa2-768x960.jpg 768w, https:\/\/uoogear.com\/wp-content\/uploads\/2023\/11\/HTB1qTuNcwKG3KVjSZFLq6yMvXXa2-600x750.jpg 600w, https:\/\/uoogear.com\/wp-content\/uploads\/2023\/11\/HTB1qTuNcwKG3KVjSZFLq6yMvXXa2-43x54.jpg 43w\" sizes=\"auto, (max-width: 790px) 100vw, 790px\" \/><img loading=\"lazy\" decoding=\"async\" class=\"alignnone size-full wp-image-5179\" src=\"https:\/\/uoogear.com\/wp-content\/uploads\/2023\/11\/HTB1dQmYcrus3KVjSZKbq6xqkFXaX.jpg\" width=\"790\" height=\"1278\" alt=\"A Mountains 3-4 personers udend\u00f8rs telt Ultralet dobbeltlags vandt\u00e6t campingtelt til familie\" srcset=\"https:\/\/uoogear.com\/wp-content\/uploads\/2023\/11\/HTB1dQmYcrus3KVjSZKbq6xqkFXaX.jpg 790w, https:\/\/uoogear.com\/wp-content\/uploads\/2023\/11\/HTB1dQmYcrus3KVjSZKbq6xqkFXaX-185x300.jpg 185w, https:\/\/uoogear.com\/wp-content\/uploads\/2023\/11\/HTB1dQmYcrus3KVjSZKbq6xqkFXaX-633x1024.jpg 633w, https:\/\/uoogear.com\/wp-content\/uploads\/2023\/11\/HTB1dQmYcrus3KVjSZKbq6xqkFXaX-768x1242.jpg 768w, https:\/\/uoogear.com\/wp-content\/uploads\/2023\/11\/HTB1dQmYcrus3KVjSZKbq6xqkFXaX-600x971.jpg 600w, https:\/\/uoogear.com\/wp-content\/uploads\/2023\/11\/HTB1dQmYcrus3KVjSZKbq6xqkFXaX-33x54.jpg 33w\" sizes=\"auto, (max-width: 790px) 100vw, 790px\" \/><img loading=\"lazy\" decoding=\"async\" class=\"alignnone size-full wp-image-5180\" src=\"https:\/\/uoogear.com\/wp-content\/uploads\/2023\/11\/HTB19tqOcEGF3KVjSZFoq6zmpFXaJ.jpg\" width=\"655\" height=\"1280\" alt=\"A Mountains 3-4 personers udend\u00f8rs telt Ultralet dobbeltlags vandt\u00e6t campingtelt til familie\" srcset=\"https:\/\/uoogear.com\/wp-content\/uploads\/2023\/11\/HTB19tqOcEGF3KVjSZFoq6zmpFXaJ.jpg 655w, https:\/\/uoogear.com\/wp-content\/uploads\/2023\/11\/HTB19tqOcEGF3KVjSZFoq6zmpFXaJ-154x300.jpg 154w, https:\/\/uoogear.com\/wp-content\/uploads\/2023\/11\/HTB19tqOcEGF3KVjSZFoq6zmpFXaJ-524x1024.jpg 524w, https:\/\/uoogear.com\/wp-content\/uploads\/2023\/11\/HTB19tqOcEGF3KVjSZFoq6zmpFXaJ-600x1173.jpg 600w, https:\/\/uoogear.com\/wp-content\/uploads\/2023\/11\/HTB19tqOcEGF3KVjSZFoq6zmpFXaJ-28x54.jpg 28w\" sizes=\"auto, (max-width: 655px) 100vw, 655px\" \/><img loading=\"lazy\" decoding=\"async\" class=\"alignnone size-full wp-image-5181\" src=\"https:\/\/uoogear.com\/wp-content\/uploads\/2023\/11\/HTB1v.GTcBGw3KVjSZFwq6zQ2FXaR.jpg\" width=\"790\" height=\"753\" alt=\"A Mountains 3-4 personers udend\u00f8rs telt Ultralet dobbeltlags vandt\u00e6t campingtelt til familie\" srcset=\"https:\/\/uoogear.com\/wp-content\/uploads\/2023\/11\/HTB1v.GTcBGw3KVjSZFwq6zQ2FXaR.jpg 790w, https:\/\/uoogear.com\/wp-content\/uploads\/2023\/11\/HTB1v.GTcBGw3KVjSZFwq6zQ2FXaR-300x286.jpg 300w, https:\/\/uoogear.com\/wp-content\/uploads\/2023\/11\/HTB1v.GTcBGw3KVjSZFwq6zQ2FXaR-768x732.jpg 768w, https:\/\/uoogear.com\/wp-content\/uploads\/2023\/11\/HTB1v.GTcBGw3KVjSZFwq6zQ2FXaR-600x572.jpg 600w, https:\/\/uoogear.com\/wp-content\/uploads\/2023\/11\/HTB1v.GTcBGw3KVjSZFwq6zQ2FXaR-57x54.jpg 57w\" sizes=\"auto, (max-width: 790px) 100vw, 790px\" \/><img loading=\"lazy\" decoding=\"async\" class=\"alignnone size-full wp-image-5182\" src=\"https:\/\/uoogear.com\/wp-content\/uploads\/2023\/11\/HTB1FkmYcrus3KVjSZKbq6xqkFXax.jpg\" width=\"790\" height=\"1166\" alt=\"A Mountains 3-4 personers udend\u00f8rs telt Ultralet dobbeltlags vandt\u00e6t campingtelt til familie\" srcset=\"https:\/\/uoogear.com\/wp-content\/uploads\/2023\/11\/HTB1FkmYcrus3KVjSZKbq6xqkFXax.jpg 790w, https:\/\/uoogear.com\/wp-content\/uploads\/2023\/11\/HTB1FkmYcrus3KVjSZKbq6xqkFXax-203x300.jpg 203w, https:\/\/uoogear.com\/wp-content\/uploads\/2023\/11\/HTB1FkmYcrus3KVjSZKbq6xqkFXax-694x1024.jpg 694w, https:\/\/uoogear.com\/wp-content\/uploads\/2023\/11\/HTB1FkmYcrus3KVjSZKbq6xqkFXax-768x1134.jpg 768w, https:\/\/uoogear.com\/wp-content\/uploads\/2023\/11\/HTB1FkmYcrus3KVjSZKbq6xqkFXax-600x886.jpg 600w, https:\/\/uoogear.com\/wp-content\/uploads\/2023\/11\/HTB1FkmYcrus3KVjSZKbq6xqkFXax-37x54.jpg 37w\" sizes=\"auto, (max-width: 790px) 100vw, 790px\" \/><img loading=\"lazy\" decoding=\"async\" class=\"alignnone size-full wp-image-5183\" src=\"https:\/\/uoogear.com\/wp-content\/uploads\/2023\/11\/HTB1A0yYcq1s3KVjSZFAq6x_ZXXar.jpg\" width=\"790\" height=\"1027\" alt=\"A Mountains 3-4 personers udend\u00f8rs telt Ultralet dobbeltlags vandt\u00e6t campingtelt til familie\" srcset=\"https:\/\/uoogear.com\/wp-content\/uploads\/2023\/11\/HTB1A0yYcq1s3KVjSZFAq6x_ZXXar.jpg 790w, https:\/\/uoogear.com\/wp-content\/uploads\/2023\/11\/HTB1A0yYcq1s3KVjSZFAq6x_ZXXar-231x300.jpg 231w, https:\/\/uoogear.com\/wp-content\/uploads\/2023\/11\/HTB1A0yYcq1s3KVjSZFAq6x_ZXXar-788x1024.jpg 788w, https:\/\/uoogear.com\/wp-content\/uploads\/2023\/11\/HTB1A0yYcq1s3KVjSZFAq6x_ZXXar-768x998.jpg 768w, https:\/\/uoogear.com\/wp-content\/uploads\/2023\/11\/HTB1A0yYcq1s3KVjSZFAq6x_ZXXar-600x780.jpg 600w, https:\/\/uoogear.com\/wp-content\/uploads\/2023\/11\/HTB1A0yYcq1s3KVjSZFAq6x_ZXXar-42x54.jpg 42w\" sizes=\"auto, (max-width: 790px) 100vw, 790px\" \/><img loading=\"lazy\" decoding=\"async\" class=\"alignnone size-full wp-image-5184\" src=\"https:\/\/uoogear.com\/wp-content\/uploads\/2023\/11\/HTB1Av5PcA5E3KVjSZFCq6zuzXXaT.jpg\" width=\"790\" height=\"840\" alt=\"A Mountains 3-4 personers udend\u00f8rs telt Ultralet dobbeltlags vandt\u00e6t campingtelt til familie\" srcset=\"https:\/\/uoogear.com\/wp-content\/uploads\/2023\/11\/HTB1Av5PcA5E3KVjSZFCq6zuzXXaT.jpg 790w, https:\/\/uoogear.com\/wp-content\/uploads\/2023\/11\/HTB1Av5PcA5E3KVjSZFCq6zuzXXaT-282x300.jpg 282w, https:\/\/uoogear.com\/wp-content\/uploads\/2023\/11\/HTB1Av5PcA5E3KVjSZFCq6zuzXXaT-768x817.jpg 768w, https:\/\/uoogear.com\/wp-content\/uploads\/2023\/11\/HTB1Av5PcA5E3KVjSZFCq6zuzXXaT-600x638.jpg 600w, https:\/\/uoogear.com\/wp-content\/uploads\/2023\/11\/HTB1Av5PcA5E3KVjSZFCq6zuzXXaT-51x54.jpg 51w\" sizes=\"auto, (max-width: 790px) 100vw, 790px\" \/><\/p>\n<\/div>","protected":false},"excerpt":{"rendered":"<p>Areal : 4 Stof : Nylon Ydertelt Vandt\u00e6t Indeks : 2000-3000 Mm Bund Vandt\u00e6t Indeks : 2000-3000 Mm Bygningstype : Konstruktion Baseret p\u00e5 behov Teltstil : Diagonal afstivningstype S\u00e6son : Tre-s\u00e6son Teltstruktur : Camping Et sovev\u00e6relse Produktnavn : Brug af telt: Udend\u00f8rs camping Vildttelt Anvendelse: Udend\u00f8rs camping<\/p>\n<div class=\"read-more\"><a class=\"btn btn-fill-out\" href=\"https:\/\/uoogear.com\/da\/vare\/a-mountains-3-4-person-outdoor-tent-ultralight-double-layer-water-resistance-camping-tent-for-family\/\">L\u00e6s mere<\/a><\/div>","protected":false},"featured_media":4748,"template":"","meta":[],"product_brand":[],"product_cat":[15],"product_tag":[],"class_list":{"0":"post-4749","1":"product","2":"type-product","3":"status-publish","4":"has-post-thumbnail","6":"product_cat-uncategorized","7":"tm-no-options","9":"first","10":"instock","11":"shipping-taxable","12":"purchasable","13":"product-type-variable"},"_links":{"self":[{"href":"https:\/\/uoogear.com\/da\/wp-json\/wp\/v2\/product\/4749","targetHints":{"allow":["GET"]}}],"collection":[{"href":"https:\/\/uoogear.com\/da\/wp-json\/wp\/v2\/product"}],"about":[{"href":"https:\/\/uoogear.com\/da\/wp-json\/wp\/v2\/types\/product"}],"wp:featuredmedia":[{"embeddable":true,"href":"https:\/\/uoogear.com\/da\/wp-json\/wp\/v2\/media\/4748"}],"wp:attachment":[{"href":"https:\/\/uoogear.com\/da\/wp-json\/wp\/v2\/media?parent=4749"}],"wp:term":[{"taxonomy":"product_brand","embeddable":true,"href":"https:\/\/uoogear.com\/da\/wp-json\/wp\/v2\/product_brand?post=4749"},{"taxonomy":"product_cat","embeddable":true,"href":"https:\/\/uoogear.com\/da\/wp-json\/wp\/v2\/product_cat?post=4749"},{"taxonomy":"product_tag","embeddable":true,"href":"https:\/\/uoogear.com\/da\/wp-json\/wp\/v2\/product_tag?post=4749"}],"curies":[{"name":"wp","href":"https:\/\/api.w.org\/{rel}","templated":true}]}}