{"id":4758,"date":"2023-11-14T02:24:57","date_gmt":"2023-11-14T02:24:57","guid":{"rendered":"https:\/\/uoogear.com\/product\/2022-hot-selling-waterproof-four-seasons-glamping-family-bell-tepe-canvas-tents-camping-outdoor-automatic-tent\/"},"modified":"2023-11-30T02:52:08","modified_gmt":"2023-11-30T02:52:08","slug":"2022-hot-selling-waterproof-four-seasons-glamping-family-bell-tepe-canvas-tents-camping-outdoor-automatic-tent","status":"publish","type":"product","link":"https:\/\/uoogear.com\/da\/vare\/2022-hot-selling-waterproof-four-seasons-glamping-family-bell-tepe-canvas-tents-camping-outdoor-automatic-tent\/","title":{"rendered":"2022 Hot Selling Vandt\u00e6t Fire S\u00e6soner Glamping Familie Bell Tepe L\u00e6rred Telte Camping Udend\u00f8rs Automatisk Telt"},"content":{"rendered":"<ul>\n<li><strong>Areal : <\/strong> 6 kvadratmeter<\/li>\n<li><strong>Stof: <\/strong> polyester<\/li>\n<li><strong>Udvendigt telts vandt\u00e6t indeks: <\/strong> 2000-3000 mm, &gt;2000 mm<\/li>\n<li><strong>Nederste vandt\u00e6t indeks: <\/strong> 2000-3000 mm, &gt;2000 mm<\/li>\n<li><strong>Bygningstype: <\/strong> Konstruktion baseret p\u00e5 behov<\/li>\n<li><strong>Telt stil: <\/strong> R\u00f8rtype teltp\u00e6l<\/li>\n<li><strong>S\u00e6son: <\/strong> Fire-s\u00e6son telt<\/li>\n<li><strong>Struktur: <\/strong> Et sovev\u00e6relse og en stue, store sovev\u00e6relser\/stue<\/li>\n<li><strong>Stang materiale: <\/strong> st\u00e5l<\/li>\n<li><strong>Kapacitet : <\/strong> 4<\/li>\n<li><strong>s\u00f8geord: <\/strong> kuppeltelt<\/li>\n<li><strong>stil: <\/strong> telte til arrangementer fest<\/li>\n<li><strong>Pakkev\u00e6gt: <\/strong> 5 kg<\/li>\n<li><strong>Pakke st\u00f8rrelse : <\/strong> 63*30*30 cm<\/li>\n<li><strong>form: <\/strong> strand telt<\/li>\n<\/ul>\n<div>\n<div data-magic-global=\"%7B%22bizId%22%3A2348173885%2C%22pageId%22%3A5040934770%2C%22siteId%22%3A5005127539%7D\">\n<div><\/div>\n<div><\/div>\n<div>\n<div data-section=\"AliMagic-q0f28m\" data-section-title=\"Product Display\">Produkt Display<\/div>\n<\/div>\n<div>\n<div>\n<div>\n<div>\n<div>\n<div><a href=\"https:\/\/cnhomestar.en.alibaba.com\/product\/60708146656-805607772\/factory_supplier_Iron_pole_large_family_camping_high_quality_5_8_people_waterproof_party_tent.html\" target=\"_blank\" rel=\"noopener\"><img decoding=\"async\" src=\"\/\/sc01.alicdn.com\/kf\/Hb0e8f48946944fb7bd90fba2384b89a5A\/222400006\/Hb0e8f48946944fb7bd90fba2384b89a5A.jpg\" data-src=\"\/\/sc01.alicdn.com\/kf\/Hb0e8f48946944fb7bd90fba2384b89a5A\/222400006\/Hb0e8f48946944fb7bd90fba2384b89a5A.jpg\" \/><\/a><\/div>\n<\/div>\n<\/div>\n<\/div>\n<\/div>\n<\/div>\n<div>\n<div>\n<div>\n<div>\n<div>\n<div><img decoding=\"async\" src=\"\/\/sc01.alicdn.com\/kf\/H05de30f014bc48c482f0a260949756b5M\/222400006\/H05de30f014bc48c482f0a260949756b5M.jpg\" data-src=\"\/\/sc01.alicdn.com\/kf\/H05de30f014bc48c482f0a260949756b5M\/222400006\/H05de30f014bc48c482f0a260949756b5M.jpg\" \/><\/div>\n<\/div>\n<\/div>\n<\/div>\n<\/div>\n<\/div>\n<div>\n<div>\n<div>\n<div>\n<div>\n<div><img decoding=\"async\" src=\"\/\/sc01.alicdn.com\/kf\/H5dfc336d509b4f03b92835892822bf08U\/222400006\/H5dfc336d509b4f03b92835892822bf08U.jpg\" data-src=\"\/\/sc01.alicdn.com\/kf\/H5dfc336d509b4f03b92835892822bf08U\/222400006\/H5dfc336d509b4f03b92835892822bf08U.jpg\" \/><\/div>\n<\/div>\n<\/div>\n<\/div>\n<\/div>\n<\/div>\n<div>\n<div>\n<div>\n<div>\n<div>\n<div><img decoding=\"async\" src=\"\/\/sc01.alicdn.com\/kf\/H506bd69ace7d4b6ca68902d845d0a327i\/222400006\/H506bd69ace7d4b6ca68902d845d0a327i.jpg\" data-src=\"\/\/sc01.alicdn.com\/kf\/H506bd69ace7d4b6ca68902d845d0a327i\/222400006\/H506bd69ace7d4b6ca68902d845d0a327i.jpg\" \/><\/div>\n<\/div>\n<\/div>\n<\/div>\n<\/div>\n<\/div>\n<div>\n<div>\n<div>\n<div>\n<div>\n<div><img decoding=\"async\" src=\"\/\/sc02.alicdn.com\/kf\/H88a7f2c769aa48f79f007c1e02708400R\/222400006\/H88a7f2c769aa48f79f007c1e02708400R.jpg\" data-src=\"\/\/sc02.alicdn.com\/kf\/H88a7f2c769aa48f79f007c1e02708400R\/222400006\/H88a7f2c769aa48f79f007c1e02708400R.jpg\" \/><\/div>\n<\/div>\n<\/div>\n<\/div>\n<\/div>\n<\/div>\n<div>\n<div>\n<div>\n<div>\n<div>\n<div><img decoding=\"async\" src=\"\/\/sc02.alicdn.com\/kf\/H7085c2cdcc5a4766ab296c07dd0e52314\/222400006\/H7085c2cdcc5a4766ab296c07dd0e52314.jpg\" data-src=\"\/\/sc02.alicdn.com\/kf\/H7085c2cdcc5a4766ab296c07dd0e52314\/222400006\/H7085c2cdcc5a4766ab296c07dd0e52314.jpg\" \/><\/div>\n<\/div>\n<\/div>\n<\/div>\n<\/div>\n<\/div>\n<div>\n<div>\n<div>\n<div>\n<div>\n<div><img decoding=\"async\" src=\"\/\/sc02.alicdn.com\/kf\/Hed3bc8aec1424834b50e4a338a55df70N\/222400006\/Hed3bc8aec1424834b50e4a338a55df70N.jpg\" data-src=\"\/\/sc02.alicdn.com\/kf\/Hed3bc8aec1424834b50e4a338a55df70N\/222400006\/Hed3bc8aec1424834b50e4a338a55df70N.jpg\" \/><\/div>\n<\/div>\n<\/div>\n<\/div>\n<\/div>\n<\/div>\n<div>\n<div>\n<div>\n<div>\n<div>\n<div><\/div>\n<\/div>\n<\/div>\n<\/div>\n<\/div>\n<\/div>\n<\/div>\n<\/div>","protected":false},"excerpt":{"rendered":"<p>Areal : 6 Kvadratmeter Stof : polyester Ydertelt Vandt\u00e6t Indeks : 2000-3000 mm, &gt;2000 mm Bund Vandt\u00e6t Indeks : 2000-3000 mm, &gt;2000 mm Bygningstype : Konstruktion Baseret p\u00e5 behov Teltstil : R\u00f8rtype Teltp\u00e6l S\u00e6son : Fire -s\u00e6sonens teltstruktur: Et sovev\u00e6relse og en stue, store sovev\u00e6relser\/stuestang<\/p>\n<div class=\"read-more\"><a class=\"btn btn-fill-out\" href=\"https:\/\/uoogear.com\/da\/vare\/2022-hot-selling-waterproof-four-seasons-glamping-family-bell-tepe-canvas-tents-camping-outdoor-automatic-tent\/\">L\u00e6s mere<\/a><\/div>","protected":false},"featured_media":4757,"template":"","meta":[],"product_brand":[],"product_cat":[15],"product_tag":[],"class_list":{"0":"post-4758","1":"product","2":"type-product","3":"status-publish","4":"has-post-thumbnail","6":"product_cat-uncategorized","7":"tm-no-options","9":"first","10":"instock","11":"shipping-taxable","12":"purchasable","13":"product-type-variable"},"_links":{"self":[{"href":"https:\/\/uoogear.com\/da\/wp-json\/wp\/v2\/product\/4758","targetHints":{"allow":["GET"]}}],"collection":[{"href":"https:\/\/uoogear.com\/da\/wp-json\/wp\/v2\/product"}],"about":[{"href":"https:\/\/uoogear.com\/da\/wp-json\/wp\/v2\/types\/product"}],"wp:featuredmedia":[{"embeddable":true,"href":"https:\/\/uoogear.com\/da\/wp-json\/wp\/v2\/media\/4757"}],"wp:attachment":[{"href":"https:\/\/uoogear.com\/da\/wp-json\/wp\/v2\/media?parent=4758"}],"wp:term":[{"taxonomy":"product_brand","embeddable":true,"href":"https:\/\/uoogear.com\/da\/wp-json\/wp\/v2\/product_brand?post=4758"},{"taxonomy":"product_cat","embeddable":true,"href":"https:\/\/uoogear.com\/da\/wp-json\/wp\/v2\/product_cat?post=4758"},{"taxonomy":"product_tag","embeddable":true,"href":"https:\/\/uoogear.com\/da\/wp-json\/wp\/v2\/product_tag?post=4758"}],"curies":[{"name":"wp","href":"https:\/\/api.w.org\/{rel}","templated":true}]}}