{"id":4786,"date":"2023-11-14T02:27:42","date_gmt":"2023-11-14T02:27:42","guid":{"rendered":"https:\/\/uoogear.com\/product\/automatic-outdoor-camping-tent-oxford-pop-up-high-quality-tents\/"},"modified":"2023-11-30T02:34:51","modified_gmt":"2023-11-30T02:34:51","slug":"automatic-outdoor-camping-tent-oxford-pop-up-high-quality-tents","status":"publish","type":"product","link":"https:\/\/uoogear.com\/da\/vare\/automatic-outdoor-camping-tent-oxford-pop-up-high-quality-tents\/","title":{"rendered":"Automatisk udend\u00f8rs campingtelt Oxford Pop Up h\u00f8jkvalitetstelte"},"content":{"rendered":"<ul>\n<li><strong>Stof: <\/strong> Oxford<\/li>\n<li><strong>Udvendigt telts vandt\u00e6t indeks: <\/strong> 2000-3000 mm<\/li>\n<li><strong>Nederste vandt\u00e6t indeks: <\/strong> 2000-3000 mm<\/li>\n<li><strong>Bygningstype: <\/strong> Hurtig automatisk \u00e5bning<\/li>\n<li><strong>Telt stil: <\/strong> R\u00f8rtype teltp\u00e6l<\/li>\n<li><strong>S\u00e6son: <\/strong> Fire-s\u00e6son telt<\/li>\n<li><strong>Struktur: <\/strong> Et sovev\u00e6relse<\/li>\n<li><strong>Sengeplads: <\/strong> 3-4<\/li>\n<li><strong>Sovev\u00e6relser: <\/strong> 1<\/li>\n<li><strong>V\u00e6gt (kg): <\/strong> 6<\/li>\n<li><strong>St\u00f8rrelse: <\/strong> 210*210*120 cm<\/li>\n<li><strong>Vandt\u00e6t : <\/strong> 2000-3000<\/li>\n<li><strong>Stof materiale: <\/strong> 150D Oxford<\/li>\n<li><strong>Stil: <\/strong> Automatisk telt<\/li>\n<\/ul>\n<div>\n<div data-magic-global=\"%7B%22bizId%22%3A2348173885%2C%22pageId%22%3A21030964139%2C%22siteId%22%3A5005127539%7D\">\n<div>\n<div>\n<div>\n<div>\n<div>\n<div><\/div>\n<\/div>\n<\/div>\n<\/div>\n<\/div>\n<\/div>\n<div>\n<div>\n<table>\n<tbody>\n<tr>\n<td>\n<div>\n<div data-spm-anchor-id=\"0.0.0.i16.3eaf4f05ECnIkX\">Fly Sheet<\/div>\n<\/div>\n<\/td>\n<td>\n<div>\n<div data-spm-anchor-id=\"0.0.0.i33.3eaf4f05ECnIkX\">150D Oxford<\/div>\n<\/div>\n<\/td>\n<td>\n<div>\n<div>Indre<\/div>\n<\/div>\n<\/td>\n<td>\n<div>\n<div data-spm-anchor-id=\"0.0.0.i34.3eaf4f05ECnIkX\">B3 mesh<\/div>\n<\/div>\n<\/td>\n<\/tr>\n<tr>\n<td>\n<div>\n<div>Lag<\/div>\n<\/div>\n<\/td>\n<td>\n<div>\n<div data-spm-anchor-id=\"0.0.0.i39.3eaf4f05ECnIkX\">1<\/div>\n<\/div>\n<\/td>\n<td>\n<div>\n<div>Vandt\u00e6t<\/div>\n<\/div>\n<\/td>\n<td>\n<div>\n<div data-spm-anchor-id=\"0.0.0.i4.3eaf4f05uSBrU9\">2000-3000 mm<\/div>\n<\/div>\n<\/td>\n<\/tr>\n<tr>\n<td>\n<div>\n<div data-spm-anchor-id=\"a2700.siteadmin.0.i1.70a633332xVGCP\">Kapacitet<\/div>\n<\/div>\n<\/td>\n<td>\n<div>\n<div data-spm-anchor-id=\"0.0.0.i13.3eaf4f05ECnIkX\">3-4<\/div>\n<\/div>\n<\/td>\n<td>\n<div>\n<div>Etage<\/div>\n<\/div>\n<\/td>\n<td>\n<div>\n<div data-spm-anchor-id=\"0.0.0.i42.3eaf4f05ECnIkX\">150D Oxford<\/div>\n<\/div>\n<\/td>\n<\/tr>\n<tr>\n<td>\n<div>\n<div>Pol<\/div>\n<\/div>\n<\/td>\n<td>\n<div>\n<div data-spm-anchor-id=\"0.0.0.i44.3eaf4f05ECnIkX\">Jern<\/div>\n<\/div>\n<\/td>\n<td>\n<div>\n<div>V\u00e6gt<\/div>\n<\/div>\n<\/td>\n<td>\n<div>\n<div data-spm-anchor-id=\"0.0.0.i5.3eaf4f05uSBrU9\">6 kg<\/div>\n<\/div>\n<\/td>\n<\/tr>\n<tr>\n<td>\n<div>\n<div>St\u00f8rrelse<\/div>\n<\/div>\n<\/td>\n<td>\n<div>\n<div data-spm-anchor-id=\"0.0.0.i41.3eaf4f05ECnIkX\">210*210*120 cm (B x D x H)<\/div>\n<\/div>\n<\/td>\n<td>\n<div>\n<div data-spm-anchor-id=\"a2700.pc-decorate.0.i7.620a3333cDXuJj\">Type<\/div>\n<\/div>\n<\/td>\n<td>\n<div>\n<div data-spm-anchor-id=\"0.0.0.i45.3eaf4f05ECnIkX\">Automatisk telt<\/div>\n<\/div>\n<\/td>\n<\/tr>\n<tr>\n<td>\n<div>\n<div>Pakning<\/div>\n<\/div>\n<\/td>\n<td>\n<div>\n<div data-spm-anchor-id=\"0.0.0.i46.3eaf4f05ECnIkX\">68*33*22 cm<\/div>\n<\/div>\n<\/td>\n<td>\n<div>\n<div data-spm-anchor-id=\"a2700.siteadmin.0.i2.65e43333ALmggU\">Stil<\/div>\n<\/div>\n<\/td>\n<td>\n<div>\n<div data-spm-anchor-id=\"0.0.0.i48.3eaf4f05ECnIkX\">vandt\u00e6t lejrtelt<\/div>\n<\/div>\n<\/td>\n<\/tr>\n<\/tbody>\n<\/table>\n<\/div>\n<\/div>\n<div>\n<div data-section=\"AliMagic-rzzj53\" data-section-title=\"Product Display\">Produkt Display<\/div>\n<\/div>\n<div>\n<div>\n<div><img decoding=\"async\" src=\"\/\/sc04.alicdn.com\/kf\/H653be6caae5445ae80173ba4074a998aG\/222400006\/H653be6caae5445ae80173ba4074a998aG.jpg\" data-src=\"\/\/sc04.alicdn.com\/kf\/H653be6caae5445ae80173ba4074a998aG\/222400006\/H653be6caae5445ae80173ba4074a998aG.jpg\" \/><\/div>\n<div><img decoding=\"async\" src=\"\/\/sc04.alicdn.com\/kf\/H74feb26da27b420a94203e1dabdfb5c3g\/222400006\/H74feb26da27b420a94203e1dabdfb5c3g.jpg\" data-src=\"\/\/sc04.alicdn.com\/kf\/H74feb26da27b420a94203e1dabdfb5c3g\/222400006\/H74feb26da27b420a94203e1dabdfb5c3g.jpg\" \/><\/div>\n<div><img decoding=\"async\" src=\"\/\/sc04.alicdn.com\/kf\/H7ddec77284264c039d283ce94aedac86h\/222400006\/H7ddec77284264c039d283ce94aedac86h.jpg\" data-src=\"\/\/sc04.alicdn.com\/kf\/H7ddec77284264c039d283ce94aedac86h\/222400006\/H7ddec77284264c039d283ce94aedac86h.jpg\" \/><\/div>\n<div><img decoding=\"async\" src=\"\/\/sc04.alicdn.com\/kf\/Hb476b02098114050af5fe97a36c166ebX\/222400006\/Hb476b02098114050af5fe97a36c166ebX.jpg\" data-src=\"\/\/sc04.alicdn.com\/kf\/Hb476b02098114050af5fe97a36c166ebX\/222400006\/Hb476b02098114050af5fe97a36c166ebX.jpg\" \/><\/div>\n<div><img decoding=\"async\" src=\"\/\/sc04.alicdn.com\/kf\/H52b89160de85462b81b7f9d9a1b4a913L\/222400006\/H52b89160de85462b81b7f9d9a1b4a913L.jpg\" data-src=\"\/\/sc04.alicdn.com\/kf\/H52b89160de85462b81b7f9d9a1b4a913L\/222400006\/H52b89160de85462b81b7f9d9a1b4a913L.jpg\" \/><\/div>\n<div><img decoding=\"async\" src=\"\/\/sc04.alicdn.com\/kf\/Hdad6ef9c12844447a875369e425483deS\/222400006\/Hdad6ef9c12844447a875369e425483deS.jpg\" data-src=\"\/\/sc04.alicdn.com\/kf\/Hdad6ef9c12844447a875369e425483deS\/222400006\/Hdad6ef9c12844447a875369e425483deS.jpg\" \/><\/div>\n<\/div>\n<\/div>\n<div>\n<div data-magic=\" \" data-magic-status=\"done\">\n<div data-reactroot=\"\"><\/div>\n<\/div>\n<\/div>\n<\/div>\n<\/div>","protected":false},"excerpt":{"rendered":"<p>Stof: Oxford Outside Telt Vandt\u00e6t Indeks: 2000-3000 Mm Bund Vandt\u00e6t Indeks: 2000-3000 Mm Bygningstype: Hurtig automatisk \u00e5bning Telt Stil: R\u00f8r Type Telt Stake S\u00e6son: Fire-s\u00e6son Telt Struktur: Et sovev\u00e6relse K\u00f8je: 3-4 Sovev\u00e6relser: 1 V\u00e6gt (kg) : 6 St\u00f8rrelse : 210*210*120CM Vandt\u00e6t : 2000-3000 Stofmateriale<\/p>\n<div class=\"read-more\"><a class=\"btn btn-fill-out\" href=\"https:\/\/uoogear.com\/da\/vare\/automatic-outdoor-camping-tent-oxford-pop-up-high-quality-tents\/\">L\u00e6s mere<\/a><\/div>","protected":false},"featured_media":4785,"template":"","meta":[],"product_brand":[],"product_cat":[15],"product_tag":[],"class_list":{"0":"post-4786","1":"product","2":"type-product","3":"status-publish","4":"has-post-thumbnail","6":"product_cat-uncategorized","7":"tm-no-options","9":"first","10":"instock","11":"shipping-taxable","12":"purchasable","13":"product-type-variable"},"_links":{"self":[{"href":"https:\/\/uoogear.com\/da\/wp-json\/wp\/v2\/product\/4786","targetHints":{"allow":["GET"]}}],"collection":[{"href":"https:\/\/uoogear.com\/da\/wp-json\/wp\/v2\/product"}],"about":[{"href":"https:\/\/uoogear.com\/da\/wp-json\/wp\/v2\/types\/product"}],"wp:featuredmedia":[{"embeddable":true,"href":"https:\/\/uoogear.com\/da\/wp-json\/wp\/v2\/media\/4785"}],"wp:attachment":[{"href":"https:\/\/uoogear.com\/da\/wp-json\/wp\/v2\/media?parent=4786"}],"wp:term":[{"taxonomy":"product_brand","embeddable":true,"href":"https:\/\/uoogear.com\/da\/wp-json\/wp\/v2\/product_brand?post=4786"},{"taxonomy":"product_cat","embeddable":true,"href":"https:\/\/uoogear.com\/da\/wp-json\/wp\/v2\/product_cat?post=4786"},{"taxonomy":"product_tag","embeddable":true,"href":"https:\/\/uoogear.com\/da\/wp-json\/wp\/v2\/product_tag?post=4786"}],"curies":[{"name":"wp","href":"https:\/\/api.w.org\/{rel}","templated":true}]}}