{"id":4802,"date":"2023-11-14T02:29:37","date_gmt":"2023-11-14T02:29:37","guid":{"rendered":"https:\/\/uoogear.com\/product\/star-home-throw-tent-outdoor-automatic-throwing-pop-up-waterproof-camping-hiking-tent-waterproof-large-family-tents\/"},"modified":"2023-11-30T02:35:27","modified_gmt":"2023-11-30T02:35:27","slug":"star-home-throw-tent-outdoor-automatic-throwing-pop-up-waterproof-camping-hiking-tent-waterproof-large-family-tents","status":"publish","type":"product","link":"https:\/\/uoogear.com\/da\/vare\/star-home-throw-tent-outdoor-automatic-throwing-pop-up-waterproof-camping-hiking-tent-waterproof-large-family-tents\/","title":{"rendered":"STAR HOME Kastetelt Udend\u00f8rs Automatisk Kast Pop Up Vandt\u00e6t Camping Vandretelt Vandt\u00e6t Store Familietelte"},"content":{"rendered":"<ul>\n<li><strong>Stof: <\/strong> Oxford klud<\/li>\n<li><strong>Udvendigt telts vandt\u00e6t indeks: <\/strong> 2000-3000 mm<\/li>\n<li><strong>Nederste vandt\u00e6t indeks: <\/strong> 2000-3000 mm<\/li>\n<li><strong>Bygningstype: <\/strong> Hurtig automatisk \u00e5bning<\/li>\n<li><strong>Telt stil: <\/strong> Lige afstivningstype<\/li>\n<li><strong>S\u00e6son: <\/strong> Fire-s\u00e6son telt<\/li>\n<li><strong>Struktur: <\/strong> Et sovev\u00e6relse<\/li>\n<li><strong>Stil: <\/strong> Pop-\u00e5ben<\/li>\n<\/ul>\n<div>\n<p>STAR HOME Kastetelt Udend\u00f8rs Automatiske Telte Kaster Pop Up Vandt\u00e6t Camping Vandretelt Vandt\u00e6t Store Familietelte<\/p>\n<p>&nbsp;<\/p>\n<p>Star Home Family Camping Telte er pop-up-design, \u00e5bner p\u00e5 5 sekunder; foldbare, nemme at b\u00e6re, kun 3,7 kg.<\/p>\n<p>Maskede d\u00f8re og vinduer, fire sider af ventilation, anti-myg og insekter; kan bruges i 3 s\u00e6soner.<\/p>\n<p>Dobbeltd\u00f8rsdesign, let at g\u00e5 ind og ud; Familiecampingtelte D\u00f8re og vinduer kan lukkes helt for at beskytte privatlivets fred.<\/p>\n<p>Familie campingtelte stor plads, velegnet til 3-4 personer familie venner til at bruge udend\u00f8rs.<\/p>\n<p>H\u00f8j kvalitet og holdbare Star Home Family Camping Telte vil fungere godt til korte campingture med en lille familie, par eller enkeltperson. Star Home Family Camping Telte lader dig nyde de gode stunder.<\/p>\n<p>&nbsp;<\/p>\n<p>Star Home Family Camping Telte er pop-up-design, \u00e5bner p\u00e5 5 sekunder; foldbare, nemme at b\u00e6re, kun 3,7 kg.<\/p>\n<p>Maskede d\u00f8re og vinduer, fire sider af ventilation, anti-myg og insekter; kan bruges i 3 s\u00e6soner.<\/p>\n<p>Dobbeltd\u00f8rsdesign, let at g\u00e5 ind og ud; Familiecampingtelte D\u00f8re og vinduer kan lukkes helt for at beskytte privatlivets fred.<\/p>\n<p>Familie campingtelte stor plads, velegnet til 3-4 personer familie venner til at bruge udend\u00f8rs.<\/p>\n<p>H\u00f8j kvalitet og holdbare Star Home Family Camping Telte vil fungere godt til korte campingture med en lille familie, par eller enkeltperson. Star Home Family Camping Telte lader dig nyde de gode stunder.<\/p>\n<p>&nbsp;<\/p>\n<p><img decoding=\"async\" src=\"\/\/sc01.alicdn.com\/kf\/HTB18X7za4D1gK0jSZFyq6AiOVXaU\/222400006\/HTB18X7za4D1gK0jSZFyq6AiOVXaU.jpg\" alt=\"STAR HOME Kastetelt Udend\u00f8rs Automatisk Kast Pop Up Vandt\u00e6t Camping Vandretelt Vandt\u00e6t Store Familietelte\" width=\"750\" height=\"671.25\" data-src=\"\/\/sc01.alicdn.com\/kf\/HTB18X7za4D1gK0jSZFyq6AiOVXaU\/222400006\/HTB18X7za4D1gK0jSZFyq6AiOVXaU.jpg\" data-alt=\"STAR HOME Throw Tent Outdoor Automatic Throwing Pop Up Waterproof Camping Hiking Tent Waterproof Large Family Tents\" \/><img decoding=\"async\" src=\"\/\/sc02.alicdn.com\/kf\/HTB10bIya1H2gK0jSZJnq6yT1FXa5\/222400006\/HTB10bIya1H2gK0jSZJnq6yT1FXa5.jpg\" alt=\"STAR HOME Kastetelt Udend\u00f8rs Automatisk Kast Pop Up Vandt\u00e6t Camping Vandretelt Vandt\u00e6t Store Familietelte\" width=\"750\" height=\"648.75\" data-src=\"\/\/sc02.alicdn.com\/kf\/HTB10bIya1H2gK0jSZJnq6yT1FXa5\/222400006\/HTB10bIya1H2gK0jSZJnq6yT1FXa5.jpg\" data-alt=\"STAR HOME Throw Tent Outdoor Automatic Throwing Pop Up Waterproof Camping Hiking Tent Waterproof Large Family Tents\" \/><img decoding=\"async\" src=\"\/\/sc02.alicdn.com\/kf\/HTB17T.wa.z1gK0jSZLeq6z9kVXa1\/222400006\/HTB17T.wa.z1gK0jSZLeq6z9kVXa1.jpg\" alt=\"STAR HOME Kastetelt Udend\u00f8rs Automatisk Kast Pop Up Vandt\u00e6t Camping Vandretelt Vandt\u00e6t Store Familietelte\" width=\"750\" height=\"534.375\" data-src=\"\/\/sc02.alicdn.com\/kf\/HTB17T.wa.z1gK0jSZLeq6z9kVXa1\/222400006\/HTB17T.wa.z1gK0jSZLeq6z9kVXa1.jpg\" data-alt=\"STAR HOME Throw Tent Outdoor Automatic Throwing Pop Up Waterproof Camping Hiking Tent Waterproof Large Family Tents\" \/><img loading=\"lazy\" decoding=\"async\" src=\"\/\/sc01.alicdn.com\/kf\/HTB11RIwa4D1gK0jSZFsq6zldVXaH\/222400006\/HTB11RIwa4D1gK0jSZFsq6zldVXaH.jpg\" alt=\"STAR HOME Kastetelt Udend\u00f8rs Automatisk Kast Pop Up Vandt\u00e6t Camping Vandretelt Vandt\u00e6t Store Familietelte\" width=\"750\" height=\"600\" data-src=\"\/\/sc01.alicdn.com\/kf\/HTB11RIwa4D1gK0jSZFsq6zldVXaH\/222400006\/HTB11RIwa4D1gK0jSZFsq6zldVXaH.jpg\" data-alt=\"STAR HOME Throw Tent Outdoor Automatic Throwing Pop Up Waterproof Camping Hiking Tent Waterproof Large Family Tents\" \/><img decoding=\"async\" src=\"\/\/sc01.alicdn.com\/kf\/HTB1ypUza4D1gK0jSZFyq6AiOVXaP\/222400006\/HTB1ypUza4D1gK0jSZFyq6AiOVXaP.jpg\" alt=\"STAR HOME Kastetelt Udend\u00f8rs Automatisk Kast Pop Up Vandt\u00e6t Camping Vandretelt Vandt\u00e6t Store Familietelte\" width=\"750\" height=\"678.75\" data-src=\"\/\/sc01.alicdn.com\/kf\/HTB1ypUza4D1gK0jSZFyq6AiOVXaP\/222400006\/HTB1ypUza4D1gK0jSZFyq6AiOVXaP.jpg\" data-alt=\"STAR HOME Throw Tent Outdoor Automatic Throwing Pop Up Waterproof Camping Hiking Tent Waterproof Large Family Tents\" \/><img decoding=\"async\" src=\"\/\/sc01.alicdn.com\/kf\/HTB1Nj3wa1T2gK0jSZFvq6xnFXXao\/222400006\/HTB1Nj3wa1T2gK0jSZFvq6xnFXXao.jpg\" alt=\"STAR HOME Kastetelt Udend\u00f8rs Automatisk Kast Pop Up Vandt\u00e6t Camping Vandretelt Vandt\u00e6t Store Familietelte\" width=\"750\" height=\"736.875\" data-src=\"\/\/sc01.alicdn.com\/kf\/HTB1Nj3wa1T2gK0jSZFvq6xnFXXao\/222400006\/HTB1Nj3wa1T2gK0jSZFvq6xnFXXao.jpg\" data-alt=\"STAR HOME Throw Tent Outdoor Automatic Throwing Pop Up Waterproof Camping Hiking Tent Waterproof Large Family Tents\" \/><img decoding=\"async\" src=\"\/\/sc01.alicdn.com\/kf\/HTB1dAQwa1T2gK0jSZFvq6xnFXXaL\/222400006\/HTB1dAQwa1T2gK0jSZFvq6xnFXXaL.jpg\" alt=\"STAR HOME Kastetelt Udend\u00f8rs Automatisk Kast Pop Up Vandt\u00e6t Camping Vandretelt Vandt\u00e6t Store Familietelte\" width=\"750\" height=\"786.5625\" data-src=\"\/\/sc01.alicdn.com\/kf\/HTB1dAQwa1T2gK0jSZFvq6xnFXXaL\/222400006\/HTB1dAQwa1T2gK0jSZFvq6xnFXXaL.jpg\" data-alt=\"STAR HOME Throw Tent Outdoor Automatic Throwing Pop Up Waterproof Camping Hiking Tent Waterproof Large Family Tents\" \/><img decoding=\"async\" src=\"\/\/sc01.alicdn.com\/kf\/HTB1p8swa9f2gK0jSZFPq6xsopXaJ\/222400006\/HTB1p8swa9f2gK0jSZFPq6xsopXaJ.jpg\" alt=\"STAR HOME Kastetelt Udend\u00f8rs Automatisk Kast Pop Up Vandt\u00e6t Camping Vandretelt Vandt\u00e6t Store Familietelte\" width=\"750\" height=\"676.875\" data-src=\"\/\/sc01.alicdn.com\/kf\/HTB1p8swa9f2gK0jSZFPq6xsopXaJ\/222400006\/HTB1p8swa9f2gK0jSZFPq6xsopXaJ.jpg\" data-alt=\"STAR HOME Throw Tent Outdoor Automatic Throwing Pop Up Waterproof Camping Hiking Tent Waterproof Large Family Tents\" \/><img decoding=\"async\" src=\"\/\/sc01.alicdn.com\/kf\/HTB1f1wtaWL7gK0jSZFBq6xZZpXai\/222400006\/HTB1f1wtaWL7gK0jSZFBq6xZZpXai.jpg\" alt=\"STAR HOME Kastetelt Udend\u00f8rs Automatisk Kast Pop Up Vandt\u00e6t Camping Vandretelt Vandt\u00e6t Store Familietelte\" width=\"750\" height=\"725.6250000000001\" data-src=\"\/\/sc01.alicdn.com\/kf\/HTB1f1wtaWL7gK0jSZFBq6xZZpXai\/222400006\/HTB1f1wtaWL7gK0jSZFBq6xZZpXai.jpg\" data-alt=\"STAR HOME Throw Tent Outdoor Automatic Throwing Pop Up Waterproof Camping Hiking Tent Waterproof Large Family Tents\" \/><img decoding=\"async\" src=\"\/\/sc01.alicdn.com\/kf\/HTB1oGoya7T2gK0jSZFkq6AIQFXa0\/222400006\/HTB1oGoya7T2gK0jSZFkq6AIQFXa0.jpg\" alt=\"STAR HOME Kastetelt Udend\u00f8rs Automatisk Kast Pop Up Vandt\u00e6t Camping Vandretelt Vandt\u00e6t Store Familietelte\" width=\"750\" height=\"684.375\" data-src=\"\/\/sc01.alicdn.com\/kf\/HTB1oGoya7T2gK0jSZFkq6AIQFXa0\/222400006\/HTB1oGoya7T2gK0jSZFkq6AIQFXa0.jpg\" data-alt=\"STAR HOME Throw Tent Outdoor Automatic Throwing Pop Up Waterproof Camping Hiking Tent Waterproof Large Family Tents\" \/><img decoding=\"async\" src=\"\/\/sc02.alicdn.com\/kf\/HTB1W9cwa7P2gK0jSZPxq6ycQpXad\/222400006\/HTB1W9cwa7P2gK0jSZPxq6ycQpXad.jpg\" alt=\"STAR HOME Kastetelt Udend\u00f8rs Automatisk Kast Pop Up Vandt\u00e6t Camping Vandretelt Vandt\u00e6t Store Familietelte\" width=\"750\" height=\"530.625\" data-src=\"\/\/sc02.alicdn.com\/kf\/HTB1W9cwa7P2gK0jSZPxq6ycQpXad\/222400006\/HTB1W9cwa7P2gK0jSZPxq6ycQpXad.jpg\" data-alt=\"STAR HOME Throw Tent Outdoor Automatic Throwing Pop Up Waterproof Camping Hiking Tent Waterproof Large Family Tents\" \/><img decoding=\"async\" src=\"\/\/sc02.alicdn.com\/kf\/HTB1nDsxa7T2gK0jSZPcq6AKkpXaU\/222400006\/HTB1nDsxa7T2gK0jSZPcq6AKkpXaU.jpg\" alt=\"STAR HOME Kastetelt Udend\u00f8rs Automatisk Kast Pop Up Vandt\u00e6t Camping Vandretelt Vandt\u00e6t Store Familietelte\" width=\"750\" height=\"511.87500000000006\" data-src=\"\/\/sc02.alicdn.com\/kf\/HTB1nDsxa7T2gK0jSZPcq6AKkpXaU\/222400006\/HTB1nDsxa7T2gK0jSZPcq6AKkpXaU.jpg\" data-alt=\"STAR HOME Throw Tent Outdoor Automatic Throwing Pop Up Waterproof Camping Hiking Tent Waterproof Large Family Tents\" \/><img decoding=\"async\" src=\"\/\/sc01.alicdn.com\/kf\/HTB1xcsya1H2gK0jSZJnq6yT1FXaO\/222400006\/HTB1xcsya1H2gK0jSZJnq6yT1FXaO.jpg\" alt=\"STAR HOME Kastetelt Udend\u00f8rs Automatisk Kast Pop Up Vandt\u00e6t Camping Vandretelt Vandt\u00e6t Store Familietelte\" width=\"750\" height=\"416.25\" data-src=\"\/\/sc01.alicdn.com\/kf\/HTB1xcsya1H2gK0jSZJnq6yT1FXaO\/222400006\/HTB1xcsya1H2gK0jSZJnq6yT1FXaO.jpg\" data-alt=\"STAR HOME Throw Tent Outdoor Automatic Throwing Pop Up Waterproof Camping Hiking Tent Waterproof Large Family Tents\" \/><img decoding=\"async\" src=\"\/\/sc01.alicdn.com\/kf\/HTB1KsAxa.T1gK0jSZFrq6ANCXXad\/222400006\/HTB1KsAxa.T1gK0jSZFrq6ANCXXad.jpg\" alt=\"STAR HOME Kastetelt Udend\u00f8rs Automatisk Kast Pop Up Vandt\u00e6t Camping Vandretelt Vandt\u00e6t Store Familietelte\" width=\"750\" height=\"738.75\" data-src=\"\/\/sc01.alicdn.com\/kf\/HTB1KsAxa.T1gK0jSZFrq6ANCXXad\/222400006\/HTB1KsAxa.T1gK0jSZFrq6ANCXXad.jpg\" data-alt=\"STAR HOME Throw Tent Outdoor Automatic Throwing Pop Up Waterproof Camping Hiking Tent Waterproof Large Family Tents\" \/><\/p>\n<\/div>","protected":false},"excerpt":{"rendered":"<p>Stof: Oxford-dug Ydertelt Vandt\u00e6t Indeks: 2000-3000 Mm Bund Vandt\u00e6t Indeks: 2000-3000 Mm Bygningstype: Hurtig automatisk \u00e5bning Telt Stil: Lige Afstivningstype S\u00e6son: Fire-s\u00e6son Telt Struktur: Et sovev\u00e6relse Stil: Pop-open STAR HOME Kastetelt Udend\u00f8rs Automatiske Telte Kaste Pop Up Vandt\u00e6t Camping Vandretelt Vandt\u00e6t<\/p>\n<div class=\"read-more\"><a class=\"btn btn-fill-out\" href=\"https:\/\/uoogear.com\/da\/vare\/star-home-throw-tent-outdoor-automatic-throwing-pop-up-waterproof-camping-hiking-tent-waterproof-large-family-tents\/\">L\u00e6s mere<\/a><\/div>","protected":false},"featured_media":4801,"template":"","meta":[],"product_brand":[],"product_cat":[15],"product_tag":[],"class_list":{"0":"post-4802","1":"product","2":"type-product","3":"status-publish","4":"has-post-thumbnail","6":"product_cat-uncategorized","7":"tm-no-options","9":"first","10":"instock","11":"shipping-taxable","12":"purchasable","13":"product-type-variable"},"_links":{"self":[{"href":"https:\/\/uoogear.com\/da\/wp-json\/wp\/v2\/product\/4802","targetHints":{"allow":["GET"]}}],"collection":[{"href":"https:\/\/uoogear.com\/da\/wp-json\/wp\/v2\/product"}],"about":[{"href":"https:\/\/uoogear.com\/da\/wp-json\/wp\/v2\/types\/product"}],"wp:featuredmedia":[{"embeddable":true,"href":"https:\/\/uoogear.com\/da\/wp-json\/wp\/v2\/media\/4801"}],"wp:attachment":[{"href":"https:\/\/uoogear.com\/da\/wp-json\/wp\/v2\/media?parent=4802"}],"wp:term":[{"taxonomy":"product_brand","embeddable":true,"href":"https:\/\/uoogear.com\/da\/wp-json\/wp\/v2\/product_brand?post=4802"},{"taxonomy":"product_cat","embeddable":true,"href":"https:\/\/uoogear.com\/da\/wp-json\/wp\/v2\/product_cat?post=4802"},{"taxonomy":"product_tag","embeddable":true,"href":"https:\/\/uoogear.com\/da\/wp-json\/wp\/v2\/product_tag?post=4802"}],"curies":[{"name":"wp","href":"https:\/\/api.w.org\/{rel}","templated":true}]}}