{"id":4867,"date":"2023-11-14T02:55:03","date_gmt":"2023-11-14T02:55:03","guid":{"rendered":"https:\/\/uoogear.com\/product\/npot-customized-rooftop-car-tent-roof-rooftop-roof-tent-4-person-rooftop-tent-hard-shell\/"},"modified":"2023-11-30T08:54:13","modified_gmt":"2023-11-30T08:54:13","slug":"npot-customized-rooftop-car-tent-roof-rooftop-roof-tent-4-person-rooftop-tent-hard-shell","status":"publish","type":"product","link":"https:\/\/uoogear.com\/da\/vare\/npot-customized-rooftop-car-tent-roof-rooftop-roof-tent-4-person-rooftop-tent-hard-shell\/","title":{"rendered":"NPOT Customized rooftop biltelt tag rooftop tag telt 4 personer tag telt h\u00e5rd skal"},"content":{"rendered":"<ul>\n<li><strong>Areal : <\/strong> 0,54 kvm<\/li>\n<li><strong>Stof: <\/strong> L\u00e6rred\/Oxford klud<\/li>\n<li><strong>Udvendigt telts vandt\u00e6t indeks: <\/strong> 2000-3000 mm<\/li>\n<li><strong>Nederste vandt\u00e6t indeks: <\/strong> &gt;3000 mm<\/li>\n<li><strong>Telt stil: <\/strong> Camouflage\/feltspil<\/li>\n<li><strong>S\u00e6son: <\/strong> Tre-s\u00e6sonstelt, Fire-s\u00e6sonstelt<\/li>\n<li><strong>Struktur: <\/strong> To sovev\u00e6relser<\/li>\n<li><strong>Type: <\/strong> biltelt p\u00e5 taget<\/li>\n<li><strong>Farve: <\/strong> metal<\/li>\n<li><strong>Funktion: <\/strong> Hurtigt \u00e5bent campingtelt<\/li>\n<li><strong>Funktion: <\/strong> UV-bestandig 50+<\/li>\n<li><strong>Flyv: <\/strong> 420D polyester<\/li>\n<li><strong>Stang materiale: <\/strong> Aluminium<\/li>\n<li><strong>St\u00f8rrelse: <\/strong> 168cm*210cm*130cm<\/li>\n<li><strong>V\u00e6gt : <\/strong> 76,1 kg<\/li>\n<\/ul>\n<div>\n<div data-section=\"AliPostDhMb-cm8h5\" data-section-title=\"Product Description\">\n<div>Produkt beskrivelse<\/div>\n<div>\n<p>&nbsp;<\/p>\n<h1>Skr\u00e6ddersyet tagterrasse biltelt tag rooftop<\/h1>\n<p><img loading=\"lazy\" decoding=\"async\" src=\"https:\/\/uoogear.com\/wp-content\/uploads\/2023\/11\/H8f28781d077e4eb081fdcb641db74dfd2-wpp1701334016258.webp\" alt=\"NPOT Customized rooftop biltelt tag rooftop tag telt 4 personer tag telt h\u00e5rd skal\" width=\"750\" height=\"750\" data-src=\"https:\/\/uoogear.com\/wp-content\/uploads\/2023\/11\/H8f28781d077e4eb081fdcb641db74dfd2-wpp1701334016258.webp\" data-alt=\"NPOT Customized rooftop car tent roof rooftop roof tent 4 person rooftop tent hard shell\" \/> <img loading=\"lazy\" decoding=\"async\" src=\"https:\/\/uoogear.com\/wp-content\/uploads\/2023\/11\/H76a304b388f849a2a0893419bd3dd0a8V.webp\" alt=\"NPOT Customized rooftop biltelt tag rooftop tag telt 4 personer tag telt h\u00e5rd skal\" width=\"750\" height=\"750\" data-src=\"https:\/\/uoogear.com\/wp-content\/uploads\/2023\/11\/H76a304b388f849a2a0893419bd3dd0a8V.webp\" data-alt=\"NPOT Customized rooftop car tent roof rooftop roof tent 4 person rooftop tent hard shell\" \/> <img loading=\"lazy\" decoding=\"async\" src=\"https:\/\/uoogear.com\/wp-content\/uploads\/2023\/11\/H0a00af5c72954173a33759bfeeba33aaB.webp\" alt=\"NPOT Customized rooftop biltelt tag rooftop tag telt 4 personer tag telt h\u00e5rd skal\" width=\"750\" height=\"750\" data-src=\"https:\/\/uoogear.com\/wp-content\/uploads\/2023\/11\/H0a00af5c72954173a33759bfeeba33aaB.webp\" data-alt=\"NPOT Customized rooftop car tent roof rooftop roof tent 4 person rooftop tent hard shell\" \/> <img loading=\"lazy\" decoding=\"async\" src=\"https:\/\/uoogear.com\/wp-content\/uploads\/2023\/11\/Haa8adad7833b4beea4f9188bbef99989V.webp\" alt=\"NPOT Customized rooftop biltelt tag rooftop tag telt 4 personer tag telt h\u00e5rd skal\" width=\"750\" height=\"750\" data-src=\"https:\/\/uoogear.com\/wp-content\/uploads\/2023\/11\/Haa8adad7833b4beea4f9188bbef99989V.webp\" data-alt=\"NPOT Customized rooftop car tent roof rooftop roof tent 4 person rooftop tent hard shell\" \/><\/p>\n<\/div>\n<\/div>\n<\/div>","protected":false},"excerpt":{"rendered":"<p>Areal: 0,54 kvm Stof: Canvas\/Oxford-dug Ydertelt Vandt\u00e6t Indeks: 2000-3000 Mm Vandt\u00e6t Bund Indeks: &gt;3000 mm Teltstil: Camouflage\/markspil S\u00e6son: Tre-s\u00e6sonstelt, Fire-s\u00e6son Teltstruktur: To-v\u00e6relses teltstruktur: biltelt p\u00e5 taget Farve : metal Funktion : Hurtig\u00e5bent campingtelt Funktion : UV-bestandig 50+ Flue : 420D<\/p>\n<div class=\"read-more\"><a class=\"btn btn-fill-out\" href=\"https:\/\/uoogear.com\/da\/vare\/npot-customized-rooftop-car-tent-roof-rooftop-roof-tent-4-person-rooftop-tent-hard-shell\/\">L\u00e6s mere<\/a><\/div>","protected":false},"featured_media":4866,"template":"","meta":[],"product_brand":[],"product_cat":[15],"product_tag":[],"class_list":{"0":"post-4867","1":"product","2":"type-product","3":"status-publish","4":"has-post-thumbnail","6":"product_cat-uncategorized","7":"tm-no-options","9":"first","10":"instock","11":"shipping-taxable","12":"purchasable","13":"product-type-variable"},"_links":{"self":[{"href":"https:\/\/uoogear.com\/da\/wp-json\/wp\/v2\/product\/4867","targetHints":{"allow":["GET"]}}],"collection":[{"href":"https:\/\/uoogear.com\/da\/wp-json\/wp\/v2\/product"}],"about":[{"href":"https:\/\/uoogear.com\/da\/wp-json\/wp\/v2\/types\/product"}],"wp:featuredmedia":[{"embeddable":true,"href":"https:\/\/uoogear.com\/da\/wp-json\/wp\/v2\/media\/4866"}],"wp:attachment":[{"href":"https:\/\/uoogear.com\/da\/wp-json\/wp\/v2\/media?parent=4867"}],"wp:term":[{"taxonomy":"product_brand","embeddable":true,"href":"https:\/\/uoogear.com\/da\/wp-json\/wp\/v2\/product_brand?post=4867"},{"taxonomy":"product_cat","embeddable":true,"href":"https:\/\/uoogear.com\/da\/wp-json\/wp\/v2\/product_cat?post=4867"},{"taxonomy":"product_tag","embeddable":true,"href":"https:\/\/uoogear.com\/da\/wp-json\/wp\/v2\/product_tag?post=4867"}],"curies":[{"name":"wp","href":"https:\/\/api.w.org\/{rel}","templated":true}]}}