{"id":4875,"date":"2023-11-14T02:56:57","date_gmt":"2023-11-14T02:56:57","guid":{"rendered":"https:\/\/uoogear.com\/product\/best-selling-abs-hard-shell-roof-top-tent-car-rooftop-tents-camping-outdoor-tents-for-suv-4x4\/"},"modified":"2023-11-30T08:56:48","modified_gmt":"2023-11-30T08:56:48","slug":"best-selling-abs-hard-shell-roof-top-tent-car-rooftop-tents-camping-outdoor-tents-for-suv-4x4","status":"publish","type":"product","link":"https:\/\/uoogear.com\/da\/vare\/best-selling-abs-hard-shell-roof-top-tent-car-rooftop-tents-camping-outdoor-tents-for-suv-4x4\/","title":{"rendered":"Bedst s\u00e6lgende ABS Hard Shell tagtelt bil tagtelte Camping udend\u00f8rs telte til SUV 4\u00d74"},"content":{"rendered":"<ul>\n<li><strong>Areal : <\/strong> 210*210*110 cm<\/li>\n<li><strong>Stof: <\/strong> T\/C<\/li>\n<li><strong>Udvendigt telts vandt\u00e6t indeks: <\/strong> 2000-3000 mm, &gt;3000 mm<\/li>\n<li><strong>Nederste vandt\u00e6t indeks: <\/strong> 2000-3000 mm, &gt;3000 mm<\/li>\n<li><strong>Bygningstype: <\/strong> Hurtig automatisk \u00e5bning<\/li>\n<li><strong>Telt stil: <\/strong> Camouflage\/markspil, diagonal afstivningstype, udvidet type<\/li>\n<li><strong>S\u00e6son: <\/strong> Fire-s\u00e6son telt<\/li>\n<li><strong>Struktur: <\/strong> Et sovev\u00e6relse<\/li>\n<li><strong>Materiale : <\/strong> T\/C bomuld<\/li>\n<li><strong>Anvendelse: <\/strong> Camping, vandreture<\/li>\n<li><strong>Logo: <\/strong> Tilpasset logo<\/li>\n<\/ul>\n<div>\n<div>\n<div data-magic-global=\"%7B%22bizId%22%3A2211849880387%2C%22pageId%22%3A21142784875%2C%22siteId%22%3A10002842041%7D\">\n<div><\/div>\n<div><\/div>\n<div>\n<div>\n<div>\n<div>\n<div>\n<div><img decoding=\"async\" src=\"https:\/\/uoogear.com\/wp-content\/uploads\/2023\/11\/H51e50b08a7ae48948587fe8f6af7aef58.webp\" data-src=\"https:\/\/uoogear.com\/wp-content\/uploads\/2023\/11\/H51e50b08a7ae48948587fe8f6af7aef58.webp\" \/><\/div>\n<\/div>\n<\/div>\n<\/div>\n<\/div>\n<\/div>\n<div><\/div>\n<\/div>\n<\/div>\n<div>\n<div>\n<div><img decoding=\"async\" src=\"https:\/\/uoogear.com\/wp-content\/uploads\/2023\/11\/H9144f56559b64f488698d47592278e7bb.webp\" data-src=\"https:\/\/uoogear.com\/wp-content\/uploads\/2023\/11\/H9144f56559b64f488698d47592278e7bb.webp\" \/><\/div>\n<div><img decoding=\"async\" src=\"https:\/\/uoogear.com\/wp-content\/uploads\/2023\/11\/Hc4c36bb1b9044adb9406d3b4783de7e30.webp\" data-src=\"https:\/\/uoogear.com\/wp-content\/uploads\/2023\/11\/Hc4c36bb1b9044adb9406d3b4783de7e30.webp\" \/><\/div>\n<div><img decoding=\"async\" src=\"https:\/\/uoogear.com\/wp-content\/uploads\/2023\/11\/H9c902c05e5c44ce8871f5e4d64ef2fc7k.webp\" data-src=\"https:\/\/uoogear.com\/wp-content\/uploads\/2023\/11\/H9c902c05e5c44ce8871f5e4d64ef2fc7k.webp\" \/><\/div>\n<\/div>\n<\/div>\n<div><\/div>\n<div>\n<div>\n<div>\n<div>\n<div><\/div>\n<\/div>\n<\/div>\n<\/div>\n<\/div>\n<div>\n<div>\n<div>\n<div>\n<div>\n<div><img decoding=\"async\" src=\"https:\/\/uoogear.com\/wp-content\/uploads\/2023\/11\/H799d223584554ec4ab220eb9d60b000dw.webp\" data-src=\"https:\/\/uoogear.com\/wp-content\/uploads\/2023\/11\/H799d223584554ec4ab220eb9d60b000dw.webp\" \/><\/div>\n<div><img decoding=\"async\" src=\"https:\/\/uoogear.com\/wp-content\/uploads\/2023\/11\/He9f65e441e164fee9c222138ff9859c50.webp\" data-src=\"https:\/\/uoogear.com\/wp-content\/uploads\/2023\/11\/He9f65e441e164fee9c222138ff9859c50.webp\" \/><\/div>\n<\/div>\n<\/div>\n<\/div>\n<\/div>\n<\/div>\n<div>\n<div>\n<div>\n<div>\n<div>\n<div><img decoding=\"async\" src=\"https:\/\/uoogear.com\/wp-content\/uploads\/2023\/11\/H09c5fde1f7ab40b9869b833f05f19de0F.webp\" data-src=\"https:\/\/uoogear.com\/wp-content\/uploads\/2023\/11\/H09c5fde1f7ab40b9869b833f05f19de0F.webp\" \/><\/div>\n<div><\/div>\n<\/div>\n<\/div>\n<\/div>\n<\/div>\n<\/div>\n<div>\n<div>\n<div>\n<div>\n<div>\n<div><\/div>\n<\/div>\n<\/div>\n<\/div>\n<\/div>\n<\/div>\n<\/div>","protected":false},"excerpt":{"rendered":"<p>Areal : 210*210*110cm Stof : T\/C Ydertelt Vandt\u00e6t Indeks : 2000-3000 Mm, &gt;3000 mm Bund Vandt\u00e6t Indeks : 2000-3000 Mm, &gt;3000 mm Bygningstype : Hurtig automatisk \u00e5bning Teltstil : Camouflage\/felt , Diagonal afstivningstype, Udvidet type S\u00e6son : Fire-s\u00e6son teltstruktur : Et sovev\u00e6relse Materiale : T\/C bomuld Anvendelse :<\/p>\n<div class=\"read-more\"><a class=\"btn btn-fill-out\" href=\"https:\/\/uoogear.com\/da\/vare\/best-selling-abs-hard-shell-roof-top-tent-car-rooftop-tents-camping-outdoor-tents-for-suv-4x4\/\">L\u00e6s mere<\/a><\/div>","protected":false},"featured_media":4874,"template":"","meta":[],"product_brand":[],"product_cat":[15],"product_tag":[],"class_list":{"0":"post-4875","1":"product","2":"type-product","3":"status-publish","4":"has-post-thumbnail","6":"product_cat-uncategorized","7":"tm-no-options","9":"first","10":"instock","11":"shipping-taxable","12":"purchasable","13":"product-type-variable"},"_links":{"self":[{"href":"https:\/\/uoogear.com\/da\/wp-json\/wp\/v2\/product\/4875","targetHints":{"allow":["GET"]}}],"collection":[{"href":"https:\/\/uoogear.com\/da\/wp-json\/wp\/v2\/product"}],"about":[{"href":"https:\/\/uoogear.com\/da\/wp-json\/wp\/v2\/types\/product"}],"wp:featuredmedia":[{"embeddable":true,"href":"https:\/\/uoogear.com\/da\/wp-json\/wp\/v2\/media\/4874"}],"wp:attachment":[{"href":"https:\/\/uoogear.com\/da\/wp-json\/wp\/v2\/media?parent=4875"}],"wp:term":[{"taxonomy":"product_brand","embeddable":true,"href":"https:\/\/uoogear.com\/da\/wp-json\/wp\/v2\/product_brand?post=4875"},{"taxonomy":"product_cat","embeddable":true,"href":"https:\/\/uoogear.com\/da\/wp-json\/wp\/v2\/product_cat?post=4875"},{"taxonomy":"product_tag","embeddable":true,"href":"https:\/\/uoogear.com\/da\/wp-json\/wp\/v2\/product_tag?post=4875"}],"curies":[{"name":"wp","href":"https:\/\/api.w.org\/{rel}","templated":true}]}}