{"id":4884,"date":"2023-11-14T02:58:45","date_gmt":"2023-11-14T02:58:45","guid":{"rendered":"https:\/\/uoogear.com\/product\/camping-waterproof-triangular-tent-box-rooftop-aluminum-hard-shell-car-roof-top-tent-with-roof-rack\/"},"modified":"2023-11-30T08:58:14","modified_gmt":"2023-11-30T08:58:14","slug":"camping-waterproof-triangular-tent-box-rooftop-aluminum-hard-shell-car-roof-top-tent-with-roof-rack","status":"publish","type":"product","link":"https:\/\/uoogear.com\/da\/vare\/camping-waterproof-triangular-tent-box-rooftop-aluminum-hard-shell-car-roof-top-tent-with-roof-rack\/","title":{"rendered":"Camping vandt\u00e6t trekantet teltboks tagterrasse aluminium h\u00e5rd skal bil tagtop telt med tagb\u00f8jler"},"content":{"rendered":"<ul>\n<li><strong>Areal : <\/strong> 36 kvadratmeter<\/li>\n<li><strong>Stof: <\/strong> L\u00e6rred<\/li>\n<li><strong>Udvendigt telts vandt\u00e6t indeks: <\/strong> 2000-3000 mm, &gt;3000 mm<\/li>\n<li><strong>Nederste vandt\u00e6t indeks: <\/strong> &gt;3000 mm<\/li>\n<li><strong>Bygningstype: <\/strong> Hurtig automatisk \u00e5bning<\/li>\n<li><strong>Telt stil: <\/strong> Lige afstivningstype<\/li>\n<li><strong>S\u00e6son: <\/strong> Fire-s\u00e6son telt<\/li>\n<li><strong>Struktur: <\/strong> Et sovev\u00e6relse<\/li>\n<li><strong>Farve: <\/strong> Sort<\/li>\n<li><strong>Udvid st\u00f8rrelse: <\/strong> 211*131*160 cm<\/li>\n<li><strong>Lukket st\u00f8rrelse: <\/strong> 211*131*18 cm<\/li>\n<li><strong>Pakningsst\u00f8rrelse: <\/strong> 226*145*24,5 cm<\/li>\n<li><strong>V\u00e6gt : <\/strong> 77 kg<\/li>\n<li><strong>Ofte stillede sp\u00f8rgsm\u00e5l om brug: <\/strong> Tjek siuhaau.com<\/li>\n<li><strong>Pakke : <\/strong> Karton af h\u00f8j kvalitet<\/li>\n<li><strong>Tilbeh\u00f8r : <\/strong> Stige<\/li>\n<\/ul>\n<div>\n<div>\n<div data-magic-global=\"%7B%22bizId%22%3A2207117785596%2C%22pageId%22%3A21105462019%2C%22siteId%22%3A5005940078%7D\">\n<div>\n<div>\n<div>\n<div>\n<div>\n<div><\/div>\n<\/div>\n<\/div>\n<\/div>\n<\/div>\n<\/div>\n<div>\n<div>\n<div><\/div>\n<div><img decoding=\"async\" src=\"https:\/\/uoogear.com\/wp-content\/uploads\/2023\/11\/H548c7211e3304ea49f2cab003ee88757p.webp\" data-src=\"https:\/\/uoogear.com\/wp-content\/uploads\/2023\/11\/H548c7211e3304ea49f2cab003ee88757p.webp\" \/><\/div>\n<div><\/div>\n<div><img decoding=\"async\" src=\"https:\/\/uoogear.com\/wp-content\/uploads\/2023\/11\/H8d78135980314e898bd1db72fc4cc64dC.webp\" data-src=\"https:\/\/uoogear.com\/wp-content\/uploads\/2023\/11\/H8d78135980314e898bd1db72fc4cc64dC.webp\" \/><\/div>\n<div><img decoding=\"async\" src=\"https:\/\/uoogear.com\/wp-content\/uploads\/2023\/11\/H5edd07b0762d4d4f93a05a20991f0c7b5.webp\" data-src=\"https:\/\/uoogear.com\/wp-content\/uploads\/2023\/11\/H5edd07b0762d4d4f93a05a20991f0c7b5.webp\" \/><\/div>\n<div><img decoding=\"async\" src=\"https:\/\/uoogear.com\/wp-content\/uploads\/2023\/11\/H89feb526c81b4f2c92e3b011a49a3499z.webp\" data-src=\"https:\/\/uoogear.com\/wp-content\/uploads\/2023\/11\/H89feb526c81b4f2c92e3b011a49a3499z.webp\" \/><\/div>\n<div><img decoding=\"async\" src=\"https:\/\/uoogear.com\/wp-content\/uploads\/2023\/11\/H3934439b22a3493383e363605a816a2ez.webp\" data-src=\"https:\/\/uoogear.com\/wp-content\/uploads\/2023\/11\/H3934439b22a3493383e363605a816a2ez.webp\" \/><\/div>\n<div><img decoding=\"async\" src=\"https:\/\/uoogear.com\/wp-content\/uploads\/2023\/11\/He77909c4dab0412f9fd2cba1f4ae19b8y.webp\" data-src=\"https:\/\/uoogear.com\/wp-content\/uploads\/2023\/11\/He77909c4dab0412f9fd2cba1f4ae19b8y.webp\" \/><\/div>\n<div><img decoding=\"async\" src=\"https:\/\/uoogear.com\/wp-content\/uploads\/2023\/11\/Hbc9dc13fe851467e956ca71b9fdb7d31P.webp\" data-src=\"https:\/\/uoogear.com\/wp-content\/uploads\/2023\/11\/Hbc9dc13fe851467e956ca71b9fdb7d31P.webp\" \/><\/div>\n<div><img decoding=\"async\" src=\"https:\/\/uoogear.com\/wp-content\/uploads\/2023\/11\/H23698b3ece2d475ca6978e757c788a9f3.webp\" data-src=\"https:\/\/uoogear.com\/wp-content\/uploads\/2023\/11\/H23698b3ece2d475ca6978e757c788a9f3.webp\" \/><\/div>\n<\/div>\n<\/div>\n<div>\n<div><\/div>\n<\/div>\n<\/div>\n<\/div>\n<div>\n<div>\n<div>\n<div>\n<div>\n<div><\/div>\n<\/div>\n<\/div>\n<\/div>\n<\/div>\n<\/div>\n<\/div>","protected":false},"excerpt":{"rendered":"<p>Areal: 36 kvadratfod Stof: Canvas Ydertelt Vandt\u00e6t Indeks: 2000-3000 mm, &gt;3000 mm Bund Vandt\u00e6t Indeks: &gt;3000 mm Bygningstype: Hurtig automatisk \u00e5bning Teltstil: Lige afstivningstype S\u00e6son: Fire-s\u00e6son Teltstruktur: Et sovev\u00e6relse Farve: Sort Udvid st\u00f8rrelse: 211*131*160 cm Lukket st\u00f8rrelse: 211*131*18 cm Pakning<\/p>\n<div class=\"read-more\"><a class=\"btn btn-fill-out\" href=\"https:\/\/uoogear.com\/da\/vare\/camping-waterproof-triangular-tent-box-rooftop-aluminum-hard-shell-car-roof-top-tent-with-roof-rack\/\">L\u00e6s mere<\/a><\/div>","protected":false},"featured_media":4883,"template":"","meta":[],"product_brand":[],"product_cat":[15],"product_tag":[],"class_list":{"0":"post-4884","1":"product","2":"type-product","3":"status-publish","4":"has-post-thumbnail","6":"product_cat-uncategorized","7":"tm-no-options","9":"first","10":"instock","11":"shipping-taxable","12":"purchasable","13":"product-type-variable"},"_links":{"self":[{"href":"https:\/\/uoogear.com\/da\/wp-json\/wp\/v2\/product\/4884","targetHints":{"allow":["GET"]}}],"collection":[{"href":"https:\/\/uoogear.com\/da\/wp-json\/wp\/v2\/product"}],"about":[{"href":"https:\/\/uoogear.com\/da\/wp-json\/wp\/v2\/types\/product"}],"wp:featuredmedia":[{"embeddable":true,"href":"https:\/\/uoogear.com\/da\/wp-json\/wp\/v2\/media\/4883"}],"wp:attachment":[{"href":"https:\/\/uoogear.com\/da\/wp-json\/wp\/v2\/media?parent=4884"}],"wp:term":[{"taxonomy":"product_brand","embeddable":true,"href":"https:\/\/uoogear.com\/da\/wp-json\/wp\/v2\/product_brand?post=4884"},{"taxonomy":"product_cat","embeddable":true,"href":"https:\/\/uoogear.com\/da\/wp-json\/wp\/v2\/product_cat?post=4884"},{"taxonomy":"product_tag","embeddable":true,"href":"https:\/\/uoogear.com\/da\/wp-json\/wp\/v2\/product_tag?post=4884"}],"curies":[{"name":"wp","href":"https:\/\/api.w.org\/{rel}","templated":true}]}}