{"id":4912,"date":"2023-11-14T03:01:40","date_gmt":"2023-11-14T03:01:40","guid":{"rendered":"https:\/\/uoogear.com\/product\/wholesale-high-quality-600d-heavy-duty-270-degree-annex-awnings-2-0m-radius-car-side-tent\/"},"modified":"2023-11-30T13:00:53","modified_gmt":"2023-11-30T13:00:53","slug":"wholesale-high-quality-600d-heavy-duty-270-degree-annex-awnings-2-0m-radius-car-side-tent","status":"publish","type":"product","link":"https:\/\/uoogear.com\/da\/vare\/wholesale-high-quality-600d-heavy-duty-270-degree-annex-awnings-2-0m-radius-car-side-tent\/","title":{"rendered":"Engros h\u00f8jkvalitets 600D Heavy Duty 270 graders Annex Markiser 2,0 m radius bil sidetelt"},"content":{"rendered":"<ul>\n<li><strong>Stof: <\/strong> L\u00e6rred<\/li>\n<li><strong>Udvendigt telts vandt\u00e6t indeks: <\/strong> &gt;3000 mm<\/li>\n<li><strong>Nederste vandt\u00e6t indeks: <\/strong> &gt;3000 mm<\/li>\n<li><strong>Bygningstype: <\/strong> Hurtig automatisk \u00e5bning<\/li>\n<li><strong>Telt stil: <\/strong> Udvidet type<\/li>\n<li><strong>S\u00e6son: <\/strong> Fire-s\u00e6son telt<\/li>\n<li><strong>Struktur: <\/strong> Et sovev\u00e6relse<\/li>\n<li><strong>Logo: <\/strong> Tilpasset logo<\/li>\n<li><strong>Materiale : <\/strong> 420D Oxford stof<\/li>\n<li><strong>St\u00f8rrelse: <\/strong> 2,0m radius<\/li>\n<li><strong>Skalmateriale: <\/strong> PU+coating<\/li>\n<li><strong>V\u00c6GT : <\/strong> 18 kg<\/li>\n<li><strong>Farve: <\/strong> Tilpasset farve<\/li>\n<li><strong>Tilbeh\u00f8r : <\/strong> Installer v\u00e6rkt\u00f8jer<\/li>\n<\/ul>\n<div>\n<div><\/div>\n<div data-section=\"AliMagic-yr3krd\" data-section-title=\"Product Description\">\n<div>Produkt beskrivelse<\/div>\n<\/div>\n<div>\n<div><\/div>\n<\/div>\n<div>\n<div>\n<div><img decoding=\"async\" src=\"https:\/\/uoogear.com\/wp-content\/uploads\/2023\/11\/H386e17b125d547299ef28d583c6ba4a60.webp\" data-src=\"https:\/\/uoogear.com\/wp-content\/uploads\/2023\/11\/H386e17b125d547299ef28d583c6ba4a60.webp\" \/><\/div>\n<div><img decoding=\"async\" src=\"https:\/\/uoogear.com\/wp-content\/uploads\/2023\/11\/Heec4a9a8011a4adf9c48e3551eebb3d3e.webp\" data-src=\"https:\/\/uoogear.com\/wp-content\/uploads\/2023\/11\/Heec4a9a8011a4adf9c48e3551eebb3d3e.webp\" \/><\/div>\n<div><img decoding=\"async\" src=\"https:\/\/uoogear.com\/wp-content\/uploads\/2023\/11\/Hb655f27e50804cc8a9cd6602dbd44efcM.webp\" data-src=\"https:\/\/uoogear.com\/wp-content\/uploads\/2023\/11\/Hb655f27e50804cc8a9cd6602dbd44efcM.webp\" \/><\/div>\n<div><img decoding=\"async\" src=\"https:\/\/uoogear.com\/wp-content\/uploads\/2023\/11\/Hf3ab00c00e444b0f860487d59666dc31y.webp\" data-src=\"https:\/\/uoogear.com\/wp-content\/uploads\/2023\/11\/Hf3ab00c00e444b0f860487d59666dc31y.webp\" \/><\/div>\n<div><img decoding=\"async\" src=\"https:\/\/uoogear.com\/wp-content\/uploads\/2023\/11\/H341c3698dad14bbd87678bc6294fb397W.webp\" data-src=\"https:\/\/uoogear.com\/wp-content\/uploads\/2023\/11\/H341c3698dad14bbd87678bc6294fb397W.webp\" \/><\/div>\n<div><img decoding=\"async\" src=\"https:\/\/uoogear.com\/wp-content\/uploads\/2023\/11\/H1ff7bdcd2eb4434a95df486d233d1fc8o.webp\" data-src=\"https:\/\/uoogear.com\/wp-content\/uploads\/2023\/11\/H1ff7bdcd2eb4434a95df486d233d1fc8o.webp\" \/><\/div>\n<div><img decoding=\"async\" src=\"https:\/\/uoogear.com\/wp-content\/uploads\/2023\/11\/H37764f16193549108462366602eda40aM.webp\" data-src=\"https:\/\/uoogear.com\/wp-content\/uploads\/2023\/11\/H37764f16193549108462366602eda40aM.webp\" \/><\/div>\n<div><\/div>\n<div><\/div>\n<\/div>\n<\/div>\n<div>\n<div>\n<div>\n<div>\n<div>\n<div><img decoding=\"async\" src=\"https:\/\/uoogear.com\/wp-content\/uploads\/2023\/11\/H008af11f9b364f9295cba811f4584d60B.webp\" data-src=\"https:\/\/uoogear.com\/wp-content\/uploads\/2023\/11\/H008af11f9b364f9295cba811f4584d60B.webp\" \/><\/div>\n<div><img decoding=\"async\" src=\"https:\/\/uoogear.com\/wp-content\/uploads\/2023\/11\/Hd322d8506ecc447bac6d135caef28c04X.webp\" data-src=\"https:\/\/uoogear.com\/wp-content\/uploads\/2023\/11\/Hd322d8506ecc447bac6d135caef28c04X.webp\" \/><\/div>\n<\/div>\n<\/div>\n<\/div>\n<\/div>\n<\/div>\n<div><\/div>\n<div data-section=\"AliPostDhMb-fmdut\" data-section-title=\"Company Information\">\n<div><\/div>\n<div><\/div>\n<\/div>\n<\/div>","protected":false},"excerpt":{"rendered":"<p>Stof: Canvas Ydertelt Vandt\u00e6t Indeks: &gt;3000 mm Bund Vandt\u00e6t Indeks: &gt;3000 mm Bygningstype: Hurtig automatisk \u00e5bning Telt Stil: Udvidet Type S\u00e6son: Fire-s\u00e6son Telt Struktur: Et sovev\u00e6relse Logo: Customized Logo Materiale: 420D Oxford Stof St\u00f8rrelse: 2,0m radius Skalmateriale: PU+Bel\u00e6gning V\u00c6GT: 18kg<\/p>\n<div class=\"read-more\"><a class=\"btn btn-fill-out\" href=\"https:\/\/uoogear.com\/da\/vare\/wholesale-high-quality-600d-heavy-duty-270-degree-annex-awnings-2-0m-radius-car-side-tent\/\">L\u00e6s mere<\/a><\/div>","protected":false},"featured_media":4910,"template":"","meta":[],"product_brand":[],"product_cat":[15],"product_tag":[],"class_list":{"0":"post-4912","1":"product","2":"type-product","3":"status-publish","4":"has-post-thumbnail","6":"product_cat-uncategorized","7":"tm-no-options","9":"first","10":"instock","11":"shipping-taxable","12":"purchasable","13":"product-type-variable"},"_links":{"self":[{"href":"https:\/\/uoogear.com\/da\/wp-json\/wp\/v2\/product\/4912","targetHints":{"allow":["GET"]}}],"collection":[{"href":"https:\/\/uoogear.com\/da\/wp-json\/wp\/v2\/product"}],"about":[{"href":"https:\/\/uoogear.com\/da\/wp-json\/wp\/v2\/types\/product"}],"wp:featuredmedia":[{"embeddable":true,"href":"https:\/\/uoogear.com\/da\/wp-json\/wp\/v2\/media\/4910"}],"wp:attachment":[{"href":"https:\/\/uoogear.com\/da\/wp-json\/wp\/v2\/media?parent=4912"}],"wp:term":[{"taxonomy":"product_brand","embeddable":true,"href":"https:\/\/uoogear.com\/da\/wp-json\/wp\/v2\/product_brand?post=4912"},{"taxonomy":"product_cat","embeddable":true,"href":"https:\/\/uoogear.com\/da\/wp-json\/wp\/v2\/product_cat?post=4912"},{"taxonomy":"product_tag","embeddable":true,"href":"https:\/\/uoogear.com\/da\/wp-json\/wp\/v2\/product_tag?post=4912"}],"curies":[{"name":"wp","href":"https:\/\/api.w.org\/{rel}","templated":true}]}}