{"id":4992,"date":"2023-11-14T03:12:33","date_gmt":"2023-11-14T03:12:33","guid":{"rendered":"https:\/\/uoogear.com\/product\/abs-hard-shell-side-open-rooftop-tent-large-inner-space-car-roof-top-tent-camping-car-roof-tent\/"},"modified":"2023-11-30T13:43:48","modified_gmt":"2023-11-30T13:43:48","slug":"abs-hard-shell-side-open-rooftop-tent-large-inner-space-car-roof-top-tent-camping-car-roof-tent","status":"publish","type":"product","link":"https:\/\/uoogear.com\/da\/vare\/abs-hard-shell-side-open-rooftop-tent-large-inner-space-car-roof-top-tent-camping-car-roof-tent\/","title":{"rendered":"ABS Hard Shell Side \u00c5bent tagtelt Stort indre rum Bil Tagtelt Campingvogn Tagtelt"},"content":{"rendered":"<ul>\n<li><strong>Stof: <\/strong> Oxford<\/li>\n<li><strong>Udvendigt telts vandt\u00e6t indeks: <\/strong> &gt;3000 mm<\/li>\n<li><strong>Nederste vandt\u00e6t indeks: <\/strong> &gt;3000 mm<\/li>\n<li><strong>Bygningstype: <\/strong> Hurtig automatisk \u00e5bning<\/li>\n<li><strong>Telt stil: <\/strong> Udvidet type<\/li>\n<li><strong>S\u00e6son: <\/strong> Fire-s\u00e6son telt<\/li>\n<li><strong>Struktur: <\/strong> Et sovev\u00e6relse<\/li>\n<li><strong>Farve: <\/strong> Tilpasset farve<\/li>\n<li><strong>Logo: <\/strong> Tilpasset logo<\/li>\n<li><strong>Stige: <\/strong> 2,3 m aluminium teleskopstige<\/li>\n<li><strong>Materiale : <\/strong> ABS-skal<\/li>\n<li><strong>Madras : <\/strong> 50 mm madras<\/li>\n<\/ul>\n<div>\n<div><\/div>\n<div data-section=\"AliMagic-laeelk\" data-section-title=\"Product Description\">\n<div>Produkt beskrivelse<\/div>\n<\/div>\n<div>\n<div><\/div>\n<\/div>\n<div>\n<div>\n<div><\/div>\n<div><\/div>\n<div><img decoding=\"async\" src=\"https:\/\/uoogear.com\/wp-content\/uploads\/2023\/11\/H029fb630ca0341d8846da96c169d17236.webp\" data-src=\"https:\/\/uoogear.com\/wp-content\/uploads\/2023\/11\/H029fb630ca0341d8846da96c169d17236.webp\" \/><\/div>\n<div><img decoding=\"async\" src=\"https:\/\/uoogear.com\/wp-content\/uploads\/2023\/11\/Hdbf6cdf9742a46fb9fb91f5f3870e6314-wpp1701351449111.webp\" data-src=\"hhttps:\/\/uoogear.com\/wp-content\/uploads\/2023\/11\/Hdbf6cdf9742a46fb9fb91f5f3870e6314-wpp1701351449111.webp\" \/><\/div>\n<div><img decoding=\"async\" src=\"https:\/\/uoogear.com\/wp-content\/uploads\/2023\/11\/H4acab81fdebf48f78c58ac11a65f2830z-wpp1701351433760.webp\" data-src=\"https:\/\/uoogear.com\/wp-content\/uploads\/2023\/11\/H4acab81fdebf48f78c58ac11a65f2830z-wpp1701351433760.webp\" \/><\/div>\n<div><img decoding=\"async\" src=\"https:\/\/uoogear.com\/wp-content\/uploads\/2023\/11\/Hdc238f9c56504168aa82409f3bc8ee78B.webp\" data-src=\"https:\/\/uoogear.com\/wp-content\/uploads\/2023\/11\/Hdc238f9c56504168aa82409f3bc8ee78B.webp\" \/><\/div>\n<div><img decoding=\"async\" src=\"https:\/\/uoogear.com\/wp-content\/uploads\/2023\/11\/H389b7334c6a24aacbf18765325b029c2X.webp\" data-src=\"https:\/\/uoogear.com\/wp-content\/uploads\/2023\/11\/H389b7334c6a24aacbf18765325b029c2X.webp\" \/><\/div>\n<div><img decoding=\"async\" src=\"https:\/\/uoogear.com\/wp-content\/uploads\/2023\/11\/Hcb62c96119b84d198bf8fcfe3980a34ci-wpp1701337186506.webp\" data-src=\"https:\/\/uoogear.com\/wp-content\/uploads\/2023\/11\/Hcb62c96119b84d198bf8fcfe3980a34ci-wpp1701337186506.webp\" \/><\/div>\n<div><img decoding=\"async\" src=\"https:\/\/uoogear.com\/wp-content\/uploads\/2023\/11\/H332a10f8a41f43d3b50d3be4aed2fe9di.webp\" data-src=\"https:\/\/uoogear.com\/wp-content\/uploads\/2023\/11\/H332a10f8a41f43d3b50d3be4aed2fe9di.webp\" \/><\/div>\n<div><\/div>\n<\/div>\n<\/div>\n<div>\n<div>\n<div>\n<div>\n<div>\n<div><img decoding=\"async\" src=\"https:\/\/uoogear.com\/wp-content\/uploads\/2023\/11\/Hd756f10a2e2f434f906ce361b29347316.webp\" data-src=\"https:\/\/uoogear.com\/wp-content\/uploads\/2023\/11\/Hd756f10a2e2f434f906ce361b29347316.webp\" \/><\/div>\n<\/div>\n<\/div>\n<\/div>\n<\/div>\n<\/div>\n<div>\n<div>\n<div>\n<div>\n<div>\n<div><img decoding=\"async\" src=\"https:\/\/uoogear.com\/wp-content\/uploads\/2023\/11\/H9fee0c29bcc94ec18896c87efe254d76H-1-wpp1701337221257.webp\" data-src=\"https:\/\/uoogear.com\/wp-content\/uploads\/2023\/11\/H9fee0c29bcc94ec18896c87efe254d76H-1-wpp1701337221257.webp\" \/><\/div>\n<\/div>\n<\/div>\n<\/div>\n<\/div>\n<\/div>\n<div>\n<div>\n<div>\n<div>\n<div>\n<div><img decoding=\"async\" src=\"https:\/\/uoogear.com\/wp-content\/uploads\/2023\/11\/Ha7cbc4b0e18e4483b2967c2019abbce7p-wpp1701351711164.webp\" data-src=\"https:\/\/uoogear.com\/wp-content\/uploads\/2023\/11\/Ha7cbc4b0e18e4483b2967c2019abbce7p-wpp1701351711164.webp\" \/><\/div>\n<\/div>\n<\/div>\n<\/div>\n<\/div>\n<\/div>\n<div>\n<div>\n<div>\n<div>\n<div>\n<div><\/div>\n<\/div>\n<\/div>\n<\/div>\n<\/div>\n<\/div>\n<div>\n<div>\n<div>\n<div>\n<div>\n<div><\/div>\n<\/div>\n<\/div>\n<\/div>\n<\/div>\n<\/div>\n<\/div>","protected":false},"excerpt":{"rendered":"<p>Stof: Oxford Outside Telt Vandt\u00e6t Indeks: &gt;3000 mm Bund Vandt\u00e6t Indeks: &gt;3000 mm Bygningstype: Hurtig automatisk \u00e5bning Telt Stil: Udvidet Type S\u00e6son: Fire-s\u00e6son Telt Struktur: Et sovev\u00e6relse farve: Tilpasset farve Logo: Customized Logo Stige: 2,3 m Aluminium teleskopstige Materiale: ABS skalmadras:<\/p>\n<div class=\"read-more\"><a class=\"btn btn-fill-out\" href=\"https:\/\/uoogear.com\/da\/vare\/abs-hard-shell-side-open-rooftop-tent-large-inner-space-car-roof-top-tent-camping-car-roof-tent\/\">L\u00e6s mere<\/a><\/div>","protected":false},"featured_media":4991,"template":"","meta":[],"product_brand":[],"product_cat":[15],"product_tag":[],"class_list":{"0":"post-4992","1":"product","2":"type-product","3":"status-publish","4":"has-post-thumbnail","6":"product_cat-uncategorized","7":"tm-no-options","9":"first","10":"instock","11":"shipping-taxable","12":"purchasable","13":"product-type-variable"},"_links":{"self":[{"href":"https:\/\/uoogear.com\/da\/wp-json\/wp\/v2\/product\/4992","targetHints":{"allow":["GET"]}}],"collection":[{"href":"https:\/\/uoogear.com\/da\/wp-json\/wp\/v2\/product"}],"about":[{"href":"https:\/\/uoogear.com\/da\/wp-json\/wp\/v2\/types\/product"}],"wp:featuredmedia":[{"embeddable":true,"href":"https:\/\/uoogear.com\/da\/wp-json\/wp\/v2\/media\/4991"}],"wp:attachment":[{"href":"https:\/\/uoogear.com\/da\/wp-json\/wp\/v2\/media?parent=4992"}],"wp:term":[{"taxonomy":"product_brand","embeddable":true,"href":"https:\/\/uoogear.com\/da\/wp-json\/wp\/v2\/product_brand?post=4992"},{"taxonomy":"product_cat","embeddable":true,"href":"https:\/\/uoogear.com\/da\/wp-json\/wp\/v2\/product_cat?post=4992"},{"taxonomy":"product_tag","embeddable":true,"href":"https:\/\/uoogear.com\/da\/wp-json\/wp\/v2\/product_tag?post=4992"}],"curies":[{"name":"wp","href":"https:\/\/api.w.org\/{rel}","templated":true}]}}