{"id":5017,"date":"2023-11-14T03:14:31","date_gmt":"2023-11-14T03:14:31","guid":{"rendered":"https:\/\/uoogear.com\/product\/oem-new-arrival-car-camping-hard-top-roof-tent-off-road-2-3-person-vehicle-car-soft-shell-rooftop-tent\/"},"modified":"2023-11-30T13:53:44","modified_gmt":"2023-11-30T13:53:44","slug":"oem-new-arrival-car-camping-hard-top-roof-tent-off-road-2-3-person-vehicle-car-soft-shell-rooftop-tent","status":"publish","type":"product","link":"https:\/\/uoogear.com\/da\/vare\/oem-new-arrival-car-camping-hard-top-roof-tent-off-road-2-3-person-vehicle-car-soft-shell-rooftop-tent\/","title":{"rendered":"OEM ny ankomst bil Camping Hard Top Roof Telt Off Road 2-3 personers k\u00f8ret\u00f8j Bil Soft Shell Rooftop Telt"},"content":{"rendered":"<ul>\n<li><strong>Areal : <\/strong> 140x240 cm<\/li>\n<li><strong>Stof: <\/strong> Polyester<\/li>\n<li><strong>Udvendigt telts vandt\u00e6t indeks: <\/strong> 2000-3000 mm<\/li>\n<li><strong>Nederste vandt\u00e6t indeks: <\/strong> 2000-3000 mm<\/li>\n<li><strong>Bygningstype: <\/strong> Hurtig automatisk \u00e5bning<\/li>\n<li><strong>Telt stil: <\/strong> Diagonal afstivningstype, lige afstivningstype, r\u00f8rtype teltp\u00e6l<\/li>\n<li><strong>S\u00e6son: <\/strong> Fire-s\u00e6son telt<\/li>\n<li><strong>Struktur: <\/strong> Et sovev\u00e6relse<\/li>\n<li><strong>Regnflue materiale: <\/strong> 420D Rip-stop polyester Oxford<\/li>\n<li><strong>Pol: <\/strong> Aluminium Poe dia 16mm<\/li>\n<li><strong>Rejsed\u00e6kning: <\/strong> Kraftig 680g\/1200D PVC<\/li>\n<li><strong>Garanti: <\/strong> 24 m\u00e5neder<\/li>\n<li><strong>Leveringstid : <\/strong> 20-35 dage (afh\u00e6ngigt af m\u00e6ngden)<\/li>\n<li><strong>Madras : <\/strong> 60 mm madras med vaskbart betr\u00e6k<\/li>\n<li><strong>Funktion: <\/strong> campingudstyr<\/li>\n<li><strong>Farve: <\/strong> Tilpasset farve<\/li>\n<\/ul>\n<div>\n<div><\/div>\n<div data-section=\"AliMagic-vxp9xy\" data-section-title=\"Product Description\">\n<div data-spm-anchor-id=\"a2700.details.0.i80.41396425f2L15f\"><\/div>\n<p>Produkt beskrivelse<\/p>\n<\/div>\n<div>\n<div>\n<div>\n<div>\n<div>\n<div><img decoding=\"async\" src=\"https:\/\/uoogear.com\/wp-content\/uploads\/2023\/11\/Hc00efc1d3f82460892d1751fa97b7c0aE-wpp1701352124122.webp\" data-src=\"https:\/\/uoogear.com\/wp-content\/uploads\/2023\/11\/Hc00efc1d3f82460892d1751fa97b7c0aE-wpp1701352124122.webp\" \/><\/div>\n<\/div>\n<\/div>\n<div>\n<div>\n<div>\n<table>\n<tbody>\n<tr>\n<td>\n<div>\n<div><strong data-spm-anchor-id=\"a2700.pc-decorate.0.i1.1c083333HfoZmI\">Specifikation af QH8812 tagtelt<\/strong><\/div>\n<\/div>\n<\/td>\n<td><\/td>\n<\/tr>\n<tr>\n<td>\n<div>Flue\/Anneks<\/div>\n<\/td>\n<td>\n<div>420D Polyester Oxford, vandt\u00e6t 2500 mm, UV- og skimmelbestandig<\/div>\n<\/td>\n<\/tr>\n<tr>\n<td>\n<div>Legeme<\/div>\n<\/td>\n<td>\n<div>420D Rip-stop polyester Oxford, vandt\u00e6t 2500 mm, UV- og skimmelbestandig<\/div>\n<\/td>\n<\/tr>\n<tr>\n<td>\n<div>Bilagsmateriale<\/div>\n<\/td>\n<td>\n<div>420D Rip-stop polyester Oxford, vandt\u00e6t 2500 mm, UV- og skimmelbestandig (s\u00e6lges separat); H\u00f8jde: 190 cm<\/div>\n<\/td>\n<\/tr>\n<tr>\n<td>\n<div>Madras<\/div>\n<\/td>\n<td>\n<div>H\u00f8jdensitetsmadras 60 mm tykkelse med vaskbart betr\u00e6k<\/div>\n<\/td>\n<\/tr>\n<tr>\n<td>\n<div>Rejsebetr\u00e6k<\/div>\n<\/td>\n<td>\n<div>Kraftig 680g\/1200D PVC vandt\u00e6t og UV-bestandig<\/div>\n<\/td>\n<\/tr>\n<tr>\n<td>\n<div>Grundlag<\/div>\n<\/td>\n<td>\n<div>Svejset aluminiumsr\u00f8r med isolering og anti-ridse aluminiumsplade<\/div>\n<\/td>\n<\/tr>\n<tr>\n<td>\n<div>Indvendig ramme<\/div>\n<\/td>\n<td>\n<div>Aluminium anodiserede st\u00e6nger<\/div>\n<\/td>\n<\/tr>\n<tr>\n<td>\n<div>Stige<\/div>\n<\/td>\n<td>\n<div>Aluminium anodiseret stige<\/div>\n<\/td>\n<\/tr>\n<tr>\n<td>\n<div>\n<div data-spm-anchor-id=\"a2700.pc-decorate.0.i48.2eda3333SpY1cc\"><strong data-spm-anchor-id=\"a2700.pc-decorate.0.i30.eecc3333uJYTdk\">1 \u00d7 telt, 1 \u00d7 rejseovertr\u00e6k, 1 \u00d7 aluminiumsstige, 2 \u00d7 stang og 1 \u00d7 monteringsdele<\/strong><\/div>\n<\/div>\n<\/td>\n<td><\/td>\n<\/tr>\n<\/tbody>\n<\/table>\n<\/div>\n<\/div>\n<\/div>\n<\/div>\n<\/div>\n<\/div>\n<div>\n<div>\n<div>\n<h3><\/h3>\n<h3>Funktionen ved tagtelt,<\/h3>\n<div>\n<div>\n<div>\n<p>\u2013 Leveres med universelle monteringsbeslag<br \/>\n\u2013 Passer til de fleste tagb\u00f8jler eller eftermarkeds tagb\u00f8jler<br \/>\n\u2013 Enmandsbetjening g\u00f8r, at den kan foldes ud p\u00e5 f\u00e5 sekunder<br \/>\n\u2013 Fuldt vandt\u00e6t for at undg\u00e5 at blive fanget i<\/p>\n<p>&nbsp;<\/p>\n<p><strong>De tilg\u00e6ngelige st\u00f8rrelser af tagtelt (med anbefalede st\u00f8rrelser)<\/strong><\/p>\n<\/div>\n<\/div>\n<\/div>\n<\/div>\n<\/div>\n<\/div>\n<div>\n<div>\n<div>\n<div>\n<div>\n<div><img decoding=\"async\" src=\"https:\/\/uoogear.com\/wp-content\/uploads\/2023\/11\/Hc31f8e35aca1461aa0cbb4105d9a61abP.webp\" data-src=\"https:\/\/uoogear.com\/wp-content\/uploads\/2023\/11\/Hc31f8e35aca1461aa0cbb4105d9a61abP.webp\" \/><\/div>\n<\/div>\n<\/div>\n<\/div>\n<\/div>\n<\/div>\n<div>\n<div>\n<div><img decoding=\"async\" src=\"https:\/\/uoogear.com\/wp-content\/uploads\/2023\/11\/Hb47b7f33d8774c8d9d8f145084477468s-wpp1701352116189.webp\" data-src=\"https:\/\/uoogear.com\/wp-content\/uploads\/2023\/11\/Hb47b7f33d8774c8d9d8f145084477468s-wpp1701352116189.webp\" \/><\/div>\n<div><img decoding=\"async\" src=\"https:\/\/uoogear.com\/wp-content\/uploads\/2023\/11\/H95af614b1f6144878e0c202ba59abbd55.webp\" data-src=\"https:\/\/uoogear.com\/wp-content\/uploads\/2023\/11\/H95af614b1f6144878e0c202ba59abbd55.webp\" \/><\/div>\n<\/div>\n<\/div>\n<div>\n<div>\n<div>\n<div>\n<div>\n<div><img decoding=\"async\" src=\"https:\/\/uoogear.com\/wp-content\/uploads\/2023\/11\/Hdd406b698fb1446d8962327446555bf5a.webp\" data-src=\"https:\/\/uoogear.com\/wp-content\/uploads\/2023\/11\/Hdd406b698fb1446d8962327446555bf5a.webp\" \/><\/div>\n<\/div>\n<\/div>\n<\/div>\n<\/div>\n<\/div>\n<div>\n<div>\n<div>\n<div>\n<div>\n<div><img decoding=\"async\" src=\"https:\/\/uoogear.com\/wp-content\/uploads\/2023\/11\/H4e35f2ee80ce4365a400fd18854734071.webp\" data-src=\"https:\/\/uoogear.com\/wp-content\/uploads\/2023\/11\/H4e35f2ee80ce4365a400fd18854734071.webp\" \/><\/div>\n<\/div>\n<\/div>\n<\/div>\n<\/div>\n<\/div>\n<div><\/div>\n<div>\n<div>\n<div>\n<div>\n<div><\/div>\n<\/div>\n<\/div>\n<\/div>\n<\/div>\n<div><\/div>\n<div data-section=\"AliMagic-8wl18t\" data-section-title=\"Packing &amp; Delivery\" data-spm-anchor-id=\"a2700.details.0.i81.41396425f2L15f\">\n<div>Pakning &amp; levering<\/div>\n<\/div>\n<div>\n<div>\n<div>\n<div>\n<div>\n<div>\n<div><\/div>\n<p><strong>1. Pakkelisten til tagteltet<\/strong><\/p>\n<\/div>\n<\/div>\n<\/div>\n<\/div>\n<\/div>\n<\/div>\n<div>\n<div>\n<div>\n<div>\n<div>\n<div><img decoding=\"async\" src=\"https:\/\/uoogear.com\/wp-content\/uploads\/2023\/11\/Hd244ed9420844ad5946be1db51c0f98cj.webp\" data-src=\"https:\/\/uoogear.com\/wp-content\/uploads\/2023\/11\/Hd244ed9420844ad5946be1db51c0f98cj.webp\" \/><\/div>\n<\/div>\n<\/div>\n<\/div>\n<\/div>\n<\/div>\n<div>\n<div>\n<div>\n<div>\n<div>\n<div><img decoding=\"async\" src=\"https:\/\/uoogear.com\/wp-content\/uploads\/2023\/11\/H68f81be1a77e4ae3973da19a1d9eaa4fq.webp\" data-src=\"https:\/\/uoogear.com\/wp-content\/uploads\/2023\/11\/H68f81be1a77e4ae3973da19a1d9eaa4fq.webp\" \/><\/div>\n<\/div>\n<\/div>\n<\/div>\n<\/div>\n<\/div>\n<div><\/div>\n<div>\n<div>\n<div>\n<div>\n<div>\n<div><\/div>\n<\/div>\n<\/div>\n<\/div>\n<\/div>\n<\/div>\n<\/div>","protected":false},"excerpt":{"rendered":"<p>Areal: 140x240cm Stof: Polyester Ydertelt Vandt\u00e6t Indeks: 2000-3000 Mm Bund Vandt\u00e6t Indeks: 2000-3000 Mm Bygningstype: Hurtig automatisk \u00e5bning Teltstil: Diagonal afstivningstype, Lige afstivningstype, R\u00f8rtype Teltp\u00e6l S\u00e6son: Telts\u00e6son Struktur: Et sovev\u00e6relse regnflue materiale: 420D Rip-stop polyester Oxford stang:<\/p>\n<div class=\"read-more\"><a class=\"btn btn-fill-out\" href=\"https:\/\/uoogear.com\/da\/vare\/oem-new-arrival-car-camping-hard-top-roof-tent-off-road-2-3-person-vehicle-car-soft-shell-rooftop-tent\/\">L\u00e6s mere<\/a><\/div>","protected":false},"featured_media":5016,"template":"","meta":[],"product_brand":[],"product_cat":[15],"product_tag":[],"class_list":{"0":"post-5017","1":"product","2":"type-product","3":"status-publish","4":"has-post-thumbnail","6":"product_cat-uncategorized","7":"tm-no-options","9":"first","10":"instock","11":"shipping-taxable","12":"purchasable","13":"product-type-variable"},"_links":{"self":[{"href":"https:\/\/uoogear.com\/da\/wp-json\/wp\/v2\/product\/5017","targetHints":{"allow":["GET"]}}],"collection":[{"href":"https:\/\/uoogear.com\/da\/wp-json\/wp\/v2\/product"}],"about":[{"href":"https:\/\/uoogear.com\/da\/wp-json\/wp\/v2\/types\/product"}],"wp:featuredmedia":[{"embeddable":true,"href":"https:\/\/uoogear.com\/da\/wp-json\/wp\/v2\/media\/5016"}],"wp:attachment":[{"href":"https:\/\/uoogear.com\/da\/wp-json\/wp\/v2\/media?parent=5017"}],"wp:term":[{"taxonomy":"product_brand","embeddable":true,"href":"https:\/\/uoogear.com\/da\/wp-json\/wp\/v2\/product_brand?post=5017"},{"taxonomy":"product_cat","embeddable":true,"href":"https:\/\/uoogear.com\/da\/wp-json\/wp\/v2\/product_cat?post=5017"},{"taxonomy":"product_tag","embeddable":true,"href":"https:\/\/uoogear.com\/da\/wp-json\/wp\/v2\/product_tag?post=5017"}],"curies":[{"name":"wp","href":"https:\/\/api.w.org\/{rel}","templated":true}]}}