{"id":5026,"date":"2023-11-14T03:15:59","date_gmt":"2023-11-14T03:15:59","guid":{"rendered":"https:\/\/uoogear.com\/product\/apzc004-custom-soft-shell-outdoor-dachzelt-camping-suv-car-aluminum-roof-tent-soft-cover-rooftop-tent\/"},"modified":"2023-12-02T06:02:30","modified_gmt":"2023-12-02T06:02:30","slug":"apzc004-custom-soft-shell-outdoor-dachzelt-camping-suv-car-aluminum-roof-tent-soft-cover-rooftop-tent","status":"publish","type":"product","link":"https:\/\/uoogear.com\/da\/vare\/apzc004-custom-soft-shell-outdoor-dachzelt-camping-suv-car-aluminum-roof-tent-soft-cover-rooftop-tent\/","title":{"rendered":"APZC004 Custom Soft Shell Outdoor Dachzelt Camping SUV Bil Aluminium Tagtelt Soft Cover Tagtelt"},"content":{"rendered":"<ul>\n<li><strong>Stof: <\/strong> 300D polyoxford, 300D polyoxford<\/li>\n<li><strong>Udvendigt telts vandt\u00e6t indeks: <\/strong> &lt;1000 mm, 1500-2000 mm<\/li>\n<li><strong>Nederste vandt\u00e6t indeks: <\/strong> 1500-2000 mm<\/li>\n<li><strong>Bygningstype: <\/strong> Hurtig automatisk \u00e5bning<\/li>\n<li><strong>Telt stil: <\/strong> Forl\u00e6nget type, sekskantet\/diamantslebet s\u00f8m<\/li>\n<li><strong>S\u00e6son: <\/strong> Tre-s\u00e6sonstelt, Fire-s\u00e6sonstelt, Sommertelt<\/li>\n<li><strong>Struktur: <\/strong> Et sovev\u00e6relse<\/li>\n<li><strong>Produktnavn : <\/strong> Soft Shell udend\u00f8rs tagtelt<\/li>\n<li><strong>Udfoldningsst\u00f8rrelse: <\/strong> L2050mm*B1250mm*H1250mm<\/li>\n<li><strong>Pakning: <\/strong> L2270mm*B1370mm*H210mm<\/li>\n<li><strong>V\u00e6gt : <\/strong> 32 kg<\/li>\n<li><strong>Materiale : <\/strong> patenteret ramme af aluminiumslegering<\/li>\n<li><strong>Stige b\u00e6rer v\u00e6gt: <\/strong> 150 kg<\/li>\n<li><strong>Antal mennesker : <\/strong> 2 personer<\/li>\n<\/ul>\n<div>\n<div data-magic-global=\"%7B%22bizId%22%3A2209963836599%2C%22pageId%22%3A20169776242%2C%22siteId%22%3A10002337017%7D\">\n<div>\n<div>\n<div>\n<div>\n<div>\n<div><img decoding=\"async\" src=\"https:\/\/uoogear.com\/wp-content\/uploads\/2023\/11\/H867623bad6264dff959f67abc74efebfP.webp\" data-src=\"https:\/\/uoogear.com\/wp-content\/uploads\/2023\/11\/H867623bad6264dff959f67abc74efebfP.webp\" \/><\/div>\n<\/div>\n<\/div>\n<\/div>\n<\/div>\n<\/div>\n<div>\n<div>\n<div>\n<div>\n<div>\n<div><img decoding=\"async\" src=\"https:\/\/uoogear.com\/wp-content\/uploads\/2023\/11\/Hbb423c294a1e458eaf88cd6042418adcZ.webp\" data-src=\"https:\/\/uoogear.com\/wp-content\/uploads\/2023\/11\/Hbb423c294a1e458eaf88cd6042418adcZ.webp\" \/><\/div>\n<\/div>\n<\/div>\n<\/div>\n<\/div>\n<\/div>\n<div>\n<div>\n<table>\n<tbody>\n<tr>\n<td>\n<div>\n<div><strong>Produktionsnavn<\/strong><\/div>\n<\/div>\n<\/td>\n<td>\n<div>Brugerdefineret Soft Shell Outdoor Dachzelt Camping SUV Bil Tagtelt Soft Cover Rooftop Telt<\/div>\n<\/td>\n<\/tr>\n<tr>\n<td>\n<div><strong>Stof: 300D <\/strong><\/div>\n<\/td>\n<td>\n<div>300D polyoxford PU3000mm med UPF50+<\/div>\n<\/td>\n<\/tr>\n<tr>\n<td>\n<div><strong>Kapacitet<\/strong><\/div>\n<\/td>\n<td>\n<div>R\u00e5dgivet 1-2 Person<\/div>\n<\/td>\n<\/tr>\n<tr>\n<td>\n<div><strong>Udfold st\u00f8rrelse<\/strong><\/div>\n<\/td>\n<td>\n<div>210*125*150 cm<\/div>\n<\/td>\n<\/tr>\n<tr>\n<td>\n<div><strong>Pakkest\u00f8rrelse<\/strong><\/div>\n<\/td>\n<td>\n<div>\n<div data-spm-anchor-id=\"a2700.pc-decorate.0.i25.11f633338vlEuj\">227*137*21 cm<\/div>\n<\/div>\n<\/td>\n<\/tr>\n<tr>\n<td>\n<div><strong data-spm-anchor-id=\"a2700.pc-decorate.0.i33.19993333s57omf\">V\u00e6gt<\/strong><\/div>\n<\/td>\n<td>\n<div>35 kg<\/div>\n<\/td>\n<\/tr>\n<tr>\n<td>\n<div><strong> Materiale<\/strong><\/div>\n<\/td>\n<td>\n<div>patenteret ramme af aluminiumslegering<\/div>\n<\/td>\n<\/tr>\n<\/tbody>\n<\/table>\n<\/div>\n<\/div>\n<div>\n<div>\n<div>\n<div>\n<div>\n<div><img decoding=\"async\" src=\"https:\/\/uoogear.com\/wp-content\/uploads\/2023\/11\/H5d16d1c85b0c4a518db8e2f022ada520n.webp\" data-src=\"https:\/\/uoogear.com\/wp-content\/uploads\/2023\/11\/H5d16d1c85b0c4a518db8e2f022ada520n.webp\" \/><\/div>\n<\/div>\n<div>\n<div>\n<div>udend\u00f8rs campingvogn tagtelt:<\/div>\n<div>Stof: 300D polyoxford PU3000mm med UPF50+ Ramme: patenteret ramme af aluminiumslegering H\u00f8jdensitetsskummadras giver behagelig<br \/>\nsoveoplevelse Rummelig plads til 2 personer Hurtigt op og fold teltet ned. Velegnet til alle SUV-k\u00f8ret\u00f8jer, stigen t\u00e5ler<br \/>\n150 KG St\u00f8rrelse: L2220mm*B1350mm*H190mm Inderteltst\u00f8rrelse: L2050mm*W1250mm*H1250mm Pakningsst\u00f8rrelse:L2270mm*W1370mm*H210mm Nettov\u00e6gt:32kg<\/div>\n<\/div>\n<\/div>\n<\/div>\n<\/div>\n<\/div>\n<\/div>\n<div>\n<div>\n<div><\/div>\n<div><img decoding=\"async\" src=\"https:\/\/uoogear.com\/wp-content\/uploads\/2023\/11\/Hef235eead7324e4aaaa83afbfb283f28P.webp\" data-src=\"https:\/\/uoogear.com\/wp-content\/uploads\/2023\/11\/Hef235eead7324e4aaaa83afbfb283f28P.webp\" \/><\/div>\n<div><img decoding=\"async\" src=\"https:\/\/uoogear.com\/wp-content\/uploads\/2023\/11\/Hb21e51e39b764ce094725a6760bc2b50z.webp\" data-src=\"https:\/\/uoogear.com\/wp-content\/uploads\/2023\/11\/Hb21e51e39b764ce094725a6760bc2b50z.webp\" \/><\/div>\n<div><img decoding=\"async\" src=\"https:\/\/uoogear.com\/wp-content\/uploads\/2023\/11\/Hf115bc6cdc58407e9467c9cd95ba50b34.webp\" data-src=\"https:\/\/uoogear.com\/wp-content\/uploads\/2023\/11\/Hf115bc6cdc58407e9467c9cd95ba50b34.webp\" \/><\/div>\n<div><img decoding=\"async\" src=\"https:\/\/uoogear.com\/wp-content\/uploads\/2023\/11\/Hc533e1edc8d54be195ea601e3a339a21K.webp\" data-src=\"https:\/\/uoogear.com\/wp-content\/uploads\/2023\/11\/Hc533e1edc8d54be195ea601e3a339a21K.webp\" \/><\/div>\n<div><img decoding=\"async\" src=\"https:\/\/uoogear.com\/wp-content\/uploads\/2023\/11\/Hb21a441376a743feb3f228deb23a7900e.webp\" data-src=\"https:\/\/uoogear.com\/wp-content\/uploads\/2023\/11\/Hb21a441376a743feb3f228deb23a7900e.webp\" \/><\/div>\n<div><img decoding=\"async\" src=\"https:\/\/uoogear.com\/wp-content\/uploads\/2023\/11\/H4a7da32cc3314d3db121bc57a0f76cad4.webp\" data-src=\"https:\/\/uoogear.com\/wp-content\/uploads\/2023\/11\/H4a7da32cc3314d3db121bc57a0f76cad4.webp\" \/><\/div>\n<div><img decoding=\"async\" src=\"https:\/\/uoogear.com\/wp-content\/uploads\/2023\/11\/H51ab84080d1644d18912ded05529105fO.webp\" data-src=\"https:\/\/uoogear.com\/wp-content\/uploads\/2023\/11\/H51ab84080d1644d18912ded05529105fO.webp\" \/><\/div>\n<\/div>\n<\/div>\n<div>\n<div>\n<div>\n<div>\n<div><\/div>\n<\/div>\n<\/div>\n<\/div>\n<\/div>\n<div data-spm-anchor-id=\"a2700.details.0.i80.1dab1509acyQsB\"><\/div>\n<div>\n<div>\n<div>\n<div>\n<div><\/div>\n<\/div>\n<\/div>\n<\/div>\n<\/div>\n<div>\n<div>\n<div>\n<div>\n<div>\n<div data-spm-anchor-id=\"a2700.details.0.i76.1dab1509acyQsB\"><\/div>\n<\/div>\n<\/div>\n<\/div>\n<\/div>\n<\/div>\n<\/div>\n<div>\n<div>\n<div>\n<div>\n<div><\/div>\n<\/div>\n<\/div>\n<\/div>\n<\/div>\n<\/div>","protected":false},"excerpt":{"rendered":"<p>Stof: 300D polyoxford, 300D polyoxford Ydertelt Vandt\u00e6t Indeks: &lt;1000 mm, 1500-2000 Mm Bund Vandt\u00e6t Indeks: 1500-2000 Mm Bygningstype: Hurtig automatisk \u00e5bning Telt Stil: Udvidet Type, Hexagonal\/Season Telt, 4-s\u00e6sonstelt, Sommerteltstruktur : Etv\u00e6relses Produktnavn : Soft Shell udend\u00f8rs tagtelt<\/p>\n<div class=\"read-more\"><a class=\"btn btn-fill-out\" href=\"https:\/\/uoogear.com\/da\/vare\/apzc004-custom-soft-shell-outdoor-dachzelt-camping-suv-car-aluminum-roof-tent-soft-cover-rooftop-tent\/\">L\u00e6s mere<\/a><\/div>","protected":false},"featured_media":5025,"template":"","meta":[],"product_brand":[],"product_cat":[15],"product_tag":[],"class_list":{"0":"post-5026","1":"product","2":"type-product","3":"status-publish","4":"has-post-thumbnail","6":"product_cat-uncategorized","7":"tm-no-options","9":"first","10":"instock","11":"shipping-taxable","12":"purchasable","13":"product-type-variable"},"_links":{"self":[{"href":"https:\/\/uoogear.com\/da\/wp-json\/wp\/v2\/product\/5026","targetHints":{"allow":["GET"]}}],"collection":[{"href":"https:\/\/uoogear.com\/da\/wp-json\/wp\/v2\/product"}],"about":[{"href":"https:\/\/uoogear.com\/da\/wp-json\/wp\/v2\/types\/product"}],"wp:featuredmedia":[{"embeddable":true,"href":"https:\/\/uoogear.com\/da\/wp-json\/wp\/v2\/media\/5025"}],"wp:attachment":[{"href":"https:\/\/uoogear.com\/da\/wp-json\/wp\/v2\/media?parent=5026"}],"wp:term":[{"taxonomy":"product_brand","embeddable":true,"href":"https:\/\/uoogear.com\/da\/wp-json\/wp\/v2\/product_brand?post=5026"},{"taxonomy":"product_cat","embeddable":true,"href":"https:\/\/uoogear.com\/da\/wp-json\/wp\/v2\/product_cat?post=5026"},{"taxonomy":"product_tag","embeddable":true,"href":"https:\/\/uoogear.com\/da\/wp-json\/wp\/v2\/product_tag?post=5026"}],"curies":[{"name":"wp","href":"https:\/\/api.w.org\/{rel}","templated":true}]}}