{"id":5033,"date":"2023-11-14T03:16:39","date_gmt":"2023-11-14T03:16:39","guid":{"rendered":"https:\/\/uoogear.com\/product\/hard-shell-roof-top-tent-camper-for-car-roof-top-tent-rooftop-tent\/"},"modified":"2023-12-02T06:02:05","modified_gmt":"2023-12-02T06:02:05","slug":"hard-shell-roof-top-tent-camper-for-car-roof-top-tent-rooftop-tent","status":"publish","type":"product","link":"https:\/\/uoogear.com\/da\/vare\/hard-shell-roof-top-tent-camper-for-car-roof-top-tent-rooftop-tent\/","title":{"rendered":"Hard Shell Roof Top Telt Camper til Car Roof Top Telt Rooftop Telt"},"content":{"rendered":"<ul>\n<li><strong>Areal : <\/strong> 2.8<\/li>\n<li><strong>Stof: <\/strong> Oxford<\/li>\n<li><strong>Udvendigt telts vandt\u00e6t indeks: <\/strong> &gt;3000 mm<\/li>\n<li><strong>Nederste vandt\u00e6t indeks: <\/strong> &gt;3000 mm<\/li>\n<li><strong>Telt stil: <\/strong> Lige afstivningstype<\/li>\n<li><strong>S\u00e6son: <\/strong> Fire-s\u00e6son telt<\/li>\n<li><strong>Struktur: <\/strong> Et sovev\u00e6relse<\/li>\n<li><strong>Produktnavn : <\/strong> Tag top telt<\/li>\n<li><strong>Farve: <\/strong> gr\u00e5, h\u00e6r, orange, sort<\/li>\n<li><strong>St\u00f8rrelse: <\/strong> 216cm*130cm*105cm<\/li>\n<li><strong>Logo: <\/strong> Accepter tilpasset logo<\/li>\n<li><strong>V\u00e6gt : <\/strong> 79 kg<\/li>\n<li><strong>Stige: <\/strong> 2,2m teleskopstige i aluminiumslegering<\/li>\n<li><strong>Ramme materiale: <\/strong> ABS plast<\/li>\n<li><strong>Pakningsst\u00f8rrelse: <\/strong> 225*145*39 cm<\/li>\n<li><strong>Madras : <\/strong> 5 cm<\/li>\n<li><strong>OEM\/ODM: <\/strong> Acceptabelt<\/li>\n<\/ul>\n<div>\n<div>\n<div data-magic-global=\"%7B%22bizId%22%3A2849203320%2C%22pageId%22%3A20118148475%2C%22siteId%22%3A5004976044%7D\">\n<div>\n<div>\n<div>\n<div>\n<div>\n<div><img decoding=\"async\" src=\"https:\/\/uoogear.com\/wp-content\/uploads\/2023\/11\/Hf606e0171374489382ae6e606f174e7aH.webp\" data-src=\"https:\/\/uoogear.com\/wp-content\/uploads\/2023\/11\/Hf606e0171374489382ae6e606f174e7aH.webp\" \/><\/div>\n<\/div>\n<\/div>\n<\/div>\n<\/div>\n<\/div>\n<div>\n<div>\n<div>\n<div>\n<div>\n<div><img decoding=\"async\" src=\"https:\/\/uoogear.com\/wp-content\/uploads\/2023\/11\/Hdf3e68c8884b48edbe0a99d308075c9ac.webp\" data-src=\"https:\/\/uoogear.com\/wp-content\/uploads\/2023\/11\/Hdf3e68c8884b48edbe0a99d308075c9ac.webp\" \/><\/div>\n<\/div>\n<\/div>\n<\/div>\n<\/div>\n<\/div>\n<div>\n<div>\n<div>\n<div>\n<div>\n<div><img decoding=\"async\" src=\"https:\/\/uoogear.com\/wp-content\/uploads\/2023\/11\/H863622b8be0d42b599950ea55cb5382ct.webp\" data-src=\"https:\/\/uoogear.com\/wp-content\/uploads\/2023\/11\/H863622b8be0d42b599950ea55cb5382ct.webp\" \/><\/div>\n<\/div>\n<\/div>\n<\/div>\n<\/div>\n<\/div>\n<div>\n<div>\n<table>\n<tbody>\n<tr>\n<td>\n<div>produktnavn<\/div>\n<\/td>\n<td>\n<div>Tagtelt<\/div>\n<\/td>\n<td>\n<div>Typer<\/div>\n<\/td>\n<td>\n<div>2-4 personer<\/div>\n<\/td>\n<\/tr>\n<tr>\n<td>\n<div>Kartonst\u00f8rrelse<\/div>\n<\/td>\n<td>\n<div>225*138*37 cm<\/div>\n<\/td>\n<td>\n<div>Last v\u00e6gt<\/div>\n<\/td>\n<td>\n<div>300 kg<\/div>\n<\/td>\n<\/tr>\n<tr>\n<td>\n<div>Foldest\u00f8rrelse<\/div>\n<\/td>\n<td>\n<div>218cm*130cm*33cm<\/div>\n<\/td>\n<td>\n<div>v\u00e6gt<\/div>\n<\/td>\n<td>\n<div>Egenv\u00e6gt 79KG, bruttov\u00e6gt 110KG<\/div>\n<\/td>\n<\/tr>\n<tr>\n<td>\n<div>Udfoldelig st\u00f8rrelse<\/div>\n<\/td>\n<td>\n<div>218cm*130cm*108cm<\/div>\n<\/td>\n<td>\n<div>Struktur<\/div>\n<\/td>\n<td>\n<div>Plast ABS skal + vandt\u00e6t plaid kanvas + milj\u00f8venlig tr\u00e6plade<\/div>\n<\/td>\n<\/tr>\n<tr>\n<td>\n<div>Farve<\/div>\n<\/td>\n<td>\n<div>Hvid lysegr\u00e5, hvid armygr\u00f8n, hvid orange, hvid kaki, sort lysegr\u00e5, sort armygr\u00f8n, sort kaki, sort orange<\/div>\n<\/td>\n<td>\n<div>G\u00e6ldende model<\/div>\n<\/td>\n<td>\n<div>B\u00e6rende tv\u00e6rstang kan monteres p\u00e5 taget SUV, terr\u00e6ng\u00e5ende k\u00f8ret\u00f8jer, stationsk\u00f8ret\u00f8jer, erhvervsk\u00f8ret\u00f8jer<\/div>\n<\/td>\n<\/tr>\n<\/tbody>\n<\/table>\n<\/div>\n<\/div>\n<div>\n<div>\n<div>\n<div>\n<div>\n<div><img decoding=\"async\" src=\"https:\/\/uoogear.com\/wp-content\/uploads\/2023\/11\/H38ea71b4cd274ebaadc3404c7ff2c9f1e.webp\" data-src=\"https:\/\/uoogear.com\/wp-content\/uploads\/2023\/11\/H38ea71b4cd274ebaadc3404c7ff2c9f1e.webp\" \/><\/div>\n<\/div>\n<\/div>\n<\/div>\n<\/div>\n<\/div>\n<div>\n<div>\n<div>\n<div>\n<div>\n<div><img decoding=\"async\" src=\"https:\/\/uoogear.com\/wp-content\/uploads\/2023\/11\/Ha12f40b86dc34c568dd06e368a9d0591v.webp\" data-src=\"https:\/\/uoogear.com\/wp-content\/uploads\/2023\/11\/Ha12f40b86dc34c568dd06e368a9d0591v.webp\" \/><\/div>\n<\/div>\n<\/div>\n<\/div>\n<\/div>\n<\/div>\n<div>\n<div>\n<div>\n<div>\n<div>\n<div><img decoding=\"async\" src=\"https:\/\/uoogear.com\/wp-content\/uploads\/2023\/11\/Heb3b328ae01e4b38889e96959597543f8.webp\" data-src=\"https:\/\/uoogear.com\/wp-content\/uploads\/2023\/11\/Heb3b328ae01e4b38889e96959597543f8.webp\" \/><\/div>\n<\/div>\n<\/div>\n<\/div>\n<\/div>\n<\/div>\n<div>\n<div>\n<div>\n<div>\n<div>\n<div><\/div>\n<\/div>\n<\/div>\n<\/div>\n<\/div>\n<\/div>\n<div><\/div>\n<div>\n<div>\n<div>\n<div>\n<div><\/div>\n<\/div>\n<\/div>\n<\/div>\n<\/div>\n<div><\/div>\n<\/div>\n<\/div>\n<div data-section=\"AliPostDhMb-8cqjr\" data-section-title=\"Company Information\">\n<div><\/div>\n<\/div>\n<div>\n<div>\n<div>\n<div>\n<div>\n<div>\n<div><\/div>\n<\/div>\n<\/div>\n<\/div>\n<\/div>\n<\/div>\n<\/div>\n<\/div>","protected":false},"excerpt":{"rendered":"<p>Areal : 2,8 Stof : Oxford Outside Telt Vandt\u00e6t Indeks : &gt;3000 mm Vandt\u00e6t bundindeks : &gt;3000 mm Teltstil : Lige afstivningstype S\u00e6son : Fire-s\u00e6son Teltstruktur : Etv\u00e6relses Produktnavn : Tagtop Telt Farve : gr\u00e5, army, orange ,sort St\u00f8rrelse: 216cm*130cm*105cm Logo: Accepter tilpasset logov\u00e6gt: 79Kg Stige:<\/p>\n<div class=\"read-more\"><a class=\"btn btn-fill-out\" href=\"https:\/\/uoogear.com\/da\/vare\/hard-shell-roof-top-tent-camper-for-car-roof-top-tent-rooftop-tent\/\">L\u00e6s mere<\/a><\/div>","protected":false},"featured_media":5032,"template":"","meta":[],"product_brand":[],"product_cat":[15],"product_tag":[],"class_list":{"0":"post-5033","1":"product","2":"type-product","3":"status-publish","4":"has-post-thumbnail","6":"product_cat-uncategorized","7":"tm-no-options","9":"first","10":"instock","11":"shipping-taxable","12":"purchasable","13":"product-type-variable"},"_links":{"self":[{"href":"https:\/\/uoogear.com\/da\/wp-json\/wp\/v2\/product\/5033","targetHints":{"allow":["GET"]}}],"collection":[{"href":"https:\/\/uoogear.com\/da\/wp-json\/wp\/v2\/product"}],"about":[{"href":"https:\/\/uoogear.com\/da\/wp-json\/wp\/v2\/types\/product"}],"wp:featuredmedia":[{"embeddable":true,"href":"https:\/\/uoogear.com\/da\/wp-json\/wp\/v2\/media\/5032"}],"wp:attachment":[{"href":"https:\/\/uoogear.com\/da\/wp-json\/wp\/v2\/media?parent=5033"}],"wp:term":[{"taxonomy":"product_brand","embeddable":true,"href":"https:\/\/uoogear.com\/da\/wp-json\/wp\/v2\/product_brand?post=5033"},{"taxonomy":"product_cat","embeddable":true,"href":"https:\/\/uoogear.com\/da\/wp-json\/wp\/v2\/product_cat?post=5033"},{"taxonomy":"product_tag","embeddable":true,"href":"https:\/\/uoogear.com\/da\/wp-json\/wp\/v2\/product_tag?post=5033"}],"curies":[{"name":"wp","href":"https:\/\/api.w.org\/{rel}","templated":true}]}}