{"id":5070,"date":"2023-11-14T03:19:56","date_gmt":"2023-11-14T03:19:56","guid":{"rendered":"https:\/\/uoogear.com\/product\/aluminum-alloy-honeycomb-plate-triangle-shape-outdoor-camping-car-roof-top-tent\/"},"modified":"2023-12-02T06:00:39","modified_gmt":"2023-12-02T06:00:39","slug":"aluminum-alloy-honeycomb-plate-triangle-shape-outdoor-camping-car-roof-top-tent","status":"publish","type":"product","link":"https:\/\/uoogear.com\/da\/vare\/aluminum-alloy-honeycomb-plate-triangle-shape-outdoor-camping-car-roof-top-tent\/","title":{"rendered":"Aluminiumslegering Honeycomb Plade Trekant Form Udend\u00f8rs Campingvogn Tag Top Telt"},"content":{"rendered":"<ul>\n<li><strong>Stof: <\/strong> Oxford<\/li>\n<li><strong>Udvendigt telts vandt\u00e6t indeks: <\/strong> &gt;3000 mm<\/li>\n<li><strong>Nederste vandt\u00e6t indeks: <\/strong> &gt;3000 mm<\/li>\n<li><strong>Bygningstype: <\/strong> Hurtig automatisk \u00e5bning<\/li>\n<li><strong>Telt stil: <\/strong> Diagonal afstivningstype<\/li>\n<li><strong>S\u00e6son: <\/strong> Fire-s\u00e6son telt<\/li>\n<li><strong>Struktur: <\/strong> Et sovev\u00e6relse<\/li>\n<li><strong>Stoffarve: <\/strong> Tilpasset farve<\/li>\n<li><strong>Skalmateriale: <\/strong> Honeycomb plade af aluminiumslegering<\/li>\n<li><strong>Madras : <\/strong> 50 mm madras<\/li>\n<li><strong>Tilbeh\u00f8r : <\/strong> Installer v\u00e6rkt\u00f8jer<\/li>\n<li><strong>Stige: <\/strong> 2,3 m aluminium teleskopstige<\/li>\n<li><strong>Vandt\u00e6t : <\/strong> Ja<\/li>\n<\/ul>\n<div>\n<div data-section=\"AliMagic-a1m2ez\" data-section-title=\"Product Description\">\n<p>Produkt beskrivelse<\/p>\n<\/div>\n<div>\n<div>\n<div><img decoding=\"async\" src=\"https:\/\/uoogear.com\/wp-content\/uploads\/2023\/11\/Ha2a0faf0a1f84f6ca81cfd7af1b91963G.webp\" data-src=\"https:\/\/uoogear.com\/wp-content\/uploads\/2023\/11\/Ha2a0faf0a1f84f6ca81cfd7af1b91963G.webp\" \/><\/div>\n<div><img decoding=\"async\" src=\"https:\/\/uoogear.com\/wp-content\/uploads\/2023\/11\/H245cec7ab07c447da5034950962aa639n.webp\" data-src=\"https:\/\/uoogear.com\/wp-content\/uploads\/2023\/11\/H245cec7ab07c447da5034950962aa639n.webp\" \/><\/div>\n<div><img decoding=\"async\" src=\"https:\/\/uoogear.com\/wp-content\/uploads\/2023\/11\/H2af6516fda85469688a0b2b5fc74a850m.webp\" data-src=\"https:\/\/uoogear.com\/wp-content\/uploads\/2023\/11\/H2af6516fda85469688a0b2b5fc74a850m.webp\" \/><\/div>\n<div><img decoding=\"async\" src=\"https:\/\/uoogear.com\/wp-content\/uploads\/2023\/11\/H2a7de94578214233a47e79cb75e00bd9L.webp\" data-src=\"https:\/\/uoogear.com\/wp-content\/uploads\/2023\/11\/H2a7de94578214233a47e79cb75e00bd9L.webp\" \/><\/div>\n<div><img decoding=\"async\" src=\"https:\/\/uoogear.com\/wp-content\/uploads\/2023\/11\/Hfe8f9a466d6040beb5ca038ecd6b97b2o.webp\" data-src=\"https:\/\/uoogear.com\/wp-content\/uploads\/2023\/11\/Hfe8f9a466d6040beb5ca038ecd6b97b2o.webp\" \/><\/div>\n<div><img decoding=\"async\" src=\"https:\/\/uoogear.com\/wp-content\/uploads\/2023\/11\/H3c23965dd700432a8fab58b344c3348en.webp\" data-src=\"https:\/\/uoogear.com\/wp-content\/uploads\/2023\/11\/H3c23965dd700432a8fab58b344c3348en.webp\" \/><\/div>\n<div><img decoding=\"async\" src=\"https:\/\/uoogear.com\/wp-content\/uploads\/2023\/11\/H90e43da2e25949be8ca22af3c8837628o.webp\" data-src=\"https:\/\/uoogear.com\/wp-content\/uploads\/2023\/11\/H90e43da2e25949be8ca22af3c8837628o.webp\" \/><\/div>\n<div><img decoding=\"async\" src=\"https:\/\/uoogear.com\/wp-content\/uploads\/2023\/11\/H4a00215881dd4f1ca73e2d84553ab0c8e.webp\" data-src=\"https:\/\/uoogear.com\/wp-content\/uploads\/2023\/11\/H4a00215881dd4f1ca73e2d84553ab0c8e.webp\" \/><\/div>\n<div><img decoding=\"async\" src=\"https:\/\/uoogear.com\/wp-content\/uploads\/2023\/11\/Hce91dd96e1954619864938dc5a1a076dS.webp\" data-src=\"https:\/\/uoogear.com\/wp-content\/uploads\/2023\/11\/Hce91dd96e1954619864938dc5a1a076dS.webp\" \/><\/div>\n<div><img decoding=\"async\" src=\"https:\/\/uoogear.com\/wp-content\/uploads\/2023\/11\/Hae4fb25124ff4986b8ad255826e8c83ba.webp\" data-src=\"https:\/\/uoogear.com\/wp-content\/uploads\/2023\/11\/Hae4fb25124ff4986b8ad255826e8c83ba.webp\" \/><\/div>\n<\/div>\n<\/div>\n<div>\n<div>\n<div>\n<div>\n<div>\n<div><img decoding=\"async\" src=\"https:\/\/uoogear.com\/wp-content\/uploads\/2023\/11\/Hf139e28276f8473bae6a62ba33b082f2a.webp\" data-src=\"https:\/\/uoogear.com\/wp-content\/uploads\/2023\/11\/Hf139e28276f8473bae6a62ba33b082f2a.webp\" \/><\/div>\n<\/div>\n<\/div>\n<\/div>\n<\/div>\n<\/div>\n<div>\n<div>\n<div>\n<div>\n<div>\n<div><img decoding=\"async\" src=\"https:\/\/uoogear.com\/wp-content\/uploads\/2023\/11\/Ha2b2adce3a6d40348d0612192968b2eb2.webp\" data-src=\"https:\/\/uoogear.com\/wp-content\/uploads\/2023\/11\/Ha2b2adce3a6d40348d0612192968b2eb2.webp\" \/><\/div>\n<\/div>\n<\/div>\n<\/div>\n<\/div>\n<\/div>\n<div><\/div>\n<div data-section=\"AliPostDhMb-xv5fc\" data-section-title=\"Company Information\">\n<div><\/div>\n<div><\/div>\n<\/div>\n<\/div>","protected":false},"excerpt":{"rendered":"<p>Stof: Oxford Outside Telt Vandt\u00e6t Indeks: &gt;3000 mm Bund Vandt\u00e6t Indeks: &gt;3000 mm Bygningstype: Hurtig automatisk \u00e5bning Teltstil: Diagonal afstivningstype S\u00e6son: Fire-s\u00e6son Teltstruktur: Etv\u00e6relses stoffarve: Tilpasset farve Skalmateriale: Aluminiumslegering Honeycomb Plade Madras: 50mm Madras Tilbeh\u00f8r: Installer<\/p>\n<div class=\"read-more\"><a class=\"btn btn-fill-out\" href=\"https:\/\/uoogear.com\/da\/vare\/aluminum-alloy-honeycomb-plate-triangle-shape-outdoor-camping-car-roof-top-tent\/\">L\u00e6s mere<\/a><\/div>","protected":false},"featured_media":5069,"template":"","meta":[],"product_brand":[],"product_cat":[15],"product_tag":[],"class_list":{"0":"post-5070","1":"product","2":"type-product","3":"status-publish","4":"has-post-thumbnail","6":"product_cat-uncategorized","7":"tm-no-options","9":"first","10":"instock","11":"shipping-taxable","12":"purchasable","13":"product-type-variable"},"_links":{"self":[{"href":"https:\/\/uoogear.com\/da\/wp-json\/wp\/v2\/product\/5070","targetHints":{"allow":["GET"]}}],"collection":[{"href":"https:\/\/uoogear.com\/da\/wp-json\/wp\/v2\/product"}],"about":[{"href":"https:\/\/uoogear.com\/da\/wp-json\/wp\/v2\/types\/product"}],"wp:featuredmedia":[{"embeddable":true,"href":"https:\/\/uoogear.com\/da\/wp-json\/wp\/v2\/media\/5069"}],"wp:attachment":[{"href":"https:\/\/uoogear.com\/da\/wp-json\/wp\/v2\/media?parent=5070"}],"wp:term":[{"taxonomy":"product_brand","embeddable":true,"href":"https:\/\/uoogear.com\/da\/wp-json\/wp\/v2\/product_brand?post=5070"},{"taxonomy":"product_cat","embeddable":true,"href":"https:\/\/uoogear.com\/da\/wp-json\/wp\/v2\/product_cat?post=5070"},{"taxonomy":"product_tag","embeddable":true,"href":"https:\/\/uoogear.com\/da\/wp-json\/wp\/v2\/product_tag?post=5070"}],"curies":[{"name":"wp","href":"https:\/\/api.w.org\/{rel}","templated":true}]}}