{"id":3378,"date":"2023-08-07T06:22:41","date_gmt":"2023-08-07T06:22:41","guid":{"rendered":"https:\/\/uoogear.com\/?page_id=3378"},"modified":"2023-08-07T06:30:04","modified_gmt":"2023-08-07T06:30:04","slug":"returns-policy","status":"publish","type":"page","link":"https:\/\/uoogear.com\/de\/returns-policy\/","title":{"rendered":"R\u00fcckgaberecht"},"content":{"rendered":"<div data-elementor-type=\"wp-page\" data-elementor-id=\"3378\" class=\"elementor elementor-3378\">\n\t\t\t\t\t\t\t\t\t<section class=\"elementor-section elementor-top-section elementor-element elementor-element-4a9feaf elementor-section-boxed elementor-section-height-default elementor-section-height-default\" data-id=\"4a9feaf\" data-element_type=\"section\">\n\t\t\t\t\t\t<div class=\"elementor-container elementor-column-gap-default\">\n\t\t\t\t\t<div class=\"elementor-column elementor-col-100 elementor-top-column elementor-element elementor-element-049edf5\" data-id=\"049edf5\" data-element_type=\"column\">\n\t\t\t<div class=\"elementor-widget-wrap elementor-element-populated\">\n\t\t\t\t\t\t\t\t<div class=\"elementor-element elementor-element-3977164 elementor-widget elementor-widget-heading\" data-id=\"3977164\" data-element_type=\"widget\" data-widget_type=\"heading.default\">\n\t\t\t\t<div class=\"elementor-widget-container\">\n\t\t\t<style>\/*! elementor - v3.14.0 - 26-06-2023 *\/\n.elementor-heading-title{padding:0;margin:0;line-height:1}.elementor-widget-heading .elementor-heading-title[class*=elementor-size-]>a{color:inherit;font-size:inherit;line-height:inherit}.elementor-widget-heading .elementor-heading-title.elementor-size-small{font-size:15px}.elementor-widget-heading .elementor-heading-title.elementor-size-medium{font-size:19px}.elementor-widget-heading .elementor-heading-title.elementor-size-large{font-size:29px}.elementor-widget-heading .elementor-heading-title.elementor-size-xl{font-size:39px}.elementor-widget-heading .elementor-heading-title.elementor-size-xxl{font-size:59px}<\/style><h2 class=\"elementor-heading-title elementor-size-default\">R\u00fcckgaberecht<\/h2>\t\t<\/div>\n\t\t\t\t<\/div>\n\t\t\t\t<div class=\"elementor-element elementor-element-6fc9a4f elementor-widget elementor-widget-spacer\" data-id=\"6fc9a4f\" data-element_type=\"widget\" data-widget_type=\"spacer.default\">\n\t\t\t\t<div class=\"elementor-widget-container\">\n\t\t\t<style>\/*! elementor - v3.14.0 - 26-06-2023 *\/\n.elementor-column .elementor-spacer-inner{height:var(--spacer-size)}.e-con{--container-widget-width:100%}.e-con-inner>.elementor-widget-spacer,.e-con>.elementor-widget-spacer{width:var(--container-widget-width,var(--spacer-size));--align-self:var(--container-widget-align-self,initial);--flex-shrink:0}.e-con-inner>.elementor-widget-spacer>.elementor-widget-container,.e-con-inner>.elementor-widget-spacer>.elementor-widget-container>.elementor-spacer,.e-con>.elementor-widget-spacer>.elementor-widget-container,.e-con>.elementor-widget-spacer>.elementor-widget-container>.elementor-spacer{height:100%}.e-con-inner>.elementor-widget-spacer>.elementor-widget-container>.elementor-spacer>.elementor-spacer-inner,.e-con>.elementor-widget-spacer>.elementor-widget-container>.elementor-spacer>.elementor-spacer-inner{height:var(--container-widget-height,var(--spacer-size))}<\/style>\t\t<div class=\"elementor-spacer\">\n\t\t\t<div class=\"elementor-spacer-inner\"><\/div>\n\t\t<\/div>\n\t\t\t\t<\/div>\n\t\t\t\t<\/div>\n\t\t\t\t<div class=\"elementor-element elementor-element-1c367a8 elementor-widget elementor-widget-heading\" data-id=\"1c367a8\" data-element_type=\"widget\" data-widget_type=\"heading.default\">\n\t\t\t\t<div class=\"elementor-widget-container\">\n\t\t\t<h4 class=\"elementor-heading-title elementor-size-default\">Unerw\u00fcnschte Artikel, die im Gesch\u00e4ft gekauft wurden<\/h4>\t\t<\/div>\n\t\t\t\t<\/div>\n\t\t\t\t<div class=\"elementor-element elementor-element-161f077 elementor-widget elementor-widget-text-editor\" data-id=\"161f077\" data-element_type=\"widget\" data-widget_type=\"text-editor.default\">\n\t\t\t\t<div class=\"elementor-widget-container\">\n\t\t\t<style>\/*! elementor - v3.14.0 - 26-06-2023 *\/\n.elementor-widget-text-editor.elementor-drop-cap-view-stacked .elementor-drop-cap{background-color:#69727d;color:#fff}.elementor-widget-text-editor.elementor-drop-cap-view-framed .elementor-drop-cap{color:#69727d;border:3px solid;background-color:transparent}.elementor-widget-text-editor:not(.elementor-drop-cap-view-default) .elementor-drop-cap{margin-top:8px}.elementor-widget-text-editor:not(.elementor-drop-cap-view-default) .elementor-drop-cap-letter{width:1em;height:1em}.elementor-widget-text-editor .elementor-drop-cap{float:left;text-align:center;line-height:1;font-size:50px}.elementor-widget-text-editor .elementor-drop-cap-letter{display:inline-block}<\/style>\t\t\t\tUnerw\u00fcnscht bei UooGear gekaufte Artikel k\u00f6nnen innerhalb von 30 Tagen nach dem Kauf in einwandfreiem wiederverkaufsf\u00e4higem Zustand (einschlie\u00dflich Verpackung und Etiketten) gegen eine vollst\u00e4ndige R\u00fcckerstattung oder einen Umtausch zur\u00fcckgegeben werden. Ausgenommen hiervon sind Waren, die benutzt, verschmutzt, geruchsintensiv oder durch unsachgem\u00e4\u00dfen Gebrauch besch\u00e4digt wurden.\t\t\t\t\t\t<\/div>\n\t\t\t\t<\/div>\n\t\t\t\t<div class=\"elementor-element elementor-element-b913df6 elementor-widget elementor-widget-heading\" data-id=\"b913df6\" data-element_type=\"widget\" data-widget_type=\"heading.default\">\n\t\t\t\t<div class=\"elementor-widget-container\">\n\t\t\t<h4 class=\"elementor-heading-title elementor-size-default\">Unerw\u00fcnschte Artikel von uoogear.com<\/h4>\t\t<\/div>\n\t\t\t\t<\/div>\n\t\t\t\t<div class=\"elementor-element elementor-element-c7c6ddc elementor-widget elementor-widget-text-editor\" data-id=\"c7c6ddc\" data-element_type=\"widget\" data-widget_type=\"text-editor.default\">\n\t\t\t\t<div class=\"elementor-widget-container\">\n\t\t\t\t\t\t\tUnerw\u00fcnschte, bei uoogear.com gekaufte Artikel k\u00f6nnen innerhalb von 30 Tagen nach Lieferung in einwandfreiem, wiederverkaufsf\u00e4higem Zustand (einschlie\u00dflich Verpackung und Etiketten) zur\u00fcckgegeben werden. Wenn Sie m\u00f6chten, dass wir diese Artikel abholen, k\u00f6nnen wir die Abholung dieser Artikel durch unseren Kurier an einer Adresse Ihrer Wahl zum Preis von 10,00 \u00a3 pro Karton veranlassen (bei Artikeln \u00fcber 30 kg erh\u00f6hen sich die Kosten, wor\u00fcber wir Sie in einem Angebot informieren). der Kurier). Wenn Sie die Artikel lieber auf eigene Kosten zur\u00fcckschicken m\u00f6chten, m\u00fcssen diese innerhalb von 28 Tagen bei uns eintreffen. Sie sind jedoch f\u00fcr diese Artikel verantwortlich, bis sie uns erreichen. Aus diesem Grund empfehlen wir Ihnen, eine sichere Lieferung zu verwenden.\t\t\t\t\t\t<\/div>\n\t\t\t\t<\/div>\n\t\t\t\t<div class=\"elementor-element elementor-element-5f45aa1 elementor-widget elementor-widget-heading\" data-id=\"5f45aa1\" data-element_type=\"widget\" data-widget_type=\"heading.default\">\n\t\t\t\t<div class=\"elementor-widget-container\">\n\t\t\t<h4 class=\"elementor-heading-title elementor-size-default\">Fehlerhafte Artikel<\/h4>\t\t<\/div>\n\t\t\t\t<\/div>\n\t\t\t\t<div class=\"elementor-element elementor-element-5771ea0 elementor-widget elementor-widget-text-editor\" data-id=\"5771ea0\" data-element_type=\"widget\" data-widget_type=\"text-editor.default\">\n\t\t\t\t<div class=\"elementor-widget-container\">\n\t\t\t\t\t\t\tFehlerhafte Artikel mit einem offensichtlichen, echten Mangel k\u00f6nnen innerhalb von 30 Tagen gegen volle R\u00fcckerstattung, Ersatz oder Umtausch zur\u00fcckgegeben werden. Fehlerhafte Artikel, die nach 30 Tagen zur\u00fcckgegeben werden, oder Artikel, die keinen offensichtlichen Fehler (z. B. ein Leck) aufweisen, k\u00f6nnen zur\u00fcckgegeben werden; M\u00f6glicherweise m\u00fcssen wir den Artikel jedoch zur \u00dcberpr\u00fcfung des Fehlers an einen Dritten weitersenden. (Dies kann je nach Drittanbieter mehrere Wochen dauern.) Wir ben\u00f6tigen eine Best\u00e4tigung aller M\u00e4ngel bitte schriftlich per E-Mail. Wenn bei Ihrem Produkt innerhalb der ersten drei Monate ein Fehler auftritt, k\u00f6nnen Sie nach \u00dcberpr\u00fcfung des Fehlers auf Wunsch eine R\u00fcckerstattung beantragen.\t\t\t\t\t\t<\/div>\n\t\t\t\t<\/div>\n\t\t\t\t<div class=\"elementor-element elementor-element-bebd1d5 elementor-widget elementor-widget-heading\" data-id=\"bebd1d5\" data-element_type=\"widget\" data-widget_type=\"heading.default\">\n\t\t\t\t<div class=\"elementor-widget-container\">\n\t\t\t<h4 class=\"elementor-heading-title elementor-size-default\">Kleidungsst\u00fccke<\/h4>\t\t<\/div>\n\t\t\t\t<\/div>\n\t\t\t\t<div class=\"elementor-element elementor-element-930100e elementor-widget elementor-widget-text-editor\" data-id=\"930100e\" data-element_type=\"widget\" data-widget_type=\"text-editor.default\">\n\t\t\t\t<div class=\"elementor-widget-container\">\n\t\t\t\t\t\t\tWenn Waren als ungeeignet f\u00fcr den vorgesehenen Zweck an uns zur\u00fcckgesandt werden, informieren Sie uns bitte innerhalb von 7 Tagen nach dem Kauf \u00fcber Ihre Absicht, sie an uns zur\u00fcckzusenden. Wenn Sie m\u00f6chten, dass wir die Ware f\u00fcr Sie abholen und\/oder umtauschen, \u00fcbernehmen wir dies gerne gegen eine Geb\u00fchr von 10,00 \u00a3. Alternativ k\u00f6nnen Sie die Ware auch auf eigene Faust an uns zur\u00fccksenden, allerdings m\u00fcssen wir die Ware innerhalb von 28 Tagen nach dem Kaufdatum wieder bei uns haben.\t\t\t\t\t\t<\/div>\n\t\t\t\t<\/div>\n\t\t\t\t<div class=\"elementor-element elementor-element-8796eb8 elementor-widget elementor-widget-text-editor\" data-id=\"8796eb8\" data-element_type=\"widget\" data-widget_type=\"text-editor.default\">\n\t\t\t\t<div class=\"elementor-widget-container\">\n\t\t\t\t\t\t\tBitte beachten Sie: Ungeeignete Waren m\u00fcssen UNBENUTZT, sauber, frisch riechend, frei von Hundehaaren usw. und allen anderen Anzeichen eines allgemeinen Missbrauchs zur\u00fcckgegeben werden. An allen Kleidungsst\u00fccken m\u00fcssen das Etikett des Herstellers und die Swing-Tickets angebracht sein. Alle an uns zur\u00fcckgesendeten Artikel, die den oben genannten Anforderungen nicht entsprechen, k\u00f6nnen unsere F\u00e4higkeit beeintr\u00e4chtigen, eine vollst\u00e4ndige R\u00fcckerstattung zu gew\u00e4hren.\t\t\t\t\t\t<\/div>\n\t\t\t\t<\/div>\n\t\t\t\t<div class=\"elementor-element elementor-element-79185b2 elementor-widget elementor-widget-heading\" data-id=\"79185b2\" data-element_type=\"widget\" data-widget_type=\"heading.default\">\n\t\t\t\t<div class=\"elementor-widget-container\">\n\t\t\t<h4 class=\"elementor-heading-title elementor-size-default\">Zeltr\u00fcckgaben<\/h4>\t\t<\/div>\n\t\t\t\t<\/div>\n\t\t\t\t<div class=\"elementor-element elementor-element-33eb9aa elementor-widget elementor-widget-text-editor\" data-id=\"33eb9aa\" data-element_type=\"widget\" data-widget_type=\"text-editor.default\">\n\t\t\t\t<div class=\"elementor-widget-container\">\n\t\t\t\t\t\t\tEs ist absolut wichtig, dass Sie Ihr Zelt \u00fcberpr\u00fcfen, bevor Sie in den Urlaub fahren. Wir k\u00f6nnen nicht haftbar gemacht werden, wenn Sie das Zelt vor Ihrem Urlaub nicht \u00fcberpr\u00fcfen, um sicherzustellen, dass sich alle Komponenten im Zelt befinden. Jedes Zelt wird bei der Herstellung einer Gewichtskontrolle unterzogen, um sicherzustellen, dass alle Komponenten vorhanden sind. Es ist jedoch notwendig, das Zelt zu \u00fcberpr\u00fcfen und sich mit ihm vertraut zu machen, bevor Sie losfahren.\t\t\t\t\t\t<\/div>\n\t\t\t\t<\/div>\n\t\t\t\t<div class=\"elementor-element elementor-element-44506a9 elementor-widget elementor-widget-text-editor\" data-id=\"44506a9\" data-element_type=\"widget\" data-widget_type=\"text-editor.default\">\n\t\t\t\t<div class=\"elementor-widget-container\">\n\t\t\t\t\t\t\tSobald ein Zelt im Freien aufgebaut wurde, gilt es nicht mehr als in einwandfreiem, wiederverkaufsf\u00e4higem Zustand. F\u00fcr alle Zelte gilt eine Herstellergarantie von 2 Jahren, und Outdoor World \u00fcbernimmt die Garantie f\u00fcr das Zelt f\u00fcr den gleichen Zeitraum. Ein Kaufbeleg ist erforderlich. Bitte beachten Sie, dass die Garantie keine Sch\u00e4den am Zelt, seinen Stangen oder anderen Komponenten abdeckt, die dadurch verursacht wurden\t\t\t\t\t\t<\/div>\n\t\t\t\t<\/div>\n\t\t\t\t<div class=\"elementor-element elementor-element-afc5129 elementor-widget elementor-widget-text-editor\" data-id=\"afc5129\" data-element_type=\"widget\" data-widget_type=\"text-editor.default\">\n\t\t\t\t<div class=\"elementor-widget-container\">\n\t\t\t\t\t\t\t<p>Unwetterwarnungsbedingungen (Sturmsch\u00e4den)<br \/>Unf\u00e4lle<br \/>Missbrauch<br \/>Verschlei\u00df<br \/>UV-Abbau<br \/>Schimmel durch nasses Verpacken oder unsachgem\u00e4\u00dfe Lagerung<\/p>\t\t\t\t\t\t<\/div>\n\t\t\t\t<\/div>\n\t\t\t\t<div class=\"elementor-element elementor-element-4fac535 elementor-widget elementor-widget-text-editor\" data-id=\"4fac535\" data-element_type=\"widget\" data-widget_type=\"text-editor.default\">\n\t\t\t\t<div class=\"elementor-widget-container\">\n\t\t\t\t\t\t\tWenn Sie glauben, dass Ihr Zelt einen Herstellungsfehler aufweist, wenden Sie sich zun\u00e4chst an die Retouren-Hotline f\u00fcr Zelte unter 01924 265457.\t\t\t\t\t\t<\/div>\n\t\t\t\t<\/div>\n\t\t\t\t<div class=\"elementor-element elementor-element-ab871b1 elementor-widget elementor-widget-text-editor\" data-id=\"ab871b1\" data-element_type=\"widget\" data-widget_type=\"text-editor.default\">\n\t\t\t\t<div class=\"elementor-widget-container\">\n\t\t\t\t\t\t\tFalls Sie Ihr Zelt im Gesch\u00e4ft oder online zur\u00fcckgeben m\u00fcssen, beachten Sie bitte Folgendes:\t\t\t\t\t\t<\/div>\n\t\t\t\t<\/div>\n\t\t\t\t<div class=\"elementor-element elementor-element-9cf37f6 elementor-widget elementor-widget-text-editor\" data-id=\"9cf37f6\" data-element_type=\"widget\" data-widget_type=\"text-editor.default\">\n\t\t\t\t<div class=\"elementor-widget-container\">\n\t\t\t\t\t\t\t<p>Das Zelt wird aus Gesundheits- und Sicherheitsgr\u00fcnden m\u00f6glicherweise nicht angenommen, wenn es nass oder \u00fcberm\u00e4\u00dfig schmutzig ist \u2013 das Zelt muss 100% trocken sein, sonst wird es Ihnen unbeachtet zur\u00fcckgegeben.<br \/>Einige Zelte m\u00fcssen m\u00f6glicherweise auch zur Begutachtung an Dritte geschickt werden<br \/>Die Garantie f\u00fcr Vango-Zelte kann auf 3 Jahre verl\u00e4ngert werden, indem Sie auf die Website von Vango gehen und den Kauf registrieren.<br \/>Wenn Sie Ihr Zelt mit der Angabe, es sei nagelneu und unbenutzt, zur\u00fccksenden und wir beim \u00d6ffnen feststellen, dass es offensichtlich benutzt wurde und Anzeichen von Schlamm, Vogelkot oder Baumharz aufweist, wird es fotografiert und sofort an Sie zur\u00fcckgesandt. Eine R\u00fcckerstattung erfolgt nicht verarbeitet. Leider kommt es in der Saison oft vor, dass die Leute das Produkt im Urlaub nutzen und danach versuchen, es zur\u00fcckzugeben.<\/p>\t\t\t\t\t\t<\/div>\n\t\t\t\t<\/div>\n\t\t\t\t<div class=\"elementor-element elementor-element-43e2398 elementor-widget elementor-widget-text-editor\" data-id=\"43e2398\" data-element_type=\"widget\" data-widget_type=\"text-editor.default\">\n\t\t\t\t<div class=\"elementor-widget-container\">\n\t\t\t\t\t\t\tDiese Mitteilung gilt zus\u00e4tzlich zu Ihren gesetzlichen Rechten.\t\t\t\t\t\t<\/div>\n\t\t\t\t<\/div>\n\t\t\t\t\t<\/div>\n\t\t<\/div>\n\t\t\t\t\t\t\t<\/div>\n\t\t<\/section>\n\t\t\t\t\t\t\t<\/div>","protected":false},"excerpt":{"rendered":"<p>R\u00fcckgaberichtlinien Unerw\u00fcnschte Artikel, die im Gesch\u00e4ft gekauft wurden Unerw\u00fcnschte Artikel, die bei UooGear gekauft wurden, k\u00f6nnen innerhalb von 30 Tagen nach dem Kauf in einwandfreiem, wiederverkaufsf\u00e4higem Zustand (einschlie\u00dflich Verpackung und Etiketten) gegen volle R\u00fcckerstattung oder Umtausch zur\u00fcckgegeben werden. Dies gilt nicht f\u00fcr Waren, die verwendet, verschmutzt, \u00fcbelriechend oder durch Missbrauch besch\u00e4digt wurden. Unerw\u00fcnschte Artikel von uoogear.com<\/p>\n<div class=\"read-more\"><a class=\"btn btn-fill-out\" href=\"https:\/\/uoogear.com\/de\/returns-policy\/\">Mehr lesen<\/a><\/div>","protected":false},"author":1,"featured_media":0,"parent":0,"menu_order":0,"comment_status":"closed","ping_status":"closed","template":"","meta":{"footnotes":""},"class_list":["post-3378","page","type-page","status-publish","hentry"],"_links":{"self":[{"href":"https:\/\/uoogear.com\/de\/wp-json\/wp\/v2\/pages\/3378","targetHints":{"allow":["GET"]}}],"collection":[{"href":"https:\/\/uoogear.com\/de\/wp-json\/wp\/v2\/pages"}],"about":[{"href":"https:\/\/uoogear.com\/de\/wp-json\/wp\/v2\/types\/page"}],"author":[{"embeddable":true,"href":"https:\/\/uoogear.com\/de\/wp-json\/wp\/v2\/users\/1"}],"replies":[{"embeddable":true,"href":"https:\/\/uoogear.com\/de\/wp-json\/wp\/v2\/comments?post=3378"}],"version-history":[{"count":10,"href":"https:\/\/uoogear.com\/de\/wp-json\/wp\/v2\/pages\/3378\/revisions"}],"predecessor-version":[{"id":3388,"href":"https:\/\/uoogear.com\/de\/wp-json\/wp\/v2\/pages\/3378\/revisions\/3388"}],"wp:attachment":[{"href":"https:\/\/uoogear.com\/de\/wp-json\/wp\/v2\/media?parent=3378"}],"curies":[{"name":"wp","href":"https:\/\/api.w.org\/{rel}","templated":true}]}}