{"id":4108,"date":"2023-11-13T10:46:57","date_gmt":"2023-11-13T10:46:57","guid":{"rendered":"https:\/\/uoogear.com\/product\/competitive-price-hot-sale-car-top-roof-tent-rooftop-tent\/"},"modified":"2023-11-28T05:59:54","modified_gmt":"2023-11-28T05:59:54","slug":"competitive-price-hot-sale-car-top-roof-tent-rooftop-tent","status":"publish","type":"product","link":"https:\/\/uoogear.com\/de\/produkt\/competitive-price-hot-sale-car-top-roof-tent-rooftop-tent\/","title":{"rendered":"Wettbewerbsf\u00e4higer Preis, hei\u00dfer Verkauf, Auto-Dachzelt, Dachzelt"},"content":{"rendered":"<ul>\n<li><strong>Bereich : <\/strong> 8CBM<\/li>\n<li><strong>Stoff : <\/strong> Leinwand<\/li>\n<li><strong>Wasserdichtigkeitsindex des Au\u00dfenzeltes: <\/strong> &lt;1000 mm<\/li>\n<li><strong>Wasserdichter Index unten: <\/strong> &gt;3000 mm<\/li>\n<li><strong>Geb\u00e4udetyp : <\/strong> Schnelles automatisches \u00d6ffnen<\/li>\n<li><strong>Zeltstil: <\/strong> Diagonalverstrebungstyp<\/li>\n<li><strong>Jahreszeit : <\/strong> Vier-Jahreszeiten-Zelt<\/li>\n<li><strong>Struktur : <\/strong> Ein Schlafzimmer<\/li>\n<li><strong>Produktname : <\/strong> Camping Zelt<\/li>\n<li><strong>Verwendung : <\/strong> Outdoor-Camping-Wildzelt<\/li>\n<li><strong>Stichwort : <\/strong> Dachzelt<\/li>\n<li><strong>Gr\u00f6\u00dfe : <\/strong> 210cmx(150+240)cm<\/li>\n<li><strong>Material : <\/strong> Leinwand<\/li>\n<li><strong>Anwendung : <\/strong> Outdoor-Camping-Familienzelt<\/li>\n<li><strong>Funktion: <\/strong> Camping im Freien<\/li>\n<li><strong>Mindestbestellmenge: <\/strong> 1 St\u00fcck<\/li>\n<li><strong>Rahmen Material : <\/strong> 16 mm Aluminiumstange<\/li>\n<li><strong>Besonderheit : <\/strong> Wasserdicht<\/li>\n<\/ul>","protected":false},"excerpt":{"rendered":"<p>Fl\u00e4che: 8CBM Stoff: Segeltuch Wasserdichtigkeitsindex des Au\u00dfenzeltes: &lt;1000 mm Wasserdichter Index des Bodens: &gt;3000 mm Geb\u00e4udetyp: Schnell\u00f6ffnendes Zeltstil: Diagonalverstrebungstyp Saison: Vierjahreszeitenzeltstruktur: Ein Schlafzimmer Produktname: Campingzelt Verwendung: Outdoor-Camping-Wildzelt Stichwort: Dachzelt<\/p>\n<div class=\"read-more\"><a class=\"btn btn-fill-out\" href=\"https:\/\/uoogear.com\/de\/produkt\/competitive-price-hot-sale-car-top-roof-tent-rooftop-tent\/\">Mehr lesen<\/a><\/div>","protected":false},"featured_media":4107,"template":"","meta":[],"product_brand":[],"product_cat":[15],"product_tag":[140,141,142],"class_list":{"0":"post-4108","1":"product","2":"type-product","3":"status-publish","4":"has-post-thumbnail","6":"product_cat-uncategorized","7":"product_tag-camping-hiking","8":"product_tag-outdoor-tents","9":"product_tag-roof-tent","10":"tm-no-options","12":"first","13":"instock","14":"shipping-taxable","15":"purchasable","16":"product-type-variable"},"_links":{"self":[{"href":"https:\/\/uoogear.com\/de\/wp-json\/wp\/v2\/product\/4108","targetHints":{"allow":["GET"]}}],"collection":[{"href":"https:\/\/uoogear.com\/de\/wp-json\/wp\/v2\/product"}],"about":[{"href":"https:\/\/uoogear.com\/de\/wp-json\/wp\/v2\/types\/product"}],"wp:featuredmedia":[{"embeddable":true,"href":"https:\/\/uoogear.com\/de\/wp-json\/wp\/v2\/media\/4107"}],"wp:attachment":[{"href":"https:\/\/uoogear.com\/de\/wp-json\/wp\/v2\/media?parent=4108"}],"wp:term":[{"taxonomy":"product_brand","embeddable":true,"href":"https:\/\/uoogear.com\/de\/wp-json\/wp\/v2\/product_brand?post=4108"},{"taxonomy":"product_cat","embeddable":true,"href":"https:\/\/uoogear.com\/de\/wp-json\/wp\/v2\/product_cat?post=4108"},{"taxonomy":"product_tag","embeddable":true,"href":"https:\/\/uoogear.com\/de\/wp-json\/wp\/v2\/product_tag?post=4108"}],"curies":[{"name":"wp","href":"https:\/\/api.w.org\/{rel}","templated":true}]}}