{"id":4125,"date":"2023-11-13T12:04:48","date_gmt":"2023-11-13T12:04:48","guid":{"rendered":"https:\/\/uoogear.com\/product\/outdoor-camping-waterproof-big-size-car-roof-top-tent\/"},"modified":"2025-09-14T16:40:13","modified_gmt":"2025-09-14T08:40:13","slug":"outdoor-camping-waterproof-big-size-car-roof-top-tent","status":"publish","type":"product","link":"https:\/\/uoogear.com\/de\/produkt\/outdoor-camping-waterproof-big-size-car-roof-top-tent\/","title":{"rendered":"Wasserdichtes, gro\u00dfes Autodachzelt f\u00fcr Outdoor-Camping"},"content":{"rendered":"<ul>\n<li><strong>Bereich : <\/strong> 5,89 CBM<\/li>\n<li><strong>Stoff : <\/strong> Leinwand<\/li>\n<li><strong>Wasserdichtigkeitsindex des Au\u00dfenzeltes: <\/strong> 2000-3000 mm, &lt;1000 mm<\/li>\n<li><strong>Wasserdichter Index unten: <\/strong> &gt;3000 mm<\/li>\n<li><strong>Geb\u00e4udetyp : <\/strong> Schnelles automatisches \u00d6ffnen<\/li>\n<li><strong>Zeltstil: <\/strong> Diagonalverstrebungstyp<\/li>\n<li><strong>Jahreszeit : <\/strong> Vier-Jahreszeiten-Zelt<\/li>\n<li><strong>Struktur : <\/strong> Ein Schlafzimmer<\/li>\n<li><strong>Produktname : <\/strong> Gro\u00dfes Autodachzelt<\/li>\n<li><strong>Verwendung : <\/strong> Outdoor-Campingzelt<\/li>\n<li><strong>Stichwort : <\/strong> Dachzelt<\/li>\n<li><strong>Gr\u00f6\u00dfe : <\/strong> 193cmx312cmx121cm<\/li>\n<li><strong>Material : <\/strong> Oxford &amp; Leinwand<\/li>\n<li><strong>Anwendung : <\/strong> Outdoor-Camping-Familienzelt<\/li>\n<li><strong>Funktion: <\/strong> Camping im Freien<\/li>\n<li><strong>Mindestbestellmenge: <\/strong> 1 St\u00fcck<\/li>\n<li><strong>Rahmen Material : <\/strong> 16 mm Aluminiumstange<\/li>\n<li><strong>Besonderheit : <\/strong> Wasserdicht<\/li>\n<\/ul>\n<div>\n<div data-magic-global=\"%7B%22bizId%22%3A2206962912116%2C%22pageId%22%3A5050923216%2C%22siteId%22%3A5005786273%7D\">\n<div>\n<div>\n<div>\n<div>\n<div>\n<div><\/div>\n<\/div>\n<\/div>\n<\/div>\n<\/div>\n<\/div>\n<div>\n<div data-section=\"AliMagic-n8hjnr\" data-section-title=\"Product Description\">Produktbeschreibung<\/div>\n<\/div>\n<div>\n<div><img decoding=\"async\" src=\"\/\/sc02.alicdn.com\/kf\/H96646391c55a4b9cb89aa7ddd5778d537\/240056294\/H96646391c55a4b9cb89aa7ddd5778d537.jpg\" data-src=\"\/\/sc02.alicdn.com\/kf\/H96646391c55a4b9cb89aa7ddd5778d537\/240056294\/H96646391c55a4b9cb89aa7ddd5778d537.jpg\" \/><\/div>\n<\/div>\n<div>\n<div><img decoding=\"async\" src=\"\/\/sc01.alicdn.com\/kf\/H09edf5aa1ebb43eb83ceab228f820e3f1\/240056294\/H09edf5aa1ebb43eb83ceab228f820e3f1.jpg\" data-src=\"\/\/sc01.alicdn.com\/kf\/H09edf5aa1ebb43eb83ceab228f820e3f1\/240056294\/H09edf5aa1ebb43eb83ceab228f820e3f1.jpg\" \/><\/div>\n<div><img decoding=\"async\" src=\"\/\/sc01.alicdn.com\/kf\/H48a6a67cf2ea4309826aa2ec439866837\/240056294\/H48a6a67cf2ea4309826aa2ec439866837.jpg\" data-src=\"\/\/sc01.alicdn.com\/kf\/H48a6a67cf2ea4309826aa2ec439866837\/240056294\/H48a6a67cf2ea4309826aa2ec439866837.jpg\" \/><\/div>\n<div><img decoding=\"async\" src=\"\/\/sc01.alicdn.com\/kf\/H7e54408e61be4f308dad149c5c5e4908m\/240056294\/H7e54408e61be4f308dad149c5c5e4908m.jpg\" data-src=\"\/\/sc01.alicdn.com\/kf\/H7e54408e61be4f308dad149c5c5e4908m\/240056294\/H7e54408e61be4f308dad149c5c5e4908m.jpg\" \/><\/div>\n<\/div>\n<div>\n<div data-section=\"AliMagic-me635g\" data-section-title=\"OEM \/ ODM\" data-spm-anchor-id=\"a2700.details.0.i46.3f651bb00RC8mw\"><\/div>\n<\/div>\n<\/div>\n<\/div>","protected":false},"excerpt":{"rendered":"<p>Fl\u00e4che: 5,89 CBM Stoff: Segeltuch Wasserdichter Index des Au\u00dfenzeltes: 2000-3000 mm, &lt;1000 mm Wasserdichter Index des Bodens: &gt;3000 mm Geb\u00e4udetyp: Schnellautomatisches \u00d6ffnen Zeltstil: Diagonalverstrebungstyp Saison: Vierjahreszeitenzelt Struktur: Produkt mit einem Schlafzimmer Name: Gro\u00dfes Autodachzelt. Verwendung: Outdoor-Campingzelt<\/p>\n<div class=\"read-more\"><a class=\"btn btn-fill-out\" href=\"https:\/\/uoogear.com\/de\/produkt\/outdoor-camping-waterproof-big-size-car-roof-top-tent\/\">Mehr lesen<\/a><\/div>","protected":false},"featured_media":4124,"template":"","meta":[],"product_brand":[],"product_cat":[15],"product_tag":[],"class_list":{"0":"post-4125","1":"product","2":"type-product","3":"status-publish","4":"has-post-thumbnail","6":"product_cat-uncategorized","7":"tm-no-options","9":"first","10":"instock","11":"shipping-taxable","12":"purchasable","13":"product-type-variable"},"_links":{"self":[{"href":"https:\/\/uoogear.com\/de\/wp-json\/wp\/v2\/product\/4125","targetHints":{"allow":["GET"]}}],"collection":[{"href":"https:\/\/uoogear.com\/de\/wp-json\/wp\/v2\/product"}],"about":[{"href":"https:\/\/uoogear.com\/de\/wp-json\/wp\/v2\/types\/product"}],"wp:featuredmedia":[{"embeddable":true,"href":"https:\/\/uoogear.com\/de\/wp-json\/wp\/v2\/media\/4124"}],"wp:attachment":[{"href":"https:\/\/uoogear.com\/de\/wp-json\/wp\/v2\/media?parent=4125"}],"wp:term":[{"taxonomy":"product_brand","embeddable":true,"href":"https:\/\/uoogear.com\/de\/wp-json\/wp\/v2\/product_brand?post=4125"},{"taxonomy":"product_cat","embeddable":true,"href":"https:\/\/uoogear.com\/de\/wp-json\/wp\/v2\/product_cat?post=4125"},{"taxonomy":"product_tag","embeddable":true,"href":"https:\/\/uoogear.com\/de\/wp-json\/wp\/v2\/product_tag?post=4125"}],"curies":[{"name":"wp","href":"https:\/\/api.w.org\/{rel}","templated":true}]}}