{"id":4201,"date":"2023-11-13T12:22:41","date_gmt":"2023-11-13T12:22:41","guid":{"rendered":"https:\/\/uoogear.com\/product\/high-quality-car-camping-3-4-person-foldable-soft-roof-top-tent-for-sale-custom-service-available\/"},"modified":"2023-11-30T07:06:18","modified_gmt":"2023-11-30T07:06:18","slug":"high-quality-car-camping-3-4-person-foldable-soft-roof-top-tent-for-sale-custom-service-available","status":"publish","type":"product","link":"https:\/\/uoogear.com\/de\/produkt\/high-quality-car-camping-3-4-person-foldable-soft-roof-top-tent-for-sale-custom-service-available\/","title":{"rendered":"Hochwertiges Auto-Campingzelt f\u00fcr 3\u20134 Personen, faltbar, mit weichem Dach, zum Verkauf, kundenspezifischer Service verf\u00fcgbar"},"content":{"rendered":"<ul>\n<li><strong>Bereich : <\/strong> 310*160*126cm<\/li>\n<li><strong>Stoff : <\/strong> Polyester<\/li>\n<li><strong>Wasserdichtigkeitsindex des Au\u00dfenzeltes: <\/strong> 2000-3000 mm<\/li>\n<li><strong>Wasserdichter Index unten: <\/strong> &gt;3000 mm<\/li>\n<li><strong>Geb\u00e4udetyp : <\/strong> Bauen nach Bedarf<\/li>\n<li><strong>Zeltstil: <\/strong> Gerader Verstrebungstyp<\/li>\n<li><strong>Jahreszeit : <\/strong> Vier-Jahreszeiten-Zelt<\/li>\n<li><strong>Struktur : <\/strong> Ein Schlafzimmer<\/li>\n<li><strong>Produktname : <\/strong> Dachzelt-Haus-Auto-regendichtes weiches Top-Auto-Zelt<\/li>\n<li><strong>Stoffmaterial: <\/strong> 300 g\/m\u00b2 Polyester-Baumwoll-Canvas<\/li>\n<li><strong>Besonderheit : <\/strong> Wasserdicht 2000 mm<\/li>\n<li><strong>Gr\u00f6\u00dfe : <\/strong> Erweitern Sie die Gr\u00f6\u00dfe: 310 x 160 x 126 cm<\/li>\n<li><strong>Matratze: <\/strong> 60 mm dicker, formbest\u00e4ndiger Schwamm mit waschbarem, abnehmbarem Bezug<\/li>\n<li><strong>Leiter : <\/strong> Teleskopleiter aus Aluminium, 230 cm<\/li>\n<li><strong>Logo: <\/strong> Individuelles Logo<\/li>\n<li><strong>Zubeh\u00f6r : <\/strong> Leiter + Schuhbeutel<\/li>\n<li><strong>Optionale Teile: <\/strong> Anhang, isolierendes Warmfutter, verschiedene Regenschutzdesigns<\/li>\n<\/ul>\n<div>\n<div data-magic-global=\"%7B%22bizId%22%3A2634101818%2C%22pageId%22%3A21330063023%2C%22siteId%22%3A5005227190%7D\">\n<div>\n<div>\n<div>\n<div>\n<div>\n<div><img decoding=\"async\" src=\"https:\/\/uoogear.com\/wp-content\/uploads\/2023\/11\/H4d2450ccd74648318c7ab759dace20f6i-wpp1701327585422.webp\" data-src=\"https:\/\/uoogear.com\/wp-content\/uploads\/2023\/11\/H4d2450ccd74648318c7ab759dace20f6i-wpp1701327585422.webp\" \/><\/div>\n<\/div>\n<\/div>\n<\/div>\n<\/div>\n<\/div>\n<div><\/div>\n<div>\n<div data-section=\"AliMagic-eb3sag\" data-section-title=\"Product Description\"><span style=\"font-family: Tahoma;\">Merkmale<\/span><\/div>\n<\/div>\n<div>\n<div>\n<div>\n<div>\n<div>1. 280 g doppelt gen\u00e4hter Stoff (401 TP3T schwerer als Standardmodelle)<\/div>\n<div>2. Antikondensationsmatte (1\/2\u2033) unter der Matratze<\/div>\n<div>3. Vollst\u00e4ndig umwickelter 3\/4\u2033 robuster Innenrahmen<\/div>\n<div>4. Robuste 3-Bolzen-Scharniere und geschwei\u00dfte Aluminium-Basiskonstruktion<\/div>\n<div>5. Extragro\u00dfe Innentaschen, Befestigungspunkte f\u00fcr Ausr\u00fcstung und Bettzeuggurte<\/div>\n<div>6. Vollst\u00e4ndig geschlossener Anbau aus dem gleichen robusten Material, das auch f\u00fcr die Zeltplane verwendet wird<\/div>\n<\/div>\n<\/div>\n<\/div>\n<\/div>\n<div>\n<div>\n<div><\/div>\n<div><img decoding=\"async\" src=\"https:\/\/uoogear.com\/wp-content\/uploads\/2023\/11\/H067f82f488cb47f69ce24342bd2ead2cE.webp\" data-src=\"https:\/\/uoogear.com\/wp-content\/uploads\/2023\/11\/H067f82f488cb47f69ce24342bd2ead2cE.webp\" \/><\/div>\n<div><img decoding=\"async\" src=\"https:\/\/uoogear.com\/wp-content\/uploads\/2023\/11\/H06f0378ab5f442809a4099adaa5296452.webp\" data-src=\"https:\/\/uoogear.com\/wp-content\/uploads\/2023\/11\/H06f0378ab5f442809a4099adaa5296452.webp\" \/><\/div>\n<div><img decoding=\"async\" src=\"https:\/\/uoogear.com\/wp-content\/uploads\/2023\/11\/H0e15ce57d53341deb942ba2c7aabfd57c.webp\" data-src=\"https:\/\/uoogear.com\/wp-content\/uploads\/2023\/11\/H0e15ce57d53341deb942ba2c7aabfd57c.webp\" \/><\/div>\n<\/div>\n<\/div>\n<div>\n<div>\n<div>\n<div>\n<div>\n<div><img decoding=\"async\" src=\"https:\/\/uoogear.com\/wp-content\/uploads\/2023\/11\/H4e98bf4703e34c2990862565b0ef3cb1L.webp\" data-src=\"https:\/\/uoogear.com\/wp-content\/uploads\/2023\/11\/H4e98bf4703e34c2990862565b0ef3cb1L.webp\" \/><\/div>\n<\/div>\n<\/div>\n<\/div>\n<\/div>\n<\/div>\n<div>\n<div>\n<div>\n<div>\n<div>\n<div><\/div>\n<\/div>\n<\/div>\n<\/div>\n<\/div>\n<\/div>\n<div>\n<div>\n<div>\n<div>\n<div>\n<div><img decoding=\"async\" src=\"https:\/\/uoogear.com\/wp-content\/uploads\/2023\/11\/H6f17537709ac4c57be8f412e8d427eda9.webp\" data-src=\"https:\/\/uoogear.com\/wp-content\/uploads\/2023\/11\/H6f17537709ac4c57be8f412e8d427eda9.webp\" \/><\/div>\n<\/div>\n<\/div>\n<\/div>\n<\/div>\n<\/div>\n<div>\n<div>\n<div>\n<div>\n<div>\n<div><\/div>\n<\/div>\n<\/div>\n<\/div>\n<\/div>\n<\/div>\n<\/div>\n<\/div>","protected":false},"excerpt":{"rendered":"<p>Fl\u00e4che: 310 x 160 x 126 cm. Stoff: Polyester. Wasserdichter Index des Au\u00dfenzelts: 2000\u20133000 mm. Wasserdichter Index unten: &gt; 3000 mm. Geb\u00e4udetyp: Bedarfsgerechte Konstruktion. Zeltstil: Gerade Verstrebungsart. Saison: Vier-Jahreszeiten-Zeltstruktur: Produkt mit einem Schlafzimmer Name: Dachzelt-Haus-Auto-regendichtes Verdeck-Auto-Zelt-Gewebe-Material:<\/p>\n<div class=\"read-more\"><a class=\"btn btn-fill-out\" href=\"https:\/\/uoogear.com\/de\/produkt\/high-quality-car-camping-3-4-person-foldable-soft-roof-top-tent-for-sale-custom-service-available\/\">Mehr lesen<\/a><\/div>","protected":false},"featured_media":4200,"template":"","meta":[],"product_brand":[],"product_cat":[15],"product_tag":[],"class_list":{"0":"post-4201","1":"product","2":"type-product","3":"status-publish","4":"has-post-thumbnail","6":"product_cat-uncategorized","7":"tm-no-options","9":"first","10":"instock","11":"shipping-taxable","12":"purchasable","13":"product-type-variable"},"_links":{"self":[{"href":"https:\/\/uoogear.com\/de\/wp-json\/wp\/v2\/product\/4201","targetHints":{"allow":["GET"]}}],"collection":[{"href":"https:\/\/uoogear.com\/de\/wp-json\/wp\/v2\/product"}],"about":[{"href":"https:\/\/uoogear.com\/de\/wp-json\/wp\/v2\/types\/product"}],"wp:featuredmedia":[{"embeddable":true,"href":"https:\/\/uoogear.com\/de\/wp-json\/wp\/v2\/media\/4200"}],"wp:attachment":[{"href":"https:\/\/uoogear.com\/de\/wp-json\/wp\/v2\/media?parent=4201"}],"wp:term":[{"taxonomy":"product_brand","embeddable":true,"href":"https:\/\/uoogear.com\/de\/wp-json\/wp\/v2\/product_brand?post=4201"},{"taxonomy":"product_cat","embeddable":true,"href":"https:\/\/uoogear.com\/de\/wp-json\/wp\/v2\/product_cat?post=4201"},{"taxonomy":"product_tag","embeddable":true,"href":"https:\/\/uoogear.com\/de\/wp-json\/wp\/v2\/product_tag?post=4201"}],"curies":[{"name":"wp","href":"https:\/\/api.w.org\/{rel}","templated":true}]}}