{"id":4212,"date":"2023-11-13T12:24:25","date_gmt":"2023-11-13T12:24:25","guid":{"rendered":"https:\/\/uoogear.com\/product\/rainproof-polyester-canvas-material-tent-for-outdoor-off-road-suv-soft-top-long-car-roof-tent\/"},"modified":"2025-09-14T16:40:13","modified_gmt":"2025-09-14T08:40:13","slug":"rainproof-polyester-canvas-material-tent-for-outdoor-off-road-suv-soft-top-long-car-roof-tent","status":"publish","type":"product","link":"https:\/\/uoogear.com\/de\/produkt\/rainproof-polyester-canvas-material-tent-for-outdoor-off-road-suv-soft-top-long-car-roof-tent\/","title":{"rendered":"Regenfestes Polyester-Canvas-Material-Zelt f\u00fcr Outdoor-Gel\u00e4ndewagen-Gel\u00e4ndewagen-Dachzelt"},"content":{"rendered":"<ul>\n<li><strong>Bereich : <\/strong> 310*160*126cm<\/li>\n<li><strong>Stoff : <\/strong> Polyester<\/li>\n<li><strong>Wasserdichtigkeitsindex des Au\u00dfenzeltes: <\/strong> 2000-3000 mm<\/li>\n<li><strong>Wasserdichter Index unten: <\/strong> &gt;3000 mm<\/li>\n<li><strong>Geb\u00e4udetyp : <\/strong> Bauen nach Bedarf<\/li>\n<li><strong>Zeltstil: <\/strong> Gerader Verstrebungstyp<\/li>\n<li><strong>Jahreszeit : <\/strong> Vier-Jahreszeiten-Zelt<\/li>\n<li><strong>Struktur : <\/strong> Ein Schlafzimmer<\/li>\n<li><strong>Produktname : <\/strong> Dachzelt-Haus-Auto-regendichtes weiches Top-Auto-Zelt<\/li>\n<li><strong>Stoffmaterial: <\/strong> 300 g\/m\u00b2 Polyester-Baumwoll-Canvas<\/li>\n<li><strong>Besonderheit : <\/strong> Wasserdicht 2000 mm<\/li>\n<li><strong>Gr\u00f6\u00dfe : <\/strong> Erweitern Sie die Gr\u00f6\u00dfe: 310 x 160 x 126 cm<\/li>\n<li><strong>Matratze: <\/strong> 60 mm dicker, formbest\u00e4ndiger Schwamm mit waschbarem, abnehmbarem Bezug<\/li>\n<li><strong>Leiter : <\/strong> Teleskopleiter aus Aluminium, 230 cm<\/li>\n<li><strong>Logo: <\/strong> Individuelles Logo<\/li>\n<li><strong>Zubeh\u00f6r : <\/strong> Leiter + Schuhbeutel<\/li>\n<li><strong>Optionale Teile: <\/strong> Anhang, isolierendes Warmfutter, verschiedene Regenschutzdesigns<\/li>\n<\/ul>\n<div>\n<div data-magic-global=\"%7B%22bizId%22%3A2634101818%2C%22pageId%22%3A21330129207%2C%22siteId%22%3A5005227190%7D\">\n<div>\n<div>\n<div>\n<div>\n<div>\n<div><img decoding=\"async\" src=\"https:\/\/uoogear.com\/wp-content\/uploads\/2023\/11\/H4d2450ccd74648318c7ab759dace20f6i-wpp1701327585422.webp\" data-src=\"https:\/\/uoogear.com\/wp-content\/uploads\/2023\/11\/H4d2450ccd74648318c7ab759dace20f6i-wpp1701327585422.webp\" \/><\/div>\n<\/div>\n<\/div>\n<\/div>\n<\/div>\n<\/div>\n<div>\n<div data-section=\"AliMagic-0q1i93\" data-section-title=\"Product Paramenters\"><\/div>\n<\/div>\n<\/div>\n<\/div>","protected":false},"excerpt":{"rendered":"<p>Fl\u00e4che: 310 x 160 x 126 cm. Stoff: Polyester. Wasserdichter Index des Au\u00dfenzelts: 2000\u20133000 mm. Wasserdichter Index unten: &gt; 3000 mm. Geb\u00e4udetyp: Bedarfsgerechte Konstruktion. Zeltstil: Gerade Verstrebungsart. Saison: Vier-Jahreszeiten-Zeltstruktur: Produkt mit einem Schlafzimmer Name: Dachzelt-Haus-Auto-regendichtes Verdeck-Auto-Zelt-Gewebe-Material:<\/p>\n<div class=\"read-more\"><a class=\"btn btn-fill-out\" href=\"https:\/\/uoogear.com\/de\/produkt\/rainproof-polyester-canvas-material-tent-for-outdoor-off-road-suv-soft-top-long-car-roof-tent\/\">Mehr lesen<\/a><\/div>","protected":false},"featured_media":4211,"template":"","meta":[],"product_brand":[],"product_cat":[15],"product_tag":[],"class_list":{"0":"post-4212","1":"product","2":"type-product","3":"status-publish","4":"has-post-thumbnail","6":"product_cat-uncategorized","7":"tm-no-options","9":"first","10":"instock","11":"shipping-taxable","12":"purchasable","13":"product-type-variable"},"_links":{"self":[{"href":"https:\/\/uoogear.com\/de\/wp-json\/wp\/v2\/product\/4212","targetHints":{"allow":["GET"]}}],"collection":[{"href":"https:\/\/uoogear.com\/de\/wp-json\/wp\/v2\/product"}],"about":[{"href":"https:\/\/uoogear.com\/de\/wp-json\/wp\/v2\/types\/product"}],"wp:featuredmedia":[{"embeddable":true,"href":"https:\/\/uoogear.com\/de\/wp-json\/wp\/v2\/media\/4211"}],"wp:attachment":[{"href":"https:\/\/uoogear.com\/de\/wp-json\/wp\/v2\/media?parent=4212"}],"wp:term":[{"taxonomy":"product_brand","embeddable":true,"href":"https:\/\/uoogear.com\/de\/wp-json\/wp\/v2\/product_brand?post=4212"},{"taxonomy":"product_cat","embeddable":true,"href":"https:\/\/uoogear.com\/de\/wp-json\/wp\/v2\/product_cat?post=4212"},{"taxonomy":"product_tag","embeddable":true,"href":"https:\/\/uoogear.com\/de\/wp-json\/wp\/v2\/product_tag?post=4212"}],"curies":[{"name":"wp","href":"https:\/\/api.w.org\/{rel}","templated":true}]}}