{"id":4342,"date":"2023-11-13T12:42:10","date_gmt":"2023-11-13T12:42:10","guid":{"rendered":"https:\/\/uoogear.com\/product\/outdoor-camping-car-soft-roof-top-tent-waterproofing\/"},"modified":"2023-11-30T08:28:02","modified_gmt":"2023-11-30T08:28:02","slug":"outdoor-camping-car-soft-roof-top-tent-waterproofing","status":"publish","type":"product","link":"https:\/\/uoogear.com\/de\/produkt\/outdoor-camping-car-soft-roof-top-tent-waterproofing\/","title":{"rendered":"Impr\u00e4gnierung des Outdoor-Campingwagens mit weichem Dachzelt"},"content":{"rendered":"<ul>\n<li><strong>Bereich : <\/strong> 240x140x130cm<\/li>\n<li><strong>Stoff : <\/strong> Leinwand<\/li>\n<li><strong>Wasserdichtigkeitsindex des Au\u00dfenzeltes: <\/strong> 2000-3000 mm<\/li>\n<li><strong>Wasserdichter Index unten: <\/strong> &gt;3000 mm<\/li>\n<li><strong>Geb\u00e4udetyp : <\/strong> Bauen nach Bedarf<\/li>\n<li><strong>Zeltstil: <\/strong> Gerader Verstrebungstyp<\/li>\n<li><strong>Jahreszeit : <\/strong> Vier-Jahreszeiten-Zelt<\/li>\n<li><strong>Struktur : <\/strong> Ein Schlafzimmer<\/li>\n<li><strong>Produktname : <\/strong> Impr\u00e4gnierung des Outdoor-Campingwagens mit weichem Dachzelt<\/li>\n<li><strong>Anwendung : <\/strong> Outdoor-Reisen, Wandern, Camping<\/li>\n<li><strong>Stichwort : <\/strong> Zeltabdichtung<\/li>\n<li><strong>Zeltgr\u00f6\u00dfe: <\/strong> 310x140x130cm<\/li>\n<li><strong>Packungsgr\u00f6\u00dfe : <\/strong> 145*123*24cm<\/li>\n<li><strong>K\u00f6rperstoff: <\/strong> 280 g Polyester-Baumwolle<\/li>\n<li><strong>Wird geladen : <\/strong> 300kg-350kg<\/li>\n<li><strong>Boden : <\/strong> Aluminiumblech<\/li>\n<li><strong>Mindestbestellmenge: <\/strong> 1 St\u00fcck<\/li>\n<li><strong>Logo: <\/strong> Individuelles Logo<\/li>\n<\/ul>\n<div>\n<div data-host=\"112311420\" data-magic-global=\"%7B%22bizId%22%3A2634101818%2C%22pageId%22%3A5052820534%2C%22siteId%22%3A5005227190%7D\" data-id=\"detail_decorate_root\">\n<div data-section=\"AliMagic-nax1bk\" data-section-title=\"Products Description\">Produktbeschreibung<\/div>\n<div>\n<div>\n<div>\n<div>\n<div><\/div>\n<\/div>\n<\/div>\n<\/div>\n<div>\n<div data-id=\"below-title\">Impr\u00e4gnierung des Outdoor-Campingwagens mit weichem Dachzelt<\/div>\n<div data-id=\"below-content\">Das Soft Shell 4\u00d74-Dachzelt und die Markisen sind innerhalb weniger Minuten fertig, sodass Sie sich entspannen und die Natur genie\u00dfen k\u00f6nnen. Hergestellt aus strapazierf\u00e4higem, hochwertigem, atmungsaktivem Poly-\/Baumwollgewebe, passt Ihr schimmel- und wasserdichtes Dachzelt perfekt auf das Dach Ihres 4\u00d74. Eine robuste ausziehbare Leiter aus Aluminium erm\u00f6glicht einen einfachen Zugang. Die Matratzen sind mit einer 65 mm dicken Schaumstoffmatratze mit hoher Dichte und abnehmbarem Bezug ausgestattet. Mit vollst\u00e4ndig abgeschirmten Fenstern und T\u00fcren. staubdicht und insektenresistent.<\/div>\n<\/div>\n<\/div>\n<div>\n<div>\n<h3 data-id=\"title0\">Merkmale<\/h3>\n<div>\n<div>\n<div data-id=\"paragraph0\">\n<p>-Vier-Jahreszeiten-Zelt, das den Elementen jeder Jahreszeit und jedes Klimas standh\u00e4lt<\/p>\n<div>-Kann bis zu 2-3 Personen unterbringen<br \/>\n-Zeltstoff ist sowohl UV- als auch schimmelbest\u00e4ndig, um den Elementen jeder Jahreszeit standzuhalten<br \/>\n- Vier gro\u00dfe Innentaschen zur Aufbewahrung von Ausr\u00fcstung und Campingzubeh\u00f6r<br \/>\n- Beinhaltet eine hochdichte Schaumstoffmatratze f\u00fcr zus\u00e4tzlichen Komfort<\/div>\n<\/div>\n<\/div>\n<\/div>\n<\/div>\n<\/div>\n<div data-section=\"AliMagic-n3jor0\" data-section-title=\"Specification\">Spezifikation<\/div>\n<div>\n<table>\n<tbody>\n<tr>\n<td>\n<div>Jahreszeiten<\/div>\n<\/td>\n<td>\n<div>4-Jahreszeiten<\/div>\n<\/td>\n<td>\n<div><\/div>\n<\/td>\n<td>\n<div><\/div>\n<\/td>\n<td>\n<div><\/div>\n<\/td>\n<\/tr>\n<tr>\n<td>\n<div>Gr\u00f6\u00dfe<\/div>\n<\/td>\n<td>\n<div>240\u00d7140\/160\/190\u00d7130 cm<\/div>\n<\/td>\n<td>\n<div><\/div>\n<\/td>\n<td>\n<div><\/div>\n<\/td>\n<td>\n<div><\/div>\n<\/td>\n<\/tr>\n<tr>\n<td>\n<div>Boden<\/div>\n<\/td>\n<td>\n<div>Aluminiumblech<\/div>\n<\/td>\n<td>\n<div><\/div>\n<\/td>\n<td>\n<div><\/div>\n<\/td>\n<td>\n<div><\/div>\n<\/td>\n<\/tr>\n<tr>\n<td>\n<div>Farbe<\/div>\n<\/td>\n<td>\n<div>Gr\u00fcn, Khaki, Grau, Orange<\/div>\n<\/td>\n<td>\n<div><\/div>\n<\/td>\n<td>\n<div><\/div>\n<\/td>\n<td>\n<div><\/div>\n<\/td>\n<\/tr>\n<tr>\n<td>\n<div>Baldachinstoff<\/div>\n<\/td>\n<td>\n<div>280 g Polyester-Baumwolle; 600D Ripstop-Gewebe mit wasserdichter, bel\u00fcfteter Beschichtung<\/div>\n<\/td>\n<td>\n<div><\/div>\n<\/td>\n<td>\n<div><\/div>\n<\/td>\n<td>\n<div><\/div>\n<\/td>\n<\/tr>\n<tr>\n<td>\n<div>Stangenmaterial<\/div>\n<\/td>\n<td>\n<div>Edelstahl<\/div>\n<\/td>\n<td>\n<div><\/div>\n<\/td>\n<td>\n<div><\/div>\n<\/td>\n<td>\n<div><\/div>\n<\/td>\n<\/tr>\n<tr>\n<td>\n<div>Rainfly-Stoff<\/div>\n<\/td>\n<td>\n<div>420D Polyester-Oxford; PU-beschichtet<\/div>\n<\/td>\n<td>\n<div><\/div>\n<\/td>\n<td>\n<div><\/div>\n<\/td>\n<td>\n<div><\/div>\n<\/td>\n<\/tr>\n<tr>\n<td>\n<div>Matratze<\/div>\n<\/td>\n<td>\n<div>Formbest\u00e4ndiger Schwamm, Dichte 38, mit Baumwollbezug<\/div>\n<\/td>\n<td>\n<div><\/div>\n<\/td>\n<td>\n<div><\/div>\n<\/td>\n<td>\n<div><\/div>\n<\/td>\n<\/tr>\n<tr>\n<td>\n<div>Leiterbau<\/div>\n<\/td>\n<td>\n<div>Schiebeleiter aus Aluminium<\/div>\n<\/td>\n<td>\n<div><\/div>\n<\/td>\n<td>\n<div><\/div>\n<\/td>\n<td>\n<div><\/div>\n<\/td>\n<\/tr>\n<tr>\n<td>\n<div>Anhangmaterial<\/div>\n<\/td>\n<td>\n<div>420D Polyester-Oxford; PU-beschichtet<\/div>\n<\/td>\n<td>\n<div><\/div>\n<\/td>\n<td>\n<div><\/div>\n<\/td>\n<td>\n<div><\/div>\n<\/td>\n<\/tr>\n<tr>\n<td>\n<div>Bezugsmaterial<\/div>\n<\/td>\n<td>\n<div>550 g robustes PVC<\/div>\n<\/td>\n<td>\n<div><\/div>\n<\/td>\n<td>\n<div><\/div>\n<\/td>\n<td>\n<div><\/div>\n<\/td>\n<\/tr>\n<tr>\n<td>\n<div>Interner Rahmen<\/div>\n<\/td>\n<td>\n<div>5\/8\u2033 Aluminiumrohr<\/div>\n<\/td>\n<td>\n<div><\/div>\n<\/td>\n<td>\n<div><\/div>\n<\/td>\n<td>\n<div><\/div>\n<\/td>\n<\/tr>\n<tr>\n<td>\n<div>Basiskonstruktion<\/div>\n<\/td>\n<td>\n<div>Geschwei\u00dftes Aluminiumrohr mit Isolierung und Aluminiumkappenblech<\/div>\n<\/td>\n<td>\n<div><\/div>\n<\/td>\n<td>\n<div><\/div>\n<\/td>\n<td>\n<div><\/div>\n<\/td>\n<\/tr>\n<\/tbody>\n<\/table>\n<\/div>\n<div data-section=\"AliMagic-cs29h0\" data-section-title=\"Detail Images\">Detailbilder<\/div>\n<div>\n<div>\n<div>\n<div>\n<div><\/div>\n<\/div>\n<\/div>\n<\/div>\n<\/div>\n<div>\n<div>\n<div>\n<div>\n<div><img decoding=\"async\" src=\"https:\/\/uoogear.com\/wp-content\/uploads\/2023\/11\/Hdcd8e733e3c646b1955a6f4f5f060547q.webp\" data-src=\"https:\/\/uoogear.com\/wp-content\/uploads\/2023\/11\/Hdcd8e733e3c646b1955a6f4f5f060547q.webp\" \/><\/div>\n<\/div>\n<\/div>\n<\/div>\n<\/div>\n<div>\n<div>\n<div>\n<div>\n<div><img decoding=\"async\" src=\"https:\/\/uoogear.com\/wp-content\/uploads\/2023\/11\/H28c9eea970d24e0db9c7690b92a66ca4E-wpp1701332824151.webp\" data-src=\"https:\/\/uoogear.com\/wp-content\/uploads\/2023\/11\/H28c9eea970d24e0db9c7690b92a66ca4E-wpp1701332824151.webp\" \/><\/div>\n<\/div>\n<\/div>\n<\/div>\n<\/div>\n<div data-section=\"AliMagic-5vo4c6\" data-section-title=\"Customer Photos\"><\/div>\n<\/div>\n<\/div>","protected":false},"excerpt":{"rendered":"<p>Fl\u00e4che: 240 x 140 x 130 cm Stoff: Segeltuch Wasserdichter Index des Au\u00dfenzeltes: 2000\u20133000 mm Wasserdichter Index des Bodens: &gt; 3000 mm Geb\u00e4udetyp: Bedarfsgerechte Konstruktion Zeltstil: Gerade Verstrebungsart Jahreszeit: Vierjahreszeitenzelt Struktur: Ein Schlafzimmer Produktname: Outdoor Camping-Auto-Weichdach-Zelt-Abdichtung. Anwendung: Outdoor<\/p>\n<div class=\"read-more\"><a class=\"btn btn-fill-out\" href=\"https:\/\/uoogear.com\/de\/produkt\/outdoor-camping-car-soft-roof-top-tent-waterproofing\/\">Mehr lesen<\/a><\/div>","protected":false},"featured_media":4341,"template":"","meta":[],"product_brand":[],"product_cat":[15],"product_tag":[],"class_list":{"0":"post-4342","1":"product","2":"type-product","3":"status-publish","4":"has-post-thumbnail","6":"product_cat-uncategorized","7":"tm-no-options","9":"first","10":"instock","11":"shipping-taxable","12":"purchasable","13":"product-type-variable"},"_links":{"self":[{"href":"https:\/\/uoogear.com\/de\/wp-json\/wp\/v2\/product\/4342","targetHints":{"allow":["GET"]}}],"collection":[{"href":"https:\/\/uoogear.com\/de\/wp-json\/wp\/v2\/product"}],"about":[{"href":"https:\/\/uoogear.com\/de\/wp-json\/wp\/v2\/types\/product"}],"wp:featuredmedia":[{"embeddable":true,"href":"https:\/\/uoogear.com\/de\/wp-json\/wp\/v2\/media\/4341"}],"wp:attachment":[{"href":"https:\/\/uoogear.com\/de\/wp-json\/wp\/v2\/media?parent=4342"}],"wp:term":[{"taxonomy":"product_brand","embeddable":true,"href":"https:\/\/uoogear.com\/de\/wp-json\/wp\/v2\/product_brand?post=4342"},{"taxonomy":"product_cat","embeddable":true,"href":"https:\/\/uoogear.com\/de\/wp-json\/wp\/v2\/product_cat?post=4342"},{"taxonomy":"product_tag","embeddable":true,"href":"https:\/\/uoogear.com\/de\/wp-json\/wp\/v2\/product_tag?post=4342"}],"curies":[{"name":"wp","href":"https:\/\/api.w.org\/{rel}","templated":true}]}}