{"id":4351,"date":"2023-11-13T12:43:08","date_gmt":"2023-11-13T12:43:08","guid":{"rendered":"https:\/\/uoogear.com\/product\/4x4-offroad-faberglass-hard-shell-diy-car-roof-top-tent-for-sale\/"},"modified":"2023-11-30T08:38:35","modified_gmt":"2023-11-30T08:38:35","slug":"4x4-offroad-faberglass-hard-shell-diy-car-roof-top-tent-for-sale","status":"publish","type":"product","link":"https:\/\/uoogear.com\/de\/produkt\/4x4-offroad-faberglass-hard-shell-diy-car-roof-top-tent-for-sale\/","title":{"rendered":"4\u00d74 Offroad Faberglass Hartschalen-Autodachzelt zum Selbermachen zu verkaufen"},"content":{"rendered":"<ul>\n<li><strong>Bereich : <\/strong> 215*145*95cm<\/li>\n<li><strong>Stoff : <\/strong> 280 g Polyester-Baumwoll-Leinwand<\/li>\n<li><strong>Wasserdichtigkeitsindex des Au\u00dfenzeltes: <\/strong> 2000-3000 mm<\/li>\n<li><strong>Wasserdichter Index unten: <\/strong> &gt;3000 mm<\/li>\n<li><strong>Zeltstil: <\/strong> Gerader Verstrebungstyp<\/li>\n<li><strong>Jahreszeit : <\/strong> Vier-Jahreszeiten-Zelt<\/li>\n<li><strong>Struktur : <\/strong> Ein Schlafzimmer<\/li>\n<li><strong>Produktname : <\/strong> 4\u00d74 Offroad Faberglass Hartschalen-Autodachzelt zum Selbermachen zu verkaufen<\/li>\n<li><strong>Stichwort : <\/strong> DIY Autodachzelt<\/li>\n<li><strong>Offene Gr\u00f6\u00dfe: <\/strong> 215*145*95cm<\/li>\n<li><strong>Packungsgr\u00f6sse : <\/strong> 226*160*37cm<\/li>\n<li><strong>Rahmen Material : <\/strong> Edelstahl<\/li>\n<li><strong>K\u00f6rper : <\/strong> 280G wasserdicht PU2000 mm<\/li>\n<li><strong>Leiter : <\/strong> Aluminium<\/li>\n<li><strong>Gewicht : <\/strong> 65 KG<\/li>\n<li><strong>Wird geladen : <\/strong> 250 kg \u2013 300 kg<\/li>\n<li><strong>Mindestbestellmenge: <\/strong> 1 St\u00fcck<\/li>\n<\/ul>\n<div>\n<div data-host=\"111234190\" data-magic-global=\"%7B%22bizId%22%3A2634101818%2C%22pageId%22%3A5053233173%2C%22siteId%22%3A5005227190%7D\" data-id=\"detail_decorate_root\">\n<div data-section=\"AliMagic-5xqu4z\" data-section-title=\"Products Description\">Produktbeschreibung<\/div>\n<div>\n<div>\n<div>\n<div>\n<div><img decoding=\"async\" src=\"https:\/\/uoogear.com\/wp-content\/uploads\/2023\/11\/H6401db70f462417b9631ded5b12306832-wpp1701333469364.webp\" data-src=\"https:\/\/uoogear.com\/wp-content\/uploads\/2023\/11\/H6401db70f462417b9631ded5b12306832-wpp1701333469364.webp\" data-id=\"child-image-0\" \/><\/div>\n<\/div>\n<\/div>\n<\/div>\n<div>\n<div data-id=\"below-title\">4\u00d74 Offroad Faberglass Hartschalen-Autodachzelt zum Selbermachen zu verkaufen<\/div>\n<div data-id=\"below-content\">Das Hartschalen-Dachzelt bietet eine neue Sicht auf Camping- und Allrad-Abenteuerurlaube. Mit gr\u00f6\u00dferem Innenraum bietet der PLAYDO Schlafplatz f\u00fcr zwei Erwachsene und ein Kind. Das PLAYDO-Hartschalenzelt verf\u00fcgt \u00fcber zwei T\u00fcren mit zwei Fenstern. Dadurch entsteht eine hervorragende Querl\u00fcftung, die eine optimale Luftzirkulation im gesamten Zelt erm\u00f6glicht. \u00d6ffnen und schlie\u00dfen Sie innerhalb von Sekunden mit dem einzigartigen hydraulischen Unterst\u00fctzungssystem. Alle PLAYDO-Dachzelte passen auf das Dach der meisten Fahrzeuge und k\u00f6nnen abgenommen und verstaut werden.<\/div>\n<\/div>\n<\/div>\n<div data-section=\"AliMagic-mzm61b\" data-section-title=\"Product Paramenters\">Produktparameter<\/div>\n<div>\n<table>\n<tbody>\n<tr>\n<td>\n<div>Jahreszeiten<\/div>\n<\/td>\n<td>\n<div>4-Jahreszeiten<\/div>\n<\/td>\n<td>\n<div><\/div>\n<\/td>\n<td>\n<div><\/div>\n<\/td>\n<td>\n<div><\/div>\n<\/td>\n<\/tr>\n<tr>\n<td>\n<div>Kapazit\u00e4t<\/div>\n<\/td>\n<td>\n<div>Empfohlen f\u00fcr 2\u20133 Personen, maximale Tragf\u00e4higkeit 250 kg<\/div>\n<\/td>\n<td>\n<div><\/div>\n<\/td>\n<td>\n<div><\/div>\n<\/td>\n<td>\n<div><\/div>\n<\/td>\n<\/tr>\n<tr>\n<td>\n<div>Option Farbe<\/div>\n<\/td>\n<td>\n<div>Shell (schwarz\/wei\u00df) &amp; Stoff (grau\/gr\u00fcn\/khaki)<\/div>\n<\/td>\n<td>\n<div><\/div>\n<\/td>\n<td>\n<div><\/div>\n<\/td>\n<td>\n<div><\/div>\n<\/td>\n<\/tr>\n<tr>\n<td>\n<div>Schalenmaterial<\/div>\n<\/td>\n<td>\n<div>Glasfaserverbundwerkstoffe<\/div>\n<\/td>\n<td>\n<div><\/div>\n<\/td>\n<td>\n<div><\/div>\n<\/td>\n<td>\n<div><\/div>\n<\/td>\n<\/tr>\n<tr>\n<td>\n<div>K\u00f6rperstoff<\/div>\n<\/td>\n<td>\n<div>280 g Polyester-Baumwoll-Leinwand, PU-beschichtet, wasserdicht, UV-best\u00e4ndig<\/div>\n<\/td>\n<td>\n<div><\/div>\n<\/td>\n<td>\n<div><\/div>\n<\/td>\n<td>\n<div><\/div>\n<\/td>\n<\/tr>\n<tr>\n<td>\n<div>Moskitonetze<\/div>\n<\/td>\n<td>\n<div>Unsichtbares Netz<\/div>\n<\/td>\n<td>\n<div><\/div>\n<\/td>\n<td>\n<div><\/div>\n<\/td>\n<td>\n<div><\/div>\n<\/td>\n<\/tr>\n<tr>\n<td>\n<div>Unterst\u00fctzend<\/div>\n<\/td>\n<td>\n<div>Edelstahlstange anstelle der alten Kohlenstoffstahlstange<\/div>\n<\/td>\n<td>\n<div><\/div>\n<\/td>\n<td>\n<div><\/div>\n<\/td>\n<td>\n<div><\/div>\n<\/td>\n<\/tr>\n<tr>\n<td>\n<div>Matratze<\/div>\n<\/td>\n<td>\n<div>7 cm verformungsfreier Schwamm, Dichte 30 mit 3D-Mesh-Gewebe<\/div>\n<\/td>\n<td>\n<div><\/div>\n<\/td>\n<td>\n<div><\/div>\n<\/td>\n<td>\n<div><\/div>\n<\/td>\n<\/tr>\n<tr>\n<td>\n<div>Leiter<\/div>\n<\/td>\n<td>\n<div>Aluminium-Teleskopleiter (150 kg maximale Belastung), 70\u2013260 cm<\/div>\n<\/td>\n<td>\n<div><\/div>\n<\/td>\n<td>\n<div><\/div>\n<\/td>\n<td>\n<div><\/div>\n<\/td>\n<\/tr>\n<tr>\n<td>\n<div>T\u00fcr<\/div>\n<\/td>\n<td>\n<div>Zweit\u00fcrig, 90 x 74 cm<\/div>\n<\/td>\n<td>\n<div><\/div>\n<\/td>\n<td>\n<div><\/div>\n<\/td>\n<td>\n<div><\/div>\n<\/td>\n<\/tr>\n<tr>\n<td>\n<div>Fenster<\/div>\n<\/td>\n<td>\n<div>Zwei Fenster 60*55cm<\/div>\n<\/td>\n<td>\n<div><\/div>\n<\/td>\n<td>\n<div><\/div>\n<\/td>\n<td>\n<div><\/div>\n<\/td>\n<\/tr>\n<tr>\n<td>\n<div>Sonnenschutzdach<\/div>\n<\/td>\n<td>\n<div>Im Lieferumfang sind zwei enthalten, eines ist 190 x 90 cm gro\u00df, das andere ist ein dreieckiges Vordach<\/div>\n<\/td>\n<td>\n<div><\/div>\n<\/td>\n<td>\n<div><\/div>\n<\/td>\n<td>\n<div><\/div>\n<\/td>\n<\/tr>\n<tr>\n<td>\n<div>Schuhtasche<\/div>\n<\/td>\n<td>\n<div>Im Lieferumfang sind zwei Schuhtaschen enthalten<\/div>\n<\/td>\n<td>\n<div><\/div>\n<\/td>\n<td>\n<div><\/div>\n<\/td>\n<td>\n<div><\/div>\n<\/td>\n<\/tr>\n<tr>\n<td>\n<div>Licht<\/div>\n<\/td>\n<td>\n<div>Im Lieferumfang sind zwei Lichter enthalten, eines befindet sich auf der R\u00fcckseite der Schale, das andere im Zelt<\/div>\n<\/td>\n<td>\n<div><\/div>\n<\/td>\n<td>\n<div><\/div>\n<\/td>\n<td>\n<div><\/div>\n<\/td>\n<\/tr>\n<\/tbody>\n<\/table>\n<\/div>\n<div data-section=\"AliMagic-vebk0r\" data-section-title=\"Detail Images\">Detailbilder<\/div>\n<div>\n<div>\n<div>\n<div>\n<div><img decoding=\"async\" src=\"https:\/\/uoogear.com\/wp-content\/uploads\/2023\/11\/Hcf1889e97e384349af70cc256aa309230-wpp1701333335925.webp\" data-src=\"https:\/\/uoogear.com\/wp-content\/uploads\/2023\/11\/Hcf1889e97e384349af70cc256aa309230-wpp1701333335925.webp\" \/><\/div>\n<\/div>\n<\/div>\n<\/div>\n<\/div>\n<div data-section=\"AliMagic-a8fbbj\" data-section-title=\"Why choose us\"><\/div>\n<\/div>\n<\/div>","protected":false},"excerpt":{"rendered":"<p>Fl\u00e4che: 215 x 145 x 95 cm, Stoff: 280 g Polyester-Baumwoll-Leinwand, wasserdichter Index des Au\u00dfenzelts: 2000\u20133000 mm, wasserdichter Index des Bodens: &gt; 3000 mm, Zeltstil: gerade Verstrebung, Saison: Vier-Jahreszeiten-Zeltstruktur: ein Schlafzimmer, Produktname: 4 \u00d74 Offroad-Faberglass-Hartschalen-DIY-Autodachzelt zu verkaufen Stichwort: DIY-Autodach<\/p>\n<div class=\"read-more\"><a class=\"btn btn-fill-out\" href=\"https:\/\/uoogear.com\/de\/produkt\/4x4-offroad-faberglass-hard-shell-diy-car-roof-top-tent-for-sale\/\">Mehr lesen<\/a><\/div>","protected":false},"featured_media":4350,"template":"","meta":[],"product_brand":[],"product_cat":[15],"product_tag":[],"class_list":{"0":"post-4351","1":"product","2":"type-product","3":"status-publish","4":"has-post-thumbnail","6":"product_cat-uncategorized","7":"tm-no-options","9":"first","10":"instock","11":"shipping-taxable","12":"purchasable","13":"product-type-variable"},"_links":{"self":[{"href":"https:\/\/uoogear.com\/de\/wp-json\/wp\/v2\/product\/4351","targetHints":{"allow":["GET"]}}],"collection":[{"href":"https:\/\/uoogear.com\/de\/wp-json\/wp\/v2\/product"}],"about":[{"href":"https:\/\/uoogear.com\/de\/wp-json\/wp\/v2\/types\/product"}],"wp:featuredmedia":[{"embeddable":true,"href":"https:\/\/uoogear.com\/de\/wp-json\/wp\/v2\/media\/4350"}],"wp:attachment":[{"href":"https:\/\/uoogear.com\/de\/wp-json\/wp\/v2\/media?parent=4351"}],"wp:term":[{"taxonomy":"product_brand","embeddable":true,"href":"https:\/\/uoogear.com\/de\/wp-json\/wp\/v2\/product_brand?post=4351"},{"taxonomy":"product_cat","embeddable":true,"href":"https:\/\/uoogear.com\/de\/wp-json\/wp\/v2\/product_cat?post=4351"},{"taxonomy":"product_tag","embeddable":true,"href":"https:\/\/uoogear.com\/de\/wp-json\/wp\/v2\/product_tag?post=4351"}],"curies":[{"name":"wp","href":"https:\/\/api.w.org\/{rel}","templated":true}]}}